{"id":160083,"date":"2025-11-21T11:12:28","date_gmt":"2025-11-21T10:12:28","guid":{"rendered":"https:\/\/secureus.se\/?post_type=product&#038;p=160083"},"modified":"2026-04-23T13:10:35","modified_gmt":"2026-04-23T11:10:35","slug":"axis-m4318-plve-m43-serien-12mp-ip-minidomkamera-med-panoramautsikt-for-utomhusbruk","status":"publish","type":"product","link":"https:\/\/secureus.se\/de\/axis-m4318-plve-m43-serien-12mp-ip-minidomkamera-med-panoramautsikt-for-utomhusbruk\/","title":{"rendered":"AXIS M4318-PLVE M43 Serie, 12MP IP Mini Dome Kamera mit Panoramaansicht f\u00fcr den Au\u00dfenbereich"},"content":{"rendered":"<h1>AXIS M4318-PLVE M43 Serie, 12MP IP Mini Dome Kamera mit Panoramaansicht f\u00fcr den Au\u00dfenbereich<\/h1>\n<div class=\"dad65929\">\n<div class=\"_4f9bf79 d7dc56a8 _43c05b5\">\n<div class=\"ds-message _63c77b1\">\n<div class=\"ds-markdown\">\n<p class=\"ds-markdown-paragraph\"><strong>Produkt\u00fcbersicht<\/strong><\/p>\n<p class=\"ds-markdown-paragraph\">Die Axis M4318-PLVE ist eine hochentwickelte 12-Megapixel-Panorama-Mini-Dome-Kamera, die speziell f\u00fcr anspruchsvolle Au\u00dfenumgebungen entwickelt wurde.<\/p>\n<p class=\"ds-markdown-paragraph\">Dank ihrer kompakten Bauweise und au\u00dfergew\u00f6hnlichen Leistung bietet die Kamera vollst\u00e4ndige 180\u00b0- und 360\u00b0-Rundumsichten und eignet sich daher ideal zur \u00dcberwachung gro\u00dfer Bereiche ohne tote Winkel.<\/p>\n<p class=\"ds-markdown-paragraph\"><strong>Fortschrittliche Bildgebungstechnologie f\u00fcr alle Lichtverh\u00e4ltnisse<\/strong><\/p>\n<p class=\"ds-markdown-paragraph\">Die Kamera ist mit einem 12-Megapixel-Sensor und einem stereografischen Objektiv mit Sharpdome 360-Technologie ausgestattet, das f\u00fcr eine verbesserte Sch\u00e4rfe auch an den Bildr\u00e4ndern sorgt.<\/p>\n<p class=\"ds-markdown-paragraph\">Die integrierte Infrarotbeleuchtung mit einzeln steuerbaren LEDs sorgt auch in v\u00f6lliger Dunkelheit f\u00fcr klare, blendfreie Bilder.<\/p>\n<p class=\"ds-markdown-paragraph\">Die Lightfinder-Technologie sorgt f\u00fcr naturgetreue Farbbilder bei schwachem Licht, w\u00e4hrend Forensic WDR extreme Lichtkontraste bew\u00e4ltigt.<\/p>\n<p class=\"ds-markdown-paragraph\"><strong>Intelligente Analyse mit Deep Learning<\/strong><\/p>\n<p class=\"ds-markdown-paragraph\">Mit einer eigens daf\u00fcr eingerichteten Deep Learning Processing Unit (DLPU) erm\u00f6glicht die Kamera eine fortschrittliche KI-Analyse direkt in der Kamera.<\/p>\n<p class=\"ds-markdown-paragraph\">AXIS Object Analytics erkennt und klassifiziert automatisch Personen, Fahrzeuge und Fahrzeugtypen.<\/p>\n<p class=\"ds-markdown-paragraph\">Die Kamera unterst\u00fctzt au\u00dferdem AXIS Image Health Analytics f\u00fcr die automatische \u00dcberwachung der Bildqualit\u00e4t und AXIS Scene Metadata f\u00fcr die erweiterte Metadatenextraktion.<\/p>\n<p class=\"ds-markdown-paragraph\"><strong>Robuste Konstruktion f\u00fcr den Au\u00dfeneinsatz<\/strong>Dank der Schutzarten IP66 und IK10 ist die Kamera widerstandsf\u00e4hig gegen widrige Wetterbedingungen und Vandalismus.<\/p>\n<p class=\"ds-markdown-paragraph\">Das kompakte Design mit wei\u00dfem, glasfaserverst\u00e4rktem Polycarbonat-Sicherheitsglas f\u00fcgt sich unauff\u00e4llig in jede Umgebung ein.<\/p>\n<p class=\"ds-markdown-paragraph\">Die Kamera wird \u00fcber PoE mit Strom versorgt (IEEE 802.3af\/at) und ist temperaturbest\u00e4ndig von -40\u00b0C bis +50\u00b0C.<\/p>\n<p class=\"ds-markdown-paragraph\"><strong>Technische Informationen<\/strong><\/p>\n<ul>\n<li>\n<p class=\"ds-markdown-paragraph\">Sensor: 1\/2,3\u2033 RGB-CMOS, 12 MP<\/p>\n<\/li>\n<li>\n<p class=\"ds-markdown-paragraph\">Objektiv: 1,2 mm Festbrennweite, F2.2<\/p>\n<\/li>\n<li>\n<p class=\"ds-markdown-paragraph\">Sichtfeld: 182\u00b0 horizontal und vertikal<\/p>\n<\/li>\n<li>\n<p class=\"ds-markdown-paragraph\">Videokomprimierung: H.264, H.265, Motion JPEG<\/p>\n<\/li>\n<li>\n<p class=\"ds-markdown-paragraph\">IR-Beleuchtung: 15 Meter Reichweite, 850 nm<\/p>\n<\/li>\n<li>\n<p class=\"ds-markdown-paragraph\">Netzwerk: Stromversorgung \u00fcber Ethernet (PoE)<\/p>\n<\/li>\n<li>\n<p class=\"ds-markdown-paragraph\">Speicher: microSD-Karte und NAS<\/p>\n<\/li>\n<li>\n<p class=\"ds-markdown-paragraph\">Zertifizierungen: IP66, IK10, NEMA 4X<\/p>\n<\/li>\n<\/ul>\n<p class=\"ds-markdown-paragraph\"><strong>Analysefunktionen<\/strong><\/p>\n<ul>\n<li>\n<p class=\"ds-markdown-paragraph\">AXIS Objektanalyse: Personen- und Fahrzeugerkennung<\/p>\n<\/li>\n<li>\n<p class=\"ds-markdown-paragraph\">AXIS Image Health Analytics: Bildqualit\u00e4ts\u00fcberwachung<\/p>\n<\/li>\n<li>\n<p class=\"ds-markdown-paragraph\">AXIS-Szenenmetadaten: Metadatenextraktion<\/p>\n<\/li>\n<li>\n<p class=\"ds-markdown-paragraph\">AXIS Video-Bewegungserkennung: Bewegungserkennung<\/p>\n<\/li>\n<li>\n<p class=\"ds-markdown-paragraph\">Unterst\u00fctzung f\u00fcr ACAP-Anwendungen<\/p>\n<\/li>\n<\/ul>\n<p class=\"ds-markdown-paragraph\"><strong>Sicherheit und Integration<\/strong><\/p>\n<p class=\"ds-markdown-paragraph\">Axis Edge Vault gew\u00e4hrleistet hardwarebasierte Cybersicherheit mit sicherem Bootvorgang, verschl\u00fcsselter Speicherung und signierten Videostreams.<\/p>\n<p class=\"ds-markdown-paragraph\">Die Kamera ist ONVIF-konform und l\u00e4sst sich nahtlos in f\u00fchrende VMS-Systeme integrieren.<\/p>\n<p class=\"ds-markdown-paragraph\">Axis M4318-PLVE kombiniert fortschrittliche Panoramatechnologie mit intelligenter KI-Analyse und bietet so eine komplette \u00dcberwachungsl\u00f6sung f\u00fcr anspruchsvolle Au\u00dfenumgebungen.<\/p>\n<p class=\"ds-markdown-paragraph\">Mit ihrer au\u00dfergew\u00f6hnlichen Bildqualit\u00e4t und ihren umfangreichen Analysefunktionen bietet die Kamera sowohl eine umfassende Abdeckung als auch intelligente Erkenntnisse.<\/p>\n<\/div>\n<\/div>\n<\/div>\n<\/div>\n<div class=\"sc-bczRLJ fySwpa\">\n<div class=\"sc-bczRLJ kEeNDb\"><\/div>\n<\/div>","protected":false},"excerpt":{"rendered":"<p>Axis M4318-PLVE 12MP Panorama Mini-Dome<\/p>\n<p>Au\u00dfenkamera mit 360\u00b0-Sichtfeld und 12-MP-Sensor.<\/p>\n<p>Eingebaute Infrarotbeleuchtung f\u00fcr Nachtsicht, Deep-Learning-Analyse zur Personen- und Fahrzeugerkennung.<\/p>\n<p>Schutzart IP66\/IK10, PoE-Stromversorgung.<\/p>\n<p>Ideal f\u00fcr anspruchsvolle Au\u00dfen\u00fcberwachung.<\/p>","protected":false},"featured_media":160079,"template":"","meta":{"_acf_changed":false},"product_brand":[],"product_cat":[4950],"product_tag":[],"class_list":{"0":"post-160083","1":"product","2":"type-product","3":"status-publish","4":"has-post-thumbnail","6":"product_cat-axis-domekameror","7":"pa_brands-axis","8":"pa_farg-vit","9":"tm-no-options","11":"first","12":"instock","13":"sale","14":"taxable","15":"shipping-taxable","16":"purchasable","17":"product-type-simple"},"acf":[],"_links":{"self":[{"href":"https:\/\/secureus.se\/de\/wp-json\/wp\/v2\/product\/160083","targetHints":{"allow":["GET"]}}],"collection":[{"href":"https:\/\/secureus.se\/de\/wp-json\/wp\/v2\/product"}],"about":[{"href":"https:\/\/secureus.se\/de\/wp-json\/wp\/v2\/types\/product"}],"wp:featuredmedia":[{"embeddable":true,"href":"https:\/\/secureus.se\/de\/wp-json\/wp\/v2\/media\/160079"}],"wp:attachment":[{"href":"https:\/\/secureus.se\/de\/wp-json\/wp\/v2\/media?parent=160083"}],"wp:term":[{"taxonomy":"product_brand","embeddable":true,"href":"https:\/\/secureus.se\/de\/wp-json\/wp\/v2\/product_brand?post=160083"},{"taxonomy":"product_cat","embeddable":true,"href":"https:\/\/secureus.se\/de\/wp-json\/wp\/v2\/product_cat?post=160083"},{"taxonomy":"product_tag","embeddable":true,"href":"https:\/\/secureus.se\/de\/wp-json\/wp\/v2\/product_tag?post=160083"}],"curies":[{"name":"wp","href":"https:\/\/api.w.org\/{rel}","templated":true}]}}