{"id":160091,"date":"2025-11-21T11:12:28","date_gmt":"2025-11-21T10:12:28","guid":{"rendered":"https:\/\/secureus.se\/?post_type=product&#038;p=160091"},"modified":"2026-04-01T12:19:18","modified_gmt":"2026-04-01T10:19:18","slug":"axis-m4216-v-m42-serien-4mp-zipstream-ip-dome-kamera-3-6-mm-varifokalt-objektiv-ip42-vit","status":"publish","type":"product","link":"https:\/\/secureus.se\/de\/axis-m4216-v-m42-serien-4mp-zipstream-ip-dome-kamera-3-6-mm-varifokalt-objektiv-ip42-vit\/","title":{"rendered":"AXIS M4216-V M42 Serie 4MP Zipstream IP-Dome-Kamera 3-6mm Variofokalobjektiv IP42 Wei\u00df"},"content":{"rendered":"<h1>AXIS M4216-V M42 Serie 4MP Zipstream IP-Dome-Kamera 3-6mm Variofokalobjektiv IP42 Wei\u00df<\/h1>\n<div class=\"dad65929\">\n<div class=\"_4f9bf79 d7dc56a8 _43c05b5\">\n<div class=\"ds-message _63c77b1\">\n<div class=\"ds-markdown\">\n<p class=\"ds-markdown-paragraph\"><strong>Produkt\u00fcbersicht<\/strong><\/p>\n<p class=\"ds-markdown-paragraph\">Die Axis M4216-V ist eine fortschrittliche 4MP-Dome-Kamera, die au\u00dfergew\u00f6hnliche Bildqualit\u00e4t mit intelligenter Analytik f\u00fcr die professionelle Innenraum\u00fcberwachung kombiniert.<\/p>\n<p class=\"ds-markdown-paragraph\">Mit ihrem variablen 3-6-mm-Objektiv und der Fernsteuerung f\u00fcr Zoom und Fokus bietet die Kamera eine hervorragende Flexibilit\u00e4t bei der Installation und Anpassung an unterschiedliche \u00dcberwachungsanforderungen.<\/p>\n<p class=\"ds-markdown-paragraph\"><strong>Fortschrittliche Bildgebungstechnologie mit flexibler Linse<\/strong><br \/>\nDie Kamera ist mit einem 3-6 mm Varioobjektiv ausgestattet, das die Fernsteuerung von Zoom und Fokus erm\u00f6glicht, was die Installation erheblich vereinfacht.<\/p>\n<p class=\"ds-markdown-paragraph\">Mit einem 4-Megapixel-Sensor und der Axis Lightfinder-Technologie liefert sie auch bei schwachem Licht scharfe Farbbilder, w\u00e4hrend der Wide Dynamic Range (WDR) f\u00fcr optimale Bildqualit\u00e4t in Situationen mit starken Lichtkontrasten sorgt.<\/p>\n<p class=\"ds-markdown-paragraph\"><strong>Intelligente Analyse mit Deep Learning<\/strong><br \/>\nMit einer eigens daf\u00fcr eingerichteten Deep Learning Processing Unit (DLPU) erm\u00f6glicht die Kamera eine fortschrittliche KI-Analyse direkt in der Kamera.<\/p>\n<p class=\"ds-markdown-paragraph\">AXIS Object Analytics ist vorinstalliert und kann Personen, Fahrzeuge und Fahrzeugtypen in Echtzeit erkennen und klassifizieren.<\/p>\n<p class=\"ds-markdown-paragraph\">Die Kamera unterst\u00fctzt au\u00dferdem AXIS Scene Metadata f\u00fcr die erweiterte Metadatenextraktion und AXIS Face Detector f\u00fcr die Gesichtserkennung.<\/p>\n<p class=\"ds-markdown-paragraph\"><strong>Flexible Design- und Anschlussm\u00f6glichkeiten<\/strong><br \/>\nDurch ihr kompaktes und unauff\u00e4lliges Design eignet sich die Kamera f\u00fcr eine Vielzahl von Innenr\u00e4umen.<\/p>\n<p class=\"ds-markdown-paragraph\">Dank HDMI-Ausgang kann das Video problemlos auf lokalen Monitoren angezeigt werden, was ideal f\u00fcr Gesch\u00e4fte, Empfangsbereiche und \u00f6ffentliche R\u00e4ume ist.<\/p>\n<p class=\"ds-markdown-paragraph\">Die Kamera unterst\u00fctzt au\u00dferdem Audio \u00fcber Zubeh\u00f6r der Axis T61-Serie f\u00fcr Komplettl\u00f6sungen.<\/p>\n<p class=\"ds-markdown-paragraph\"><strong>Technische Informationen<\/strong><\/p>\n<ul>\n<li>\n<p class=\"ds-markdown-paragraph\">Sensor: 1\/2,7\u2033 RGB-CMOS, 4 MP<\/p>\n<\/li>\n<li>\n<p class=\"ds-markdown-paragraph\">Objektiv: 3-6 mm Varioobjektiv, F1.9-2.7<\/p>\n<\/li>\n<li>\n<p class=\"ds-markdown-paragraph\">Sichtfeld: 100\u00b0\u201345\u00b0 horizontal, 72\u00b0\u201334\u00b0 vertikal<\/p>\n<\/li>\n<li>\n<p class=\"ds-markdown-paragraph\">Videokomprimierung: H.264, H.265, Motion JPEG<\/p>\n<\/li>\n<li>\n<p class=\"ds-markdown-paragraph\">Bildrate: Bis zu 30 Bilder\/Sekunde<\/p>\n<\/li>\n<li>\n<p class=\"ds-markdown-paragraph\">Audio: Unterst\u00fctzung \u00fcber die Axis T61-Serie<\/p>\n<\/li>\n<li>\n<p class=\"ds-markdown-paragraph\">Netzwerk: Stromversorgung \u00fcber Ethernet (PoE)<\/p>\n<\/li>\n<li>\n<p class=\"ds-markdown-paragraph\">Speicher: microSD-Karte und NAS<\/p>\n<\/li>\n<li>\n<p class=\"ds-markdown-paragraph\">Zertifizierungen: IP42, IK08<\/p>\n<\/li>\n<\/ul>\n<p class=\"ds-markdown-paragraph\"><strong>Analysefunktionen<\/strong><\/p>\n<ul>\n<li>\n<p class=\"ds-markdown-paragraph\">AXIS Objektanalyse: Personen- und Fahrzeugerkennung<\/p>\n<\/li>\n<li>\n<p class=\"ds-markdown-paragraph\">AXIS-Szenenmetadaten: Metadatenextraktion<\/p>\n<\/li>\n<li>\n<p class=\"ds-markdown-paragraph\">AXIS Gesichtserkennung: Gesichtserkennung<\/p>\n<\/li>\n<li>\n<p class=\"ds-markdown-paragraph\">AXIS Video-Bewegungserkennung: Bewegungserkennung<\/p>\n<\/li>\n<li>\n<p class=\"ds-markdown-paragraph\">AXIS Live Privacy Shield: Datenschutz<\/p>\n<\/li>\n<li>\n<p class=\"ds-markdown-paragraph\">Unterst\u00fctzung f\u00fcr ACAP-Anwendungen<\/p>\n<\/li>\n<\/ul>\n<p class=\"ds-markdown-paragraph\"><strong>Sicherheit und Integration<\/strong><br \/>\nAxis Edge Vault gew\u00e4hrleistet hardwarebasierte Cybersicherheit mit sicherem Bootvorgang, verschl\u00fcsselter Speicherung und signierten Videostreams.<\/p>\n<p class=\"ds-markdown-paragraph\">Die Kamera ist ONVIF-konform und l\u00e4sst sich nahtlos in f\u00fchrende VMS-Systeme wie AXIS Camera Station integrieren.<\/p>\n<p class=\"ds-markdown-paragraph\">Axis M4216-V kombiniert fortschrittliche Bildgebungstechnologie mit intelligenter Analytik und bietet so eine vielseitige \u00dcberwachungsl\u00f6sung f\u00fcr moderne Innenr\u00e4ume.<\/p>\n<p class=\"ds-markdown-paragraph\">Mit ihrer flexiblen Objektivl\u00f6sung und umfangreichen Analysem\u00f6glichkeiten bietet die Kamera sowohl Anpassungsf\u00e4higkeit als auch fortschrittliche Funktionalit\u00e4t f\u00fcr professionelle \u00dcberwachungsanforderungen.<\/p>\n<\/div>\n<\/div>\n<\/div>\n<\/div>","protected":false},"excerpt":{"rendered":"<p>Kompakte Indoor-Dome-Kamera mit 3\u20136-mm-Varifokalobjektiv und Fernfokussierung f\u00fcr Zoom. 4-Megapixel-Sensor mit WDR und Lightfinder f\u00fcr gute Bilder bei allen Lichtverh\u00e4ltnissen.<\/p>\n<p>Integrierter KI-Prozessor f\u00fcr Deep-Learning-Analysen mit Personen- und Fahrzeugerkennung.<\/p>\n<p>HDMI-Ausgang f\u00fcr lokale Bildanzeige, Schutzart IP42\/IK08. Ideal f\u00fcr Gesch\u00e4fte, B\u00fcros und \u00f6ffentliche Einrichtungen.<\/p>","protected":false},"featured_media":160089,"template":"","meta":{"_acf_changed":false},"product_brand":[],"product_cat":[4950],"product_tag":[],"class_list":{"0":"post-160091","1":"product","2":"type-product","3":"status-publish","4":"has-post-thumbnail","6":"product_cat-axis-domekameror","7":"pa_brands-axis","8":"pa_farg-vit","9":"tm-no-options","11":"first","12":"instock","13":"sale","14":"taxable","15":"shipping-taxable","16":"purchasable","17":"product-type-simple"},"acf":[],"_links":{"self":[{"href":"https:\/\/secureus.se\/de\/wp-json\/wp\/v2\/product\/160091","targetHints":{"allow":["GET"]}}],"collection":[{"href":"https:\/\/secureus.se\/de\/wp-json\/wp\/v2\/product"}],"about":[{"href":"https:\/\/secureus.se\/de\/wp-json\/wp\/v2\/types\/product"}],"wp:featuredmedia":[{"embeddable":true,"href":"https:\/\/secureus.se\/de\/wp-json\/wp\/v2\/media\/160089"}],"wp:attachment":[{"href":"https:\/\/secureus.se\/de\/wp-json\/wp\/v2\/media?parent=160091"}],"wp:term":[{"taxonomy":"product_brand","embeddable":true,"href":"https:\/\/secureus.se\/de\/wp-json\/wp\/v2\/product_brand?post=160091"},{"taxonomy":"product_cat","embeddable":true,"href":"https:\/\/secureus.se\/de\/wp-json\/wp\/v2\/product_cat?post=160091"},{"taxonomy":"product_tag","embeddable":true,"href":"https:\/\/secureus.se\/de\/wp-json\/wp\/v2\/product_tag?post=160091"}],"curies":[{"name":"wp","href":"https:\/\/api.w.org\/{rel}","templated":true}]}}