{"id":160102,"date":"2025-11-21T11:12:28","date_gmt":"2025-11-21T10:12:28","guid":{"rendered":"https:\/\/secureus.se\/?post_type=product&#038;p=160102"},"modified":"2026-04-01T12:16:08","modified_gmt":"2026-04-01T10:16:08","slug":"axis-m3086-v-m30-serien-4mp-vandalskyddad-ip-minidomkamera-med-zipstream-24-mm-fast-objektiv-ip42","status":"publish","type":"product","link":"https:\/\/secureus.se\/de\/axis-m3086-v-m30-serien-4mp-vandalskyddad-ip-minidomkamera-med-zipstream-24-mm-fast-objektiv-ip42\/","title":{"rendered":"AXIS M3086-V M30 Serie, vandalismusgesch\u00fctzte 4-MP-IP-Minidome-Kamera mit Zipstream, 2,4 mm festes Objektiv, IP42"},"content":{"rendered":"<h1>AXIS M3086-V M30 Serie, vandalismusgesch\u00fctzte 4-MP-IP-Minidome-Kamera mit Zipstream, 2,4 mm festes Objektiv, IP42<\/h1>\n<div class=\"dad65929\">\n<div class=\"_4f9bf79 d7dc56a8 _43c05b5\">\n<div class=\"ds-message _63c77b1\">\n<div class=\"ds-markdown\">\n<p class=\"ds-markdown-paragraph\"><strong>Produkt\u00fcbersicht<\/strong><\/p>\n<p class=\"ds-markdown-paragraph\">Die Axis M3086-V ist eine kosteng\u00fcnstige 4MP Mini-Dome-Kamera, die fortschrittliche Bildgebungstechnologie mit intelligenter KI-Analyse f\u00fcr die professionelle Innenraum\u00fcberwachung kombiniert.<\/p>\n<p class=\"ds-markdown-paragraph\">Dank ihrer kompakten und vandalensicheren Bauweise eignet sich die Kamera ideal f\u00fcr Gesch\u00e4fte, B\u00fcros und \u00f6ffentliche R\u00e4ume, in denen eine diskrete und zuverl\u00e4ssige \u00dcberwachung erforderlich ist.<\/p>\n<p class=\"ds-markdown-paragraph\"><strong>Hervorragende Bildqualit\u00e4t unter allen Lichtverh\u00e4ltnissen<\/strong><br \/>\nDie Kamera bietet eine Aufl\u00f6sung von 4 MP und einen Weitwinkel von 130\u00b0, der eine umfassende Abdeckung ohne tote Winkel erm\u00f6glicht.<\/p>\n<p class=\"ds-markdown-paragraph\">Dank der Axis Lightfinder-Technologie liefert sie auch bei schwachem Licht scharfe Farbbilder, w\u00e4hrend der Wide Dynamic Range (WDR) f\u00fcr optimale Bildqualit\u00e4t bei starken Lichtkontrasten sorgt. Die Kamera ist werkseitig fokussiert und ben\u00f6tigt keine manuelle Justierung.<\/p>\n<p class=\"ds-markdown-paragraph\"><strong>Intelligente Analyse mit Deep Learning<\/strong><br \/>\nMit einer eigens daf\u00fcr eingerichteten Deep-Learning-Verarbeitungseinheit erm\u00f6glicht die Kamera eine fortschrittliche KI-Analyse direkt in der Kamera.<\/p>\n<p class=\"ds-markdown-paragraph\">AXIS Object Analytics ist vorinstalliert und kann Personen, Fahrzeuge und Fahrzeugtypen in Echtzeit erkennen und klassifizieren.<\/p>\n<p class=\"ds-markdown-paragraph\">Die Kamera unterst\u00fctzt au\u00dferdem AXIS Audio Analytics (in der Mikrofonvariante) zur Ger\u00e4uscherkennung und -klassifizierung.<\/p>\n<p class=\"ds-markdown-paragraph\"><strong>Robuste und sichere Konstruktion<\/strong><br \/>\nDank der Schutzart IP42 gegen Staub und Tropfwasser sowie der Vandalismusschutzklasse IK08 eignet sich die Kamera auch f\u00fcr anspruchsvolle Umgebungen.<\/p>\n<p class=\"ds-markdown-paragraph\">Dank des kompakten Designs mit Bajonettverschluss ist die Installation schnell und einfach. Axis Edge Vault gew\u00e4hrleistet Cybersicherheit durch hardwarebasierte Verschl\u00fcsselung und Schutz vor unberechtigtem Zugriff.<\/p>\n<p class=\"ds-markdown-paragraph\"><strong>Technische Informationen<\/strong><\/p>\n<ul>\n<li>\n<p class=\"ds-markdown-paragraph\">Sensor: 1\/2,7\u2033 RGB-CMOS, 4 MP<\/p>\n<\/li>\n<li>\n<p class=\"ds-markdown-paragraph\">Objektiv: 2,4 mm Festbrennweite, F2.1<\/p>\n<\/li>\n<li>\n<p class=\"ds-markdown-paragraph\">Sichtfeld: 130\u00b0 horizontal, 93\u00b0 vertikal<\/p>\n<\/li>\n<li>\n<p class=\"ds-markdown-paragraph\">Lichtempfindlichkeit: 0,19 Lux in Farbe mit Lightfinder<\/p>\n<\/li>\n<li>\n<p class=\"ds-markdown-paragraph\">Videokomprimierung: H.264, H.265, Motion JPEG<\/p>\n<\/li>\n<li>\n<p class=\"ds-markdown-paragraph\">Bildrate: 25\/30 Bilder\/Sekunde<\/p>\n<\/li>\n<li>\n<p class=\"ds-markdown-paragraph\">Netzwerk: Stromversorgung \u00fcber Ethernet (PoE)<\/p>\n<\/li>\n<li>\n<p class=\"ds-markdown-paragraph\">Speicher: microSD-Karte und NAS<\/p>\n<\/li>\n<li>\n<p class=\"ds-markdown-paragraph\">Leistungsaufnahme: Typischerweise 3,6 W<\/p>\n<\/li>\n<li>\n<p class=\"ds-markdown-paragraph\">Zertifizierungen: IP42, IK08<\/p>\n<\/li>\n<\/ul>\n<p class=\"ds-markdown-paragraph\"><strong>Analysefunktionen<\/strong><\/p>\n<ul>\n<li>\n<p class=\"ds-markdown-paragraph\">AXIS Objektanalyse: Personen- und Fahrzeugerkennung<\/p>\n<\/li>\n<li>\n<p class=\"ds-markdown-paragraph\">AXIS-Szenenmetadaten: Erweiterte Metadatenextraktion<\/p>\n<\/li>\n<li>\n<p class=\"ds-markdown-paragraph\">AXIS Audio Analytics: Schallerkennung und -klassifizierung (Mikrofonvariante)<\/p>\n<\/li>\n<li>\n<p class=\"ds-markdown-paragraph\">AXIS Video-Bewegungserkennung: Bewegungserkennung<\/p>\n<\/li>\n<li>\n<p class=\"ds-markdown-paragraph\">AXIS Live Privacy Shield: Datenschutz<\/p>\n<\/li>\n<li>\n<p class=\"ds-markdown-paragraph\">Unterst\u00fctzung f\u00fcr ACAP-Anwendungen<\/p>\n<\/li>\n<\/ul>\n<p class=\"ds-markdown-paragraph\"><strong>Montage und Zubeh\u00f6r<\/strong><br \/>\nDank des kompakten Designs und des Bajonettverschlusses l\u00e4sst sich die Kamera schnell und einfach installieren.<\/p>\n<p class=\"ds-markdown-paragraph\">Es bietet eine breite Palette an Montagezubeh\u00f6r f\u00fcr eine flexible Platzierung und kann mit Audio- und I\/O-Zubeh\u00f6r f\u00fcr erweiterte Funktionalit\u00e4t erg\u00e4nzt werden.<\/p>\n<p class=\"ds-markdown-paragraph\">Axis M3086-V kombiniert fortschrittliche Bildgebungstechnologie mit intelligenter Analytik und bietet so eine kosteneffiziente \u00dcberwachungsl\u00f6sung f\u00fcr moderne Innenr\u00e4ume.<\/p>\n<p class=\"ds-markdown-paragraph\">Dank ihrer vandalensicheren Konstruktion und umfangreichen Analysem\u00f6glichkeiten bietet die Kamera sowohl Zuverl\u00e4ssigkeit als auch fortschrittliche Funktionalit\u00e4t f\u00fcr professionelle \u00dcberwachungsanforderungen.<\/p>\n<\/div>\n<\/div>\n<div class=\"ds-theme\"><\/div>\n<\/div>\n<\/div>","protected":false},"excerpt":{"rendered":"<p>Kosteng\u00fcnstige Innen-Dome-Kamera mit 4MP und 130\u00b0 Weitwinkel. WDR und Lightfinder f\u00fcr gute Bilder bei allen Lichtverh\u00e4ltnissen.<\/p>\n<p>AI-Analyse f\u00fcr Personen- und Fahrzeugerkennung. Vandalensicher (IK08), einfache Installation mit PoE.<\/p>\n<p>Ideal f\u00fcr Gesch\u00e4fte und B\u00fcros.<\/p>","protected":false},"featured_media":160098,"template":"","meta":{"_acf_changed":false},"product_brand":[],"product_cat":[4950],"product_tag":[],"class_list":{"0":"post-160102","1":"product","2":"type-product","3":"status-publish","4":"has-post-thumbnail","6":"product_cat-axis-domekameror","7":"pa_brands-axis","8":"pa_farg-vit","9":"tm-no-options","11":"first","12":"onbackorder","13":"sale","14":"taxable","15":"shipping-taxable","16":"purchasable","17":"product-type-simple"},"acf":[],"_links":{"self":[{"href":"https:\/\/secureus.se\/de\/wp-json\/wp\/v2\/product\/160102","targetHints":{"allow":["GET"]}}],"collection":[{"href":"https:\/\/secureus.se\/de\/wp-json\/wp\/v2\/product"}],"about":[{"href":"https:\/\/secureus.se\/de\/wp-json\/wp\/v2\/types\/product"}],"wp:featuredmedia":[{"embeddable":true,"href":"https:\/\/secureus.se\/de\/wp-json\/wp\/v2\/media\/160098"}],"wp:attachment":[{"href":"https:\/\/secureus.se\/de\/wp-json\/wp\/v2\/media?parent=160102"}],"wp:term":[{"taxonomy":"product_brand","embeddable":true,"href":"https:\/\/secureus.se\/de\/wp-json\/wp\/v2\/product_brand?post=160102"},{"taxonomy":"product_cat","embeddable":true,"href":"https:\/\/secureus.se\/de\/wp-json\/wp\/v2\/product_cat?post=160102"},{"taxonomy":"product_tag","embeddable":true,"href":"https:\/\/secureus.se\/de\/wp-json\/wp\/v2\/product_tag?post=160102"}],"curies":[{"name":"wp","href":"https:\/\/api.w.org\/{rel}","templated":true}]}}