{"id":160128,"date":"2025-11-21T11:12:29","date_gmt":"2025-11-21T10:12:29","guid":{"rendered":"https:\/\/secureus.se\/?post_type=product&#038;p=160128"},"modified":"2026-04-09T11:22:02","modified_gmt":"2026-04-09T09:22:02","slug":"axis-m3215-lve-m32-serien-2mp-zipstream-ip-dome-kamera-med-dlpu-28-mm-fast-objektiv-ir-30m-ip66-ersatter-m3205-lve","status":"publish","type":"product","link":"https:\/\/secureus.se\/de\/axis-m3215-lve-m32-serien-2mp-zipstream-ip-dome-kamera-med-dlpu-28-mm-fast-objektiv-ir-30m-ip66-ersatter-m3205-lve\/","title":{"rendered":"AXIS M3215-LVE M32 Serie, 2MP Zipstream IP-Dome-Kamera mit DLPU, 2,8mm Festobjektiv, IR 30M, IP66 (ersetzt M3205-LVE)"},"content":{"rendered":"<h1>AXIS M3215-LVE M32 Serie, 2MP Zipstream IP-Dome-Kamera mit DLPU, 2,8mm Festbrennweite, IR 30M, IP66<\/h1>\n<div class=\"dad65929\">\n<div class=\"_4f9bf79 d7dc56a8 _43c05b5\">\n<div class=\"ds-message _63c77b1\">\n<div class=\"ds-markdown\">\n<p class=\"ds-markdown-paragraph\">Die AXIS M3215-LVE ist eine kosteng\u00fcnstige 2MP-Dome-Kamera, die zuverl\u00e4ssige Leistung mit fortschrittlichen Funktionen f\u00fcr die Innen- und Au\u00dfen\u00fcberwachung kombiniert.<\/p>\n<p class=\"ds-markdown-paragraph\">Mit einem festen 2,8-mm-Objektiv und einem 1\/2,9\u2033 RGB-CMOS-Sensor liefert die Kamera scharfe 1080p-Bilder mit bis zu 30 Bildern pro Sekunde.<\/p>\n<p class=\"ds-markdown-paragraph\">Die Kamera ist mit der bew\u00e4hrten Bildgebungstechnologie von Axis ausgestattet, darunter Lightfinder f\u00fcr eine au\u00dfergew\u00f6hnliche Bildqualit\u00e4t bei schwachem Licht, Forensic WDR f\u00fcr detailreiche Bilder in kontrastreichen Szenen und OptimizedIR mit IR-Beleuchtung, die bis zu 30 Meter reicht.<\/p>\n<p class=\"ds-markdown-paragraph\">Dies gew\u00e4hrleistet eine zuverl\u00e4ssige \u00dcberwachung rund um die Uhr, unabh\u00e4ngig von den Lichtverh\u00e4ltnissen.<\/p>\n<p class=\"ds-markdown-paragraph\">Die Kamera basiert auf dem ARTPEC-8-Prozessor mit eigener Deep Learning Processing Unit (DLPU) und erm\u00f6glicht so eine fortschrittliche KI-Analyse direkt in der Kamera.<\/p>\n<p class=\"ds-markdown-paragraph\">Mit AXIS Object Analytics k\u00f6nnen Personen, Fahrzeuge und verschiedene Fahrzeugtypen automatisch erkannt und klassifiziert werden. Zudem werden Szenarien wie Linien\u00fcberquerung und Gebiets\u00fcberwachung unterst\u00fctzt.<\/p>\n<p class=\"ds-markdown-paragraph\">Dank der robusten Schutzarten IP66 und IK10 ist die Kamera widerstandsf\u00e4hig gegen widrige Wetterbedingungen und physische Belastungen.<\/p>\n<p class=\"ds-markdown-paragraph\">Die integrierten Cybersicherheitsfunktionen umfassen die Axis Edge Vault-Plattform f\u00fcr die sichere Speicherung kryptografischer Schl\u00fcssel, Secure Boot und ein verschl\u00fcsseltes Dateisystem.<\/p>\n<p class=\"ds-markdown-paragraph\"><strong>Wichtigste technische Merkmale:<\/strong><\/p>\n<ul>\n<li>\n<p class=\"ds-markdown-paragraph\">2-Megapixel-RGB-CMOS-Sensor mit festem 2,8-mm-Objektiv<\/p>\n<\/li>\n<li>\n<p class=\"ds-markdown-paragraph\">Lightfinder, Forensic WDR und OptimizedIR mit 30 Metern IR-Beleuchtung<\/p>\n<\/li>\n<li>\n<p class=\"ds-markdown-paragraph\">ARTPEC-8-Prozessor mit Deep Learning Processing Unit (DLPU)<\/p>\n<\/li>\n<li>\n<p class=\"ds-markdown-paragraph\">AXIS Objektanalyse mit Personen- und Fahrzeugklassifizierung<\/p>\n<\/li>\n<li>\n<p class=\"ds-markdown-paragraph\">Schutzart IP66 und IK10 f\u00fcr den Au\u00dfeneinsatz<\/p>\n<\/li>\n<li>\n<p class=\"ds-markdown-paragraph\">Axis Edge Vault f\u00fcr fortschrittliche Cybersicherheit<\/p>\n<\/li>\n<li>\n<p class=\"ds-markdown-paragraph\">Unterst\u00fctzung f\u00fcr H.264\/H.265-Komprimierung mit Axis Zipstream-Technologie<\/p>\n<\/li>\n<li>\n<p class=\"ds-markdown-paragraph\">PoE-Betrieb (IEEE 802.3af\/at) f\u00fcr einfache Installation<\/p>\n<\/li>\n<li>\n<p class=\"ds-markdown-paragraph\">5 Jahre Garantie<\/p>\n<\/li>\n<\/ul>\n<p class=\"ds-markdown-paragraph\">Die AXIS M3215-LVE ist eine ausgezeichnete Wahl f\u00fcr budgetbewusste Installationen, die zuverl\u00e4ssige Bildqualit\u00e4t, intelligente Analytik und robusten Schutz sowohl f\u00fcr Innen- als auch f\u00fcr Au\u00dfenumgebungen erfordern.<\/p>\n<\/div>\n<\/div>\n<\/div>\n<\/div>","protected":false},"excerpt":{"rendered":"<p>Lightfinder, Forensic WDR und OptimisedIR mit 30 Metern IR-Beleuchtung sorgen f\u00fcr hervorragende Bildqualit\u00e4t bei allen Lichtverh\u00e4ltnissen. Die Kamera ist nach IP66 f\u00fcr den Au\u00dfeneinsatz gesch\u00fctzt und verf\u00fcgt \u00fcber eine integrierte Cybersicherheitsfunktion.<\/p>","protected":false},"featured_media":160125,"template":"","meta":{"_acf_changed":false},"product_brand":[],"product_cat":[4950],"product_tag":[],"class_list":{"0":"post-160128","1":"product","2":"type-product","3":"status-publish","4":"has-post-thumbnail","6":"product_cat-axis-domekameror","7":"pa_brands-axis","8":"pa_farg-vit","9":"tm-no-options","11":"first","12":"onbackorder","13":"sale","14":"taxable","15":"shipping-taxable","16":"purchasable","17":"product-type-simple"},"acf":[],"_links":{"self":[{"href":"https:\/\/secureus.se\/de\/wp-json\/wp\/v2\/product\/160128","targetHints":{"allow":["GET"]}}],"collection":[{"href":"https:\/\/secureus.se\/de\/wp-json\/wp\/v2\/product"}],"about":[{"href":"https:\/\/secureus.se\/de\/wp-json\/wp\/v2\/types\/product"}],"wp:featuredmedia":[{"embeddable":true,"href":"https:\/\/secureus.se\/de\/wp-json\/wp\/v2\/media\/160125"}],"wp:attachment":[{"href":"https:\/\/secureus.se\/de\/wp-json\/wp\/v2\/media?parent=160128"}],"wp:term":[{"taxonomy":"product_brand","embeddable":true,"href":"https:\/\/secureus.se\/de\/wp-json\/wp\/v2\/product_brand?post=160128"},{"taxonomy":"product_cat","embeddable":true,"href":"https:\/\/secureus.se\/de\/wp-json\/wp\/v2\/product_cat?post=160128"},{"taxonomy":"product_tag","embeddable":true,"href":"https:\/\/secureus.se\/de\/wp-json\/wp\/v2\/product_tag?post=160128"}],"curies":[{"name":"wp","href":"https:\/\/api.w.org\/{rel}","templated":true}]}}