{"id":160137,"date":"2025-11-21T11:12:29","date_gmt":"2025-11-21T10:12:29","guid":{"rendered":"https:\/\/secureus.se\/?post_type=product&#038;p=160137"},"modified":"2026-04-23T13:01:41","modified_gmt":"2026-04-23T11:01:41","slug":"axis-p1465-le-p14-serien-2mp-zipstream-ip-bullet-kamera-29-mm-objektiv-ir-80m-ip67-vit","status":"publish","type":"product","link":"https:\/\/secureus.se\/de\/axis-p1465-le-p14-serien-2mp-zipstream-ip-bullet-kamera-29-mm-objektiv-ir-80m-ip67-vit\/","title":{"rendered":"AXIS P1465-LE P14 Serie, 2MP Zipstream IP Bullet Kamera, 29mm Objektiv, IR 80M, IP67, Wei\u00df"},"content":{"rendered":"<h1>AXIS P1465-LE P14 Serie, 2MP Zipstream IP Bullet Kamera, 29mm Objektiv, IR 80M, IP67, Wei\u00df<\/h1>\n<h3 class=\"TypographyStyle--11lquxl jakscM titleText\" data-test-selector=\"OverviewTitle\">Produkt\u00fcbersicht<\/h3>\n<div class=\"sc-bczRLJ eJpGGI\">\n<div class=\"headernamehrnone\">Diese voll ausgestattete Kamera liefert in jeder Lichtsituation eine hervorragende Bildqualit\u00e4t. Sie verf\u00fcgt \u00fcber eine Aufl\u00f6sung von 2 MP und eine Bildrate von bis zu 60 Bildern pro Sekunde.<\/div>\n<div><\/div>\n<div class=\"headernamehrnone\">Dank Lightfinder 2.0 und Forensic WDR liefert es naturgetreue Farben und hervorragende forensische Details auch bei schwierigen Lichtverh\u00e4ltnissen oder nahezu v\u00f6lliger Dunkelheit.<\/div>\n<div><\/div>\n<div class=\"headernamehrnone\">OptimizedIR erm\u00f6glicht \u00dcberwachung in v\u00f6lliger Dunkelheit bis zu 40 m (131 ft) Entfernung ohne dass zus\u00e4tzliche Beleuchtung erforderlich ist.<\/div>\n<div><\/div>\n<div class=\"headernamehrnone\">Die bewegungsadaptive Belichtung reduziert zudem Bewegungsunsch\u00e4rfe durch sich n\u00e4hernde oder nahe Objekte.<\/div>\n<div><\/div>\n<div class=\"headernamehrnone\">Die Kamera ist au\u00dferdem in zwei Varianten mit unterschiedlichen Objektiven erh\u00e4ltlich: einem 9-mm-Weitwinkelobjektiv zur \u00dcberwachung gro\u00dfer Bereiche und einem 29-mm-Teleobjektiv zur \u00dcberwachung aus der Ferne.<\/div>\n<div><\/div>\n<div class=\"headernamehrnone\">Diese Hochleistungskamera basiert auf der ARTPEC-8 und verf\u00fcgt \u00fcber eine DLPU (Deep Learning Processing Unit).<\/div>\n<div><\/div>\n<div class=\"headernamehrnone\">Dies erm\u00f6glicht verbesserte Verarbeitungs- und Speicherkapazit\u00e4ten, sodass Sie noch mehr Daten als zuvor direkt am Netzwerkrand erfassen und analysieren k\u00f6nnen.<\/div>\n<div><\/div>\n<div class=\"headernamehrnone\">Dank AXIS Object Analytics k\u00f6nnen Personen, Fahrzeuge und Fahrzeugtypen erkannt und klassifiziert werden \u2013 alles individuell auf Ihre Bed\u00fcrfnisse zugeschnitten.<\/div>\n<div><\/div>\n<div class=\"headernamehrnone\">Dank der Edge-to-Edge-Technologie kann es f\u00fcr Zwei-Wege-Audio mit einem Axis-Netzwerklautsprecher verbunden werden.<\/div>\n<div><\/div>\n<div class=\"headernamehrnone\">Dar\u00fcber hinaus kann es sowohl mit Gleichstrom als auch mit PoE betrieben werden.<\/div>\n<div><\/div>\n<div class=\"headernamehrnone\">Und selbst bei einem Stromausfall gew\u00e4hrleistet die redundante Gleichstromversorgung eine zuverl\u00e4ssige Stromversorgung zum Schutz Ihrer Daten.<\/div>\n<div><\/div>\n<div class=\"headernamehrnone\">AXIS P1465-LE verf\u00fcgt \u00fcber integrierte Cybersicherheitsfunktionen, die dazu beitragen, unbefugten Zugriff zu verhindern und Ihr System zu sch\u00fctzen.<\/div>\n<div><\/div>\n<div class=\"headernamehrnone\">Axis Edge Vault sch\u00fctzt Ihre Axis-Ger\u00e4te-ID und vereinfacht die Autorisierung von Axis-Produkten in Ihrem Netzwerk.<\/div>\n<div><\/div>\n<div class=\"headernamehrnone\">Dar\u00fcber hinaus gew\u00e4hrleisten signierte Firmware und Secure Boot, dass die Firmware nicht manipuliert wurde und nur autorisierte Firmware installiert wird.<\/div>\n<div><\/div>\n<div class=\"headernamehrnone\">Und falls erforderlich, sorgt Secure Boot daf\u00fcr, dass die Kamera auch nach einem Werksreset vollst\u00e4ndig frei von Malware ist.<\/div>\n<div><\/div>\n<div class=\"headernamehrnone\">Dar\u00fcber hinaus ist diese robuste, f\u00fcr den Au\u00dfeneinsatz geeignete Kamera mit den Schutzarten IP66\/67, NEMA 4X und IK10 gegen Staub, Regen, Schnee und St\u00f6\u00dfe gesch\u00fctzt und h\u00e4lt Windgeschwindigkeiten von bis zu 50 m\/s stand.<\/div>\n<div><\/div>\n<div class=\"row headername\">\n<div class=\"item-header rd-hyg-item-header\"><strong>Hauptmerkmale<\/strong><\/div>\n<div class=\"row\">\n<ul>\n<li>Lightfinder 2.0, Forensic WDR, Optimiertes IR<\/li>\n<li>Analyse mit Deep Learning<\/li>\n<li>Audio- und I\/O-Anschl\u00fcsse<\/li>\n<li>Integrierte Cybersicherheitsfunktionen<\/li>\n<li>Zwei alternative Objektive<\/li>\n<\/ul>\n<\/div>\n<\/div>\n<div>\n<div class=\"row headername non-etl-overview\"><\/div>\n<\/div>\n<\/div>\n<div class=\"sc-bczRLJ fySwpa\">\n<div class=\"sc-bczRLJ kEeNDb\"><\/div>\n<\/div>","protected":false},"excerpt":{"rendered":"<p>AXIS P1465-LE P14 Serie, 2MP Zipstream IP Bullet Kamera, 29mm Objektiv, IR 80M, IP67, Wei\u00df<\/p>","protected":false},"featured_media":160134,"template":"","meta":{"_acf_changed":false},"product_brand":[],"product_cat":[4949],"product_tag":[],"class_list":{"0":"post-160137","1":"product","2":"type-product","3":"status-publish","4":"has-post-thumbnail","6":"product_cat-axis-bulletkameror","7":"pa_brands-axis","8":"pa_farg-vit","9":"tm-no-options","11":"first","12":"onbackorder","13":"sale","14":"taxable","15":"shipping-taxable","16":"purchasable","17":"product-type-simple"},"acf":[],"_links":{"self":[{"href":"https:\/\/secureus.se\/de\/wp-json\/wp\/v2\/product\/160137","targetHints":{"allow":["GET"]}}],"collection":[{"href":"https:\/\/secureus.se\/de\/wp-json\/wp\/v2\/product"}],"about":[{"href":"https:\/\/secureus.se\/de\/wp-json\/wp\/v2\/types\/product"}],"wp:featuredmedia":[{"embeddable":true,"href":"https:\/\/secureus.se\/de\/wp-json\/wp\/v2\/media\/160134"}],"wp:attachment":[{"href":"https:\/\/secureus.se\/de\/wp-json\/wp\/v2\/media?parent=160137"}],"wp:term":[{"taxonomy":"product_brand","embeddable":true,"href":"https:\/\/secureus.se\/de\/wp-json\/wp\/v2\/product_brand?post=160137"},{"taxonomy":"product_cat","embeddable":true,"href":"https:\/\/secureus.se\/de\/wp-json\/wp\/v2\/product_cat?post=160137"},{"taxonomy":"product_tag","embeddable":true,"href":"https:\/\/secureus.se\/de\/wp-json\/wp\/v2\/product_tag?post=160137"}],"curies":[{"name":"wp","href":"https:\/\/api.w.org\/{rel}","templated":true}]}}