{"id":160144,"date":"2025-11-21T11:12:29","date_gmt":"2025-11-21T10:12:29","guid":{"rendered":"https:\/\/secureus.se\/?post_type=product&#038;p=160144"},"modified":"2026-04-01T12:18:08","modified_gmt":"2026-04-01T10:18:08","slug":"axis-p1468-le-p14-serien-zipstream-ip-bullet-kamera-62-129-mm-varifokalt-objektiv-ip67-ersatter-p1448-le","status":"publish","type":"product","link":"https:\/\/secureus.se\/de\/axis-p1468-le-p14-serien-zipstream-ip-bullet-kamera-62-129-mm-varifokalt-objektiv-ip67-ersatter-p1448-le\/","title":{"rendered":"AXIS P1468-LE P14 Serie, Zipstream IP-Bullet-Kamera, 6,2-12,9 mm Variofokalobjektiv, IP67 (ersetzt P1448-LE)"},"content":{"rendered":"<h1>AXIS P1468-LE P14 Serie Zipstream IP-Bullet-Kamera 6,2\u201312,9 mm Variofokalobjektiv IP67<\/h1>\n<h3 class=\"TypographyStyle--11lquxl jakscM titleText\" data-test-selector=\"OverviewTitle\">Produkt\u00fcbersicht<\/h3>\n<div class=\"sc-bczRLJ eJpGGI\">\n<div class=\"headernamehrnone\">Diese voll ausgestattete Kamera liefert unabh\u00e4ngig von den Lichtverh\u00e4ltnissen eine hervorragende Bildqualit\u00e4t.<\/div>\n<div><\/div>\n<div class=\"headernamehrnone\">Es bietet eine hervorragende 4K-Aufl\u00f6sung mit einer Bildrate von bis zu 60 fps.<\/div>\n<div><\/div>\n<div class=\"headernamehrnone\">Dank Lightfinder 2.0 und Forensic WDR liefert es naturgetreue Farben und hervorragende forensische Details bei schwierigen Lichtverh\u00e4ltnissen oder nahezu v\u00f6lliger Dunkelheit.<\/div>\n<div><\/div>\n<div class=\"headernamehrnone\">OptimizedIR erm\u00f6glicht \u00dcberwachung in v\u00f6lliger Dunkelheit bis zu 40 m Entfernung ohne zus\u00e4tzliche Beleuchtung. Die bewegungsadaptierte Belichtung reduziert Bewegungsunsch\u00e4rfe durch sich n\u00e4hernde oder nahe Objekte.<\/div>\n<div><\/div>\n<div class=\"headernamehrnone\">Dar\u00fcber hinaus reduziert Zipstream mit Unterst\u00fctzung f\u00fcr H.264 und H.265 den Bandbreiten- und Speicherbedarf erheblich, ohne die Bildqualit\u00e4t zu beeintr\u00e4chtigen.<\/div>\n<div><\/div>\n<div class=\"headernamehrnone\">Diese Hochleistungskamera basiert auf ARTPEC-8, dem neuesten System-on-Chip (SoC) von Axis, und verf\u00fcgt \u00fcber eine DLPU (Deep Learning Processing Unit).<\/div>\n<div><\/div>\n<div class=\"headernamehrnone\">Dies erm\u00f6glicht verbesserte Verarbeitungs- und Speicherkapazit\u00e4ten, sodass Sie noch mehr Daten als zuvor direkt am Netzwerkrand erfassen und analysieren k\u00f6nnen.<\/div>\n<div><\/div>\n<div class=\"headernamehrnone\">Dank AXIS Object Analytics k\u00f6nnen Personen, Fahrzeuge und Fahrzeugtypen erkannt und klassifiziert werden \u2013 alles individuell auf Ihre Bed\u00fcrfnisse zugeschnitten.<\/div>\n<div><\/div>\n<div class=\"headernamehrnone\">Dank der Edge-to-Edge-Technologie kann es f\u00fcr Zwei-Wege-Audio mit einem Axis-Netzwerklautsprecher verbunden werden.<\/div>\n<div><\/div>\n<div class=\"headernamehrnone\">Dar\u00fcber hinaus kann es sowohl mit Gleichstrom als auch mit PoE betrieben werden.<\/div>\n<div><\/div>\n<div class=\"headernamehrnone\">Selbst bei einem Stromausfall gew\u00e4hrleistet die redundante Gleichstromversorgung eine zuverl\u00e4ssige Stromversorgung zum Schutz Ihrer Daten. Die AXIS P1468-LE verf\u00fcgt \u00fcber integrierte Cybersicherheitsfunktionen, die unbefugten Zugriff verhindern und Ihr System sch\u00fctzen.<\/div>\n<div><\/div>\n<div class=\"headernamehrnone\">Axis Edge Vault sch\u00fctzt Ihre Axis-Ger\u00e4te-ID und vereinfacht die Autorisierung von Axis-Produkten in Ihrem Netzwerk.<\/div>\n<div><\/div>\n<div class=\"headernamehrnone\">Dar\u00fcber hinaus gew\u00e4hrleisten signierte Firmware und Secure Boot, dass die Firmware nicht manipuliert wurde und nur autorisierte Firmware installiert wird.<\/div>\n<div><\/div>\n<div class=\"headernamehrnone\">Und falls erforderlich, sorgt Secure Boot daf\u00fcr, dass die Kamera auch nach einem Werksreset vollst\u00e4ndig frei von Malware ist.<\/div>\n<div><\/div>\n<div class=\"headernamehrnone\">Dar\u00fcber hinaus ist diese robuste, f\u00fcr den Au\u00dfeneinsatz geeignete Kamera nach IP66\/67, NEMA 4X und IK10 zertifiziert, staub-, regen-, schnee- und sto\u00dffest und h\u00e4lt Windgeschwindigkeiten von bis zu 50 m\/s stand.<\/div>\n<div><\/div>\n<div class=\"row headername\">\n<div class=\"item-header rd-hyg-item-header\"><strong>Hauptmerkmale<\/strong><\/div>\n<div class=\"row\">\n<ul>\n<li>Lightfinder 2.0, Forensic WDR, Optimiertes IR<\/li>\n<li>Analyse mit Deep Learning<\/li>\n<li>Audio- und I\/O-Anschl\u00fcsse<\/li>\n<li>Integrierte Cybersicherheitsfunktionen<\/li>\n<li>Sto\u00df- und witterungsbest\u00e4ndig<\/li>\n<\/ul>\n<\/div>\n<\/div>\n<div>\n<div class=\"row headername non-etl-overview\"><\/div>\n<\/div>\n<\/div>\n<div class=\"sc-bczRLJ fySwpa\">\n<div class=\"sc-bczRLJ kEeNDb\"><\/div>\n<\/div>","protected":false},"excerpt":{"rendered":"<p>AXIS P1468-LE P14 Serie, Zipstream IP-Bullet-Kamera, 6,2-12,9 mm Varioobjektiv, IP67 (Ersetzt P1448-LE)<\/p>","protected":false},"featured_media":160141,"template":"","meta":{"_acf_changed":false},"product_brand":[],"product_cat":[4949],"product_tag":[],"class_list":{"0":"post-160144","1":"product","2":"type-product","3":"status-publish","4":"has-post-thumbnail","6":"product_cat-axis-bulletkameror","7":"pa_brands-axis","8":"pa_farg-vit","9":"tm-no-options","11":"first","12":"instock","13":"sale","14":"taxable","15":"shipping-taxable","16":"purchasable","17":"product-type-simple"},"acf":[],"_links":{"self":[{"href":"https:\/\/secureus.se\/de\/wp-json\/wp\/v2\/product\/160144","targetHints":{"allow":["GET"]}}],"collection":[{"href":"https:\/\/secureus.se\/de\/wp-json\/wp\/v2\/product"}],"about":[{"href":"https:\/\/secureus.se\/de\/wp-json\/wp\/v2\/types\/product"}],"wp:featuredmedia":[{"embeddable":true,"href":"https:\/\/secureus.se\/de\/wp-json\/wp\/v2\/media\/160141"}],"wp:attachment":[{"href":"https:\/\/secureus.se\/de\/wp-json\/wp\/v2\/media?parent=160144"}],"wp:term":[{"taxonomy":"product_brand","embeddable":true,"href":"https:\/\/secureus.se\/de\/wp-json\/wp\/v2\/product_brand?post=160144"},{"taxonomy":"product_cat","embeddable":true,"href":"https:\/\/secureus.se\/de\/wp-json\/wp\/v2\/product_cat?post=160144"},{"taxonomy":"product_tag","embeddable":true,"href":"https:\/\/secureus.se\/de\/wp-json\/wp\/v2\/product_tag?post=160144"}],"curies":[{"name":"wp","href":"https:\/\/api.w.org\/{rel}","templated":true}]}}