{"id":160149,"date":"2025-11-21T11:12:30","date_gmt":"2025-11-21T10:12:30","guid":{"rendered":"https:\/\/secureus.se\/?post_type=product&#038;p=160149"},"modified":"2026-04-09T11:18:45","modified_gmt":"2026-04-09T09:18:45","slug":"axis-q1971-e-varmekamera-for-utomhusbruk-35-mm-fast-objektiv-30-fps-ik10-vit","status":"publish","type":"product","link":"https:\/\/secureus.se\/de\/axis-q1971-e-varmekamera-for-utomhusbruk-35-mm-fast-objektiv-30-fps-ik10-vit\/","title":{"rendered":"AXIS Q1971-E W\u00e4rmebildkamera f\u00fcr den Au\u00dfenbereich, 35 mm festes Objektiv, 30 Bilder\/s, IK10, wei\u00df"},"content":{"rendered":"<h1>AXIS Q1971-E W\u00e4rmebildkamera f\u00fcr den Au\u00dfenbereich, 35 mm festes Objektiv, 30 Bilder\/s, IK10, wei\u00df<\/h1>\n<div class=\"ds-message _63c77b1\">\n<div class=\"ds-markdown\">\n<p class=\"ds-markdown-paragraph\">Die AXIS Q1971-E ist eine hochentwickelte W\u00e4rmebildkamera, die f\u00fcr die zuverl\u00e4ssige Erkennung und \u00dcberpr\u00fcfung rund um die Uhr, unabh\u00e4ngig von Licht- und Wetterbedingungen, konzipiert wurde.<\/p>\n<p class=\"ds-markdown-paragraph\">Mit einem 35-mm-Festbrennweitenobjektiv bietet die Kamera ein horizontales Sichtfeld von 10,5\u00b0, das optimal f\u00fcr die \u00dcberwachung auf gro\u00dfe Entfernungen geeignet ist, bei einer Naheinstellgrenze von 31,3 Metern.<\/p>\n<p class=\"ds-markdown-paragraph\">Die Kamera basiert auf einem ungek\u00fchlten Mikrobolometersensor mit 384\u00d7288 Pixeln und einer au\u00dfergew\u00f6hnlichen Empfindlichkeit (NETD &lt;20 mK), die eine Detektion auch in kontrastarmen Szenarien erm\u00f6glicht.<\/p>\n<p class=\"ds-markdown-paragraph\">Der W\u00e4rmesensor arbeitet im Spektralbereich von 8-14 \u00b5m und gew\u00e4hrleistet so eine zuverl\u00e4ssige Leistung unter allen Bedingungen.<\/p>\n<p class=\"ds-markdown-paragraph\">Mit dem ARTPEC-8 Prozessor und einer dedizierten Deep Learning Processing Unit (DLPU) erm\u00f6glicht die Kamera intelligente KI-basierte Analysen direkt im Ger\u00e4t.<\/p>\n<p class=\"ds-markdown-paragraph\">Sie unterst\u00fctzt AXIS Perimeter Defender f\u00fcr einen verbesserten Perimeterschutz und umfasst mehrere integrierte Analysefunktionen wie AXIS Motion Guard, AXIS Fence Guard und AXIS Loitering Guard.<\/p>\n<p class=\"ds-markdown-paragraph\">Die Kamera bietet flexible Videostreams mit bis zu 30 Bildern pro Sekunde und unterst\u00fctzt sowohl H.264- als auch H.265-Komprimierung mit der Axis Zipstream-Technologie f\u00fcr eine optimierte Bandbreitennutzung.<\/p>\n<p class=\"ds-markdown-paragraph\">Dank elektronischer Bildstabilisierung und mehrerer thermischer Farbpaletten kann der Benutzer die Bildqualit\u00e4t an spezifische Bed\u00fcrfnisse anpassen.<\/p>\n<p class=\"ds-markdown-paragraph\">Dank der robusten Schutzart IP66\/IP67 und IK10 kann die Kamera rauen Wetterbedingungen und physischen Belastungen standhalten.<\/p>\n<p class=\"ds-markdown-paragraph\">Zu den integrierten Cybersicherheitsfunktionen geh\u00f6rt Axis Edge Vault mit FIPS 140-2 Level 2 zertifizierter Schl\u00fcsselspeicherung f\u00fcr sichere Ger\u00e4teauthentifizierung und Datenschutz.<\/p>\n<p class=\"ds-markdown-paragraph\"><strong>Wichtigste technische Merkmale:<\/strong><\/p>\n<ul>\n<li>\n<p class=\"ds-markdown-paragraph\">W\u00e4rmesensor: 384\u00d7288 Pixel, Spektralbereich 8-14 \u00b5m<\/p>\n<\/li>\n<li>\n<p class=\"ds-markdown-paragraph\">35-mm-Festbrennweite mit 10,5\u00b0 horizontalem Bildwinkel<\/p>\n<\/li>\n<li>\n<p class=\"ds-markdown-paragraph\">Empfindlichkeit: NETD &lt;20 mK bei 25 \u00b0C, F1.14<\/p>\n<\/li>\n<li>\n<p class=\"ds-markdown-paragraph\">ARTPEC-8 Prozessor mit Deep Learning Processing Unit<\/p>\n<\/li>\n<li>\n<p class=\"ds-markdown-paragraph\">Unterst\u00fctzung f\u00fcr AXIS Perimeter Defender und Analysefunktionen von Drittanbietern<\/p>\n<\/li>\n<li>\n<p class=\"ds-markdown-paragraph\">Schutzart IP66\/IP67 und IK10 f\u00fcr den Au\u00dfeneinsatz<\/p>\n<\/li>\n<li>\n<p class=\"ds-markdown-paragraph\">Axis Edge Vault mit FIPS 140-2 Level 2-Zertifizierung<\/p>\n<\/li>\n<li>\n<p class=\"ds-markdown-paragraph\">H.264\/H.265-Unterst\u00fctzung mit Axis Zipstream-Technologie<\/p>\n<\/li>\n<li>\n<p class=\"ds-markdown-paragraph\">PoE-Betrieb (IEEE 802.3af\/at) und 12-28 V DC<\/p>\n<\/li>\n<li>\n<p class=\"ds-markdown-paragraph\">5 Jahre Garantie<\/p>\n<\/li>\n<\/ul>\n<p class=\"ds-markdown-paragraph\">AXIS Q1971-E ist die ultimative L\u00f6sung f\u00fcr kritische Sicherheitsanwendungen, bei denen eine zuverl\u00e4ssige Detektion unabh\u00e4ngig von Licht und Wetter unerl\u00e4sslich ist, wie z. B. Perimeterschutz, Industrieanlagen und Infrastrukturschutz.<\/p>\n<\/div>\n<\/div>","protected":false},"excerpt":{"rendered":"<p>Die AXIS Q1971-E ist eine robuste W\u00e4rmebildkamera mit einem 35-mm-Objektiv f\u00fcr fortschrittliche W\u00e4rmeerkennung.<\/p>\n<p>Unabh\u00e4ngig von Licht und Wetter, mit AI-Analyse und IP66\/IP67-Schutz.<\/p>\n<p>Ideal f\u00fcr den Perimeterschutz und Sicherheitszonen.<\/p>","protected":false},"featured_media":160147,"template":"","meta":{"_acf_changed":false},"product_brand":[],"product_cat":[4955],"product_tag":[],"class_list":{"0":"post-160149","1":"product","2":"type-product","3":"status-publish","4":"has-post-thumbnail","6":"product_cat-axis-varmekameror","7":"pa_brands-axis","8":"pa_farg-vit","9":"tm-no-options","11":"first","12":"onbackorder","13":"sale","14":"taxable","15":"shipping-taxable","16":"purchasable","17":"product-type-simple"},"acf":[],"_links":{"self":[{"href":"https:\/\/secureus.se\/de\/wp-json\/wp\/v2\/product\/160149","targetHints":{"allow":["GET"]}}],"collection":[{"href":"https:\/\/secureus.se\/de\/wp-json\/wp\/v2\/product"}],"about":[{"href":"https:\/\/secureus.se\/de\/wp-json\/wp\/v2\/types\/product"}],"wp:featuredmedia":[{"embeddable":true,"href":"https:\/\/secureus.se\/de\/wp-json\/wp\/v2\/media\/160147"}],"wp:attachment":[{"href":"https:\/\/secureus.se\/de\/wp-json\/wp\/v2\/media?parent=160149"}],"wp:term":[{"taxonomy":"product_brand","embeddable":true,"href":"https:\/\/secureus.se\/de\/wp-json\/wp\/v2\/product_brand?post=160149"},{"taxonomy":"product_cat","embeddable":true,"href":"https:\/\/secureus.se\/de\/wp-json\/wp\/v2\/product_cat?post=160149"},{"taxonomy":"product_tag","embeddable":true,"href":"https:\/\/secureus.se\/de\/wp-json\/wp\/v2\/product_tag?post=160149"}],"curies":[{"name":"wp","href":"https:\/\/api.w.org\/{rel}","templated":true}]}}