{"id":160161,"date":"2025-11-21T11:12:30","date_gmt":"2025-11-21T10:12:30","guid":{"rendered":"https:\/\/secureus.se\/?post_type=product&#038;p=160161"},"modified":"2026-04-01T12:13:56","modified_gmt":"2026-04-01T10:13:56","slug":"axis-q1971-e-varmekamera-for-utomhusbruk-13-mm-fast-objektiv-30-fps-ik10-vit","status":"publish","type":"product","link":"https:\/\/secureus.se\/de\/axis-q1971-e-varmekamera-for-utomhusbruk-13-mm-fast-objektiv-30-fps-ik10-vit\/","title":{"rendered":"AXIS Q1971-E W\u00e4rmebildkamera f\u00fcr den Au\u00dfenbereich, 13 mm festes Objektiv, 30 fps, IK10, wei\u00df"},"content":{"rendered":"<h1>AXIS Q1971-E W\u00e4rmebildkamera f\u00fcr den Au\u00dfenbereich, 13 mm festes Objektiv, 30 fps, IK10, wei\u00df<\/h1>\n<p class=\"ds-markdown-paragraph\">Die W\u00e4rmebildkamera AXIS Q1971-E mit 13-mm-Objektiv ist eine hochentwickelte W\u00e4rmebildkamera, die die Abh\u00e4ngigkeit von Tageslicht und visuellen Aufnahmen beseitigt und so eine au\u00dfergew\u00f6hnliche Erkennung und Verifizierung rund um die Uhr erm\u00f6glicht.<\/p>\n<p class=\"ds-markdown-paragraph\">Es eignet sich besonders gut f\u00fcr den Perimeterschutz in kritischen Au\u00dfenbereichen, wo die robuste, halogenfreie Konstruktion auch rauen Bedingungen standh\u00e4lt und selbst bei Nebel, Rauch, Schneefall oder v\u00f6lliger Dunkelheit eine gleichbleibende Leistung erbringt.<\/p>\n<p class=\"ds-markdown-paragraph\"><strong>Technische Leistung mit 13-mm-Objektiv<\/strong><br \/>\nDiese Variante der Q1971-E ist mit einem festen, athermalisierten 13-mm-Objektiv mit einer Lichtst\u00e4rke von F1.0 ausgestattet.<\/p>\n<p class=\"ds-markdown-paragraph\">Das Objektiv bietet ein horizontales Sichtfeld von 29\u00b0 und ein vertikales Sichtfeld von 22\u00b0 und eignet sich daher ideal zur \u00dcberwachung mittelgro\u00dfer Bereiche wie Laderampen, Tordurchg\u00e4nge oder bestimmter Sektoren eines gro\u00dfen Bereichs.<\/p>\n<p class=\"ds-markdown-paragraph\">Die geringe Naheinstellgrenze von 4,7 Metern gew\u00e4hrleistet eine scharfe Erfassung auch auf relativ kurze Distanzen. Herzst\u00fcck der Kamera ist ein ungek\u00fchlter 384\u00d7288-Pixel-Mikrobolometersensor mit sehr hoher Empfindlichkeit (NETD &lt;20 mK), der klare und detailreiche W\u00e4rmebilder zur hochpr\u00e4zisen Erkennung von Anwesenheit und Aktivit\u00e4t liefert.<\/p>\n<p class=\"ds-markdown-paragraph\"><strong>KI-basierte Analysen und proaktive \u00dcberwachung<\/strong><br \/>\nMit einem leistungsstarken ARTPEC-8 System-on-Chip und einer dedizierten Deep Learning Processing Unit (DLPU) ist der Q1971-E ein intelligentes Ger\u00e4t, das fortgeschrittene Analysen unterst\u00fctzt.<\/p>\n<p class=\"ds-markdown-paragraph\">Es verf\u00fcgt \u00fcber integrierte Analysefunktionen wie AXIS Video Motion Detection, AXIS Fence Guard und AXIS Loitering Guard.<\/p>\n<p class=\"ds-markdown-paragraph\">F\u00fcr zus\u00e4tzlichen Schutz kann der leistungsstarke KI-Analysator AXIS Perimeter Defender aktiviert werden, der eine genaue Klassifizierung und fr\u00fchzeitige Erkennung von Eindringlingen erm\u00f6glicht.<\/p>\n<p class=\"ds-markdown-paragraph\">Die Plattform unterst\u00fctzt zudem externe Analysten \u00fcber die AXIS Camera Application Platform (ACAP) und bietet damit unz\u00e4hlige M\u00f6glichkeiten zur individuellen Anpassung.<\/p>\n<p class=\"ds-markdown-paragraph\"><strong>F\u00fchrende Cybersicherheit mit Axis Edge Vault<\/strong><br \/>\nIn der heutigen vernetzten Welt ist Cybersicherheit unerl\u00e4sslich. Der AXIS Q1971-E verf\u00fcgt \u00fcber die integrierte, hardwarebasierte Sicherheitsplattform Axis Edge Vault.<\/p>\n<p class=\"ds-markdown-paragraph\">Diese Plattform sch\u00fctzt die Ger\u00e4teidentit\u00e4t und -integrit\u00e4t durch Funktionen wie Secure Boot und einen sicheren Schl\u00fcsselspeicher, der nach FIPS 140-2 Level 2 zertifiziert ist.<\/p>\n<p class=\"ds-markdown-paragraph\">Zudem wird \u201esigniertes Video\u201c angeboten, was garantiert, dass die Videoaufnahmen nicht manipuliert wurden und zu dieser speziellen Kamera zur\u00fcckverfolgt werden k\u00f6nnen.<\/p>\n<p class=\"ds-markdown-paragraph\"><strong>Robuste Konstruktion und einfache Integration<\/strong><br \/>\nDie Kamera ist robust konstruiert und verf\u00fcgt \u00fcber ein Geh\u00e4use aus Aluminium und Polycarbonat, das den Schutzarten IP66\/IP67, IK10 und NEMA 4X entspricht.<\/p>\n<p class=\"ds-markdown-paragraph\">Es ist temperaturbest\u00e4ndig von -40 \u00b0C bis 60 \u00b0C und h\u00e4lt Kondensationsfeuchtigkeit stand. F\u00fcr eine einfache Integration und Bedienung unterst\u00fctzt es eine Vielzahl von Netzwerkprotokollen, ONVIF-Profile (G, M, S, T) und die VAPIX-API.<\/p>\n<p class=\"ds-markdown-paragraph\">\u00dcber die I\/O-Anschl\u00fcsse k\u00f6nnen externe Ger\u00e4te wie Sirenen oder Leuchten direkt an die Kamera angeschlossen werden, um sofort reagieren zu k\u00f6nnen. Die Stromversorgung erfolgt \u00fcber PoE (IEEE 802.3af\/at) oder 12\u201328 V DC und bietet somit Flexibilit\u00e4t bei der Installation.<\/p>\n<p class=\"ds-markdown-paragraph\"><strong>Bilder und Videostreams<\/strong><br \/>\nObwohl die native Aufl\u00f6sung des Sensors 384\u00d7288 betr\u00e4gt, kann sie f\u00fcr eine verbesserte visuelle Detailgenauigkeit auf 768\u00d7576 skaliert werden.<\/p>\n<p class=\"ds-markdown-paragraph\">Die Kamera unterst\u00fctzt Videoaufnahmen mit bis zu 30 Bildern pro Sekunde und mehrere Streams in den Formaten H.264, H.265 und Motion JPEG.<\/p>\n<p class=\"ds-markdown-paragraph\">Die Axis Zipstream-Technologie reduziert den Bandbreiten- und Speicherbedarf um durchschnittlich 50 %, ohne dabei forensisch wichtige Informationen zu beeintr\u00e4chtigen.<\/p>\n<p class=\"ds-markdown-paragraph\">Zusammenfassend l\u00e4sst sich sagen, dass die AXIS Q1971-E mit 13-mm-Objektiv eine ausgezeichnete Wahl f\u00fcr spezielle \u00dcberwachungsanforderungen darstellt, die ein ausgewogenes Verh\u00e4ltnis zwischen Abdeckungsbereich und Detailgenauigkeit erfordern.<\/p>\n<p class=\"ds-markdown-paragraph\">Die Kombination aus un\u00fcbertroffener W\u00e4rmebilderkennung, KI-Funktionen, robuster Cybersicherheit und zuverl\u00e4ssiger Konstruktion macht es zur idealen Wahl f\u00fcr den proaktiven Schutz von Anlagen und Infrastruktur.<\/p>\n<p class=\"ds-markdown-paragraph\"><strong>Wichtigste Spezifikationen f\u00fcr das 13-mm-Modell:<\/strong><\/p>\n<ul>\n<li>\n<p class=\"ds-markdown-paragraph\"><strong>Sensor:<\/strong>\u00a0Ungek\u00fchltes Mikrobolometer, 384\u00d7288 Pixel<\/p>\n<\/li>\n<li>\n<p class=\"ds-markdown-paragraph\"><strong>Objektiv:<\/strong>\u00a0Festbrennweite 13 mm, F1.0, 29\u00b0 horizontaler Bildwinkel<\/p>\n<\/li>\n<li>\n<p class=\"ds-markdown-paragraph\"><strong>Sensitivit\u00e4t (NETD):<\/strong>\u00a0&lt;20 mK<\/p>\n<\/li>\n<li>\n<p class=\"ds-markdown-paragraph\"><strong>Bildverarbeitung:<\/strong>\u00a0ARTPEC-8 SoC mit DLPU (KI)<\/p>\n<\/li>\n<li>\n<p class=\"ds-markdown-paragraph\"><strong>Analytiker:<\/strong>\u00a0Beinhaltet\/unterst\u00fctzt AXIS Perimeter Defender<\/p>\n<\/li>\n<li>\n<p class=\"ds-markdown-paragraph\"><strong>Cybersicherheit:<\/strong>\u00a0Axis Edge Vault (FIPS 140-2 Level 2)<\/p>\n<\/li>\n<li>\n<p class=\"ds-markdown-paragraph\"><strong>Schutzklasse:<\/strong>\u00a0IP66\/IP67, IK10, NEMA 4X<\/p>\n<\/li>\n<li>\n<p class=\"ds-markdown-paragraph\"><strong>Stromversorgung:<\/strong>\u00a0PoE (IEEE 802.3af\/at) oder 12\u201328 V DC<\/p>\n<\/li>\n<li>\n<p class=\"ds-markdown-paragraph\"><strong>Garantie:<\/strong>\u00a05 Jahre Garantie<\/p>\n<\/li>\n<\/ul>","protected":false},"excerpt":{"rendered":"<p>Die AXIS Q1971-E ist eine robuste W\u00e4rmebildkamera mit festem 13-mm-Objektiv, die f\u00fcr eine zuverl\u00e4ssige Erkennung und \u00dcberpr\u00fcfung rund um die Uhr bei allen Licht- und Wetterverh\u00e4ltnissen ausgelegt ist.<\/p>\n<p>Sie ist ideal f\u00fcr den anspruchsvollen Perimeterschutz und funktioniert auch in kontrastarmen Szenarien gut.<\/p>\n<p>Die Kamera verf\u00fcgt \u00fcber ein athermalisiertes 13-mm-Objektiv mit einem horizontalen Sichtfeld von 29\u00b0, ideal f\u00fcr die \u00dcberwachung mittelgro\u00dfer Bereiche aus mittlerer Entfernung.<\/p>","protected":false},"featured_media":160158,"template":"","meta":{"_acf_changed":false},"product_brand":[],"product_cat":[4955],"product_tag":[],"class_list":{"0":"post-160161","1":"product","2":"type-product","3":"status-publish","4":"has-post-thumbnail","6":"product_cat-axis-varmekameror","7":"pa_brands-axis","8":"pa_farg-vit","9":"tm-no-options","11":"first","12":"instock","13":"sale","14":"taxable","15":"shipping-taxable","16":"purchasable","17":"product-type-simple"},"acf":[],"_links":{"self":[{"href":"https:\/\/secureus.se\/de\/wp-json\/wp\/v2\/product\/160161","targetHints":{"allow":["GET"]}}],"collection":[{"href":"https:\/\/secureus.se\/de\/wp-json\/wp\/v2\/product"}],"about":[{"href":"https:\/\/secureus.se\/de\/wp-json\/wp\/v2\/types\/product"}],"wp:featuredmedia":[{"embeddable":true,"href":"https:\/\/secureus.se\/de\/wp-json\/wp\/v2\/media\/160158"}],"wp:attachment":[{"href":"https:\/\/secureus.se\/de\/wp-json\/wp\/v2\/media?parent=160161"}],"wp:term":[{"taxonomy":"product_brand","embeddable":true,"href":"https:\/\/secureus.se\/de\/wp-json\/wp\/v2\/product_brand?post=160161"},{"taxonomy":"product_cat","embeddable":true,"href":"https:\/\/secureus.se\/de\/wp-json\/wp\/v2\/product_cat?post=160161"},{"taxonomy":"product_tag","embeddable":true,"href":"https:\/\/secureus.se\/de\/wp-json\/wp\/v2\/product_tag?post=160161"}],"curies":[{"name":"wp","href":"https:\/\/api.w.org\/{rel}","templated":true}]}}