{"id":160164,"date":"2025-11-21T11:12:30","date_gmt":"2025-11-21T10:12:30","guid":{"rendered":"https:\/\/secureus.se\/?post_type=product&#038;p=160164"},"modified":"2026-04-09T11:18:35","modified_gmt":"2026-04-09T09:18:35","slug":"axis-30w-1-port-midspan-for-inomhusbruk-240v-ac-02172-002","status":"publish","type":"product","link":"https:\/\/secureus.se\/de\/axis-30w-1-port-midspan-for-inomhusbruk-240v-ac-02172-002\/","title":{"rendered":"AXIS 30W 1-Port Midspan f\u00fcr den Innenbereich, 240V AC (02172-002)"},"content":{"rendered":"<h1>AXIS 30W 1-Port Midspan f\u00fcr den Innenbereich, 240V AC<\/h1>\n<p class=\"ds-markdown-paragraph\">Der AXIS 30 W Midspan ist ein zuverl\u00e4ssiger und energieeffizienter 1-Port-PoE-Injektor (Midspan), der f\u00fcr die effiziente Stromversorgung eines einzelnen Hochleistungsnetzwerkger\u00e4ts entwickelt wurde.<\/p>\n<p class=\"ds-markdown-paragraph\">Es bietet eine optimale L\u00f6sung f\u00fcr Situationen, in denen vorhandene Netzwerk-Switches nicht \u00fcber PoE-Funktionalit\u00e4t verf\u00fcgen oder nicht gen\u00fcgend Leistung liefern k\u00f6nnen, wodurch die Notwendigkeit entf\u00e4llt, in einen komplett neuen Switch zu investieren oder kostspielige elektrische Installationen vorzunehmen.<\/p>\n<p class=\"ds-markdown-paragraph\"><strong>Einfache und kosteng\u00fcnstige Power-over-Ethernet-L\u00f6sung<\/strong><br \/>\nDas Herzst\u00fcck dieses Ger\u00e4ts ist seine F\u00e4higkeit, sowohl Daten als auch Strom \u00fcber ein einziges Standard-Ethernet-Kabel (Kategorie 5e oder h\u00f6her) zu \u00fcbertragen.<\/p>\n<p class=\"ds-markdown-paragraph\">Diese \u201ePlug-and-Play\u201c-L\u00f6sung vereinfacht die Installation von Netzwerkger\u00e4ten erheblich, insbesondere an Orten, an denen der Zugang zu Steckdosen eingeschr\u00e4nkt oder schlecht ist.<\/p>\n<p class=\"ds-markdown-paragraph\">Der Injektor ist mit den Standards IEEE 802.3af (PoE) und IEEE 802.3at (PoE+) kompatibel und somit ein vielseitiger Partner f\u00fcr eine breite Palette von Axis-Produkten, von einfachen IP-Kameras bis hin zu leistungsst\u00e4rkeren Ger\u00e4ten wie W\u00e4rmebildkameras und Sicherheitsradarger\u00e4ten, die bis zu 30 W ben\u00f6tigen.<\/p>\n<p class=\"ds-markdown-paragraph\"><strong>Technische Vorteile und Leistung<\/strong><br \/>\nDer AXIS 30 W Midspan unterst\u00fctzt Gigabit Ethernet (10\/100\/1000 Mbps) und gew\u00e4hrleistet so, dass die Datenbandbreite nicht eingeschr\u00e4nkt wird, w\u00e4hrend das Ger\u00e4t Ihre Ger\u00e4te mit Strom versorgt.<\/p>\n<p class=\"ds-markdown-paragraph\">Es verf\u00fcgt \u00fcber einen breiten Eingangsspannungsbereich von 100 bis 240 V AC und ist somit weltweit einsetzbar.<\/p>\n<p class=\"ds-markdown-paragraph\">Die Ausgangsleistung betr\u00e4gt 56 V DC bei einer maximalen Leistung von 30 W. Um Energieeffizienz zu gew\u00e4hrleisten, verbraucht der Midspan nur 100 mW, wenn kein Ger\u00e4t angeschlossen ist.<\/p>\n<p class=\"ds-markdown-paragraph\">Es ist mit einer LED-Anzeige auf der Vorderseite ausgestattet, um die Strom- und Datenversorgung visuell leicht \u00fcberpr\u00fcfen zu k\u00f6nnen.<\/p>\n<p class=\"ds-markdown-paragraph\"><strong>Robustes Design und vielseitige Montagem\u00f6glichkeiten<\/strong><br \/>\nDas Ger\u00e4t ist in einem robusten, schwarzen Kunststoffgeh\u00e4use gefertigt und ist sowohl PVC- als auch halogenfrei, ganz im Sinne der Umweltambitionen von Axis.<\/p>\n<p class=\"ds-markdown-paragraph\">Durch das kompakte Design (30 x 46 x 140,1 mm) und das geringe Gewicht (145 g) ist es unauff\u00e4llig und l\u00e4sst sich problemlos in jeden Raum integrieren.<\/p>\n<p class=\"ds-markdown-paragraph\">F\u00fcr eine flexible Installation kann es an der Wand montiert, auf einem Regal platziert oder mit dem separat erh\u00e4ltlichen Zubeh\u00f6r (AXIS T91A03 DIN-Schienenclip) an einer Standard-DIN-Schiene befestigt werden.<\/p>\n<p class=\"ds-markdown-paragraph\"><strong>Robuste Betriebsbedingungen und Zulassungen<\/strong><br \/>\nDie AXIS 30 W Midspan ist f\u00fcr einen zuverl\u00e4ssigen Betrieb innerhalb eines Temperaturbereichs von -20\u00b0C bis 40\u00b0C bei Volllast (30 W) und bis zu 55\u00b0C bei geringerer Leistung (15 W) ausgelegt.<\/p>\n<p class=\"ds-markdown-paragraph\">Es wurde strengen Tests unterzogen und erf\u00fcllt die relevanten Sicherheits- und EMV-Normen, einschlie\u00dflich UL, CE, FCC und RoHS, wodurch sowohl ein sicherer Betrieb als auch eine hohe Qualit\u00e4t gew\u00e4hrleistet werden.<\/p>\n<p class=\"ds-markdown-paragraph\"><strong>Zusammenfassung<\/strong><br \/>\nAXIS 30 W Midspan ist die perfekte Erg\u00e4nzung zu Ihrer Axis-Sicherheitsl\u00f6sung.<\/p>\n<p class=\"ds-markdown-paragraph\">Es beseitigt Installationsh\u00fcrden, indem es Ihnen die M\u00f6glichkeit gibt, energieintensive Ger\u00e4te dort mit Strom zu versorgen, wo Sie sie ben\u00f6tigen, ohne die Netzwerkleistung zu beeintr\u00e4chtigen.<\/p>\n<p class=\"ds-markdown-paragraph\">Ob Sie ein bestehendes System erweitern oder neue Ger\u00e4te installieren, diese Mittelspan-L\u00f6sung bietet eine zuverl\u00e4ssige, sichere und zukunftssichere Stromversorgungsl\u00f6sung.<\/p>\n<p class=\"ds-markdown-paragraph\"><strong>Wichtigste Spezifikationen:<\/strong><\/p>\n<ul>\n<li>\n<p class=\"ds-markdown-paragraph\"><strong>Typ:<\/strong>\u00a01-Port-PoE-Injektor (Midspan)<\/p>\n<\/li>\n<li>\n<p class=\"ds-markdown-paragraph\"><strong>PoE-Standard:<\/strong>\u00a0IEEE 802.3af (PoE) und IEEE 802.3at (PoE+)<\/p>\n<\/li>\n<li>\n<p class=\"ds-markdown-paragraph\"><strong>Maximale Ausgangsleistung:<\/strong>\u00a030 W<\/p>\n<\/li>\n<li>\n<p class=\"ds-markdown-paragraph\"><strong>Datenbewegung:<\/strong>\u00a010\/100\/1000 Mbit\/s<\/p>\n<\/li>\n<li>\n<p class=\"ds-markdown-paragraph\"><strong>Eingangsspannung:<\/strong>\u00a0100-240 V Wechselstrom<\/p>\n<\/li>\n<li>\n<p class=\"ds-markdown-paragraph\"><strong>Montage:<\/strong>\u00a0Wand, Regal, DIN-Schiene (Zubeh\u00f6r)<\/p>\n<\/li>\n<li>\n<p class=\"ds-markdown-paragraph\"><strong>Garantie:<\/strong>\u00a03 Jahre Garantie<\/p>\n<\/li>\n<\/ul>\n<div class=\"sc-bczRLJ fySwpa\">\n<div class=\"sc-bczRLJ kEeNDb\"><\/div>\n<\/div>","protected":false},"excerpt":{"rendered":"<p>Der AXIS 30 W Midspan ist ein kompakter und effizienter 1-Port-PoE-Injektor (Midspan), der \u00fcber ein einzelnes Ethernet-Kabel bis zu 30 W Leistung an ein Netzwerkger\u00e4t liefert.<\/p>\n<p>Es ist sowohl mit dem IEEE 802.3af (15 W) als auch mit dem IEEE 802.3at (30 W) Standard kompatibel und gew\u00e4hrleistet somit die Kompatibilit\u00e4t mit den meisten Axis Netzwerkprodukten mit integriertem PoE, wie z. B. Kameras und Radarger\u00e4ten.<\/p>","protected":false},"featured_media":160162,"template":"","meta":{"_acf_changed":false},"product_brand":[],"product_cat":[4951],"product_tag":[],"class_list":{"0":"post-160164","1":"product","2":"type-product","3":"status-publish","4":"has-post-thumbnail","6":"product_cat-axis-natverksuttag-poe","7":"pa_brands-axis","8":"tm-no-options","10":"first","11":"onbackorder","12":"sale","13":"taxable","14":"shipping-taxable","15":"purchasable","16":"product-type-simple"},"acf":[],"_links":{"self":[{"href":"https:\/\/secureus.se\/de\/wp-json\/wp\/v2\/product\/160164","targetHints":{"allow":["GET"]}}],"collection":[{"href":"https:\/\/secureus.se\/de\/wp-json\/wp\/v2\/product"}],"about":[{"href":"https:\/\/secureus.se\/de\/wp-json\/wp\/v2\/types\/product"}],"wp:featuredmedia":[{"embeddable":true,"href":"https:\/\/secureus.se\/de\/wp-json\/wp\/v2\/media\/160162"}],"wp:attachment":[{"href":"https:\/\/secureus.se\/de\/wp-json\/wp\/v2\/media?parent=160164"}],"wp:term":[{"taxonomy":"product_brand","embeddable":true,"href":"https:\/\/secureus.se\/de\/wp-json\/wp\/v2\/product_brand?post=160164"},{"taxonomy":"product_cat","embeddable":true,"href":"https:\/\/secureus.se\/de\/wp-json\/wp\/v2\/product_cat?post=160164"},{"taxonomy":"product_tag","embeddable":true,"href":"https:\/\/secureus.se\/de\/wp-json\/wp\/v2\/product_tag?post=160164"}],"curies":[{"name":"wp","href":"https:\/\/api.w.org\/{rel}","templated":true}]}}