{"id":160166,"date":"2025-11-21T11:12:30","date_gmt":"2025-11-21T10:12:30","guid":{"rendered":"https:\/\/secureus.se\/?post_type=product&#038;p=160166"},"modified":"2026-04-09T11:18:29","modified_gmt":"2026-04-09T09:18:29","slug":"axis-t8120-1-port-midspan-15w","status":"publish","type":"product","link":"https:\/\/secureus.se\/de\/axis-t8120-1-port-midspan-15w\/","title":{"rendered":"AXIS T8120 Midspan mit 1 Anschluss, 15 W"},"content":{"rendered":"<h1>AXIS T8120 Midspan mit 1 Anschluss, 15 W<\/h1>\n<p class=\"ds-markdown-paragraph\">Der AXIS T8120 Midspan 15 W 1-Port ist eine effiziente und kostensparende L\u00f6sung zur Stromversorgung eines einzelnen Netzwerkger\u00e4ts mit Power over Ethernet (PoE).<\/p>\n<p class=\"ds-markdown-paragraph\">Es eignet sich besonders gut f\u00fcr kleinere Installationen oder als Erg\u00e4nzung zu bestehenden Netzwerken, bei denen die Switches keine integrierte PoE-Funktionalit\u00e4t besitzen.<\/p>\n<p class=\"ds-markdown-paragraph\"><strong>Effiziente PoE-L\u00f6sung f\u00fcr vereinfachte Installation<\/strong><br \/>\nMit AXIS T8120 entf\u00e4llt die Notwendigkeit, separate Stromkabel zu Ihren Netzwerkger\u00e4ten zu verlegen.<\/p>\n<p class=\"ds-markdown-paragraph\">Durch die Kombination von Daten und Strom in einem einzigen Standard-Ethernetkabel (Kategorie 5 oder h\u00f6her) k\u00f6nnen Sie Kameras problemlos an optimalen Standorten platzieren, unabh\u00e4ngig von der N\u00e4he zu Steckdosen.<\/p>\n<p class=\"ds-markdown-paragraph\">Dies f\u00fchrt zu erheblichen Einsparungen bei Material und Installationsaufwand. Das Ger\u00e4t ist vollst\u00e4ndig Plug-and-Play-f\u00e4hig und somit sofort ohne Konfiguration einsatzbereit.<\/p>\n<p class=\"ds-markdown-paragraph\">Es erkennt automatisch das angeschlossene PoE-f\u00e4hige Ger\u00e4t und beginnt mit der Stromversorgung.<\/p>\n<p class=\"ds-markdown-paragraph\"><strong>Technische Leistungsf\u00e4higkeit und Kompatibilit\u00e4t<\/strong><br \/>\nDieser Midspan ist vollst\u00e4ndig kompatibel mit dem IEEE 802.3af-Standard (PoE) und liefert eine Ausgangsspannung von 48 V DC mit einer maximalen Leistung von 15,4 W pro Port \u2013 ausreichend f\u00fcr die meisten fest installierten IP-Kameras, Video-Encoder und \u00e4hnliche Ger\u00e4te.<\/p>\n<p class=\"ds-markdown-paragraph\">Es unterst\u00fctzt au\u00dferdem Gigabit-Ethernet (10\/100\/1000 Mbit\/s), sodass die Datenbandbreite f\u00fcr hochaufl\u00f6sende Videos nicht beeintr\u00e4chtigt wird.<\/p>\n<p class=\"ds-markdown-paragraph\">Um die Kompatibilit\u00e4t mit \u00e4lteren Ger\u00e4ten zu gew\u00e4hrleisten, verf\u00fcgt es zudem \u00fcber einen abw\u00e4rtskompatiblen Algorithmus. Der Kabelanschluss erfolgt \u00fcber eine geschirmte RJ-45-Buchse.<\/p>\n<p class=\"ds-markdown-paragraph\"><strong>Design und Nachhaltigkeit<\/strong><br \/>\nDie AXIS T8120 zeichnet sich durch ein sehr kompaktes Design mit Abmessungen von 33 x 53 x 81 mm und einem Gewicht von nur 450 Gramm aus.<\/p>\n<p class=\"ds-markdown-paragraph\">Dank seiner geringen Gr\u00f6\u00dfe und der vielf\u00e4ltigen Montagem\u00f6glichkeiten (Wand, Regal oder DIN-Schiene mit Zubeh\u00f6r) ist es \u00e4u\u00dferst vielseitig und l\u00e4sst sich problemlos in jeden Raum integrieren.<\/p>\n<p class=\"ds-markdown-paragraph\">Eine LED-Anzeige erm\u00f6glicht die einfache visuelle Best\u00e4tigung der Strom- und Datenversorgung. Das Ger\u00e4t ist f\u00fcr den Betrieb in einem Temperaturbereich von 0 \u00b0C bis 40 \u00b0C und einer relativen Luftfeuchtigkeit von 10\u201390 % (nicht kondensierend) ausgelegt.<\/p>\n<p class=\"ds-markdown-paragraph\"><strong>Sicherheit und Zulassungen<\/strong><br \/>\nDer AXIS T8120 wird nach hohen Qualit\u00e4ts- und Sicherheitsstandards gefertigt. Er verf\u00fcgt \u00fcber die entsprechenden Zulassungen, darunter FCC, CE, UL und T\u00dcV, und gew\u00e4hrleistet so einen sicheren und zuverl\u00e4ssigen Betrieb in gewerblichen Umgebungen.<\/p>\n<p class=\"ds-markdown-paragraph\"><strong>Zusammenfassung<\/strong><br \/>\nDer AXIS T8120 1-Port Midspan ist die perfekte L\u00f6sung f\u00fcr die schnelle, einfache und kosteng\u00fcnstige Stromversorgung eines einzelnen PoE-Ger\u00e4ts.<\/p>\n<p class=\"ds-markdown-paragraph\">Seine Zuverl\u00e4ssigkeit, die einfache Installation und die kompakte Bauform machen ihn zu einer ausgezeichneten Wahl f\u00fcr die Erweiterung Ihres Netzwerks, ohne dass Sie in einen neuen Switch investieren m\u00fcssen.<\/p>\n<p class=\"ds-markdown-paragraph\">Egal ob Sie eine neue Kamera installieren oder eine vorhandene versetzen, diese Mittelspannweite bietet Ihnen die n\u00f6tige Flexibilit\u00e4t.<\/p>\n<p class=\"ds-markdown-paragraph\"><strong>Wichtigste Spezifikationen:<\/strong><\/p>\n<ul>\n<li>\n<p class=\"ds-markdown-paragraph\"><strong>Typ:<\/strong>\u00a01-Port-PoE-Injektor (Midspan)<\/p>\n<\/li>\n<li>\n<p class=\"ds-markdown-paragraph\"><strong>PoE-Standard:<\/strong>\u00a0IEEE 802.3af (PoE)<\/p>\n<\/li>\n<li>\n<p class=\"ds-markdown-paragraph\"><strong>Maximale Ausgangsleistung:<\/strong>\u00a015,4 W pro Port<\/p>\n<\/li>\n<li>\n<p class=\"ds-markdown-paragraph\"><strong>Datenbewegung:<\/strong>\u00a010\/100\/1000 Mbit\/s (Gigabit)<\/p>\n<\/li>\n<li>\n<p class=\"ds-markdown-paragraph\"><strong>Eingangsspannung:<\/strong>\u00a0100-240 V Wechselstrom<\/p>\n<\/li>\n<li>\n<p class=\"ds-markdown-paragraph\"><strong>Montage:<\/strong>\u00a0Wand, Regal, DIN-Schiene (Zubeh\u00f6r)<\/p>\n<\/li>\n<li>\n<p class=\"ds-markdown-paragraph\"><strong>Betriebstemperatur:<\/strong>\u00a00 \u00b0C bis 40 \u00b0C<\/p>\n<\/li>\n<\/ul>\n<div class=\"sc-bczRLJ fySwpa\">\n<div class=\"sc-bczRLJ kEeNDb\"><\/div>\n<\/div>","protected":false},"excerpt":{"rendered":"<p>Der AXIS T8120 Midspan 15 W ist ein kompakter und zuverl\u00e4ssiger PoE-Injektor mit 1 Anschluss, der \u00fcber ein einziges Ethernet-Kabel Strom und Daten an ein Netzwerkger\u00e4t liefert.<\/p>\n<p>Er entspricht dem IEEE 802.3af-Standard und kann bis zu 15,4 W liefern, was ihn ideal f\u00fcr die meisten einfachen Axis Netzwerk-Kameras und andere PoE-kompatible Ger\u00e4te macht.<\/p>","protected":false},"featured_media":160165,"template":"","meta":{"_acf_changed":false},"product_brand":[],"product_cat":[4951],"product_tag":[],"class_list":{"0":"post-160166","1":"product","2":"type-product","3":"status-publish","4":"has-post-thumbnail","6":"product_cat-axis-natverksuttag-poe","7":"pa_brands-axis","8":"tm-no-options","10":"first","11":"onbackorder","12":"sale","13":"taxable","14":"shipping-taxable","15":"purchasable","16":"product-type-simple"},"acf":[],"_links":{"self":[{"href":"https:\/\/secureus.se\/de\/wp-json\/wp\/v2\/product\/160166","targetHints":{"allow":["GET"]}}],"collection":[{"href":"https:\/\/secureus.se\/de\/wp-json\/wp\/v2\/product"}],"about":[{"href":"https:\/\/secureus.se\/de\/wp-json\/wp\/v2\/types\/product"}],"wp:featuredmedia":[{"embeddable":true,"href":"https:\/\/secureus.se\/de\/wp-json\/wp\/v2\/media\/160165"}],"wp:attachment":[{"href":"https:\/\/secureus.se\/de\/wp-json\/wp\/v2\/media?parent=160166"}],"wp:term":[{"taxonomy":"product_brand","embeddable":true,"href":"https:\/\/secureus.se\/de\/wp-json\/wp\/v2\/product_brand?post=160166"},{"taxonomy":"product_cat","embeddable":true,"href":"https:\/\/secureus.se\/de\/wp-json\/wp\/v2\/product_cat?post=160166"},{"taxonomy":"product_tag","embeddable":true,"href":"https:\/\/secureus.se\/de\/wp-json\/wp\/v2\/product_tag?post=160166"}],"curies":[{"name":"wp","href":"https:\/\/api.w.org\/{rel}","templated":true}]}}