{"id":160168,"date":"2025-11-21T11:12:31","date_gmt":"2025-11-21T10:12:31","guid":{"rendered":"https:\/\/secureus.se\/?post_type=product&#038;p=160168"},"modified":"2026-04-23T12:59:19","modified_gmt":"2026-04-23T10:59:19","slug":"axis-t8134-midspan-for-hogeffektsenheter-60w-100-240v-ac","status":"publish","type":"product","link":"https:\/\/secureus.se\/de\/axis-t8134-midspan-for-hogeffektsenheter-60w-100-240v-ac\/","title":{"rendered":"AXIS T8134 Mittelspannbr\u00fccke f\u00fcr Hochleistungsger\u00e4te, 60 W, 100\u2013240 V AC"},"content":{"rendered":"<h1>AXIS T8134 Mittelstrebe f\u00fcr Hochleistungsger\u00e4te<\/h1>\n<p class=\"ds-markdown-paragraph\">Der AXIS T8134 60 W Midspan ist ein spezialisierter Power over Ethernet (Midspan)-Injektor, der den Bedarf an hoher Leistung in netzwerkbasierten Sicherheitssystemen deckt.<\/p>\n<p class=\"ds-markdown-paragraph\">Es ist f\u00fcr anspruchsvolle Ger\u00e4te gedacht, die mehr Strom verbrauchen, als der herk\u00f6mmliche PoE-Standard zul\u00e4sst, und bietet eine robuste und zuverl\u00e4ssige Stromversorgungsl\u00f6sung.<\/p>\n<p class=\"ds-markdown-paragraph\"><strong>Hohe PoE-Effizienz f\u00fcr Ger\u00e4te mit extrem hoher Leistung<\/strong><br \/>\nDer AXIS T8134 unterscheidet sich von Standard-PoE-Injektoren durch seine F\u00e4higkeit, bis zu 60 W Leistung zu liefern.<\/p>\n<p class=\"ds-markdown-paragraph\">Diese \u201eHigh PoE\u201c-F\u00e4higkeit ist absolut notwendig, um einige der fortschrittlichsten Ger\u00e4te von Axis unter allen Bedingungen mit Strom zu versorgen.<\/p>\n<p class=\"ds-markdown-paragraph\">Ein Paradebeispiel ist die Netzwerkkamera AXIS Q60-e, die diese zus\u00e4tzliche Leistung ben\u00f6tigt, um auch bei extremen K\u00e4ltebedingungen unter -20 \u00b0C zuverl\u00e4ssig zu funktionieren. Sie eignet sich auch zur Stromversorgung von PTZ-Dome-Kameras mit umfangreichen Heizspulen, mehreren Sensoren und fortschrittlichen Schwenk-, Neige- und Zoommotoren.<\/p>\n<p class=\"ds-markdown-paragraph\"><strong>Vereinfachte Installation und hohe Leistung<\/strong><br \/>\nWie bei Standard-PoE entf\u00e4llt beim T8134 die Notwendigkeit einer separaten elektrischen Verkabelung, wodurch Zeit und Installationskosten gespart werden.<\/p>\n<p class=\"ds-markdown-paragraph\">Mit einem einzigen Ethernet-Kabel (Kategorie 5e oder h\u00f6her) werden sowohl Daten als auch Strom an das angeschlossene Ger\u00e4t geliefert, ohne die Netzwerkleistung zu beeintr\u00e4chtigen.<\/p>\n<p class=\"ds-markdown-paragraph\">Es unterst\u00fctzt Gigabit-Ethernet (10\/100\/1000 Mbit\/s) und funktioniert nach dem Plug-and-Play-Prinzip \u2013 es erkennt das Ger\u00e4t automatisch und liefert ohne Konfiguration die ben\u00f6tigte Leistung.<\/p>\n<p class=\"ds-markdown-paragraph\"><strong>Robustes Design und vielseitige Montagem\u00f6glichkeiten<\/strong><br \/>\nDas Ger\u00e4t ist f\u00fcr den professionellen Einsatz konzipiert und zeichnet sich durch ein kompaktes und robustes Design aus.<\/p>\n<p class=\"ds-markdown-paragraph\">Es kann an der Wand montiert, auf einem Regal aufbewahrt oder mit dem separat erh\u00e4ltlichen Zubeh\u00f6rteil AXIS Midspan DIN Clip A an einer Standard-DIN-Schiene befestigt werden.<\/p>\n<p class=\"ds-markdown-paragraph\">Mit einer Eingangsspannung von 100\u2013240 V Wechselstrom ist es weltweit einsetzbar. Eine LED-Anzeige liefert sofortiges visuelles Feedback zum Strom- und Datenstatus.<\/p>\n<p class=\"ds-markdown-paragraph\"><strong>Zuverl\u00e4ssigkeit unter verschiedenen Bedingungen<\/strong><br \/>\nAXIS T8134 ist f\u00fcr den zuverl\u00e4ssigen Betrieb in einer Vielzahl von Umgebungen ausgelegt.<\/p>\n<p class=\"ds-markdown-paragraph\">Es hat einen Betriebstemperaturbereich von -10\u00b0C bis 45\u00b0C bei Volllast (60W) und vertr\u00e4gt Temperaturen bis zu 55\u00b0C bei einer geringeren Last von 30W.<\/p>\n<p class=\"ds-markdown-paragraph\">Es ist PVC-frei und erf\u00fcllt eine Reihe internationaler Sicherheits- und EMV-Normen wie CE, UL und RoHS, wodurch sowohl ein sicherer Betrieb als auch eine Ber\u00fccksichtigung der Umwelt gew\u00e4hrleistet werden.<\/p>\n<p class=\"ds-markdown-paragraph\"><strong>Zusammenfassung<\/strong><br \/>\nDas AXIS T8134 60 W Midspan ist die ultimative Stromversorgungsl\u00f6sung, wenn Sie mehr Leistung ben\u00f6tigen.<\/p>\n<p class=\"ds-markdown-paragraph\">Ob Sie Kameras in arktischen Klimazonen, leistungsstarke PTZ-Ger\u00e4te oder andere netzwerkf\u00e4hige Produkte mit hohem Stromverbrauch betreiben \u2013 diese Mittelschiene erm\u00f6glicht es Ihnen, Ihre Ger\u00e4te genau dort zu platzieren, wo sie ben\u00f6tigt werden, unabh\u00e4ngig vom Stromnetz. Sie ist eine zuverl\u00e4ssige, sichere und einfache L\u00f6sung f\u00fcr zukunftssichere Installationen.<\/p>\n<p class=\"ds-markdown-paragraph\"><strong>Wichtigste Spezifikationen:<\/strong><\/p>\n<ul>\n<li>\n<p class=\"ds-markdown-paragraph\"><strong>Typ:<\/strong>\u00a01-Port High PoE Injector (Midspan)<\/p>\n<\/li>\n<li>\n<p class=\"ds-markdown-paragraph\"><strong>Maximale Ausgangsleistung:<\/strong>\u00a060 W<\/p>\n<\/li>\n<li>\n<p class=\"ds-markdown-paragraph\"><strong>Kompatibilit\u00e4t:<\/strong>\u00a0IEEE 802.3at (PoE+) und IEEE 802.3af (PoE)<\/p>\n<\/li>\n<li>\n<p class=\"ds-markdown-paragraph\"><strong>Datenbewegung:<\/strong>\u00a010\/100\/1000 Mbit\/s (Gigabit)<\/p>\n<\/li>\n<li>\n<p class=\"ds-markdown-paragraph\"><strong>Eingangsspannung:<\/strong>\u00a0100-240 V Wechselstrom<\/p>\n<\/li>\n<li>\n<p class=\"ds-markdown-paragraph\"><strong>Montage:<\/strong>\u00a0Wand, Regal, DIN-Schiene (Zubeh\u00f6r)<\/p>\n<\/li>\n<li>\n<p class=\"ds-markdown-paragraph\"><strong>Garantie:<\/strong>\u00a03 Jahre Garantie<\/p>\n<\/li>\n<\/ul>\n<div class=\"sc-bczRLJ fySwpa\">\n<div class=\"sc-bczRLJ kEeNDb\"><\/div>\n<\/div>","protected":false},"excerpt":{"rendered":"<p>Der AXIS T8134 60 W Midspan ist ein 1-Port High PoE Injector, der f\u00fcr die Stromversorgung leistungsstarker Netzwerkger\u00e4te entwickelt wurde, die mehr Leistung ben\u00f6tigen, als Standard-PoE liefern kann.<\/p>\n<p>Es liefert bis zu 60 W, was doppelt so viel ist wie IEEE 802.3at (PoE+), wodurch es sich ideal f\u00fcr beispielsweise AXIS Q60-e Netzwerkkameras eignet, die bei Temperaturen unter -20 \u00b0C arbeiten, oder f\u00fcr fortschrittliche PTZ-Dome-Kameras.<\/p>","protected":false},"featured_media":160167,"template":"","meta":{"_acf_changed":false},"product_brand":[],"product_cat":[4951],"product_tag":[],"class_list":{"0":"post-160168","1":"product","2":"type-product","3":"status-publish","4":"has-post-thumbnail","6":"product_cat-axis-natverksuttag-poe","7":"pa_brands-axis","8":"tm-no-options","10":"first","11":"onbackorder","12":"sale","13":"taxable","14":"shipping-taxable","15":"purchasable","16":"product-type-simple"},"acf":[],"_links":{"self":[{"href":"https:\/\/secureus.se\/de\/wp-json\/wp\/v2\/product\/160168","targetHints":{"allow":["GET"]}}],"collection":[{"href":"https:\/\/secureus.se\/de\/wp-json\/wp\/v2\/product"}],"about":[{"href":"https:\/\/secureus.se\/de\/wp-json\/wp\/v2\/types\/product"}],"wp:featuredmedia":[{"embeddable":true,"href":"https:\/\/secureus.se\/de\/wp-json\/wp\/v2\/media\/160167"}],"wp:attachment":[{"href":"https:\/\/secureus.se\/de\/wp-json\/wp\/v2\/media?parent=160168"}],"wp:term":[{"taxonomy":"product_brand","embeddable":true,"href":"https:\/\/secureus.se\/de\/wp-json\/wp\/v2\/product_brand?post=160168"},{"taxonomy":"product_cat","embeddable":true,"href":"https:\/\/secureus.se\/de\/wp-json\/wp\/v2\/product_cat?post=160168"},{"taxonomy":"product_tag","embeddable":true,"href":"https:\/\/secureus.se\/de\/wp-json\/wp\/v2\/product_tag?post=160168"}],"curies":[{"name":"wp","href":"https:\/\/api.w.org\/{rel}","templated":true}]}}