{"id":160172,"date":"2025-11-21T11:12:31","date_gmt":"2025-11-21T10:12:31","guid":{"rendered":"https:\/\/secureus.se\/?post_type=product&#038;p=160172"},"modified":"2026-04-09T11:18:26","modified_gmt":"2026-04-09T09:18:26","slug":"axis-m5526-e-50-hz-4mp-ptz-dome-kamera-inomhus-och-utomhus-10x-zoom-och-focus-recall","status":"publish","type":"product","link":"https:\/\/secureus.se\/de\/axis-m5526-e-50-hz-4mp-ptz-dome-kamera-inomhus-och-utomhus-10x-zoom-och-focus-recall\/","title":{"rendered":"AXIS M5526-E 50 Hz 4MP PTZ-Dome-Kamera, f\u00fcr Innen- und Au\u00dfenbereich, 10-facher Zoom und Fokusspeicher"},"content":{"rendered":"<h1>AXIS M5526-E 50 Hz 4MP PTZ-Dome-Kamera, f\u00fcr Innen- und Au\u00dfenbereich, 10-facher Zoom und Fokusspeicher<\/h1>\n<p class=\"ds-markdown-paragraph\">Die AXIS M5526-E PTZ-Kamera ist eine vielseitige und intelligente Dome-Kamera, die fortschrittliche PTZ-Funktionalit\u00e4t mit KI-basierter Analytik zu einem erschwinglichen Preis kombiniert.<\/p>\n<p class=\"ds-markdown-paragraph\">Es wurde sowohl f\u00fcr den Innen- als auch f\u00fcr den Au\u00dfenbereich konzipiert und bietet eine au\u00dfergew\u00f6hnliche Bildqualit\u00e4t sowie intelligente Funktionen f\u00fcr ein breites Spektrum an \u00dcberwachungsanforderungen.<\/p>\n<p class=\"ds-markdown-paragraph\"><strong>Hervorragende Bildqualit\u00e4t und PTX-Leistung<\/strong><br \/>\nDer 4-Megapixel-Sensor der Kamera und der 10-fache optische Zoom (insgesamt 120-fach mit digitalem Zoom) erm\u00f6glichen es Ihnen, klare und detailreiche Bilder aufzunehmen, egal ob Sie einen \u00dcberblick ben\u00f6tigen oder ein bestimmtes Ereignis heranzoomen m\u00fcssen.<\/p>\n<p class=\"ds-markdown-paragraph\">Es bietet kontinuierliches 360\u00b0-Schwenen und einen schnellen, zuverl\u00e4ssigen Autofokus (inklusive Fokusspeicherfunktion), der jederzeit f\u00fcr scharfe Bilder sorgt. F\u00fcr schwierige Lichtverh\u00e4ltnisse ist es mit Forensic WDR (bis zu 120 dB) und der Lightfinder 2.0-Technologie ausgestattet und liefert so auch bei starkem Gegenlicht oder in nahezu v\u00f6lliger Dunkelheit klare Farbbilder.<\/p>\n<p class=\"ds-markdown-paragraph\"><strong>KI-basierte Analysen f\u00fcr proaktive Sicherheit<\/strong><br \/>\nDie M5526-E basiert auf dem leistungsstarken ARTPEC-8-Chipsatz und verf\u00fcgt \u00fcber eine Deep Learning Processing Unit (DLPU) f\u00fcr fortgeschrittene Analysen direkt in der Kamera (am Rand).<\/p>\n<p class=\"ds-markdown-paragraph\">Der vorinstallierte Analyst\u00a0<strong>AXIS Objektanalyse<\/strong>\u00a0Kann Objekte wie Personen und verschiedene Fahrzeugtypen (Autos, Busse, Lastwagen, Motorr\u00e4der) nicht nur erkennen, sondern auch klassifizieren.<\/p>\n<p class=\"ds-markdown-paragraph\">Es unterst\u00fctzt Szenarien wie Linien\u00fcberschreitung, Bereichseintritt und Bewegungsanalyse und erm\u00f6glicht so proaktive Alarme und intelligente Suchvorg\u00e4nge in aufgezeichnetem Videomaterial.<\/p>\n<p class=\"ds-markdown-paragraph\"><strong>Robuste Konstruktion und f\u00fchrende Cybersicherheit<\/strong><br \/>\nMit den Schutzklassen IP66 und IK09 ist die Kamera witterungsbest\u00e4ndig und widerstandsf\u00e4hig gegen physische Belastungen. Dadurch eignet sie sich f\u00fcr die Installation in Eing\u00e4ngen, auf Parkpl\u00e4tzen, in Gesch\u00e4ften und Lagerhallen.<\/p>\n<p class=\"ds-markdown-paragraph\">Als zus\u00e4tzliche Sicherheitsebene umfasst es die hardwarebasierte Plattform.\u00a0<strong>Axis Edge Vault<\/strong>, wodurch die Identit\u00e4t und Integrit\u00e4t des Ger\u00e4ts durch Funktionen wie Secure Boot und signiertes Video gesch\u00fctzt werden, Manipulationen verhindert und die Authentizit\u00e4t der Beweismittel sichergestellt wird.<\/p>\n<p class=\"ds-markdown-paragraph\"><strong>Softwareplattform und Integration<\/strong><br \/>\nDie Kamera ist ein vollwertiges Netzwerkger\u00e4t mit Unterst\u00fctzung f\u00fcr mehrere Videostreams in H.264 und H.265, einschlie\u00dflich Axis Zipstream zur Reduzierung des Bandbreiten- und Speicherbedarfs.<\/p>\n<p class=\"ds-markdown-paragraph\">Es l\u00e4sst sich problemlos \u00fcber ONVIF-Profile (G, M, S, T) und Axis-eigene Plattformen wie AXIS Camera Station in f\u00fchrende VMS-Systeme integrieren. Integrierte Audio- und I\/O-Anschl\u00fcsse erm\u00f6glichen den Anschluss externer Ger\u00e4te wie Mikrofone, Lautsprecher und Sensoren.<\/p>\n<p class=\"ds-markdown-paragraph\"><strong>Zusammenfassung<\/strong><br \/>\nDie AXIS M5526-E PTZ-Kamera ist eine ausgezeichnete Wahl f\u00fcr alle, die eine kosteng\u00fcnstige, intelligente und vielseitige Kamera suchen, die sowohl im Innen- als auch im Au\u00dfenbereich funktioniert.<\/p>\n<p class=\"ds-markdown-paragraph\">Die Kombination aus hoher Bildqualit\u00e4t, reibungsloser PTX-Mobilit\u00e4t, leistungsstarker KI-Analyse und robuster Cybersicherheit macht es zu einer vertrauensw\u00fcrdigen Wahl f\u00fcr den Schutz Ihrer Assets und die Verbesserung des Lagebewusstseins.<\/p>\n<p class=\"ds-markdown-paragraph\"><strong>Wichtigste Spezifikationen:<\/strong><\/p>\n<ul>\n<li>\n<p class=\"ds-markdown-paragraph\"><strong>Sensor:<\/strong>\u00a01\/3\u2033 RGB-CMOS-Sensor, 4 MP<\/p>\n<\/li>\n<li>\n<p class=\"ds-markdown-paragraph\"><strong>Objektiv:<\/strong>\u00a04,7\u201347 mm, F1,6\u20133,0, 10-facher optischer Zoom<\/p>\n<\/li>\n<li>\n<p class=\"ds-markdown-paragraph\"><strong>PTX:<\/strong>\u00a0360\u00b0 kontinuierliches Schwenken, 90\u00b0 Neigung<\/p>\n<\/li>\n<li>\n<p class=\"ds-markdown-paragraph\"><strong>Bildtechnologie:<\/strong>\u00a0Forensic WDR, Lightfinder 2.0<\/p>\n<\/li>\n<li>\n<p class=\"ds-markdown-paragraph\"><strong>Analyse:<\/strong>\u00a0AXIS Objektanalyse (Personen, Fahrzeuge) \u00fcber DLPU<\/p>\n<\/li>\n<li>\n<p class=\"ds-markdown-paragraph\"><strong>Cybersicherheit:<\/strong>\u00a0Axis Edge Vault<\/p>\n<\/li>\n<li>\n<p class=\"ds-markdown-paragraph\"><strong>Schutzklasse:<\/strong>\u00a0IP66, IK09<\/p>\n<\/li>\n<li>\n<p class=\"ds-markdown-paragraph\"><strong>Stromversorgung:<\/strong>\u00a0PoE (IEEE 802.3af\/at) oder 24 V DC<\/p>\n<\/li>\n<li>\n<p class=\"ds-markdown-paragraph\"><strong>Garantie:<\/strong>\u00a05 Jahre Garantie<\/p>\n<\/li>\n<\/ul>\n<div class=\"sc-bczRLJ fySwpa\">\n<div class=\"sc-bczRLJ kEeNDb\"><\/div>\n<\/div>","protected":false},"excerpt":{"rendered":"<p class=\"ds-markdown-paragraph\">Die AXIS M5526-E ist eine kompakte und preisg\u00fcnstige PTZ-Dome-Kamera f\u00fcr den Innen- und Au\u00dfenbereich.<\/p>\n<p class=\"ds-markdown-paragraph\">Sie liefert eine scharfe Bildqualit\u00e4t mit 4 MP und verf\u00fcgt \u00fcber einen leistungsstarken 10-fachen optischen Zoom, der detailreiche Nahaufnahmen aus der Ferne erm\u00f6glicht.<\/p>\n<p class=\"ds-markdown-paragraph\">Die Kamera bietet kontinuierliches 360\u00b0-Schwenen und einen schnellen Autofokus, der in jeder Position f\u00fcr scharfe Bilder sorgt.<\/p>","protected":false},"featured_media":160169,"template":"","meta":{"_acf_changed":false},"product_brand":[],"product_cat":[4950],"product_tag":[],"class_list":{"0":"post-160172","1":"product","2":"type-product","3":"status-publish","4":"has-post-thumbnail","6":"product_cat-axis-domekameror","7":"pa_brands-axis","8":"pa_farg-vit","9":"tm-no-options","11":"first","12":"instock","13":"sale","14":"taxable","15":"shipping-taxable","16":"purchasable","17":"product-type-simple"},"acf":[],"_links":{"self":[{"href":"https:\/\/secureus.se\/de\/wp-json\/wp\/v2\/product\/160172","targetHints":{"allow":["GET"]}}],"collection":[{"href":"https:\/\/secureus.se\/de\/wp-json\/wp\/v2\/product"}],"about":[{"href":"https:\/\/secureus.se\/de\/wp-json\/wp\/v2\/types\/product"}],"wp:featuredmedia":[{"embeddable":true,"href":"https:\/\/secureus.se\/de\/wp-json\/wp\/v2\/media\/160169"}],"wp:attachment":[{"href":"https:\/\/secureus.se\/de\/wp-json\/wp\/v2\/media?parent=160172"}],"wp:term":[{"taxonomy":"product_brand","embeddable":true,"href":"https:\/\/secureus.se\/de\/wp-json\/wp\/v2\/product_brand?post=160172"},{"taxonomy":"product_cat","embeddable":true,"href":"https:\/\/secureus.se\/de\/wp-json\/wp\/v2\/product_cat?post=160172"},{"taxonomy":"product_tag","embeddable":true,"href":"https:\/\/secureus.se\/de\/wp-json\/wp\/v2\/product_tag?post=160172"}],"curies":[{"name":"wp","href":"https:\/\/api.w.org\/{rel}","templated":true}]}}