{"id":160176,"date":"2025-11-21T11:12:31","date_gmt":"2025-11-21T10:12:31","guid":{"rendered":"https:\/\/secureus.se\/?post_type=product&#038;p=160176"},"modified":"2026-04-23T12:59:27","modified_gmt":"2026-04-23T10:59:27","slug":"axis-q6075-e-60-hz-nm-dome-ptz-ip-kamera-hdtv-1080p-50-hz","status":"publish","type":"product","link":"https:\/\/secureus.se\/de\/axis-q6075-e-60-hz-nm-dome-ptz-ip-kamera-hdtv-1080p-50-hz\/","title":{"rendered":"AXIS Q6075-E 60 Hz NM Dome PTZ IP-Kamera, HDTV 1080p, 50 Hz"},"content":{"rendered":"<h1>AXIS Q6075-E 60 Hz NM Dome PTZ IP-Kamera, HDTV 1080p, 50 Hz<\/h1>\n<p class=\"ds-markdown-paragraph\">Die AXIS Q6075-E PTZ-Netzwerkkamera ist eine robuste und leistungsstarke Au\u00dfenkamera, die f\u00fcr die Anforderungen umfangreicher \u00dcberwachungsszenarien entwickelt wurde.<\/p>\n<p class=\"ds-markdown-paragraph\">Mit seinem beeindruckenden 40-fachen optischen Zoom und der HDTV-Aufl\u00f6sung von 1080p bietet es sowohl einen umfassenden \u00dcberblick als auch die M\u00f6glichkeit, wichtige Details aus der Ferne zu erkennen. Dadurch eignet es sich ideal zum Schutz gro\u00dfer Bereiche wie Industriegebiete, Parkpl\u00e4tze, Hafengebiete und \u00f6ffentliche Pl\u00e4tze.<\/p>\n<p class=\"ds-markdown-paragraph\"><strong>Fortschrittliche PTZ-Leistung und intelligentes Tracking<\/strong><br \/>\nDie physikalische Leistungsf\u00e4higkeit der Kamera ist hervorragend und erm\u00f6glicht schnelles und reibungsloses Schwenken um 360\u00b0 und Neigen um 220\u00b0 bei einstellbaren Zoomgeschwindigkeiten.<\/p>\n<p class=\"ds-markdown-paragraph\">Das auff\u00e4lligste Merkmal ist\u00a0<strong>Automatisches Tracking 2<\/strong>Dazu geh\u00f6rt auch die Funktion \u201eKlicken und Verfolgen\u201c. Damit kann der Bediener einfach auf ein Objekt in der Live-Ansicht klicken, woraufhin die Kamera automatisch mit der Verfolgung seiner Bewegung beginnt.<\/p>\n<p class=\"ds-markdown-paragraph\">Eine \u201eOrientierungshilfe\u201c bietet eine visuelle Referenz, um die Kamerarichtung in Echtzeit schnell zu erfassen.<\/p>\n<p class=\"ds-markdown-paragraph\"><strong>Hervorragende Bildqualit\u00e4t unter allen Lichtverh\u00e4ltnissen<\/strong><br \/>\nDie AXIS Q6075-E ist ausgestattet mit\u00a0<strong>Axis Lightfinder 2.0<\/strong>Technologie, die daf\u00fcr sorgt, dass die Kamera auch bei sehr schwachen Lichtverh\u00e4ltnissen farbenfrohe, scharfe und brauchbare Bilder liefert.<\/p>\n<p class=\"ds-markdown-paragraph\">Dank des gro\u00dfen Dynamikumfangs (WDR) von bis zu 120 dB bew\u00e4ltigt sie auch kontrastreiche Szenen. Die Bildstabilisierung (EIS) gleicht Vibrationen und Wind aus und sorgt so f\u00fcr stabile Videoclips.<\/p>\n<p class=\"ds-markdown-paragraph\"><strong>Integrierte Analysefunktionen und hochmoderne Cybersicherheit<\/strong><br \/>\nDie Kamera wird von einem ARTPEC-7-Chipsatz mit einer Machine Learning Processing Unit (MLPU) f\u00fcr intelligente Analysen am Netzwerkrand angetrieben.<\/p>\n<p class=\"ds-markdown-paragraph\">Die vorinstallierte\u00a0<strong>AXIS Objektanalyse<\/strong>\u00a0kann Personen und Fahrzeuge erkennen und in Szenarien wie Linien\u00fcberschreitung und Betreten von Sperrzonen eingesetzt werden.<\/p>\n<p class=\"ds-markdown-paragraph\">Zum Schutz der Systemintegrit\u00e4t verf\u00fcgt die Kamera \u00fcber eine hardwarebasierte Sicherheitsplattform.\u00a0<strong>Axis Edge Vault<\/strong>\u00a0mit einem TPM 2.0-Modul, das\u00a0<strong>FIPS 140-2 Level 2 zertifiziert<\/strong>.<\/p>\n<p class=\"ds-markdown-paragraph\">Dies gew\u00e4hrleistet einen sicheren Systemstart, signierte Firmware und sch\u00fctzt die Identit\u00e4t und die Daten der Kamera.<\/p>\n<p class=\"ds-markdown-paragraph\"><strong>Robuste Konstruktion f\u00fcr extreme Au\u00dfenumgebungen<\/strong><br \/>\nMit einem Geh\u00e4use nach IP66\/IP67, NEMA 4X und IK10 ist diese Kamera so konstruiert, dass sie auch unter extremen Wetterbedingungen wie Regen, Staub und physischer Beanspruchung zuverl\u00e4ssig funktioniert.<\/p>\n<p class=\"ds-markdown-paragraph\">Es ist au\u00dferdem f\u00fcr arktische Klimazonen ausgelegt und verf\u00fcgt \u00fcber eine arktische Temperaturregelung, die einen Start bis zu -40\u00b0C erm\u00f6glicht.<\/p>\n<p class=\"ds-markdown-paragraph\">Es wird mit einem dedizierten\u00a0<strong>Axis High PoE 60 W SFP Midspan<\/strong>\u00a0um eine zuverl\u00e4ssige Stromversorgung \u00fcber gro\u00dfe Entfernungen zu gew\u00e4hrleisten.<\/p>\n<p class=\"ds-markdown-paragraph\"><strong>Zusammenfassung<\/strong><br \/>\nDie AXIS Q6075-E ist die Premium-Wahl f\u00fcr professionelle Au\u00dfen\u00fcberwachungsanforderungen, bei denen gro\u00dfe Reichweite, intelligente Verfolgung und absolute Zuverl\u00e4ssigkeit unerl\u00e4sslich sind.<\/p>\n<p class=\"ds-markdown-paragraph\">Die Kombination aus optischer Leistung, fortschrittlicher Bildverarbeitung, proaktiver Analyse und un\u00fcbertroffener Langlebigkeit macht es zu einem Eckpfeiler moderner Sicherheitssysteme.<\/p>\n<p class=\"ds-markdown-paragraph\"><strong>Wichtigste Spezifikationen:<\/strong><\/p>\n<ul>\n<li>\n<p class=\"ds-markdown-paragraph\"><strong>Sensor:<\/strong>\u00a01\/2,8\u2033 Progressive Scan CMOS<\/p>\n<\/li>\n<li>\n<p class=\"ds-markdown-paragraph\"><strong>Objektiv:<\/strong>\u00a04,25\u2013170 mm, Lichtst\u00e4rke F1,6\u20134,95, 40-facher optischer Zoom<\/p>\n<\/li>\n<li>\n<p class=\"ds-markdown-paragraph\"><strong>PTZ:<\/strong>\u00a0360\u00b0-Schwenk, 220\u00b0-Neigung, Autotracking 2<\/p>\n<\/li>\n<li>\n<p class=\"ds-markdown-paragraph\"><strong>Bildtechnologie:<\/strong>\u00a0Lightfinder 2.0, WDR (bis zu 120 dB)<\/p>\n<\/li>\n<li>\n<p class=\"ds-markdown-paragraph\"><strong>Analyse:<\/strong>\u00a0AXIS Objektanalyse (Personen, Fahrzeuge)<\/p>\n<\/li>\n<li>\n<p class=\"ds-markdown-paragraph\"><strong>Cybersicherheit:<\/strong>\u00a0Axis Edge Vault, TPM (FIPS 140-2 Level 2)<\/p>\n<\/li>\n<li>\n<p class=\"ds-markdown-paragraph\"><strong>Schutzklasse:<\/strong>\u00a0IP66\/IP67, IK10, NEMA 4X<\/p>\n<\/li>\n<li>\n<p class=\"ds-markdown-paragraph\"><strong>Stromversorgung:<\/strong>\u00a0Beinhaltet 60W High PoE Midspan<\/p>\n<\/li>\n<li>\n<p class=\"ds-markdown-paragraph\"><strong>Garantie:<\/strong>\u00a05 Jahre Garantie<\/p>\n<\/li>\n<\/ul>\n<div class=\"sc-bczRLJ fySwpa\">\n<div class=\"sc-bczRLJ kEeNDb\"><\/div>\n<\/div>","protected":false},"excerpt":{"rendered":"<p>Die AXIS Q6075-E ist eine leistungsstarke PTZ-Kamera f\u00fcr anspruchsvolle Au\u00dfenumgebungen.<\/p>\n<p>Es bietet scharfe Bilder in HDTV 1080p und einen au\u00dfergew\u00f6hnlichen 40-fachen optischen Zoom, mit dem Sie detaillierte Nahaufnahmen aus der Ferne aufnehmen k\u00f6nnen.<\/p>\n<p>Die Kamera ist mit der fortschrittlichen Autotracking 2-Funktion mit \u201eClick and Track\u201c ausgestattet, die sich bewegende Objekte automatisch verfolgt, um sicherzustellen, dass keine wichtigen Ereignisse verpasst werden.<\/p>","protected":false},"featured_media":160173,"template":"","meta":{"_acf_changed":false},"product_brand":[],"product_cat":[4948,4952],"product_tag":[],"class_list":{"0":"post-160176","1":"product","2":"type-product","3":"status-publish","4":"has-post-thumbnail","6":"product_cat-axis-kamerasystem","7":"product_cat-axis-ptz-kamera","8":"pa_brands-axis","9":"tm-no-options","11":"first","12":"onbackorder","13":"sale","14":"taxable","15":"shipping-taxable","16":"purchasable","17":"product-type-simple"},"acf":[],"_links":{"self":[{"href":"https:\/\/secureus.se\/de\/wp-json\/wp\/v2\/product\/160176","targetHints":{"allow":["GET"]}}],"collection":[{"href":"https:\/\/secureus.se\/de\/wp-json\/wp\/v2\/product"}],"about":[{"href":"https:\/\/secureus.se\/de\/wp-json\/wp\/v2\/types\/product"}],"wp:featuredmedia":[{"embeddable":true,"href":"https:\/\/secureus.se\/de\/wp-json\/wp\/v2\/media\/160173"}],"wp:attachment":[{"href":"https:\/\/secureus.se\/de\/wp-json\/wp\/v2\/media?parent=160176"}],"wp:term":[{"taxonomy":"product_brand","embeddable":true,"href":"https:\/\/secureus.se\/de\/wp-json\/wp\/v2\/product_brand?post=160176"},{"taxonomy":"product_cat","embeddable":true,"href":"https:\/\/secureus.se\/de\/wp-json\/wp\/v2\/product_cat?post=160176"},{"taxonomy":"product_tag","embeddable":true,"href":"https:\/\/secureus.se\/de\/wp-json\/wp\/v2\/product_tag?post=160176"}],"curies":[{"name":"wp","href":"https:\/\/api.w.org\/{rel}","templated":true}]}}