{"id":160180,"date":"2025-11-21T11:12:31","date_gmt":"2025-11-21T10:12:31","guid":{"rendered":"https:\/\/secureus.se\/?post_type=product&#038;p=160180"},"modified":"2026-04-09T11:18:17","modified_gmt":"2026-04-09T09:18:17","slug":"axis-q6074-e-q60-serien-1mp-ip-ptz-kamera-425-1275-mm-motoriserat-objektiv-ip66-vit","status":"publish","type":"product","link":"https:\/\/secureus.se\/de\/axis-q6074-e-q60-serien-1mp-ip-ptz-kamera-425-1275-mm-motoriserat-objektiv-ip66-vit\/","title":{"rendered":"AXIS Q6074-E Q60-Serie, 1-MP-IP-PTZ-Kamera, motorisiertes Objektiv (4,25\u2013127,5 mm), Schutzart IP66, wei\u00df"},"content":{"rendered":"<h1>AXIS Q6074-E Q60-Serie, 1-MP-IP-PTZ-Kamera, motorisiertes Objektiv (4,25\u2013127,5 mm), Schutzart IP66, wei\u00df<\/h1>\n<p class=\"ds-markdown-paragraph\">Die AXIS Q6074-E PTZ-Netzwerkkamera ist eine vielseitige Au\u00dfen\u00fcberwachungsl\u00f6sung, die beeindruckende optische F\u00e4higkeiten mit intelligenten Funktionen kombiniert.<\/p>\n<p class=\"ds-markdown-paragraph\">Diese Kamera wurde f\u00fcr professionelle Sicherheitsanwendungen entwickelt und bietet zuverl\u00e4ssige Leistung unter verschiedenen Umgebungsbedingungen bei gleichbleibender Bildqualit\u00e4t und Betriebseffizienz.<\/p>\n<p class=\"ds-markdown-paragraph\">Optische Leistung und Bildqualit\u00e4t<br \/>\nDas Herzst\u00fcck der Q6074-E ist ein 30-fach optisches Zoomobjektiv (4,25-127,5 mm), das Flexibilit\u00e4t bei der \u00dcberwachung sowohl von weiten Bereichen als auch von spezifischen Details aus der Ferne bietet.<\/p>\n<p class=\"ds-markdown-paragraph\">Die Kamera zeichnet Videos in HDTV 720p-Aufl\u00f6sung auf und gew\u00e4hrleistet so eine gute Bildqualit\u00e4t f\u00fcr Identifizierungs- und \u00dcberwachungszwecke.<\/p>\n<p class=\"ds-markdown-paragraph\">Die automatische Blende und der Autofokus sorgen f\u00fcr optimale Bildsch\u00e4rfe bei unterschiedlichen Zoomstufen und Lichtverh\u00e4ltnissen.<\/p>\n<p class=\"ds-markdown-paragraph\">Fortschrittliche Bildgebungstechnologie<br \/>\nDie Kamera verf\u00fcgt \u00fcber die Axis Lightfinder 2.0-Technologie, die es ihr erm\u00f6glicht, auch bei schwachem Licht Farbbilder mit besserer Farbs\u00e4ttigung und sch\u00e4rferen Details zu erzeugen.<\/p>\n<p class=\"ds-markdown-paragraph\">Dies ist besonders wertvoll f\u00fcr \u00dcberwachungsanwendungen, die rund um die Uhr laufen und bei denen sich die Lichtverh\u00e4ltnisse st\u00e4ndig \u00e4ndern.<\/p>\n<p class=\"ds-markdown-paragraph\">Die Kamera verf\u00fcgt au\u00dferdem \u00fcber einen gro\u00dfen Dynamikumfang (WDR) von bis zu 120 dB, wodurch sie auch schwierige Gegenlichtsituationen und Szenen mit extremen Kontrasten zwischen hellen und dunklen Bereichen bew\u00e4ltigt.<\/p>\n<p class=\"ds-markdown-paragraph\">Intelligente Nachverfolgung und Analyse<br \/>\nEin Hauptmerkmal des Q6074-E ist seine Autotracking 2-Funktionalit\u00e4t, die auch die Click-and-Track-Funktion umfasst.<\/p>\n<p class=\"ds-markdown-paragraph\">Dies erm\u00f6glicht es den Bedienern, einfach auf ein Objekt in der Live-Ansicht zu klicken, um die automatische Verfolgung der Bewegung dieses Objekts zu starten.<\/p>\n<p class=\"ds-markdown-paragraph\">Die Kamera verf\u00fcgt au\u00dferdem \u00fcber eine Orientierungshilfe, die visuelle Referenzpunkte f\u00fcr eine schnelle Positionierung und ein besseres Verst\u00e4ndnis des aktuellen Sichtfelds der Kamera bietet.<\/p>\n<p class=\"ds-markdown-paragraph\">Integrierte Analysefunktionen wie AXIS Video Motion Detection, AXIS Fence Guard und AXIS Loitering Guard liefern zus\u00e4tzliche Informationen f\u00fcr eine proaktive Sicherheits\u00fcberwachung.<\/p>\n<p class=\"ds-markdown-paragraph\">Robuste Konstruktion und Umweltschutz<br \/>\nDie Q6074-E wurde f\u00fcr den Au\u00dfeneinsatz konzipiert und verf\u00fcgt \u00fcber ein Metallgeh\u00e4use mit den Schutzarten IP66, IP67 und IK10, das Schutz gegen Staub, Wasser und physische St\u00f6\u00dfe bietet.<\/p>\n<p class=\"ds-markdown-paragraph\">Die Kamera kann mit dem entsprechenden Netzteil (60 W High PoE) bis zu Temperaturen von -50 \u00b0C betrieben werden und eignet sich somit f\u00fcr extreme Wetterbedingungen. Die mitgelieferte Sonnenblende sch\u00fctzt vor direkter Sonneneinstrahlung und Witterungseinfl\u00fcssen.<\/p>\n<p class=\"ds-markdown-paragraph\">Sicherheit und Systemintegration<br \/>\nDie Sicherheit wird durch mehrere Schutzebenen erh\u00f6ht, darunter signierte Firmware, Secure Boot und ein nach FIPS 140-2-Standards zertifiziertes TPM 2.0-Modul.<\/p>\n<p class=\"ds-markdown-paragraph\">Diese Funktionen gew\u00e4hrleisten die Integrit\u00e4t der Kamerasoftware und sch\u00fctzen vor unberechtigtem Zugriff. Die Kamera unterst\u00fctzt verschiedene Netzwerkprotokolle und l\u00e4sst sich nahtlos \u00fcber ONVIF-Profile und die VAPIX-API von Axis in Videomanagementsysteme integrieren.<\/p>\n<p class=\"ds-markdown-paragraph\">Effizientes Bandbreiten- und Speichermanagement<br \/>\nDie Axis Zipstream-Technologie, die sowohl im H.264- als auch im H.265-Komprimierungsformat verf\u00fcgbar ist, reduziert den Bandbreiten- und Speicherbedarf erheblich und erh\u00e4lt gleichzeitig wichtige forensische Details im Video.<\/p>\n<p class=\"ds-markdown-paragraph\">Dadurch wird die Kamera effizienter f\u00fcr Anwendungen mit kontinuierlicher Aufzeichnung und Fernanzeige.<\/p>\n<p class=\"ds-markdown-paragraph\">Zusammenfassung<br \/>\nDie AXIS Q6074-E PTZ-Netzwerkkamera bietet eine ausgewogene Kombination aus optischer Leistung, intelligenten Funktionen und robuster Bauweise und eignet sich f\u00fcr verschiedene \u00dcberwachungsszenarien im Au\u00dfenbereich.<\/p>\n<p class=\"ds-markdown-paragraph\">Dank seiner 30-fachen Zoomf\u00e4higkeit, fortschrittlichen Bildgebungstechnologien und Sicherheitsfunktionen ist es eine zuverl\u00e4ssige Wahl f\u00fcr den Perimeterschutz, die \u00dcberwachung kritischer Infrastrukturen und andere Sicherheitsanwendungen, bei denen sowohl \u00dcbersicht als auch Detailgenauigkeit wichtig sind.<\/p>\n<p class=\"ds-markdown-paragraph\">Wichtigste Spezifikationen:<\/p>\n<ul>\n<li>\n<p class=\"ds-markdown-paragraph\">Aufl\u00f6sung: HDTV 720p (1280\u00d7720)<\/p>\n<\/li>\n<li>\n<p class=\"ds-markdown-paragraph\">Objektiv: 4,25\u2013127,5 mm, 30-facher optischer Zoom<\/p>\n<\/li>\n<li>\n<p class=\"ds-markdown-paragraph\">Bildtechnologie: Lightfinder 2.0, WDR bis zu 120 dB<\/p>\n<\/li>\n<li>\n<p class=\"ds-markdown-paragraph\">Tracking: Autotracking 2 mit Klick-und-Verfolgung<\/p>\n<\/li>\n<li>\n<p class=\"ds-markdown-paragraph\">Schutzart: IP66\/IP67, IK10<\/p>\n<\/li>\n<li>\n<p class=\"ds-markdown-paragraph\">Sicherheit: TPM 2.0 (FIPS 140-2 zertifiziert)<\/p>\n<\/li>\n<li>\n<p class=\"ds-markdown-paragraph\">Leistung: Hohe PoE-Leistung (60-W-Midspan im Lieferumfang enthalten)<\/p>\n<\/li>\n<li>\n<p class=\"ds-markdown-paragraph\">Betriebstemperatur: -50 \u00b0C bis 50 \u00b0C (bei 60 W Leistung)<\/p>\n<\/li>\n<li>\n<p class=\"ds-markdown-paragraph\">Garantie: 3 Jahre Garantie<\/p>\n<\/li>\n<\/ul>\n<div class=\"sc-bczRLJ fySwpa\">\n<div class=\"sc-bczRLJ kEeNDb\"><\/div>\n<\/div>","protected":false},"excerpt":{"rendered":"<p>Die AXIS Q6074-E ist eine robuste PTZ-Netzwerkkamera, die f\u00fcr die Au\u00dfen\u00fcberwachung konzipiert wurde.<\/p>\n<p>Es liefert klares HDTV 720p-Video mit einem leistungsstarken 30-fachen optischen Zoom und erm\u00f6glicht so sowohl weite \u00dcbersichten als auch detaillierte Nahaufnahmen.<\/p>\n<p>Dank der Axis Lightfinder 2.0-Technologie liefert die Kamera auch bei schwierigen Lichtverh\u00e4ltnissen au\u00dfergew\u00f6hnlich gute Ergebnisse.<\/p>","protected":false},"featured_media":160177,"template":"","meta":{"_acf_changed":false},"product_brand":[],"product_cat":[4952],"product_tag":[],"class_list":{"0":"post-160180","1":"product","2":"type-product","3":"status-publish","4":"has-post-thumbnail","6":"product_cat-axis-ptz-kamera","7":"pa_brands-axis","8":"pa_farg-vit","9":"tm-no-options","11":"first","12":"instock","13":"sale","14":"taxable","15":"shipping-taxable","16":"purchasable","17":"product-type-simple"},"acf":[],"_links":{"self":[{"href":"https:\/\/secureus.se\/de\/wp-json\/wp\/v2\/product\/160180","targetHints":{"allow":["GET"]}}],"collection":[{"href":"https:\/\/secureus.se\/de\/wp-json\/wp\/v2\/product"}],"about":[{"href":"https:\/\/secureus.se\/de\/wp-json\/wp\/v2\/types\/product"}],"wp:featuredmedia":[{"embeddable":true,"href":"https:\/\/secureus.se\/de\/wp-json\/wp\/v2\/media\/160177"}],"wp:attachment":[{"href":"https:\/\/secureus.se\/de\/wp-json\/wp\/v2\/media?parent=160180"}],"wp:term":[{"taxonomy":"product_brand","embeddable":true,"href":"https:\/\/secureus.se\/de\/wp-json\/wp\/v2\/product_brand?post=160180"},{"taxonomy":"product_cat","embeddable":true,"href":"https:\/\/secureus.se\/de\/wp-json\/wp\/v2\/product_cat?post=160180"},{"taxonomy":"product_tag","embeddable":true,"href":"https:\/\/secureus.se\/de\/wp-json\/wp\/v2\/product_tag?post=160180"}],"curies":[{"name":"wp","href":"https:\/\/api.w.org\/{rel}","templated":true}]}}