{"id":160185,"date":"2025-11-21T11:12:31","date_gmt":"2025-11-21T10:12:31","guid":{"rendered":"https:\/\/secureus.se\/?post_type=product&#038;p=160185"},"modified":"2026-04-09T11:18:19","modified_gmt":"2026-04-09T09:18:19","slug":"axis-q6135-le-q61-serien-2mp-zipstream-ip-ptz-kamera-med-32x-optisk-zoom-43-1376-mm-motoriserat-objektiv-ir-190-m-ip66-vit","status":"publish","type":"product","link":"https:\/\/secureus.se\/de\/axis-q6135-le-q61-serien-2mp-zipstream-ip-ptz-kamera-med-32x-optisk-zoom-43-1376-mm-motoriserat-objektiv-ir-190-m-ip66-vit\/","title":{"rendered":"AXIS Q6135-LE Q61 Serie, 2-MP-Zipstream-IP-PTZ-Kamera mit 32-fachem optischem Zoom, motorisiertem 4,3\u2013137,6-mm-Objektiv, IR 190 m, IP66, wei\u00df"},"content":{"rendered":"<h1>AXIS Q6135-LE Q61 Serie, 2-MP-Zipstream-IP-PTZ-Kamera mit 32-fachem optischem Zoom, motorisiertem 4,3\u2013137,6-mm-Objektiv, IR 190 m, IP66, wei\u00df<\/h1>\n<div class=\"dad65929\">\n<div class=\"_4f9bf79 d7dc56a8 _43c05b5\">\n<div class=\"ds-message _63c77b1\">\n<div class=\"ds-markdown\">\n<p class=\"ds-markdown-paragraph\">Die AXIS Q6135-LE PTZ-Netzwerkkamera ist eine speziell entwickelte Kamera f\u00fcr anspruchsvolle \u00dcberwachungsanwendungen, bei denen eine gro\u00dfe Reichweite und zuverl\u00e4ssige Leistung unter allen Lichtverh\u00e4ltnissen unerl\u00e4sslich sind.<\/p>\n<p class=\"ds-markdown-paragraph\">Es kombiniert fortschrittliche Optik, intelligente IR-Beleuchtung und robuste Konstruktion und bietet so eine Komplettl\u00f6sung f\u00fcr den Schutz kritischer Bereiche wie Flugh\u00e4fen, H\u00e4fen, gro\u00dfe Industrieanlagen und Grenz\u00fcberwachung.<\/p>\n<p class=\"ds-markdown-paragraph\"><strong>Hervorragende optische Leistung und Infrarot-Fernwirkung mit gro\u00dfer Reichweite<\/strong><br \/>\nDas Herzst\u00fcck der Q6135-LE ist ihr 32-facher optischer Zoom (4,3\u2013137,6 mm Objektiv), der es Ihnen erm\u00f6glicht, Objekte in sehr gro\u00dfer Entfernung mit voller HD 1080p-Aufl\u00f6sung zu identifizieren.<\/p>\n<p class=\"ds-markdown-paragraph\">Es ist ausgestattet mit\u00a0<strong>Optimiertes IR<\/strong>Technologie, die die IR-Beleuchtung anpasst, um eine optimale Ausleuchtung ohne \u00dcberbelichtung zu erzielen. Mit einem dedizierten 60-W-High-PoE-Midspan erreicht die IR-Beleuchtung bis zu\u00a0<strong>250 Meter<\/strong>Dadurch werden auch in v\u00f6lliger Dunkelheit klare Schwarzwei\u00dfbilder gew\u00e4hrleistet.<\/p>\n<p class=\"ds-markdown-paragraph\"><strong>Fortschrittliche Bildgebungstechnologie f\u00fcr \u00fcberragende Bildqualit\u00e4t<\/strong><br \/>\nUm mit schwierigen Lichtverh\u00e4ltnissen zurechtzukommen, verwendet die Kamera\u00a0<strong>Axis Lightfinder 2.0<\/strong>\u00a0um auch bei schwachem Licht farbenfrohe und scharfe Bilder zu liefern.<\/p>\n<p class=\"ds-markdown-paragraph\">Es beinhaltet au\u00dferdem Forensic WDR (Wide Dynamic Range) mit bis zu 120 dB, um Szenen mit sehr hohen Kontrasten, wie z. B. Gegenlicht, auszugleichen.<\/p>\n<p class=\"ds-markdown-paragraph\">Die bahnbrechende\u00a0<strong>Sharpdome-Technologie<\/strong>\u00a0ist ein einzigartiger Vorteil \u2013 es beseitigt die bei Dome-Kameras \u00fcbliche Verzerrung und bietet die gleiche scharfe Bildqualit\u00e4t bis zu 20\u00b0 \u00fcber dem Horizont, was f\u00fcr die Erkennung von Ereignissen, die sich hoch oben im Bild ereignen, von entscheidender Bedeutung ist.<\/p>\n<p class=\"ds-markdown-paragraph\"><strong>Intelligente Funktionen f\u00fcr die proaktive \u00dcberwachung<\/strong><br \/>\nDie Kamera ist ausgestattet mit\u00a0<strong>Automatisches Tracking 2<\/strong>, wozu auch die intuitive \u201eKlicken und Verfolgen\u201c-Funktion geh\u00f6rt.<\/p>\n<p class=\"ds-markdown-paragraph\">Dadurch kann der Bediener ein verd\u00e4chtiges Objekt einfach markieren, sodass die Kamera automatisch beginnt, dessen Bewegung im Bildfeld zu verfolgen.<\/p>\n<p class=\"ds-markdown-paragraph\">Der eingebaute\u00a0<strong>AXIS Objektanalyse<\/strong>\u00a0kann Personen und Fahrzeuge erkennen und zur Erstellung intelligenter Alarmregeln auf der Grundlage von Verhaltensweisen wie Linien\u00fcberschreitung oder Betreten verbotener Zonen verwendet werden.<\/p>\n<p class=\"ds-markdown-paragraph\"><strong>Robuste und sichere Konstruktion<\/strong><br \/>\nDie Kamera wurde f\u00fcr extreme Au\u00dfenbedingungen entwickelt und verf\u00fcgt \u00fcber ein nach IP66 und NEMA 4X zertifiziertes Geh\u00e4use sowie einen IK10-Schutz gegen Vandalismus.<\/p>\n<p class=\"ds-markdown-paragraph\">Zum Schutz des Systems selbst ist die hardwarebasierte Sicherheitsplattform integriert.\u00a0<strong>Axis Edge Vault<\/strong>\u00a0mit einem\u00a0<strong>TPM 2.0-Modul, das nach FIPS 140-2 Level 2 zertifiziert ist<\/strong>Dies gew\u00e4hrleistet einen sicheren Systemstart, signierte Firmware und sch\u00fctzt die Identit\u00e4t der Kamera sowie die Videointegrit\u00e4t vor unberechtigtem Zugriff.<\/p>\n<p class=\"ds-markdown-paragraph\"><strong>Zusammenfassung<\/strong><br \/>\nDer AXIS Q6135-LE ist die ultimative L\u00f6sung f\u00fcr Situationen, in denen Betrachtungsabstand und Bildsch\u00e4rfe rund um die Uhr absolut unerl\u00e4sslich sind.<\/p>\n<p class=\"ds-markdown-paragraph\">Die einzigartige Kombination aus gro\u00dfem Zoombereich, fortschrittlicher Infrarotbeleuchtung, Sharpdome-Technologie und intelligenten Tracking-Funktionen macht sie zur unschlagbaren Wahl f\u00fcr den Schutz gro\u00dfer, offener und sensibler Au\u00dfenbereiche.<\/p>\n<p class=\"ds-markdown-paragraph\"><strong>Wichtigste Spezifikationen:<\/strong><\/p>\n<ul>\n<li>\n<p class=\"ds-markdown-paragraph\"><strong>Sensor:<\/strong>\u00a01\/2,8\u2033 Progressive Scan CMOS<\/p>\n<\/li>\n<li>\n<p class=\"ds-markdown-paragraph\"><strong>Objektiv:<\/strong>\u00a04,3\u2013137,6 mm, F1,4\u20134,0, 32-facher optischer Zoom<\/p>\n<\/li>\n<li>\n<p class=\"ds-markdown-paragraph\"><strong>IR-Abstand:<\/strong>\u00a0Bis zu 250 m (mit 60W Midspan)<\/p>\n<\/li>\n<li>\n<p class=\"ds-markdown-paragraph\"><strong>Bildtechnologie:<\/strong>\u00a0Lightfinder 2.0, Forensic WDR, Sharpdome<\/p>\n<\/li>\n<li>\n<p class=\"ds-markdown-paragraph\"><strong>Tracking:<\/strong>\u00a0Autotracking 2 mit \u201eKlicken und Verfolgen\u201c<\/p>\n<\/li>\n<li>\n<p class=\"ds-markdown-paragraph\"><strong>Analyse:<\/strong>\u00a0AXIS Objektanalyse (Personen, Fahrzeuge)<\/p>\n<\/li>\n<li>\n<p class=\"ds-markdown-paragraph\"><strong>Schutzklasse:<\/strong>\u00a0IP66, NEMA 4X, IK10<\/p>\n<\/li>\n<li>\n<p class=\"ds-markdown-paragraph\"><strong>Sicherheit:<\/strong>\u00a0Axis Edge Vault, TPM (FIPS 140-2 Level 2)<\/p>\n<\/li>\n<li>\n<p class=\"ds-markdown-paragraph\"><strong>Garantie:<\/strong>\u00a05 Jahre Garantie<\/p>\n<\/li>\n<\/ul>\n<\/div>\n<\/div>\n<\/div>\n<\/div>","protected":false},"excerpt":{"rendered":"<p>Die AXIS Q6135-LE ist eine Hochleistungs-PTZ-Kamera, die speziell f\u00fcr die \u00dcberwachung \u00fcber gro\u00dfe Entfernungen in anspruchsvollen Umgebungen entwickelt wurde.<\/p>\n<p>Sie liefert gestochen scharfe Bilder in HDTV 1080p mit einem leistungsstarken 32-fachen optischen Zoom. Ein besonderes Merkmal ist die OptimizedIR-Technologie mit gro\u00dfer Reichweite, die Szenen je nach Bedingungen in Entfernungen von bis zu 250 Metern effektiv ausleuchtet.<\/p>\n<p>Um auch bei schwachem Licht eine gute Bildqualit\u00e4t zu gew\u00e4hrleisten, ist die Kamera mit Axis Lightfinder 2.0 ausgestattet.<\/p>","protected":false},"featured_media":160181,"template":"","meta":{"_acf_changed":false},"product_brand":[],"product_cat":[4952],"product_tag":[],"class_list":{"0":"post-160185","1":"product","2":"type-product","3":"status-publish","4":"has-post-thumbnail","6":"product_cat-axis-ptz-kamera","7":"pa_brands-axis","8":"pa_farg-vit","9":"tm-no-options","11":"first","12":"instock","13":"sale","14":"taxable","15":"shipping-taxable","16":"purchasable","17":"product-type-simple"},"acf":[],"_links":{"self":[{"href":"https:\/\/secureus.se\/de\/wp-json\/wp\/v2\/product\/160185","targetHints":{"allow":["GET"]}}],"collection":[{"href":"https:\/\/secureus.se\/de\/wp-json\/wp\/v2\/product"}],"about":[{"href":"https:\/\/secureus.se\/de\/wp-json\/wp\/v2\/types\/product"}],"wp:featuredmedia":[{"embeddable":true,"href":"https:\/\/secureus.se\/de\/wp-json\/wp\/v2\/media\/160181"}],"wp:attachment":[{"href":"https:\/\/secureus.se\/de\/wp-json\/wp\/v2\/media?parent=160185"}],"wp:term":[{"taxonomy":"product_brand","embeddable":true,"href":"https:\/\/secureus.se\/de\/wp-json\/wp\/v2\/product_brand?post=160185"},{"taxonomy":"product_cat","embeddable":true,"href":"https:\/\/secureus.se\/de\/wp-json\/wp\/v2\/product_cat?post=160185"},{"taxonomy":"product_tag","embeddable":true,"href":"https:\/\/secureus.se\/de\/wp-json\/wp\/v2\/product_tag?post=160185"}],"curies":[{"name":"wp","href":"https:\/\/api.w.org\/{rel}","templated":true}]}}