{"id":160189,"date":"2025-11-21T11:12:31","date_gmt":"2025-11-21T10:12:31","guid":{"rendered":"https:\/\/secureus.se\/?post_type=product&#038;p=160189"},"modified":"2026-04-09T11:18:13","modified_gmt":"2026-04-09T09:18:13","slug":"axis-a9210-relamodul-for-i-o-i-natverk","status":"publish","type":"product","link":"https:\/\/secureus.se\/de\/axis-a9210-relamodul-for-i-o-i-natverk\/","title":{"rendered":"AXIS A9210 Netzwerk-E\/A-Relaismodul"},"content":{"rendered":"<h1>AXIS A9210 Netzwerk-E\/A-Relaismodul<\/h1>\n<p class=\"ds-markdown-paragraph\">Das AXIS A9210 Netzwerk-I\/O-Relaismodul ist ein hochentwickeltes Schnittstellenger\u00e4t, das die Leistungsf\u00e4higkeit von Sicherheits- und Geb\u00e4udemanagementsystemen erweitert.<\/p>\n<p class=\"ds-markdown-paragraph\">Durch die Bereitstellung mehrerer Eingangs-\/Ausgangsanschl\u00fcsse in einem einzigen Netzwerkger\u00e4t erm\u00f6glicht es die umfassende \u00dcberwachung und Steuerung verschiedener Peripherieger\u00e4te und Systeme.<\/p>\n<p class=\"ds-markdown-paragraph\"><strong>Umfassende E\/A-Konfiguration<\/strong><br \/>\nDer A9210 bietet insgesamt 10 E\/A-Ports mit flexiblen Konfigurationsm\u00f6glichkeiten:<\/p>\n<ul>\n<li>\n<p class=\"ds-markdown-paragraph\">2 konfigurierbare Ein-\/Ausg\u00e4nge, die entweder als Eing\u00e4nge oder Ausg\u00e4nge konfiguriert werden k\u00f6nnen<\/p>\n<\/li>\n<li>\n<p class=\"ds-markdown-paragraph\">5 dedizierte digitale Eing\u00e4nge mit \u00dcberwachungsfunktion (0-12V DC, 4 Zust\u00e4nde)<\/p>\n<\/li>\n<li>\n<p class=\"ds-markdown-paragraph\">3 digitale Ausg\u00e4nge (Open Drain, max. 30 V DC, je 100 mA)<\/p>\n<\/li>\n<li>\n<p class=\"ds-markdown-paragraph\">1 Relaiskontakt der Form C (\u00d6ffner\/Schlie\u00dfer), ausgelegt f\u00fcr 2 A bei 30 V Gleichstrom<\/p>\n<\/li>\n<\/ul>\n<p class=\"ds-markdown-paragraph\">Die \u00fcberwachten Eing\u00e4nge verf\u00fcgen \u00fcber programmierbare Endwiderst\u00e4nde (1K, 2,2K, 4,7K und 10K), die eine verbesserte Sicherheits\u00fcberwachung durch Erkennung von Manipulationen oder Kabeldurchtrennungen erm\u00f6glichen.<\/p>\n<p class=\"ds-markdown-paragraph\">Das Modul verf\u00fcgt au\u00dferdem \u00fcber einen 12V DC-Stromausgang (50mA) zur Unterst\u00fctzung angeschlossener Ger\u00e4te.<\/p>\n<p class=\"ds-markdown-paragraph\"><strong>Skalierbare Systemerweiterung<\/strong><br \/>\nEin wesentlicher Vorteil des A9210 ist seine Multi-Drop-F\u00e4higkeit, die den Anschluss von bis zu 16 Erweiterungsmodulen \u00fcber eine einzige IP-Verbindung erm\u00f6glicht.<\/p>\n<p class=\"ds-markdown-paragraph\">Diese Skalierbarkeit erm\u00f6glicht die Unterst\u00fctzung von bis zu 128 E\/A-Schnittstellen und 64 Relais und ist somit ideal f\u00fcr gro\u00dffl\u00e4chige Installationen geeignet, ohne dass eine zus\u00e4tzliche Netzwerkinfrastruktur erforderlich ist.<\/p>\n<p class=\"ds-markdown-paragraph\"><strong>Robuste Konnektivit\u00e4t und Integration<\/strong><br \/>\nDas Modul verf\u00fcgt \u00fcber einen RS485-Anschluss mit Modbus-Unterst\u00fctzung, was die Integration in industrielle Steuerungssysteme und Geb\u00e4udeautomationssysteme erleichtert.<\/p>\n<p class=\"ds-markdown-paragraph\">Es unterst\u00fctzt Standard-Netzwerkprotokolle wie IPv4\/IPv6, HTTP\/HTTPS und SNMP und gew\u00e4hrleistet so die Kompatibilit\u00e4t mit den meisten Sicherheits- und Managementsystemen.<\/p>\n<p class=\"ds-markdown-paragraph\">Die A9210 basiert auf den offenen Plattformen von Axis und unterst\u00fctzt die VAPIX API sowie die AXIS Camera Application Platform (ACAP). Dies erm\u00f6glicht die Entwicklung kundenspezifischer Anwendungen und die nahtlose Integration mit Videomanagementsystemen von Axis und L\u00f6sungen von Drittanbietern.<\/p>\n<p class=\"ds-markdown-paragraph\"><strong>Erweiterte Sicherheitsfunktionen<\/strong><br \/>\nDie Sicherheit wird durch Axis Edge Vault verst\u00e4rkt, einer hardwarebasierten Cybersicherheitsplattform, die Folgendes bietet:<\/p>\n<ul>\n<li>\n<p class=\"ds-markdown-paragraph\">Sicherer Systemstart und \u00dcberpr\u00fcfung der signierten Firmware<\/p>\n<\/li>\n<li>\n<p class=\"ds-markdown-paragraph\">Sicherer Schl\u00fcsselspeicher f\u00fcr kryptografische Operationen<\/p>\n<\/li>\n<li>\n<p class=\"ds-markdown-paragraph\">FIPS 140-2-zertifiziertes Hardware-Sicherheitsmodul<\/p>\n<\/li>\n<li>\n<p class=\"ds-markdown-paragraph\">Verschl\u00fcsseltes Dateisystem (AES-XTS-Plain64 256bit)<\/p>\n<\/li>\n<\/ul>\n<p class=\"ds-markdown-paragraph\">Diese Funktionen gew\u00e4hrleisten die Integrit\u00e4t des Ger\u00e4ts und sch\u00fctzen w\u00e4hrend seines gesamten Lebenszyklus vor unberechtigtem Zugriff.<\/p>\n<p class=\"ds-markdown-paragraph\"><strong>Robuste Konstruktion und flexible Installation<\/strong><br \/>\nDas in einem robusten Stahlgeh\u00e4use untergebrachte A9210 ist f\u00fcr anspruchsvolle Umgebungen mit einem Betriebstemperaturbereich von -40 \u00b0C bis 55 \u00b0C (-40 \u00b0F bis 131 \u00b0F) ausgelegt.<\/p>\n<p class=\"ds-markdown-paragraph\">Es unterst\u00fctzt verschiedene Montageoptionen, darunter Wandmontage und DIN-Schienenmontage, mit farbcodierten, abnehmbaren Klemmenbl\u00f6cken f\u00fcr eine vereinfachte Verdrahtung.<\/p>\n<p class=\"ds-markdown-paragraph\">Das Modul kann \u00fcber Power over Ethernet (PoE+ IEEE 802.3at) oder 12V DC-Eingang mit Strom versorgt werden und bietet somit Flexibilit\u00e4t bei der Wahl des Installationsortes.<\/p>\n<p class=\"ds-markdown-paragraph\">Der Relaisausgang unterst\u00fctzt sowohl nasse als auch trockene Kontakte und eignet sich somit f\u00fcr verschiedene Steuerungsanwendungen.<\/p>\n<p class=\"ds-markdown-paragraph\"><strong>Anwendungsvielfalt<\/strong><br \/>\nDie AXIS A9210 eignet sich f\u00fcr zahlreiche Anwendungen, darunter:<\/p>\n<ul>\n<li>\n<p class=\"ds-markdown-paragraph\">Integration des Zutrittskontrollsystems<\/p>\n<\/li>\n<li>\n<p class=\"ds-markdown-paragraph\">Umwelt\u00fcberwachung (Temperatur, Luftfeuchtigkeit, Wassererkennung)<\/p>\n<\/li>\n<li>\n<p class=\"ds-markdown-paragraph\">Erweiterung des Alarmsystems<\/p>\n<\/li>\n<li>\n<p class=\"ds-markdown-paragraph\">Industrielle Automatisierung<\/p>\n<\/li>\n<li>\n<p class=\"ds-markdown-paragraph\">Geb\u00e4udemanagementsysteme<\/p>\n<\/li>\n<li>\n<p class=\"ds-markdown-paragraph\">Verbesserungen des Perimeterschutzes<\/p>\n<\/li>\n<\/ul>\n<p class=\"ds-markdown-paragraph\"><strong>Zusammenfassung<\/strong><br \/>\nDas AXIS A9210 Netzwerk-I\/O-Relaismodul bietet eine sichere, skalierbare und vielseitige L\u00f6sung zur Erweiterung der Systemfunktionen \u00fcber die Video\u00fcberwachung hinaus.<\/p>\n<p class=\"ds-markdown-paragraph\">Dank seiner umfassenden I\/O-Konfiguration, robusten Sicherheitsfunktionen und flexiblen Integrationsm\u00f6glichkeiten ist es eine unverzichtbare Komponente f\u00fcr moderne Sicherheits- und Automatisierungssysteme und erm\u00f6glicht die zentrale \u00dcberwachung und Steuerung verschiedener Ger\u00e4te und Sensoren \u00fcber eine einzige Netzwerkverbindung.<\/p>\n<p class=\"ds-markdown-paragraph\"><strong>Wichtigste Spezifikationen:<\/strong><\/p>\n<ul>\n<li>\n<p class=\"ds-markdown-paragraph\">E\/A-Ports: insgesamt 10 (2 konfigurierbare E\/A, 5 Eing\u00e4nge, 3 Ausg\u00e4nge)<\/p>\n<\/li>\n<li>\n<p class=\"ds-markdown-paragraph\">Relais: 1 Form-C-Kontakt (2 A, 30 V DC)<\/p>\n<\/li>\n<li>\n<p class=\"ds-markdown-paragraph\">Erweiterung: Unterst\u00fctzt bis zu 128 E\/A-Ports und 64 Relais<\/p>\n<\/li>\n<li>\n<p class=\"ds-markdown-paragraph\">Anschl\u00fcsse: Ethernet, RS485 (Modbus)<\/p>\n<\/li>\n<li>\n<p class=\"ds-markdown-paragraph\">Stromversorgung: PoE+ (IEEE 802.3at) oder 12 V DC<\/p>\n<\/li>\n<li>\n<p class=\"ds-markdown-paragraph\">Sicherheit: Axis Edge Vault mit Secure Boot<\/p>\n<\/li>\n<li>\n<p class=\"ds-markdown-paragraph\">Betriebstemperatur: -40 \u00b0C bis 55 \u00b0C<\/p>\n<\/li>\n<li>\n<p class=\"ds-markdown-paragraph\">Montage: Wand oder DIN-Schiene<\/p>\n<\/li>\n<li>\n<p class=\"ds-markdown-paragraph\">Garantie: 5 Jahre Garantie<\/p>\n<\/li>\n<\/ul>\n<div class=\"sc-bczRLJ fySwpa\">\n<div class=\"sc-bczRLJ kEeNDb\"><\/div>\n<\/div>","protected":false},"excerpt":{"rendered":"<p>Das AXIS A9210 Netzwerk-I\/O-Relaismodul erweitert die Funktionalit\u00e4t von Sicherheitssystemen durch die Bereitstellung von 10 konfigurierbaren I\/O-Ports, darunter 5 \u00fcberwachte Eing\u00e4nge, 3 Ausg\u00e4nge und 1 Form-C-Relaisausgang.<\/p>\n<p>Dieses vielseitige Ger\u00e4t erm\u00f6glicht die Integration mit verschiedenen Sensoren, Alarmen und Steuerungssystemen und erm\u00f6glicht so die \u00dcberwachung von Umweltsensoren, Alarmkn\u00f6pfen und anderen Sicherheitsvorrichtungen.<\/p>","protected":false},"featured_media":160186,"template":"","meta":{"_acf_changed":false},"product_brand":[],"product_cat":[4956],"product_tag":[],"class_list":{"0":"post-160189","1":"product","2":"type-product","3":"status-publish","4":"has-post-thumbnail","6":"product_cat-ovrigt-fran-axis","7":"pa_brands-axis","8":"pa_farg-vit","9":"tm-no-options","11":"first","12":"instock","13":"sale","14":"taxable","15":"shipping-taxable","16":"purchasable","17":"product-type-simple"},"acf":[],"_links":{"self":[{"href":"https:\/\/secureus.se\/de\/wp-json\/wp\/v2\/product\/160189","targetHints":{"allow":["GET"]}}],"collection":[{"href":"https:\/\/secureus.se\/de\/wp-json\/wp\/v2\/product"}],"about":[{"href":"https:\/\/secureus.se\/de\/wp-json\/wp\/v2\/types\/product"}],"wp:featuredmedia":[{"embeddable":true,"href":"https:\/\/secureus.se\/de\/wp-json\/wp\/v2\/media\/160186"}],"wp:attachment":[{"href":"https:\/\/secureus.se\/de\/wp-json\/wp\/v2\/media?parent=160189"}],"wp:term":[{"taxonomy":"product_brand","embeddable":true,"href":"https:\/\/secureus.se\/de\/wp-json\/wp\/v2\/product_brand?post=160189"},{"taxonomy":"product_cat","embeddable":true,"href":"https:\/\/secureus.se\/de\/wp-json\/wp\/v2\/product_cat?post=160189"},{"taxonomy":"product_tag","embeddable":true,"href":"https:\/\/secureus.se\/de\/wp-json\/wp\/v2\/product_tag?post=160189"}],"curies":[{"name":"wp","href":"https:\/\/api.w.org\/{rel}","templated":true}]}}