{"id":160192,"date":"2025-11-21T11:12:31","date_gmt":"2025-11-21T10:12:31","guid":{"rendered":"https:\/\/secureus.se\/?post_type=product&#038;p=160192"},"modified":"2026-04-09T11:18:07","modified_gmt":"2026-04-09T09:18:07","slug":"axis-a8207-ve-mkll-dorrstation-for-natverksvideo-gra","status":"publish","type":"product","link":"https:\/\/secureus.se\/de\/axis-a8207-ve-mkll-dorrstation-for-natverksvideo-gra\/","title":{"rendered":"AXIS A8207-VE MKll Netzwerk-Video-T\u00fcrstation, Grau"},"content":{"rendered":"<h1>AXIS A8207-VE MKll Netzwerk-Video-T\u00fcrstation, Grau<\/h1>\n<p class=\"ds-markdown-paragraph\">Die AXIS A8207-VE MkII Netzwerk-Video-T\u00fcrstation ist eine vielseitige und intelligente Eingangsl\u00f6sung, die fortschrittliche Video\u00fcberwachung, Audiokommunikation und physische Zutrittskontrolle in einem einzigen, kompakten Ger\u00e4t vereint.<\/p>\n<p class=\"ds-markdown-paragraph\">Es wurde entwickelt, um die Sicherheit und Effizienz an Eing\u00e4ngen mit hohem Verkehrsaufkommen von bekannten Mitarbeitern und Besuchern zu verbessern.<\/p>\n<p class=\"ds-markdown-paragraph\"><strong>Erweiterte Video- und Bildqualit\u00e4t<\/strong><br \/>\nHerzst\u00fcck der T\u00fcrstation ist ein 6-Megapixel-Sensor mit einem festen 1,56-mm-Objektiv, das ein au\u00dfergew\u00f6hnlich weites horizontales Sichtfeld von 180\u00b0 bietet. Dadurch werden tote Winkel vermieden und eine vollst\u00e4ndige Sicht auf Personen an der T\u00fcr erm\u00f6glicht.<\/p>\n<p class=\"ds-markdown-paragraph\">Um auch schwierige Lichtverh\u00e4ltnisse zu meistern, ist es mit Forensic WDR (Wide Dynamic Range) von bis zu 120 dB ausgestattet. Die Axis Zipstream-Technologie optimiert die Bandbreitennutzung, ohne wichtige visuelle Details zu beeintr\u00e4chtigen.<\/p>\n<p class=\"ds-markdown-paragraph\"><strong>Umfassende Zugriffskontrolle und Authentifizierung<\/strong><br \/>\nEin integrierter Multifrequenz-RFID-Leser unterst\u00fctzt eine breite Palette von Kartentechnologien, darunter MiFARE Classic\/Plus\/DesFire, HID iCLASS und HID Prox.<\/p>\n<p class=\"ds-markdown-paragraph\">In Kombination mit einem Tastenfeld zur PIN-Eingabe erm\u00f6glicht dies flexible Authentifizierungsmethoden: Karte, Transponder, PIN-Code oder T\u00fcrcode. Die Unterst\u00fctzung von Standardprotokollen wie OSDP \u00fcber RS485 und Wiegand gew\u00e4hrleistet die einfache Integration in die meisten am Markt erh\u00e4ltlichen Zutrittskontrollsysteme.<\/p>\n<p class=\"ds-markdown-paragraph\"><strong>Qualitative Kommunikation und Nutzerinteraktion<\/strong><br \/>\nDie T\u00fcrstation ist mit einem eingebauten Doppelmikrofon, einem eingebauten Lautsprecher mit 2-W-Verst\u00e4rker und einem separaten 4-W-Verst\u00e4rker f\u00fcr die H\u00f6rger\u00e4teschleife ausgestattet.<\/p>\n<p class=\"ds-markdown-paragraph\">Es bietet bidirektionale Vollduplex-Audiokommunikation mit fortschrittlicher Echounterdr\u00fcckung und Rauschunterdr\u00fcckung f\u00fcr kristallklare Gespr\u00e4che. Das Benutzerverst\u00e4ndnis wird zus\u00e4tzlich durch sofortiges visuelles (beleuchtete Symbole, Indikatorleiste) und akustisches Feedback verbessert.<\/p>\n<p class=\"ds-markdown-paragraph\"><strong>Robuste Integration und Cybersicherheit<\/strong><br \/>\nDas Ger\u00e4t basiert auf offenen Standards und unterst\u00fctzt VAPIX API, ONVIF Profile S und G sowie das Session Initiation Protocol (SIP) zur direkten Integration mit VoIP-Systemen und PBX-Anlagen.<\/p>\n<p class=\"ds-markdown-paragraph\">Die Cybersicherheit wird durch signierte Firmware, Secure Boot und eine umfassende Palette von Netzwerkschutzfunktionen verbessert, um das Ger\u00e4t und die Daten vor unberechtigtem Zugriff zu sch\u00fctzen.<\/p>\n<p class=\"ds-markdown-paragraph\"><strong>Robuste Konstruktion und Vielseitigkeit<\/strong><br \/>\nDank des nach IP66 und IK08 zertifizierten Geh\u00e4uses aus Aluminium und Polycarbonat ist das Ger\u00e4t witterungsbest\u00e4ndig und widerstandsf\u00e4hig gegen physische Belastungen.<\/p>\n<p class=\"ds-markdown-paragraph\">Es kann \u00fcber PoE\/PoE+ oder 8\u201328 V Gleichstrom mit Strom versorgt werden und bietet somit Flexibilit\u00e4t bei der Installation. \u00dcber einen Micro-HDMI-Ausgang k\u00f6nnen Sie Live-Videos zur Ansicht auf einen nahegelegenen Monitor streamen.<\/p>\n<p class=\"ds-markdown-paragraph\"><strong>Zusammenfassung<\/strong><br \/>\nAXIS A8207-VE MkII ist mehr als nur eine T\u00fcrstation; sie ist eine zentrale Komponente eines modernen Sicherheitssystems.<\/p>\n<p class=\"ds-markdown-paragraph\">Durch die nahtlose Kombination von hochaufl\u00f6sendem Video, intelligenter Analytik, leistungsstarker Zutrittskontrolle und klarer Kommunikation ist es die ideale Wahl f\u00fcr die Schaffung sicherer, effizienter und benutzerfreundlicher Eing\u00e4nge f\u00fcr B\u00fcros, Schulen, Krankenh\u00e4user und \u00f6ffentliche Geb\u00e4ude.<\/p>\n<p class=\"ds-markdown-paragraph\"><strong>Wichtigste Spezifikationen:<\/strong><\/p>\n<ul>\n<li>\n<p class=\"ds-markdown-paragraph\"><strong>Kamera:<\/strong>\u00a06 MP, 180\u00b0 horizontales Sichtfeld<\/p>\n<\/li>\n<li>\n<p class=\"ds-markdown-paragraph\"><strong>Authentifizierung:<\/strong>\u00a0RFID (13,56 MHz &amp; 125 kHz), PIN-Code<\/p>\n<\/li>\n<li>\n<p class=\"ds-markdown-paragraph\"><strong>Klang:<\/strong>\u00a0Zwei-Wege-Audio mit Echounterdr\u00fcckung, H\u00f6rger\u00e4teschleife<\/p>\n<\/li>\n<li>\n<p class=\"ds-markdown-paragraph\"><strong>Integration:<\/strong>\u00a0SIP, ONVIF, VAPIX, OSDP, Wiegand<\/p>\n<\/li>\n<li>\n<p class=\"ds-markdown-paragraph\"><strong>Verbindungen:<\/strong>\u00a0PoE\/PoE+, I\/O, Relais, RS485, microHDMI<\/p>\n<\/li>\n<li>\n<p class=\"ds-markdown-paragraph\"><strong>Schutzklasse:<\/strong>\u00a0IP66, IK08, NEMA 4X<\/p>\n<\/li>\n<li>\n<p class=\"ds-markdown-paragraph\"><strong>Sicherheit:<\/strong>\u00a0Signierte Firmware, Sicherer Start<\/p>\n<\/li>\n<li>\n<p class=\"ds-markdown-paragraph\"><strong>Garantie:<\/strong>\u00a05 Jahre Garantie<\/p>\n<\/li>\n<\/ul>\n<div class=\"sc-bczRLJ gTFQwC\"><\/div>","protected":false},"excerpt":{"rendered":"<p>Die AXIS A8207-VE MkII ist eine fortschrittliche Netzwerk-T\u00fcrstation, die Video\u00fcberwachung, Zwei-Wege-Kommunikation und Zutrittskontrolle in einem einzigen Ger\u00e4t vereint.<\/p>\n<p>Es ist mit einer 6-Megapixel-Kamera mit einem 180\u00b0-Weitwinkel-Sichtfeld ausgestattet, die eine hervorragende Bildabdeckung an Eing\u00e4ngen bietet.<\/p>\n<p>Der integrierte RFID-Leser unterst\u00fctzt mehrere Frequenzen und Kartentypen, einschlie\u00dflich HID iClass, und erm\u00f6glicht so eine nahtlose Integration in bestehende Zutrittskontrollsysteme.<\/p>","protected":false},"featured_media":160190,"template":"","meta":{"_acf_changed":false},"product_brand":[],"product_cat":[4956],"product_tag":[],"class_list":{"0":"post-160192","1":"product","2":"type-product","3":"status-publish","4":"has-post-thumbnail","6":"product_cat-ovrigt-fran-axis","7":"pa_brands-axis","8":"pa_farg-gra","9":"tm-no-options","11":"first","12":"instock","13":"sale","14":"taxable","15":"shipping-taxable","16":"purchasable","17":"product-type-simple"},"acf":[],"_links":{"self":[{"href":"https:\/\/secureus.se\/de\/wp-json\/wp\/v2\/product\/160192","targetHints":{"allow":["GET"]}}],"collection":[{"href":"https:\/\/secureus.se\/de\/wp-json\/wp\/v2\/product"}],"about":[{"href":"https:\/\/secureus.se\/de\/wp-json\/wp\/v2\/types\/product"}],"wp:featuredmedia":[{"embeddable":true,"href":"https:\/\/secureus.se\/de\/wp-json\/wp\/v2\/media\/160190"}],"wp:attachment":[{"href":"https:\/\/secureus.se\/de\/wp-json\/wp\/v2\/media?parent=160192"}],"wp:term":[{"taxonomy":"product_brand","embeddable":true,"href":"https:\/\/secureus.se\/de\/wp-json\/wp\/v2\/product_brand?post=160192"},{"taxonomy":"product_cat","embeddable":true,"href":"https:\/\/secureus.se\/de\/wp-json\/wp\/v2\/product_cat?post=160192"},{"taxonomy":"product_tag","embeddable":true,"href":"https:\/\/secureus.se\/de\/wp-json\/wp\/v2\/product_tag?post=160192"}],"curies":[{"name":"wp","href":"https:\/\/api.w.org\/{rel}","templated":true}]}}