{"id":160202,"date":"2025-11-21T11:12:31","date_gmt":"2025-11-21T10:12:31","guid":{"rendered":"https:\/\/secureus.se\/?post_type=product&#038;p=160202"},"modified":"2026-04-09T11:18:10","modified_gmt":"2026-04-09T09:18:10","slug":"axis-d2110-ve-sakerhetsradar-med-180-24-7-tackning-och-inbyggd-analys","status":"publish","type":"product","link":"https:\/\/secureus.se\/de\/axis-d2110-ve-sakerhetsradar-med-180-24-7-tackning-och-inbyggd-analys\/","title":{"rendered":"AXIS D2110-VE Sicherheitsradar mit 180\u00b0-Rundum\u00fcberwachung rund um die Uhr und integrierter Analytik"},"content":{"rendered":"<h1>AXIS D2110-VE Sicherheitsradar mit 180\u00b0-Rundum\u00fcberwachung rund um die Uhr und integrierter Analytik<\/h1>\n<div class=\"dad65929\">\n<div class=\"_4f9bf79 d7dc56a8\">\n<div class=\"ds-message _63c77b1\">\n<div class=\"ds-markdown\">\n<div class=\"dad65929\">\n<div class=\"_4f9bf79 d7dc56a8 _43c05b5\">\n<div class=\"ds-message _63c77b1\">\n<div class=\"ds-markdown\">\n<p class=\"ds-markdown-paragraph\">Das AXIS D2110-VE Sicherheitsradar stellt einen wichtigen Fortschritt im Bereich des Perimeterschutzes dar und bietet eine intelligente, netzwerkbasierte L\u00f6sung, die auf fortschrittlicher Frequency Modulated Continuous Wave (FMCW)-Radartechnologie basiert.<\/p>\n<p class=\"ds-markdown-paragraph\">Es ist f\u00fcr den 24\/7-Betrieb ausgelegt und bietet eine umfassende 180\u00b0-Abdeckung, was es zu einem unverzichtbaren Werkzeug f\u00fcr den Schutz von Au\u00dfenbereichen wie Industrieparks, Parkpl\u00e4tzen und Laderampen macht, selbst bei Dunkelheit oder extremen Wetterbedingungen.<\/p>\n<p class=\"ds-markdown-paragraph\">Eine Kernst\u00e4rke des D2110-VE liegt in seiner hochentwickelten, integrierten Analytik. Diese wurde mithilfe von Algorithmen des maschinellen und tiefen Lernens entwickelt und erm\u00f6glicht es dem Ger\u00e4t, nicht nur Bewegungen zu erkennen, sondern auch Objekte wie Personen, Fahrzeuge oder unbekannte Typen pr\u00e4zise zu klassifizieren.<\/p>\n<p class=\"ds-markdown-paragraph\">Diese pr\u00e4zise Klassifizierung, kombiniert mit der F\u00e4higkeit, Entfernung, Richtung und Geschwindigkeit eines Objekts zu verfolgen, f\u00fchrt zu einer drastischen Reduzierung der Fehlalarmrate.<\/p>\n<p class=\"ds-markdown-paragraph\">Dadurch k\u00f6nnen sich die Sicherheitskr\u00e4fte auf reale Bedrohungen konzentrieren, was die operative Effizienz und die Reaktionszeit verbessert.<\/p>\n<p class=\"ds-markdown-paragraph\">Das Radar bietet zwei spezialisierte \u00dcberwachungsprofile. Das \u201eBereichs\u00fcberwachungsprofil\u201c ist f\u00fcr den allgemeinen Perimeterschutz optimiert und erkennt Personen in einem Abstand von 3 bis 60 Metern und Fahrzeuge in einem Abstand von 3 bis 85 Metern.<\/p>\n<p class=\"ds-markdown-paragraph\">Das \u201eRoad Monitoring Profile\u201c ist speziell f\u00fcr die Verkehrs\u00fcberwachung entwickelt und erfasst Fahrzeuge effektiv bei Geschwindigkeiten bis zu 105 km\/h in Entfernungen zwischen 30 und 60 Metern.<\/p>\n<p class=\"ds-markdown-paragraph\">Mit einem breiten Erfassungsfeld von 180 Grad horizontal kann ein einzelnes Ger\u00e4t bis zu 11.300 m\u00b2 Fahrzeugfl\u00e4che abdecken und so den Schutz gro\u00dfer Bereiche mit weniger Ger\u00e4ten gew\u00e4hrleisten.<\/p>\n<p class=\"ds-markdown-paragraph\">Integration und Skalierbarkeit sind beim D2110-VE nahtlos. Dank seiner \u201eintelligenten Koexistenz\u201c-Funktion k\u00f6nnen mehrere Radarger\u00e4te in unmittelbarer N\u00e4he ohne gegenseitige St\u00f6rungen installiert werden.<\/p>\n<p class=\"ds-markdown-paragraph\">Beispielsweise k\u00f6nnen zwei Ger\u00e4te R\u00fccken an R\u00fccken montiert werden, um eine vollst\u00e4ndige 360\u00b0-Abdeckung zu erreichen. Der integrierte PoE-Ausgang vereinfacht die Installation und reduziert den Kabelsalat, da das Radar ein zus\u00e4tzliches Ger\u00e4t mit Strom versorgen kann, etwa eine Kamera zur visuellen \u00dcberpr\u00fcfung oder einen Netzwerklautsprecher zur akustischen Abschreckung.<\/p>\n<p class=\"ds-markdown-paragraph\">Das Ger\u00e4t ist auf Langlebigkeit ausgelegt und verf\u00fcgt \u00fcber ein Geh\u00e4use mit Schutzart IP66, IK08 und NEMA 4X, das Schutz gegen Staub, Wasser und physische St\u00f6\u00dfe bietet.<\/p>\n<p class=\"ds-markdown-paragraph\">Es arbeitet zuverl\u00e4ssig bei extremen Temperaturen von -40 \u00b0C bis 60 \u00b0C. Die Stromversorgungsoptionen sind flexibel und unterst\u00fctzen Power over Ethernet (IEEE 802.3at oder 802.3bt f\u00fcr PoE-Ausgang) oder einen 8-28V DC-Eingang.<\/p>\n<p class=\"ds-markdown-paragraph\">Aus Sicht der Systemintegration ist die D2110-VE \u00e4u\u00dferst vielseitig. Sie unterst\u00fctzt offene APIs wie VAPIX\u00ae und die AXIS Camera Application Platform (ACAP) und erm\u00f6glicht so die Installation von Drittanbieteranwendungen und kundenspezifischen L\u00f6sungen.<\/p>\n<p class=\"ds-markdown-paragraph\">Es bietet au\u00dferdem die M\u00f6glichkeit, mit einem Klick eine Verbindung zu ONVIF-Profilen herzustellen, um die Integration in verschiedene VMS (Videomanagementsysteme) zu vereinfachen.<\/p>\n<p class=\"ds-markdown-paragraph\">Das Ger\u00e4t kann basierend auf erkannten Ereignissen eine Vielzahl von Aktionen ausl\u00f6sen, wie z. B. das Versenden von E-Mail-Benachrichtigungen, das Aktivieren externer Ausg\u00e4nge oder das Starten der Aufzeichnung auf \u201eEdge-Speicher\u201c \u00fcber microSD-Karte oder NAS.<\/p>\n<p class=\"ds-markdown-paragraph\">Mithilfe von unterst\u00fctzender Software wie AXIS Radar Autotracking f\u00fcr PTZ-Kameras kann das Radar eine PTZ-Kamera auf den Standort eines erkannten Eindringlings ausrichten, um eine sofortige visuelle Best\u00e4tigung zu erm\u00f6glichen.<\/p>\n<p class=\"ds-markdown-paragraph\">Dadurch entsteht ein leistungsstarkes, automatisiertes \u00dcberwachungssystem, das das Lagebewusstsein verbessert.<\/p>\n<p class=\"ds-markdown-paragraph\">Zusammenfassend l\u00e4sst sich sagen, dass das AXIS D2110-VE Sicherheitsradar eine robuste, intelligente und vielseitige L\u00f6sung f\u00fcr moderne Sicherheitsanforderungen darstellt.<\/p>\n<p class=\"ds-markdown-paragraph\">Die Kombination aus zuverl\u00e4ssiger Radarsensorik, pr\u00e4ziser Analyse, geringer Fehlalarmrate und einfacher Integration macht es zu einer ausgezeichneten Wahl f\u00fcr Organisationen, die ihren Perimeterschutz verst\u00e4rken und die Sicherheit ihrer Anlagen und Mitarbeiter rund um die Uhr gew\u00e4hrleisten m\u00f6chten.<\/p>\n<p class=\"ds-markdown-paragraph\"><strong>Wichtigste Spezifikationen:<\/strong><\/p>\n<ul>\n<li>\n<p class=\"ds-markdown-paragraph\"><strong>Technik:<\/strong>\u00a0Phased-Array-FMCW-Radar<\/p>\n<\/li>\n<li>\n<p class=\"ds-markdown-paragraph\"><strong>Abdeckung:<\/strong>\u00a0180\u00b0<\/p>\n<\/li>\n<li>\n<p class=\"ds-markdown-paragraph\"><strong>Maximale Reichweite:<\/strong>\u00a085 m f\u00fcr Fahrzeuge<\/p>\n<\/li>\n<li>\n<p class=\"ds-markdown-paragraph\"><strong>Einstufung:<\/strong>\u00a0Personen, Fahrzeuge<\/p>\n<\/li>\n<li>\n<p class=\"ds-markdown-paragraph\"><strong>Stromversorgung:<\/strong>\u00a0PoE (IEEE 802.3at\/bt) oder 8\u201328 V DC<\/p>\n<\/li>\n<li>\n<p class=\"ds-markdown-paragraph\"><strong>Schutzklasse:<\/strong>\u00a0IP66, IK08, NEMA 4X<\/p>\n<\/li>\n<li>\n<p class=\"ds-markdown-paragraph\"><strong>Garantie:<\/strong>\u00a05 Jahre Garantie<\/p>\n<\/li>\n<\/ul>\n<\/div>\n<\/div>\n<\/div>\n<\/div>\n<\/div>\n<\/div>\n<\/div>\n<\/div>","protected":false},"excerpt":{"rendered":"<p>Das AXIS D2110-VE Sicherheitsradar ist ein intelligentes, netzwerkbasiertes Sicherheitsger\u00e4t, das mit fortschrittlicher Radartechnologie eine zuverl\u00e4ssige 180\u00b0-Bereichsabdeckung rund um die Uhr gew\u00e4hrleistet.<\/p>\n<p>Die integrierte Analytik, die auf maschinellem Lernen basiert, erkennt, klassifiziert und verfolgt Personen und Fahrzeuge zuverl\u00e4ssig mit einer sehr niedrigen Fehlalarmrate.<\/p>\n<p>Es eignet sich ideal zum Schutz von Au\u00dfenbereichen wie Industrieanlagen, Parkpl\u00e4tzen und Laderampen nach Betriebsschluss und gew\u00e4hrleistet eine kontinuierliche \u00dcberwachung unabh\u00e4ngig von Licht- und Wetterbedingungen.<\/p>","protected":false},"featured_media":160197,"template":"","meta":{"_acf_changed":false},"product_brand":[],"product_cat":[4953],"product_tag":[],"class_list":{"0":"post-160202","1":"product","2":"type-product","3":"status-publish","4":"has-post-thumbnail","6":"product_cat-axis-radar","7":"pa_brands-axis","8":"pa_farg-vit","9":"tm-no-options","11":"first","12":"onbackorder","13":"sale","14":"taxable","15":"shipping-taxable","16":"purchasable","17":"product-type-simple"},"acf":[],"_links":{"self":[{"href":"https:\/\/secureus.se\/de\/wp-json\/wp\/v2\/product\/160202","targetHints":{"allow":["GET"]}}],"collection":[{"href":"https:\/\/secureus.se\/de\/wp-json\/wp\/v2\/product"}],"about":[{"href":"https:\/\/secureus.se\/de\/wp-json\/wp\/v2\/types\/product"}],"wp:featuredmedia":[{"embeddable":true,"href":"https:\/\/secureus.se\/de\/wp-json\/wp\/v2\/media\/160197"}],"wp:attachment":[{"href":"https:\/\/secureus.se\/de\/wp-json\/wp\/v2\/media?parent=160202"}],"wp:term":[{"taxonomy":"product_brand","embeddable":true,"href":"https:\/\/secureus.se\/de\/wp-json\/wp\/v2\/product_brand?post=160202"},{"taxonomy":"product_cat","embeddable":true,"href":"https:\/\/secureus.se\/de\/wp-json\/wp\/v2\/product_cat?post=160202"},{"taxonomy":"product_tag","embeddable":true,"href":"https:\/\/secureus.se\/de\/wp-json\/wp\/v2\/product_tag?post=160202"}],"curies":[{"name":"wp","href":"https:\/\/api.w.org\/{rel}","templated":true}]}}