{"id":160300,"date":"2025-11-21T10:58:58","date_gmt":"2025-11-21T09:58:58","guid":{"rendered":"https:\/\/secureus.se\/ateco-vd-6295-60-kapslad-varmedetektor-varmedetektor-60-grader\/"},"modified":"2026-03-30T14:25:06","modified_gmt":"2026-03-30T12:25:06","slug":"ateco-vd-6295-60-kapslad-varmedetektor-varmedetektor-60-grader","status":"publish","type":"product","link":"https:\/\/secureus.se\/de\/ateco-vd-6295-60-kapslad-varmedetektor-varmedetektor-60-grader\/","title":{"rendered":"Ateco VD-6295-60 Geschlossener W\u00e4rmemelder, W\u00e4rmemelder 60 Grad"},"content":{"rendered":"<div class=\"headernamehrnone\">Der Panasonic 6295 ist ein gekapselter, konventioneller Maximaltemperaturmelder (IP67). Der W\u00e4rmesensor im Melder ist ein Bimetallsensor. Die Melder verf\u00fcgen \u00fcber eine LED-Anzeige (nicht beim 120\u00b0-Melder) und einen Ausgang f\u00fcr zus\u00e4tzliche Anzeigen. Im Lieferumfang sind drei Kabelverschraubungen enthalten. Die Melder der Serie 629X sind polarit\u00e4tsunabh\u00e4ngig. Der Melder ist ATEX-klassifiziert. Zus\u00e4tzlich werden drei Reduzierst\u00fccke f\u00fcr Kabelverschraubungen f\u00fcr Kabelquerschnitte von 3\u201310 mm mitgeliefert. Das Gewinde der Schraubbefestigung ist PF \u00bd&quot;. Die Polarit\u00e4t des E-Ausgangs entspricht immer der Kennzeichnung, unabh\u00e4ngig von der Polarit\u00e4t der Anschl\u00fcsse A und B. Die Melder sind nach CPD und DoP zertifiziert.<\/div>\n<div><\/div>\n<div class=\"row headername\">\n<div class=\"item-header rd-hyg-item-header\"><strong>Hauptmerkmale<\/strong><\/div>\n<div class=\"row\">\n<ul>\n<li>Gekapselter konventioneller Maximaltemperaturdetektor (IP67)<\/li>\n<li>Bimetallischer W\u00e4rmesensor f\u00fcr zuverl\u00e4ssige Detektion<\/li>\n<li>Ausgestattet mit LED-Anzeige (au\u00dfer 120\u00b0-Detektor)<\/li>\n<li>Enth\u00e4lt 3 Kabelverschraubungen f\u00fcr eine einfache Installation<\/li>\n<li>Polarit\u00e4tsunabh\u00e4ngig f\u00fcr flexible Verkabelung<\/li>\n<li>ATEX-zertifiziert f\u00fcr Sicherheit in explosionsgef\u00e4hrdeten Bereichen<\/li>\n<li>Zertifiziert nach CPD- und DoP-Standards<\/li>\n<\/ul>\n<\/div>\n<\/div>","protected":false},"excerpt":{"rendered":"<ul class=\"UnorderedListStyle--1koui9a ksyVRL mainfeatureslist\">\n<li class=\"ListItemStyle--1yqofwy kEFzCE\">Gekapselter konventioneller Maximaltemperaturdetektor (IP67)<\/li>\n<li class=\"ListItemStyle--1yqofwy kEFzCE\">Bimetallischer W\u00e4rmesensor f\u00fcr zuverl\u00e4ssige Detektion<\/li>\n<li class=\"ListItemStyle--1yqofwy kEFzCE\">Ausgestattet mit LED-Anzeige (au\u00dfer 120\u00b0-Detektor)<\/li>\n<\/ul>","protected":false},"featured_media":160299,"template":"","meta":{"_acf_changed":false},"product_brand":[],"product_cat":[4157],"product_tag":[],"class_list":{"0":"post-160300","1":"product","2":"type-product","3":"status-publish","4":"has-post-thumbnail","6":"product_cat-varmedetektor","7":"pa_brands-ateco","8":"pa_farg-vit","9":"tm-no-options","11":"first","12":"instock","13":"taxable","14":"shipping-taxable","15":"purchasable","16":"product-type-simple"},"acf":[],"_links":{"self":[{"href":"https:\/\/secureus.se\/de\/wp-json\/wp\/v2\/product\/160300","targetHints":{"allow":["GET"]}}],"collection":[{"href":"https:\/\/secureus.se\/de\/wp-json\/wp\/v2\/product"}],"about":[{"href":"https:\/\/secureus.se\/de\/wp-json\/wp\/v2\/types\/product"}],"wp:featuredmedia":[{"embeddable":true,"href":"https:\/\/secureus.se\/de\/wp-json\/wp\/v2\/media\/160299"}],"wp:attachment":[{"href":"https:\/\/secureus.se\/de\/wp-json\/wp\/v2\/media?parent=160300"}],"wp:term":[{"taxonomy":"product_brand","embeddable":true,"href":"https:\/\/secureus.se\/de\/wp-json\/wp\/v2\/product_brand?post=160300"},{"taxonomy":"product_cat","embeddable":true,"href":"https:\/\/secureus.se\/de\/wp-json\/wp\/v2\/product_cat?post=160300"},{"taxonomy":"product_tag","embeddable":true,"href":"https:\/\/secureus.se\/de\/wp-json\/wp\/v2\/product_tag?post=160300"}],"curies":[{"name":"wp","href":"https:\/\/api.w.org\/{rel}","templated":true}]}}