{"id":160378,"date":"2025-11-24T15:14:31","date_gmt":"2025-11-24T14:14:31","guid":{"rendered":"https:\/\/secureus.se\/metallkapsling-till-easyline-4g\/"},"modified":"2026-03-27T15:07:07","modified_gmt":"2026-03-27T14:07:07","slug":"metallkapsling-till-easyline-4g","status":"publish","type":"product","link":"https:\/\/secureus.se\/de\/metallkapsling-till-easyline-4g\/","title":{"rendered":"Metallgeh\u00e4use f\u00fcr EasyLine 4G"},"content":{"rendered":"<h1>Metallgeh\u00e4use f\u00fcr EasyLine 4G-Sender<\/h1>\n<p class=\"ds-markdown-paragraph\">Vorgebohrte L\u00f6cher f\u00fcr die korrekte Montage des EasyLine 4G-Moduls.<\/p>\n<p class=\"ds-markdown-paragraph\">Die GSM\/GPRS-Module k\u00f6nnen problemlos in dem Metallgeh\u00e4use montiert werden, das mit einem Sabotageschalter und einem Kunststoffabstandshalter ausgestattet ist.<\/p>\n<p class=\"ds-markdown-paragraph\"><strong>Beschreibung:<\/strong><br \/>\nEingebauter Sabotageschalter<br \/>\nDas Modul enth\u00e4lt Befestigungsklammern.<br \/>\nDie Metallt\u00fcr l\u00e4sst sich mit einer Handbewegung entfernen.<br \/>\nEingebauter Sabotageschalter.<br \/>\nVorbereitete \u00d6ffnungen f\u00fcr Easyline 4G-Sender sind vorhanden.<br \/>\nDie Metallt\u00fcr l\u00e4sst sich leicht abnehmen.<\/p>\n<p>Abmessungen: 125 mm (Breite) x 155 mm (H\u00f6he) x 52 mm (Tiefe) + 8 mm (Abstand)<\/p>","protected":false},"excerpt":{"rendered":"<p>Diese robuste Metallbox wurde speziell f\u00fcr die sichere Aufbewahrung und den Schutz Ihres Easyline 4G-Senders entwickelt.<\/p>\n<p>&nbsp;<\/p>","protected":false},"featured_media":160373,"template":"","meta":{"_acf_changed":false},"product_brand":[],"product_cat":[3323,1551],"product_tag":[],"class_list":{"0":"post-160378","1":"product","2":"type-product","3":"status-publish","4":"has-post-thumbnail","6":"product_cat-kapsling","7":"product_cat-larmoverforing","8":"pa_brands-asc","9":"tm-no-options","11":"first","12":"instock","13":"sale","14":"taxable","15":"shipping-taxable","16":"purchasable","17":"product-type-simple"},"acf":[],"_links":{"self":[{"href":"https:\/\/secureus.se\/de\/wp-json\/wp\/v2\/product\/160378","targetHints":{"allow":["GET"]}}],"collection":[{"href":"https:\/\/secureus.se\/de\/wp-json\/wp\/v2\/product"}],"about":[{"href":"https:\/\/secureus.se\/de\/wp-json\/wp\/v2\/types\/product"}],"wp:featuredmedia":[{"embeddable":true,"href":"https:\/\/secureus.se\/de\/wp-json\/wp\/v2\/media\/160373"}],"wp:attachment":[{"href":"https:\/\/secureus.se\/de\/wp-json\/wp\/v2\/media?parent=160378"}],"wp:term":[{"taxonomy":"product_brand","embeddable":true,"href":"https:\/\/secureus.se\/de\/wp-json\/wp\/v2\/product_brand?post=160378"},{"taxonomy":"product_cat","embeddable":true,"href":"https:\/\/secureus.se\/de\/wp-json\/wp\/v2\/product_cat?post=160378"},{"taxonomy":"product_tag","embeddable":true,"href":"https:\/\/secureus.se\/de\/wp-json\/wp\/v2\/product_tag?post=160378"}],"curies":[{"name":"wp","href":"https:\/\/api.w.org\/{rel}","templated":true}]}}