{"id":160691,"date":"2025-12-05T12:36:20","date_gmt":"2025-12-05T11:36:20","guid":{"rendered":"https:\/\/secureus.se\/?post_type=product&#038;p=160691"},"modified":"2026-02-09T16:19:16","modified_gmt":"2026-02-09T15:19:16","slug":"pro-battery-750mah-li-polymer-batteri-for-asc-pro-produktfamiljen","status":"publish","type":"product","link":"https:\/\/secureus.se\/de\/pro-battery-750mah-li-polymer-batteri-for-asc-pro-produktfamiljen\/","title":{"rendered":"PRO-Akku \u2013 750-mAh-Li-Polymer-Akku f\u00fcr die ASC PRO-Produktfamilie"},"content":{"rendered":"<p><strong>750 mAh Li-Polymer-Akku<\/strong><br \/>\nErm\u00f6glicht die Meldung von Stromausf\u00e4llen (per SMS, Sprachanruf oder Contact ID). Zudem gew\u00e4hrleistet es den unterbrechungsfreien Betrieb des Ger\u00e4ts.<\/p>\n<table>\n<tbody>\n<tr>\n<td><strong>Eigentum<\/strong><\/td>\n<td><strong>Wert<\/strong><\/td>\n<\/tr>\n<tr>\n<td>3,7 V, 750 mAh Li-Polymer-Akku<\/td>\n<td><\/td>\n<\/tr>\n<tr>\n<td>Das GSM-Modul steuert den Ladevorgang des Akkus.<\/td>\n<td><\/td>\n<\/tr>\n<tr>\n<td>Die Batterie verf\u00fcgt \u00fcber einen speziellen Anschluss f\u00fcr die einfache Verbindung mit dem Kommunikator.<\/td>\n<td><\/td>\n<\/tr>\n<tr>\n<td>Arbeitstemperatur<\/td>\n<td>-20\u00b0C bis +50\u00b0C<\/td>\n<\/tr>\n<\/tbody>\n<\/table>","protected":false},"excerpt":{"rendered":"<ul>\n<li>Erm\u00f6glicht den ununterbrochenen Betrieb des Moduls.<\/li>\n<li>Im Falle eines Stromausfalls sendet das Modul eine Benachrichtigung.<\/li>\n<\/ul>","protected":false},"featured_media":160689,"template":"","meta":{"_acf_changed":false},"product_brand":[],"product_cat":[1551],"product_tag":[],"class_list":{"0":"post-160691","1":"product","2":"type-product","3":"status-publish","4":"has-post-thumbnail","6":"product_cat-larmoverforing","7":"pa_brands-asc","8":"tm-no-options","10":"first","11":"instock","12":"taxable","13":"shipping-taxable","14":"purchasable","15":"product-type-simple"},"acf":[],"_links":{"self":[{"href":"https:\/\/secureus.se\/de\/wp-json\/wp\/v2\/product\/160691","targetHints":{"allow":["GET"]}}],"collection":[{"href":"https:\/\/secureus.se\/de\/wp-json\/wp\/v2\/product"}],"about":[{"href":"https:\/\/secureus.se\/de\/wp-json\/wp\/v2\/types\/product"}],"wp:featuredmedia":[{"embeddable":true,"href":"https:\/\/secureus.se\/de\/wp-json\/wp\/v2\/media\/160689"}],"wp:attachment":[{"href":"https:\/\/secureus.se\/de\/wp-json\/wp\/v2\/media?parent=160691"}],"wp:term":[{"taxonomy":"product_brand","embeddable":true,"href":"https:\/\/secureus.se\/de\/wp-json\/wp\/v2\/product_brand?post=160691"},{"taxonomy":"product_cat","embeddable":true,"href":"https:\/\/secureus.se\/de\/wp-json\/wp\/v2\/product_cat?post=160691"},{"taxonomy":"product_tag","embeddable":true,"href":"https:\/\/secureus.se\/de\/wp-json\/wp\/v2\/product_tag?post=160691"}],"curies":[{"name":"wp","href":"https:\/\/api.w.org\/{rel}","templated":true}]}}