{"id":160700,"date":"2025-12-05T12:27:40","date_gmt":"2025-12-05T11:27:40","guid":{"rendered":"https:\/\/secureus.se\/?post_type=product&#038;p=160700"},"modified":"2026-02-09T16:19:14","modified_gmt":"2026-02-09T15:19:14","slug":"procon-4g-cloud-4g-sandare-och-fjarrstyrning-med-5-ingangar-och-1-relautgang","status":"publish","type":"product","link":"https:\/\/secureus.se\/de\/procon-4g-cloud-4g-sandare-och-fjarrstyrning-med-5-ingangar-och-1-relautgang\/","title":{"rendered":"ProCon 4G Cloud \u2013 4G-Sender und Fernbedienung mit 5 Eing\u00e4ngen und 1 Relaisausgang"},"content":{"rendered":"<p><strong>Die Kernaussage von ProCon 4G Cloud:<\/strong> Ein professioneller 4G GSM\/GPRS-Kommunikator, der als Fern\u00fcberwachungsmodul, Torsteuerung \u00fcber kostenlose Anrufe und auch als komplettes eigenst\u00e4ndiges Alarmsystem fungiert.<\/p>\n<h2><strong>Hauptmerkmale auf einen Blick<\/strong><\/h2>\n<p><strong>GSM\/2G\/3G\/4G-Kommunikationsger\u00e4t und GPRS-Sender<\/strong> das auch als eigenst\u00e4ndiges Alarmpanel verwendet werden kann. <strong>5 Eing\u00e4nge<\/strong> zur Signalsteuerung (Alarm, Sabotage, Strom\u00fcberwachung, Lebenszeichen usw.) und <strong>1 NO\/NC-Relaisausgang<\/strong>Kann mit +1 \/ +3 \/ +8 Relaismodulen erweitert werden.<\/p>\n<h2><strong>Alarm und Benachrichtigung<\/strong><\/h2>\n<p>SMS, Sprachanrufe (Sirenensignal oder Sprachnachricht) und Contact ID-Kommunikation bis zu <strong>8 Telefonnummern<\/strong> und\/oder Fern\u00fcberwachung basierend auf eingehenden Ereignissen. Individuelle SMS-Texte, separate Einstellung der Klingeldauer, Wahlwiederholung und Klingelschleifenfunktion.<\/p>\n<h2><strong>Ausgang und Steuerung<\/strong><\/h2>\n<p>1 Relaisausgang kann per kostenlosem Sprachanruf gesteuert werden: \u2013 Unbegrenzte Anzahl von Nummern ohne Anrufer-ID \u2013 Bis zu <strong>1.000 Zahlen<\/strong> mit Nummernidentifizierung<\/p>\n<p>Monostabile (zeitgesteuerte, max. 65.000 ms) oder bistabile Funktion, steuerbar \u00fcber Telefonanrufe, SMS und DTMF-Codes.<\/p>\n<h2><strong>Eigenst\u00e4ndige Alarmzentrale<\/strong><\/h2>\n<p>Kann als eigenst\u00e4ndiges Programm verwendet werden <strong>4-Zonen-GSM-Alarmsystem<\/strong> mit individuellen Zonen- und Contact-ID-Codes. Der Relaisausgang steuert die Sirene, und das System kann per geb\u00fchrenfreiem Anruf scharf-\/unscharfgeschaltet werden. Inklusive Sabotage-Eingang und Werksreset \u00fcber Sabotage-Taster. Erweiterbar mit <strong>Ex-Alarmmodul<\/strong> Es bietet Sirenen-, Status- und Piezo-Ausgangssignal sowie eine Schl\u00fcsselschaltersteuerung.<\/p>\n<h2><strong>Sicherheit, Protokollierung und Stromversorgung<\/strong><\/h2>\n<p>Eingebaut <strong>Anti-Jammer-System (AJS)<\/strong> das vor GSM-St\u00f6rungen sch\u00fctzt und im Falle von Sabotage einen Alarm ausl\u00f6st\/einen Ausgang aktiviert. Protokolle <strong>16.000 Veranstaltungen<\/strong> (Eing\u00e4nge, Ausg\u00e4nge, Signalst\u00e4rke, Stromausfall, Anrufe, SMS) und zeichnet st\u00fcndlich das GSM-Signal auf. Die Diagramme k\u00f6nnen mittels PC-Software analysiert werden. Die Option <strong>ProBattery<\/strong> gew\u00e4hrleistet eine vollst\u00e4ndige Stromausfallanzeige und bis zu <strong>24 Stunden<\/strong> Sicherungsvorgang.<\/p>\n<h2><strong>Programmier- und Cloud-F\u00e4higkeiten<\/strong><\/h2>\n<p>Konfiguration per SMS, Sprachmen\u00fc oder PC (USB\/Bluetooth\/WLAN mit ProRead). <strong>ASCloud Manager<\/strong> Web-Oberfl\u00e4che und <strong>Cloud Manager<\/strong> Die mobile App bietet Fernprogrammierung, Ausgangssteuerung, Benutzerrechte und cloudbasierte Steuerungssymbole (monostabil\/bistabil, Zeitsteuerung).<\/p>\n<h2><strong>SIM-Funktionen und Zusatzdienste<\/strong><\/h2>\n<p>Unterst\u00fctzung f\u00fcr die Weiterleitung eingehender SMS an eine andere Nummer.<\/p>\n<p><strong>Einsatzgebiete:<\/strong><\/p>\n<ul>\n<li>GSM\/GPRS-\u00dcbertragung f\u00fcr Alarmzentralen<\/li>\n<li>Eigenst\u00e4ndiges Alarmsystem<\/li>\n<li>Steuerung von Toren, Schranken oder Garagentoren<\/li>\n<li>Hausautomation (Klimaanlage, Heizung, Sauna, Beleuchtung)<\/li>\n<li>\u00dcberwachung der Versorgungsspannung (230 V) und Alarmmeldung<\/li>\n<li>\u00dcberwachung und Neustart von Servern<\/li>\n<\/ul>","protected":false},"excerpt":{"rendered":"<p><strong>Das GSM\/2G\/3G\/4G-Kommunikationsger\u00e4t kann als eigenst\u00e4ndige Alarmzentrale verwendet werden.<\/strong><\/p>\n<ul>\n<li>5 kontaktgesteuerte Eing\u00e4nge<\/li>\n<li>1 NO\/NC-Relaisausgang, der entweder per SMS von einer unbegrenzten Anzahl von Telefonnummern oder per Sprachanruf von 1000 Telefonnummern gesteuert werden kann.<\/li>\n<li>Es k\u00f6nnen 8 Benachrichtigungstelefonnummern eingestellt werden<\/li>\n<li>SMS, Voicemail, Kontakt-ID-\u00dcbertragung<\/li>\n<li>Erweiterungsm\u00f6glichkeit<\/li>\n<li>GPRS-\u00dcbertragung an die Alarmzentrale \u00fcber Enigma- und SIA-IP-Protokolle<\/li>\n<li>Programmierung per SMS, PC und Android-App \u00fcber Bluetooth und Internet<\/li>\n<\/ul>","protected":false},"featured_media":160695,"template":"","meta":{"_acf_changed":false},"product_brand":[],"product_cat":[1551],"product_tag":[],"class_list":{"0":"post-160700","1":"product","2":"type-product","3":"status-publish","4":"has-post-thumbnail","6":"product_cat-larmoverforing","7":"pa_brands-asc","8":"tm-no-options","10":"first","11":"instock","12":"taxable","13":"shipping-taxable","14":"purchasable","15":"product-type-simple"},"acf":[],"_links":{"self":[{"href":"https:\/\/secureus.se\/de\/wp-json\/wp\/v2\/product\/160700","targetHints":{"allow":["GET"]}}],"collection":[{"href":"https:\/\/secureus.se\/de\/wp-json\/wp\/v2\/product"}],"about":[{"href":"https:\/\/secureus.se\/de\/wp-json\/wp\/v2\/types\/product"}],"wp:featuredmedia":[{"embeddable":true,"href":"https:\/\/secureus.se\/de\/wp-json\/wp\/v2\/media\/160695"}],"wp:attachment":[{"href":"https:\/\/secureus.se\/de\/wp-json\/wp\/v2\/media?parent=160700"}],"wp:term":[{"taxonomy":"product_brand","embeddable":true,"href":"https:\/\/secureus.se\/de\/wp-json\/wp\/v2\/product_brand?post=160700"},{"taxonomy":"product_cat","embeddable":true,"href":"https:\/\/secureus.se\/de\/wp-json\/wp\/v2\/product_cat?post=160700"},{"taxonomy":"product_tag","embeddable":true,"href":"https:\/\/secureus.se\/de\/wp-json\/wp\/v2\/product_tag?post=160700"}],"curies":[{"name":"wp","href":"https:\/\/api.w.org\/{rel}","templated":true}]}}