{"id":160832,"date":"2025-12-11T13:46:44","date_gmt":"2025-12-11T12:46:44","guid":{"rendered":"https:\/\/secureus.se\/slutbleck-easy-fix-22mm-mattsvart\/"},"modified":"2026-04-08T15:05:07","modified_gmt":"2026-04-08T13:05:07","slug":"slutbleck-easy-fix-22mm-mattsvart","status":"publish","type":"product","link":"https:\/\/secureus.se\/de\/slutbleck-easy-fix-22mm-mattsvart\/","title":{"rendered":"Endplatte Easy-Fix 2,2 mm Mattschwarz"},"content":{"rendered":"<p>AGB Easy-Fix XT ist eine Schlie\u00dfplatte, die speziell f\u00fcr T\u00fcrhersteller und -monteure entwickelt wurde. Die Schlie\u00dfplatte besteht aus einer einfachen Frontplatte mit einer leicht aufsteckbaren Abdeckung. Die Abdeckung ist nicht im Lieferumfang enthalten (siehe \u201eKombinieren mit\u201c). Passend f\u00fcr die Schlossgeh\u00e4use Polaris 2XT und Revolution XT.<\/p>\n<p><b>Eigenschaften:<\/b><\/p>\n<ul>\n<li>L\u00e4sst sich anschlie\u00dfend leicht einmahlen.<\/li>\n<li>Klickbarer Mantel<\/li>\n<li>Breite: 22 mm<\/li>\n<li>L\u00e4nge: 82 mm<\/li>\n<li>Dicke: 2,2 mm<\/li>\n<li>Zungengr\u00f6\u00dfe: 3 oder 5 mm ohne Zungendeckel<\/li>\n<\/ul>","protected":false},"excerpt":{"rendered":"<p>AGB Easy-Fix XT \u00e4r ett slutbleck designats f\u00f6r att g\u00f6ra det enkelt f\u00f6r d\u00f6rrtillverkare och m\u00f6nt\u00f6rer. Slutblecket \u00e4r en enkel front pl\u00e5t som kompletteras med en kappa som enkelt klickas<\/p>","protected":false},"featured_media":160831,"template":"","meta":{"_acf_changed":false},"product_brand":[],"product_cat":[4891],"product_tag":[],"class_list":{"0":"post-160832","1":"product","2":"type-product","3":"status-publish","4":"has-post-thumbnail","6":"product_cat-slutbleck-och-tillbehor","7":"pa_brands-agb","8":"tm-no-options","10":"first","11":"instock","12":"taxable","13":"shipping-taxable","14":"purchasable","15":"product-type-simple"},"acf":[],"_links":{"self":[{"href":"https:\/\/secureus.se\/de\/wp-json\/wp\/v2\/product\/160832","targetHints":{"allow":["GET"]}}],"collection":[{"href":"https:\/\/secureus.se\/de\/wp-json\/wp\/v2\/product"}],"about":[{"href":"https:\/\/secureus.se\/de\/wp-json\/wp\/v2\/types\/product"}],"wp:featuredmedia":[{"embeddable":true,"href":"https:\/\/secureus.se\/de\/wp-json\/wp\/v2\/media\/160831"}],"wp:attachment":[{"href":"https:\/\/secureus.se\/de\/wp-json\/wp\/v2\/media?parent=160832"}],"wp:term":[{"taxonomy":"product_brand","embeddable":true,"href":"https:\/\/secureus.se\/de\/wp-json\/wp\/v2\/product_brand?post=160832"},{"taxonomy":"product_cat","embeddable":true,"href":"https:\/\/secureus.se\/de\/wp-json\/wp\/v2\/product_cat?post=160832"},{"taxonomy":"product_tag","embeddable":true,"href":"https:\/\/secureus.se\/de\/wp-json\/wp\/v2\/product_tag?post=160832"}],"curies":[{"name":"wp","href":"https:\/\/api.w.org\/{rel}","templated":true}]}}