{"id":160947,"date":"2025-12-16T12:42:01","date_gmt":"2025-12-16T11:42:01","guid":{"rendered":"https:\/\/secureus.se\/?post_type=product&#038;p=160947"},"modified":"2026-04-08T16:38:02","modified_gmt":"2026-04-08T14:38:02","slug":"zebra-800010-140-ymco-ribbon-400-prints","status":"publish","type":"product","link":"https:\/\/secureus.se\/de\/zebra-800010-140-ymco-ribbon-400-prints\/","title":{"rendered":"Zebra YMCO-Farbband \u2013 800010-140 (400 Drucke)"},"content":{"rendered":"<h1>Schleife<br \/>\n  Zebra YMCO \u2013 800010-140 (400 Ausdrucke)<\/h1>\n<p>Zebra YMCO-Band \u2013 800010-140 (400 Drucke) ist ein Band<br \/>\n  zum Bedrucken von Plastikkarten mit kr\u00e4ftigen Farben, klarem Text und guter Qualit\u00e4t<br \/>\n  Das YMCO-Farbband bietet die richtige Kombination aus Farbfeldern und<br \/>\n  Schutzfolie f\u00fcr den professionellen Kartendruck.<\/p>\n<p>Geeignet f\u00fcr Ausweise, Zugangskarten, Mitgliedskarten und andere<br \/>\n  Plastikkarten, bei denen hohe Druckqualit\u00e4t und Zuverl\u00e4ssigkeit wichtig sind<br \/>\n  wichtig.<\/p>\n<ul>\n<li>Kapazit\u00e4t: bis zu 400 Ausdrucke<\/li>\n<li>Bandtyp: YMCO<\/li>\n<li>Originalprodukt<\/li>\n<li>Artikelnummer: 800010-140<\/li>\n<\/ul>\n<p><strong>Produktgewicht:<\/strong> 0,20 kg<\/p>","protected":false},"excerpt":{"rendered":"<p>Das Zebra 800010-140 YMCO Farbband ist ein hochwertiges 4-Panel-Farbband, das speziell f\u00fcr den Zebra ZC10L Kartendrucker entwickelt wurde.<\/p>\n<p>Das Farbband erm\u00f6glicht 400 Ausdrucke mit lebendigen Farben und einer sch\u00fctzenden Deckschicht und eignet sich daher ideal zum Drucken von gro\u00dfen G\u00e4steausweisen und VIP-P\u00e4ssen f\u00fcr Konferenzen, Festivals, Sportveranstaltungen und andere besondere Anl\u00e4sse.<\/p>","protected":false},"featured_media":160946,"template":"","meta":{"_acf_changed":false},"product_brand":[],"product_cat":[3218],"product_tag":[],"class_list":{"0":"post-160947","1":"product","2":"type-product","3":"status-publish","4":"has-post-thumbnail","6":"product_cat-zebra-fargband-retransfer","7":"pa_brands-zebra","8":"tm-has-options","10":"first","11":"instock","12":"sale","13":"taxable","14":"shipping-taxable","15":"purchasable","16":"product-type-simple"},"acf":[],"_links":{"self":[{"href":"https:\/\/secureus.se\/de\/wp-json\/wp\/v2\/product\/160947","targetHints":{"allow":["GET"]}}],"collection":[{"href":"https:\/\/secureus.se\/de\/wp-json\/wp\/v2\/product"}],"about":[{"href":"https:\/\/secureus.se\/de\/wp-json\/wp\/v2\/types\/product"}],"wp:featuredmedia":[{"embeddable":true,"href":"https:\/\/secureus.se\/de\/wp-json\/wp\/v2\/media\/160946"}],"wp:attachment":[{"href":"https:\/\/secureus.se\/de\/wp-json\/wp\/v2\/media?parent=160947"}],"wp:term":[{"taxonomy":"product_brand","embeddable":true,"href":"https:\/\/secureus.se\/de\/wp-json\/wp\/v2\/product_brand?post=160947"},{"taxonomy":"product_cat","embeddable":true,"href":"https:\/\/secureus.se\/de\/wp-json\/wp\/v2\/product_cat?post=160947"},{"taxonomy":"product_tag","embeddable":true,"href":"https:\/\/secureus.se\/de\/wp-json\/wp\/v2\/product_tag?post=160947"}],"curies":[{"name":"wp","href":"https:\/\/api.w.org\/{rel}","templated":true}]}}