{"id":161066,"date":"2025-12-22T10:46:31","date_gmt":"2025-12-22T09:46:31","guid":{"rendered":"https:\/\/secureus.se\/?post_type=product&#038;p=161066"},"modified":"2026-02-02T10:44:25","modified_gmt":"2026-02-02T09:44:25","slug":"risco-lightsys-air-larmpaket-med-knappsats-och-4g-vit","status":"publish","type":"product","link":"https:\/\/secureus.se\/de\/risco-lightsys-air-larmpaket-med-knappsats-och-4g-vit\/","title":{"rendered":"RISCO LightSYS Air Alarm Pack mit Tastatur und 4G - Wei\u00df"},"content":{"rendered":"<h2 data-start=\"602\" data-end=\"656\"><strong data-start=\"602\" data-end=\"654\">RISCO LightSYS Air Alarm Pack mit Tastatur - Wei\u00df<\/strong><\/h2>\n<p data-start=\"658\" data-end=\"825\">Dieses Paket enth\u00e4lt <strong data-start=\"681\" data-end=\"710\">LightSYS Air Zentraleinheit, 4G-Alarmsender f\u00fcr sichere Verbindung<\/strong>\u00a0und eins <strong data-start=\"718\" data-end=\"759\">Wei\u00dfes drahtloses 2-Wege-Tastenfeld mit N\u00e4herungssensor<\/strong>und bietet Ihnen damit eine vollst\u00e4ndige Basisl\u00f6sung f\u00fcr Zuhause oder Ihr Unternehmen.<\/p>\n<p data-start=\"827\" data-end=\"1159\"><strong data-start=\"829\" data-end=\"851\">128 Funkzonen<\/strong> \u2013 f\u00fcr flexible Anpassung<br data-start=\"877\" data-end=\"880\" \/><strong data-start=\"882\" data-end=\"915\">Integrierte WLAN- und IP-Module<\/strong> \u2013 stabile Verbindung von Anfang an<br data-start=\"947\" data-end=\"950\" \/><strong data-start=\"952\" data-end=\"975\">Zertifizierung der Stufe 2<\/strong> \u2013 entspricht den europ\u00e4ischen Sicherheitsstandards<br data-start=\"1018\" data-end=\"1021\" \/><strong data-start=\"1023\" data-end=\"1088\">Unterst\u00fctzt bis zu 32 Partitionen, 3 Sirenen und 8 Tastenfelder.<\/strong><br data-start=\"1088\" data-end=\"1091\" \/><strong data-start=\"1093\" data-end=\"1120\">Benutzerfreundliche Steuerung<\/strong> \u2013 \u00fcber Tastatur oder iRISCO-App<\/p>","protected":false},"excerpt":{"rendered":"<p>Komplettes RISCO LightSYS Air-Alarmierungspaket mit Zentraleinheit, 4g-Modul-Alarmsender und wei\u00dfem Keypad. WiFi &amp; IP standardm\u00e4\u00dfig enthalten.<\/p>","protected":false},"featured_media":161067,"template":"","meta":{"_acf_changed":false},"product_brand":[],"product_cat":[3357,4880],"product_tag":[],"class_list":{"0":"post-161066","1":"product","2":"type-product","3":"status-publish","4":"has-post-thumbnail","6":"product_cat-larmpaket-risco-larm","7":"product_cat-lightsys-air-v6","8":"tm-no-options","10":"first","11":"instock","12":"sale","13":"taxable","14":"shipping-taxable","15":"purchasable","16":"product-type-woosb"},"acf":[],"_links":{"self":[{"href":"https:\/\/secureus.se\/de\/wp-json\/wp\/v2\/product\/161066","targetHints":{"allow":["GET"]}}],"collection":[{"href":"https:\/\/secureus.se\/de\/wp-json\/wp\/v2\/product"}],"about":[{"href":"https:\/\/secureus.se\/de\/wp-json\/wp\/v2\/types\/product"}],"wp:featuredmedia":[{"embeddable":true,"href":"https:\/\/secureus.se\/de\/wp-json\/wp\/v2\/media\/161067"}],"wp:attachment":[{"href":"https:\/\/secureus.se\/de\/wp-json\/wp\/v2\/media?parent=161066"}],"wp:term":[{"taxonomy":"product_brand","embeddable":true,"href":"https:\/\/secureus.se\/de\/wp-json\/wp\/v2\/product_brand?post=161066"},{"taxonomy":"product_cat","embeddable":true,"href":"https:\/\/secureus.se\/de\/wp-json\/wp\/v2\/product_cat?post=161066"},{"taxonomy":"product_tag","embeddable":true,"href":"https:\/\/secureus.se\/de\/wp-json\/wp\/v2\/product_tag?post=161066"}],"curies":[{"name":"wp","href":"https:\/\/api.w.org\/{rel}","templated":true}]}}