{"id":161081,"date":"2025-11-21T12:45:37","date_gmt":"2025-11-21T11:45:37","guid":{"rendered":"https:\/\/secureus.se\/rokpatron-testifire-tes3\/"},"modified":"2026-04-08T16:00:08","modified_gmt":"2026-04-08T14:00:08","slug":"rokpatron-testifire-tes3","status":"publish","type":"product","link":"https:\/\/secureus.se\/de\/rokpatron-testifire-tes3\/","title":{"rendered":"Rauchpatrone Testifire-TES3"},"content":{"rendered":"<h1>Rauchpatrone Testifire-TES3<\/h1>\n<h3 data-start=\"364\" data-end=\"413\">Sichere und zuverl\u00e4ssige Rauchmelderpr\u00fcfung<\/h3>\n<p data-start=\"414\" data-end=\"729\">Die TES3-Rauchpatrone wurde speziell f\u00fcr die Verwendung mit dem Testifire XTR2 Multikriterien-Tester entwickelt und erm\u00f6glicht eine genaue und vorschriftsm\u00e4\u00dfige Pr\u00fcfung von Rauchmeldern.<\/p>\n<p data-start=\"414\" data-end=\"729\">Durch die Simulation von echtem Brandrauch k\u00f6nnen Funktion und Reaktion zuverl\u00e4ssig \u00fcberpr\u00fcft werden, ohne Benutzer oder die Umwelt Risiken auszusetzen.<\/p>\n<h3 data-start=\"731\" data-end=\"765\">Realistischer Rauch \u2013 ohne R\u00fcckst\u00e4nde<\/h3>\n<p data-start=\"766\" data-end=\"1055\">TES3 enth\u00e4lt ein Gel auf Glycerinbasis, das im Testifire XTR2 erhitzt wird und Rauch erzeugt, der sowohl optische als auch ionisierende Rauchmelder effektiv aktiviert.<\/p>\n<p data-start=\"766\" data-end=\"1055\">Nach Abschluss des Tests wird der Rauch vollst\u00e4ndig abgeleitet und hinterl\u00e4sst keine R\u00fcckst\u00e4nde im Detektor, wodurch der Bedarf an Nachbearbeitung und Reinigung minimiert wird.<\/p>\n<h3 data-start=\"1057\" data-end=\"1097\">Angepasst f\u00fcr dokumentierte Tests<\/h3>\n<p data-start=\"1098\" data-end=\"1350\">In Kombination mit der Testifire XTR2 App und dem Cloud-Portal kann jeder Test automatisch in Echtzeit protokolliert werden.<\/p>\n<p data-start=\"1098\" data-end=\"1350\">Dies bietet Brandschutzmanagern, Installateuren und Immobilieneigent\u00fcmern eine klare Dokumentation und R\u00fcckverfolgbarkeit, die den geltenden Anforderungen an \u00dcberwachung und Selbstinspektion entspricht.<\/p>\n<h3 data-start=\"1352\" data-end=\"1376\">Vorteile im \u00dcberblick<\/h3>\n<ul data-start=\"1377\" data-end=\"1662\">\n<li data-start=\"1377\" data-end=\"1431\">\n<p data-start=\"1379\" data-end=\"1431\">Sichere und ungef\u00e4hrliche Rauchpatrone ohne Druckbeaufschlagung<\/p>\n<\/li>\n<li data-start=\"1432\" data-end=\"1487\">\n<p data-start=\"1434\" data-end=\"1487\">Liefert hochrealistischen Rauch f\u00fcr zuverl\u00e4ssige Tests<\/p>\n<\/li>\n<li data-start=\"1488\" data-end=\"1530\">\n<p data-start=\"1490\" data-end=\"1530\">Keine Auswirkungen auf den Detektor nach dem Test<\/p>\n<\/li>\n<li data-start=\"1531\" data-end=\"1595\">\n<p data-start=\"1533\" data-end=\"1595\">Effektive L\u00f6sung f\u00fcr professionelle und wiederkehrende Inspektionen<\/p>\n<\/li>\n<li data-start=\"1596\" data-end=\"1662\">\n<p data-start=\"1598\" data-end=\"1662\">Vollst\u00e4ndig kompatibel mit Testifire XTR2 und dessen digitaler Protokollierung<\/p>\n<\/li>\n<\/ul>\n<p data-start=\"1664\" data-end=\"1691\">TECHNISCHE DATEN:<\/p>\n<ul data-start=\"1692\" data-end=\"1994\">\n<li data-start=\"1692\" data-end=\"1737\">\n<p data-start=\"1694\" data-end=\"1737\">Produktart: Rauchpatrone f\u00fcr Rauchmelderpr\u00fcfung<\/p>\n<\/li>\n<li data-start=\"1738\" data-end=\"1754\">\n<p data-start=\"1740\" data-end=\"1754\">Modell: TES3<\/p>\n<\/li>\n<li data-start=\"1755\" data-end=\"1789\">\n<p data-start=\"1757\" data-end=\"1789\">Kompatibilit\u00e4t: Testifire XTR2<\/p>\n<\/li>\n<li data-start=\"1790\" data-end=\"1824\">\n<p data-start=\"1792\" data-end=\"1824\">Testmedium: Rauch auf Glycerinbasis<\/p>\n<\/li>\n<li data-start=\"1825\" data-end=\"1881\">\n<p data-start=\"1827\" data-end=\"1881\">Detektortypen: Optische und ionisierende Rauchmelder<\/p>\n<\/li>\n<li data-start=\"1882\" data-end=\"1924\">\n<p data-start=\"1884\" data-end=\"1924\">Kapazit\u00e4t: Ungef\u00e4hr 800 Tests pro Kartusche<\/p>\n<\/li>\n<li data-start=\"1925\" data-end=\"1952\">\n<p data-start=\"1927\" data-end=\"1952\">R\u00fcckst\u00e4nde nach der Pr\u00fcfung: Keine<\/p>\n<\/li>\n<li data-start=\"1953\" data-end=\"1994\">\n<p data-start=\"1955\" data-end=\"1994\">Sicherheit: Ungef\u00e4hrlich und umweltfreundlich<\/p>\n<\/li>\n<\/ul>","protected":false},"excerpt":{"rendered":"<p>Die testifire-TES3 Rauchpatrone ist eine sichere und ungef\u00e4hrliche Rauchpatrone f\u00fcr die Funktionspr\u00fcfung von Rauchmeldern mit dem Testifire XTR2.<\/p>\n<p>Er erzeugt realistischen Testrauch, der sowohl optische als auch ionisierende Rauchmelder r\u00fcckstandsfrei ausl\u00f6st.<\/p>\n<p>Das Produkt ist f\u00fcr die professionelle Pr\u00fcfung in Geb\u00e4uden und Einrichtungen konzipiert.<\/p>","protected":false},"featured_media":161080,"template":"","meta":{"_acf_changed":false},"product_brand":[],"product_cat":[4757,5069,2946],"product_tag":[],"class_list":{"0":"post-161081","1":"product","2":"type-product","3":"status-publish","4":"has-post-thumbnail","6":"product_cat-xtr2","7":"product_cat-kassetter-rok-co","8":"product_cat-testifire","9":"pa_brands-testifire","10":"tm-no-options","12":"first","13":"instock","14":"taxable","15":"shipping-taxable","16":"purchasable","17":"product-type-simple"},"acf":[],"_links":{"self":[{"href":"https:\/\/secureus.se\/de\/wp-json\/wp\/v2\/product\/161081","targetHints":{"allow":["GET"]}}],"collection":[{"href":"https:\/\/secureus.se\/de\/wp-json\/wp\/v2\/product"}],"about":[{"href":"https:\/\/secureus.se\/de\/wp-json\/wp\/v2\/types\/product"}],"wp:featuredmedia":[{"embeddable":true,"href":"https:\/\/secureus.se\/de\/wp-json\/wp\/v2\/media\/161080"}],"wp:attachment":[{"href":"https:\/\/secureus.se\/de\/wp-json\/wp\/v2\/media?parent=161081"}],"wp:term":[{"taxonomy":"product_brand","embeddable":true,"href":"https:\/\/secureus.se\/de\/wp-json\/wp\/v2\/product_brand?post=161081"},{"taxonomy":"product_cat","embeddable":true,"href":"https:\/\/secureus.se\/de\/wp-json\/wp\/v2\/product_cat?post=161081"},{"taxonomy":"product_tag","embeddable":true,"href":"https:\/\/secureus.se\/de\/wp-json\/wp\/v2\/product_tag?post=161081"}],"curies":[{"name":"wp","href":"https:\/\/api.w.org\/{rel}","templated":true}]}}