{"id":161207,"date":"2022-07-04T07:51:01","date_gmt":"2022-07-04T05:51:01","guid":{"rendered":"https:\/\/secureus.se\/motorlas-6300-kpl-2\/"},"modified":"2026-02-26T17:34:51","modified_gmt":"2026-02-26T16:34:51","slug":"motorlas-6300-kpl-2","status":"publish","type":"product","link":"https:\/\/secureus.se\/de\/motorlas-6300-kpl-2\/","title":{"rendered":"Safetron Motorsperre 6300 kpl"},"content":{"rendered":"<p>SAFETRON Motorschloss 6300 in Setverpackung. Das Kit-Paket enth\u00e4lt: Motorschloss 6300, Steuereinheit CU2, Verbindungskabel C04 (10 m), Endplatte 106-5 und Rahmentransfer CT81.<\/p>\n<p>Das Motorschloss 6300 im Schmalprofil-Design l\u00f6st in 0,2 Sekunden, daher ist bei Hochfrequenzt\u00fcren in der Regel kein separates Tagesschloss erforderlich. Typische Einsatzgebiete sind Tag-, Nacht- und Sicherheitsschl\u00f6sser in Gewerbe, B\u00fcros und Industrie und dort, wo hohe bis sehr hohe Anforderungen an die Sicherheit gestellt werden. Das Motorschloss 6300 ist f\u00fcr die Zusammenarbeit mit der T\u00fcrautomatik geeignet.<\/p>\n<p>Die Steuereinheit CU2 bietet das gr\u00f6\u00dfte Anwendungsspektrum auf dem Markt und ist gleichzeitig die benutzerfreundlichste. Mit CU2 k\u00f6nnen zwei Motorschl\u00f6sser ohne Einschr\u00e4nkung des Signalaustauschs verbunden werden, das hei\u00dft, CU2 ist praktisch zwei Steuerger\u00e4te in einem. Es ist auch m\u00f6glich, AUX-Relais f\u00fcr die gew\u00fcnschte Funktion zu programmieren, z.B. Vollst\u00e4ndige Steuerung der T\u00fcrautomatisierung oder wesentlicher Funktionen.<\/p>\n<p>Die Steuereinheit CU2 verf\u00fcgt \u00fcber eine automatische Abtastung, wodurch die Installation Plug-and-Play erfolgt. Es ist keine Initiierung erforderlich, die Kopplung zwischen den Ger\u00e4ten erfolgt jedoch automatisch nach 12h, dann wird auch das Installationsdatum digital in den Ger\u00e4ten eingestellt, ab dem die Garantiezeit zu gelten beginnt.<\/p>\n<p>Sowohl das Schlossgeh\u00e4use als auch die Steuereinheit verf\u00fcgen \u00fcber ein integriertes navigierbares Display, das die Anpassung der Konfiguration sowie den Informationsabruf von z.B. Veranstaltungen und Installationstermine.<\/p>\n<p>\u2022 Zertifiziert nach SSF-3522 Schlossklasse 3, 4 und 5 und SS-EN 14846 Klasse 7<\/p>\n<p>\u2022 Hook-Regel<\/p>\n<p>\u2022 Angepasst f\u00fcr die T\u00fcrautomation<\/p>\n<p>\u2022 Bis zu 100 m Kabel<\/p>\n<p>\u2022 Automatische Initialisierung<\/p>\n<p>\u2022 Dorntiefe 35 mm<\/p>\n<p>\u2022 Deaktiviert f\u00fcr 0,2 Sekunden<\/p>\n<p>\u2022 Kann mit einem Schl\u00fcssel\/Knopf ge\u00f6ffnet werden (90-Grad-Drehung)<\/p>\n<p>\u2022 Servicemodul im Steuerger\u00e4t<\/p>\n<p>\u2022 Ereignisprotokoll<\/p>\n<p>\u2022 Fehlercodeprotokoll<\/p>\n<p>\u2022 Reihenschaltung von bis zu zwei Motorschl\u00f6ssern an eine Steuereinheit<\/p>\n<p>\u2022 Spannung: 10\u201348 VDC, 8\u201335 VAC, 60\u2013300 mA<\/p>\n<p>\u2022 Temperatur: -30 \u00b0C bis +70 \u00b0C<\/p>\n<p>\u2022 Passend f\u00fcr ovale und runde skandinavische Zylinder<\/p>","protected":false},"excerpt":{"rendered":"<p>SAFETRON Motorschloss 6300 in Setverpackung. Das Set-Paket enth\u00e4lt: Motorschloss 6300, Steuereinheit CU2, Anschlusskabel C04 (10m), Endplatte 106-5 und Rahmentransfer CT81. Die Motorsperre 6300 in Schmalbauweise rastet nach 0,2 Sekunden aus und wird daher ben\u00f6tigt<\/p>","protected":false},"featured_media":162720,"template":"","meta":{"_acf_changed":false},"product_brand":[],"product_cat":[2874],"product_tag":[4512,4542,4500,4866,4501],"class_list":{"0":"post-161207","1":"product","2":"type-product","3":"status-publish","4":"has-post-thumbnail","6":"product_cat-motorlas","7":"product_tag-motorlas-komplett-kpl","8":"product_tag-panikutrymning-nej","9":"product_tag-rel-safetron-motorlas","10":"product_tag-safetron-20","11":"product_tag-safetron-motorlas","12":"product_shipping_class-tunga-paket","13":"pa_brands-7safetron","14":"tm-no-options","16":"first","17":"instock","18":"sale","19":"featured","20":"taxable","21":"shipping-taxable","22":"purchasable","23":"product-type-simple"},"acf":[],"_links":{"self":[{"href":"https:\/\/secureus.se\/de\/wp-json\/wp\/v2\/product\/161207","targetHints":{"allow":["GET"]}}],"collection":[{"href":"https:\/\/secureus.se\/de\/wp-json\/wp\/v2\/product"}],"about":[{"href":"https:\/\/secureus.se\/de\/wp-json\/wp\/v2\/types\/product"}],"wp:featuredmedia":[{"embeddable":true,"href":"https:\/\/secureus.se\/de\/wp-json\/wp\/v2\/media\/162720"}],"wp:attachment":[{"href":"https:\/\/secureus.se\/de\/wp-json\/wp\/v2\/media?parent=161207"}],"wp:term":[{"taxonomy":"product_brand","embeddable":true,"href":"https:\/\/secureus.se\/de\/wp-json\/wp\/v2\/product_brand?post=161207"},{"taxonomy":"product_cat","embeddable":true,"href":"https:\/\/secureus.se\/de\/wp-json\/wp\/v2\/product_cat?post=161207"},{"taxonomy":"product_tag","embeddable":true,"href":"https:\/\/secureus.se\/de\/wp-json\/wp\/v2\/product_tag?post=161207"}],"curies":[{"name":"wp","href":"https:\/\/api.w.org\/{rel}","templated":true}]}}