{"id":161311,"date":"2026-01-07T12:58:07","date_gmt":"2026-01-07T11:58:07","guid":{"rendered":"https:\/\/secureus.se\/ajax-fireprotect-2-heat-co-endast-varme-och-co-vit\/"},"modified":"2026-04-10T13:53:35","modified_gmt":"2026-04-10T11:53:35","slug":"ajax-fireprotect-2-heat-co-endast-varme-och-co-vit","status":"publish","type":"product","link":"https:\/\/secureus.se\/de\/ajax-fireprotect-2-heat-co-endast-varme-och-co-vit\/","title":{"rendered":"Ajax FireProtect 2 RB (W\u00e4rme\/CO) - Nur W\u00e4rme und CO (Wei\u00df)"},"content":{"rendered":"<p data-start=\"594\" data-end=\"901\">Dieses hier <strong data-start=\"600\" data-end=\"647\">drahtloser W\u00e4rme- und Kohlenmonoxid-(CO)-Detektor<\/strong> wurde entwickelt, um zuverl\u00e4ssigen und fr\u00fchzeitigen Schutz vor Br\u00e4nden und gef\u00e4hrlichen Kohlenmonoxidgasen in Wohnh\u00e4usern und Geb\u00e4uden zu bieten. Der Detektor ist f\u00fcr folgende Zwecke vorgesehen: <strong data-start=\"782\" data-end=\"800\">Inneninstallation<\/strong> und ist mit beidem ausgestattet <strong data-start=\"826\" data-end=\"869\">eingebaute Sirene und deutliche LED-Anzeige<\/strong> zur sofortigen Warnung im Alarmfall.<\/p>\n<h3 data-start=\"903\" data-end=\"944\">Schutz vor Hitze und Kohlenmonoxid<\/h3>\n<p data-start=\"945\" data-end=\"1019\">Im Gegensatz zu herk\u00f6mmlichen Rauchmeldern reagiert dieser Melder auf Folgendes:<\/p>\n<ul data-start=\"1020\" data-end=\"1114\">\n<li data-start=\"1020\" data-end=\"1072\">\n<p data-start=\"1022\" data-end=\"1072\"><strong data-start=\"1022\" data-end=\"1072\">Schneller Temperaturanstieg oder hohe Temperaturen<\/strong><\/p>\n<\/li>\n<li data-start=\"1073\" data-end=\"1114\">\n<p data-start=\"1075\" data-end=\"1114\"><strong data-start=\"1075\" data-end=\"1112\">Gef\u00e4hrliche Kohlenmonoxidkonzentrationen (CO)<\/strong><\/p>\n<\/li>\n<\/ul>\n<p data-start=\"1116\" data-end=\"1223\">Im Alarmfall wird die eingebaute Sirene (85 dB) aktiviert und die LED-Anzeige leuchtet rot auf, um eine deutliche visuelle Warnung zu gew\u00e4hrleisten.<\/p>\n<h3 data-start=\"1225\" data-end=\"1263\">Interoperable Alarme im gesamten System<\/h3>\n<p data-start=\"1264\" data-end=\"1506\">Der Detektor kann so konfiguriert werden, dass <strong data-start=\"1298\" data-end=\"1365\">Alle Rauch-, W\u00e4rme- und Kohlenmonoxidmelder im System schlagen gleichzeitig Alarm.<\/strong> Wenn ein Melder aktiviert wird, ert\u00f6nt ein lauter und deutlicher Alarm im gesamten Geb\u00e4ude, selbst wenn ein Brand oder eine Kohlenmonoxid-Emission in einem anderen Raum auftritt.<\/p>\n<h3 data-start=\"1508\" data-end=\"1545\">Selbsttest und hohe Betriebssicherheit<\/h3>\n<p data-start=\"1546\" data-end=\"1639\">F\u00fcr maximale Sicherheit f\u00fchrt der Detektor folgende Funktionen aus: <strong data-start=\"1583\" data-end=\"1610\">regelm\u00e4\u00dfige Selbsttests<\/strong> und benachrichtigt Sie automatisch \u00fcber:<\/p>\n<ul data-start=\"1640\" data-end=\"1693\">\n<li data-start=\"1640\" data-end=\"1651\">\n<p data-start=\"1642\" data-end=\"1651\">Sensorfehler<\/p>\n<\/li>\n<li data-start=\"1652\" data-end=\"1669\">\n<p data-start=\"1654\" data-end=\"1669\">Niedriger Batteriestand<\/p>\n<\/li>\n<li data-start=\"1670\" data-end=\"1693\">\n<p data-start=\"1672\" data-end=\"1693\">Funktionelle Anomalien<\/p>\n<\/li>\n<\/ul>\n<p data-start=\"1695\" data-end=\"1777\">Dadurch wird das Risiko minimiert, dass ein Detektor nicht funktioniert, wenn er wirklich ben\u00f6tigt wird.<\/p>\n<h3 data-start=\"1779\" data-end=\"1814\">Funktioniert auch ohne Alarmanlage<\/h3>\n<p data-start=\"1815\" data-end=\"1953\">Der Detektor kann verwendet werden <strong data-start=\"1838\" data-end=\"1852\">unabh\u00e4ngig<\/strong>Wie ein herk\u00f6mmlicher Rauchmelder ist er sowohl in alarmgesicherten als auch in nicht alarmgesicherten Umgebungen flexibel einsetzbar.<\/p>\n<h3 data-start=\"1955\" data-end=\"2001\">Lange Lebensdauer und geringe Wartungskosten<\/h3>\n<ul data-start=\"2002\" data-end=\"2155\">\n<li data-start=\"2002\" data-end=\"2059\">\n<p data-start=\"2004\" data-end=\"2059\">Bis zu <strong data-start=\"2013\" data-end=\"2033\">7 Jahre Batterielebensdauer<\/strong> mit austauschbaren Batterien<\/p>\n<\/li>\n<li data-start=\"2060\" data-end=\"2098\">\n<p data-start=\"2062\" data-end=\"2098\"><strong data-start=\"2062\" data-end=\"2096\">10 Jahre Lebensdauer des CO-Sensors<\/strong><\/p>\n<\/li>\n<li data-start=\"2099\" data-end=\"2155\">\n<p data-start=\"2101\" data-end=\"2155\">Drahtlose Reichweite bis zu <strong data-start=\"2127\" data-end=\"2155\">1700 Meter im offenen Gel\u00e4nde<\/strong><\/p>\n<\/li>\n<\/ul>\n<hr data-start=\"2157\" data-end=\"2160\" \/>\n<h2 data-start=\"2162\" data-end=\"2189\">Technische Spezifikationen<\/h2>\n<ul data-start=\"2191\" data-end=\"2638\">\n<li data-start=\"2191\" data-end=\"2234\">\n<p data-start=\"2193\" data-end=\"2234\"><strong data-start=\"2193\" data-end=\"2201\">Typ:<\/strong> Drahtloser W\u00e4rme- und CO-Melder<\/p>\n<\/li>\n<li data-start=\"2235\" data-end=\"2269\">\n<p data-start=\"2237\" data-end=\"2269\"><strong data-start=\"2237\" data-end=\"2259\">Einsatzgebiet:<\/strong> Drinnen<\/p>\n<\/li>\n<li data-start=\"2270\" data-end=\"2345\">\n<p data-start=\"2272\" data-end=\"2345\"><strong data-start=\"2272\" data-end=\"2291\">Kompatibilit\u00e4t:<\/strong> Hub Plus, Hub 2, Hub 2 Plus, Hub Hybrid, ReX, ReX 2<\/p>\n<\/li>\n<li data-start=\"2346\" data-end=\"2401\">\n<p data-start=\"2348\" data-end=\"2401\"><strong data-start=\"2348\" data-end=\"2369\">Funkreichweite:<\/strong> Bis zu 1700 m (offenes Gel\u00e4nde)<\/p>\n<\/li>\n<li data-start=\"2402\" data-end=\"2429\">\n<p data-start=\"2404\" data-end=\"2429\"><strong data-start=\"2404\" data-end=\"2416\">Batterie:<\/strong> 2 \u00d7 CR123A<\/p>\n<\/li>\n<li data-start=\"2430\" data-end=\"2469\">\n<p data-start=\"2432\" data-end=\"2469\"><strong data-start=\"2432\" data-end=\"2453\">Akkulaufzeit:<\/strong> Bis zu 7 Jahre<\/p>\n<\/li>\n<li data-start=\"2470\" data-end=\"2504\">\n<p data-start=\"2472\" data-end=\"2504\"><strong data-start=\"2472\" data-end=\"2496\">Lebensdauer des CO-Sensors:<\/strong> 10 Jahre<\/p>\n<\/li>\n<li data-start=\"2505\" data-end=\"2547\">\n<p data-start=\"2507\" data-end=\"2547\"><strong data-start=\"2507\" data-end=\"2528\">Temperaturbereich:<\/strong> 0 \u00b0C bis +50 \u00b0C<\/p>\n<\/li>\n<li data-start=\"2548\" data-end=\"2579\">\n<p data-start=\"2550\" data-end=\"2579\"><strong data-start=\"2550\" data-end=\"2572\">Maximale Luftfeuchtigkeit:<\/strong> 80 %<\/p>\n<\/li>\n<li data-start=\"2580\" data-end=\"2602\">\n<p data-start=\"2582\" data-end=\"2602\"><strong data-start=\"2582\" data-end=\"2595\">IP-Klasse:<\/strong> IP20<\/p>\n<\/li>\n<li data-start=\"2603\" data-end=\"2638\">\n<p data-start=\"2605\" data-end=\"2638\"><strong data-start=\"2605\" data-end=\"2620\">Volumen:<\/strong> 85 dB (in 3 m Entfernung)<\/p>\n<\/li>\n<\/ul>\n<h3 data-start=\"2640\" data-end=\"2664\">Alarmschwellen \u2013 Hitze<\/h3>\n<ul data-start=\"2665\" data-end=\"2725\">\n<li data-start=\"2665\" data-end=\"2675\">\n<p data-start=\"2667\" data-end=\"2675\">+64 \u00b0C<\/p>\n<\/li>\n<li data-start=\"2676\" data-end=\"2725\">\n<p data-start=\"2678\" data-end=\"2725\">Temperaturanstieg \u2265 10 \u00b0C in weniger als 1 Minute<\/p>\n<\/li>\n<\/ul>\n<h3 data-start=\"2727\" data-end=\"2761\">Alarmschwellenwerte \u2013 Kohlenmonoxid (CO)<\/h3>\n<ul data-start=\"2762\" data-end=\"2889\">\n<li data-start=\"2762\" data-end=\"2804\">\n<p data-start=\"2764\" data-end=\"2804\"><strong data-start=\"2764\" data-end=\"2785\">50 ppm (0,005 %):<\/strong> Alarm innerhalb von 90 Minuten<\/p>\n<\/li>\n<li data-start=\"2805\" data-end=\"2847\">\n<p data-start=\"2807\" data-end=\"2847\"><strong data-start=\"2807\" data-end=\"2828\">100 ppm (0,01 %):<\/strong> Alarm innerhalb von 40 Minuten<\/p>\n<\/li>\n<li data-start=\"2848\" data-end=\"2889\">\n<p data-start=\"2850\" data-end=\"2889\"><strong data-start=\"2850\" data-end=\"2871\">300 ppm (0,03 %):<\/strong> Alarm innerhalb von 3 Minuten<\/p>\n<\/li>\n<\/ul>","protected":false},"excerpt":{"rendered":"<p><strong data-start=\"201\" data-end=\"263\">Drahtloser W\u00e4rme- und Kohlenmonoxid (CO)-Melder f\u00fcr Innenr\u00e4ume<\/strong> mit eingebauter Sirene und LED-Anzeige. Der Melder alarmiert bei schnellem Temperaturanstieg oder gef\u00e4hrlichen CO-Werten und kann mit anderen Brandmeldern im System f\u00fcr einen gemeinsamen Alarm zusammenarbeiten. Funktioniert auch als eigenst\u00e4ndiger Rauchmelder. Bis zu 7 Jahre Batterielebensdauer und 10 Jahre Lebensdauer des CO-Sensors.<\/p>","protected":false},"featured_media":161310,"template":"","meta":{"_acf_changed":false},"product_brand":[],"product_cat":[3159],"product_tag":[],"class_list":{"0":"post-161311","1":"product","2":"type-product","3":"status-publish","4":"has-post-thumbnail","6":"product_cat-brandvarnare","7":"pa_brands-ajax-systems","8":"tm-no-options","10":"first","11":"instock","12":"taxable","13":"shipping-taxable","14":"purchasable","15":"product-type-simple"},"acf":[],"_links":{"self":[{"href":"https:\/\/secureus.se\/de\/wp-json\/wp\/v2\/product\/161311","targetHints":{"allow":["GET"]}}],"collection":[{"href":"https:\/\/secureus.se\/de\/wp-json\/wp\/v2\/product"}],"about":[{"href":"https:\/\/secureus.se\/de\/wp-json\/wp\/v2\/types\/product"}],"wp:featuredmedia":[{"embeddable":true,"href":"https:\/\/secureus.se\/de\/wp-json\/wp\/v2\/media\/161310"}],"wp:attachment":[{"href":"https:\/\/secureus.se\/de\/wp-json\/wp\/v2\/media?parent=161311"}],"wp:term":[{"taxonomy":"product_brand","embeddable":true,"href":"https:\/\/secureus.se\/de\/wp-json\/wp\/v2\/product_brand?post=161311"},{"taxonomy":"product_cat","embeddable":true,"href":"https:\/\/secureus.se\/de\/wp-json\/wp\/v2\/product_cat?post=161311"},{"taxonomy":"product_tag","embeddable":true,"href":"https:\/\/secureus.se\/de\/wp-json\/wp\/v2\/product_tag?post=161311"}],"curies":[{"name":"wp","href":"https:\/\/api.w.org\/{rel}","templated":true}]}}