{"id":161312,"date":"2026-01-07T12:51:13","date_gmt":"2026-01-07T11:51:13","guid":{"rendered":"https:\/\/secureus.se\/ajax-lockbridge-ajax-lasmodul-for-yale-doorman\/"},"modified":"2026-04-07T09:25:53","modified_gmt":"2026-04-07T07:25:53","slug":"ajax-lockbridge-ajax-lasmodul-for-yale-doorman","status":"publish","type":"product","link":"https:\/\/secureus.se\/de\/ajax-lockbridge-ajax-lasmodul-for-yale-doorman\/","title":{"rendered":"Ajax LockBridge \u2013 Ajax-Schlossmodul f\u00fcr Yale-T\u00fcrsteher"},"content":{"rendered":"<p data-start=\"484\" data-end=\"745\"><strong data-start=\"484\" data-end=\"503\">Ajax LockBridge<\/strong> ist ein drahtloses Verriegelungsmodul zur Integration <strong data-start=\"557\" data-end=\"573\">Yale-T\u00fcrsteher<\/strong> (V2N, Classic, L3 und L3S) mit <strong data-start=\"605\" data-end=\"624\">Ajax-Alarmanlage<\/strong>Sobald LockBridge installiert ist, wird das Yale-Schloss Teil des Ajax-Systems und kann direkt \u00fcber die Ajax-App gesteuert und \u00fcberwacht werden.<\/p>\n<p data-start=\"747\" data-end=\"1025\">Im Gegensatz zur WLAN-Br\u00fccke von Yale kommuniziert LockBridge \u00fcber \u2026 <strong data-start=\"812\" data-end=\"829\">Ajax Juwelier<\/strong>Dies erm\u00f6glicht eine deutlich gr\u00f6\u00dfere Reichweite und einen stabileren Betrieb. Die Kommunikation funktioniert auch lokal, sodass die Basisfunktionen auch bei Ausfall der Internetverbindung verf\u00fcgbar bleiben.<\/p>\n<h3 data-start=\"1027\" data-end=\"1060\">Schl\u00f6sser und Alarmanlagen in derselben App steuern<\/h3>\n<p data-start=\"1061\" data-end=\"1126\">Sobald das Schloss gekoppelt ist, wird es in der Ajax-App als Ger\u00e4t angezeigt. Sie k\u00f6nnen:<\/p>\n<ul data-start=\"1127\" data-end=\"1273\">\n<li data-start=\"1127\" data-end=\"1163\">\n<p data-start=\"1129\" data-end=\"1163\">Die T\u00fcr kann \u00fcber die App verriegelt und entriegelt werden.<\/p>\n<\/li>\n<li data-start=\"1164\" data-end=\"1192\">\n<p data-start=\"1166\" data-end=\"1192\">Den Status des Schlosses in Echtzeit verfolgen<\/p>\n<\/li>\n<li data-start=\"1193\" data-end=\"1244\">\n<p data-start=\"1195\" data-end=\"1244\">Erhalten Sie Benachrichtigungen, wenn die T\u00fcr verriegelt oder entriegelt wird.<\/p>\n<\/li>\n<li data-start=\"1245\" data-end=\"1273\">\n<p data-start=\"1247\" data-end=\"1273\">\u00dcberpr\u00fcfen Sie den Batteriestatus des Schlosses.<\/p>\n<\/li>\n<\/ul>\n<p data-start=\"1275\" data-end=\"1308\">Alle Ereignisse werden im System protokolliert.<\/p>\n<h3 data-start=\"1310\" data-end=\"1343\">Automatisierung zwischen Schloss und Alarm<\/h3>\n<p data-start=\"1344\" data-end=\"1419\">Mit Ajax LockBridge k\u00f6nnen Sie einfache und \u00fcbersichtliche Szenarien erstellen, wie zum Beispiel:<\/p>\n<ul data-start=\"1420\" data-end=\"1563\">\n<li data-start=\"1420\" data-end=\"1457\">\n<p data-start=\"1422\" data-end=\"1457\">Wenn die T\u00fcr verriegelt ist \u2192 wird der Alarm aktiviert<\/p>\n<\/li>\n<li data-start=\"1458\" data-end=\"1501\">\n<p data-start=\"1460\" data-end=\"1501\">Wenn die T\u00fcr entriegelt ist, wird der Alarm deaktiviert.<\/p>\n<\/li>\n<li data-start=\"1502\" data-end=\"1563\">\n<p data-start=\"1504\" data-end=\"1563\">Die T\u00fcr wird automatisch entriegelt, wenn der Alarm \u00fcber das Tastenfeld ausgeschaltet wird.<\/p>\n<\/li>\n<\/ul>\n<p data-start=\"1565\" data-end=\"1629\">Sie k\u00f6nnen selbst entscheiden, ob <strong data-start=\"1587\" data-end=\"1628\">Das Schloss oder der Alarm sollte das System steuern.<\/strong>.<\/p>\n<h3 data-start=\"1631\" data-end=\"1653\">Einfache Installation<\/h3>\n<p data-start=\"1654\" data-end=\"1764\">LockBridge wird direkt in das Yale-Schloss eingebaut und \u00fcber dessen Batterien mit Strom versorgt. Es ist kein zus\u00e4tzliches Netzteil erforderlich.<\/p>\n<p data-start=\"1766\" data-end=\"1823\">Die Installation erfolgt schrittweise in der Ajax-App wie folgt:<\/p>\n<ol data-start=\"1824\" data-end=\"1942\">\n<li data-start=\"1824\" data-end=\"1858\">\n<p data-start=\"1827\" data-end=\"1858\">Scannen Sie den QR-Code auf LockBridge<\/p>\n<\/li>\n<li data-start=\"1859\" data-end=\"1893\">\n<p data-start=\"1862\" data-end=\"1893\">Folgen Sie den Anweisungen in der App.<\/p>\n<\/li>\n<li data-start=\"1894\" data-end=\"1942\">\n<p data-start=\"1897\" data-end=\"1942\">Nehmen Sie die gew\u00fcnschten Einstellungen f\u00fcr Schl\u00f6sser und Alarmanlagen vor.<\/p>\n<\/li>\n<\/ol>\n<p data-start=\"1944\" data-end=\"1994\">Die Firmware wird automatisch \u00fcber das Ajax-System aktualisiert.<\/p>\n<hr data-start=\"2218\" data-end=\"2221\" \/>\n<h2 data-start=\"2223\" data-end=\"2250\">Technische Spezifikationen<\/h2>\n<ul data-start=\"2252\" data-end=\"2702\">\n<li data-start=\"2252\" data-end=\"2302\">\n<p data-start=\"2254\" data-end=\"2302\"><strong data-start=\"2254\" data-end=\"2266\">Produkt:<\/strong> Ajax LockBridge \u2013 Yale-Integration<\/p>\n<\/li>\n<li data-start=\"2303\" data-end=\"2353\">\n<p data-start=\"2305\" data-end=\"2353\"><strong data-start=\"2305\" data-end=\"2329\">Kompatible Yale-Schl\u00f6sser:<\/strong> V2N, Classic, L3, L3S<\/p>\n<\/li>\n<li data-start=\"2354\" data-end=\"2519\">\n<p data-start=\"2356\" data-end=\"2519\"><strong data-start=\"2356\" data-end=\"2380\">Ajax-Kompatibilit\u00e4t:<\/strong><br data-start=\"2380\" data-end=\"2383\" \/>Hub 2 (2G\/4G), Hub 2 Plus, Hub BP, Hub G3, Fire Hub, Hub Hybrid 2, MegaHub, ReX und ReX 2<br data-start=\"2474\" data-end=\"2477\" \/><em data-start=\"2479\" data-end=\"2517\">(Nicht kompatibel mit Hub Hybrid Fibra)<\/em><\/p>\n<\/li>\n<li data-start=\"2520\" data-end=\"2575\">\n<p data-start=\"2522\" data-end=\"2575\"><strong data-start=\"2522\" data-end=\"2543\">Funkreichweite:<\/strong> bis zu 1400 m (offenes Gel\u00e4nde)<\/p>\n<\/li>\n<li data-start=\"2576\" data-end=\"2627\">\n<p data-start=\"2578\" data-end=\"2627\"><strong data-start=\"2578\" data-end=\"2599\">Stromversorgung:<\/strong> wird von den Batterien des Schlosses betrieben<\/p>\n<\/li>\n<li data-start=\"2628\" data-end=\"2672\">\n<p data-start=\"2630\" data-end=\"2672\"><strong data-start=\"2630\" data-end=\"2651\">Temperaturbereich:<\/strong> -10 \u00b0C bis +40 \u00b0C<\/p>\n<\/li>\n<li data-start=\"2673\" data-end=\"2702\">\n<p data-start=\"2675\" data-end=\"2702\"><strong data-start=\"2675\" data-end=\"2697\">Maximale Luftfeuchtigkeit:<\/strong> 75 %<\/p>\n<\/li>\n<\/ul>","protected":false},"excerpt":{"rendered":"<p><strong data-start=\"230\" data-end=\"249\">Ajax LockBridge<\/strong> ist ein drahtloses Verriegelungsmodul, das Folgendes integriert <strong data-start=\"288\" data-end=\"328\">Yale Doorman V2N\/Classic und L3\/L3S<\/strong> Direkt mit dem Ajax-Alarmsystem. Steuern und \u00fcberwachen Sie das Schloss \u00fcber die Ajax-App, erstellen Sie intelligente Szenarien zwischen Schloss und Alarmanlage und profitieren Sie von einer stabilen Kommunikation \u00fcber Ajax Jeweller.<\/p>","protected":false},"featured_media":161314,"template":"","meta":{"_acf_changed":false},"product_brand":[],"product_cat":[3170],"product_tag":[],"class_list":{"0":"post-161312","1":"product","2":"type-product","3":"status-publish","4":"has-post-thumbnail","6":"product_cat-integration","7":"product_shipping_class-postnord-varubrev","8":"pa_brands-ajax-systems","9":"tm-no-options","11":"first","12":"instock","13":"taxable","14":"shipping-taxable","15":"purchasable","16":"product-type-simple"},"acf":[],"_links":{"self":[{"href":"https:\/\/secureus.se\/de\/wp-json\/wp\/v2\/product\/161312","targetHints":{"allow":["GET"]}}],"collection":[{"href":"https:\/\/secureus.se\/de\/wp-json\/wp\/v2\/product"}],"about":[{"href":"https:\/\/secureus.se\/de\/wp-json\/wp\/v2\/types\/product"}],"wp:featuredmedia":[{"embeddable":true,"href":"https:\/\/secureus.se\/de\/wp-json\/wp\/v2\/media\/161314"}],"wp:attachment":[{"href":"https:\/\/secureus.se\/de\/wp-json\/wp\/v2\/media?parent=161312"}],"wp:term":[{"taxonomy":"product_brand","embeddable":true,"href":"https:\/\/secureus.se\/de\/wp-json\/wp\/v2\/product_brand?post=161312"},{"taxonomy":"product_cat","embeddable":true,"href":"https:\/\/secureus.se\/de\/wp-json\/wp\/v2\/product_cat?post=161312"},{"taxonomy":"product_tag","embeddable":true,"href":"https:\/\/secureus.se\/de\/wp-json\/wp\/v2\/product_tag?post=161312"}],"curies":[{"name":"wp","href":"https:\/\/api.w.org\/{rel}","templated":true}]}}