{"id":161370,"date":"2026-01-09T15:12:43","date_gmt":"2026-01-09T14:12:43","guid":{"rendered":"https:\/\/secureus.se\/usb-c-till-usb-c-kabel-5m\/"},"modified":"2026-02-03T11:48:15","modified_gmt":"2026-02-03T10:48:15","slug":"usb-c-till-usb-c-kabel-5m","status":"publish","type":"product","link":"https:\/\/secureus.se\/de\/usb-c-till-usb-c-kabel-5m\/","title":{"rendered":"5 m USB-C-Kabel \u2013 USB-C-zu-USB-C-Stromkabel"},"content":{"rendered":"<h3 data-start=\"348\" data-end=\"413\">USB-C-zu-USB-C-Stromkabel f\u00fcr eine feste und sichere Installation<\/h3>\n<p data-start=\"414\" data-end=\"634\">Dieses 5 Meter lange USB-C-zu-USB-C-Stromkabel dient zur Stromversorgung von Ger\u00e4ten, die sowohl an der Stromquelle als auch am Ger\u00e4t \u00fcber USB-C verf\u00fcgen. Das Kabel eignet sich f\u00fcr Installationen, bei denen ein stabiler Betrieb und eine gr\u00f6\u00dfere Reichweite erforderlich sind.<\/p>\n<h3 data-start=\"636\" data-end=\"659\">Einsatzgebiet<\/h3>\n<p data-start=\"660\" data-end=\"821\">Das Kabel dient zur kontinuierlichen Stromversorgung von USB-C-Ger\u00e4ten mit geringem Stromverbrauch. Es eignet sich besonders f\u00fcr Sicherheitsprodukte, bei denen keine Daten\u00fcbertragung erforderlich ist.<\/p>\n<h3 data-start=\"823\" data-end=\"837\">Vorteile<\/h3>\n<ul data-start=\"838\" data-end=\"1002\">\n<li data-start=\"838\" data-end=\"883\">\n<p data-start=\"840\" data-end=\"883\">5 Meter Kabell\u00e4nge f\u00fcr flexible Platzierung<\/p>\n<\/li>\n<li data-start=\"884\" data-end=\"921\">\n<p data-start=\"886\" data-end=\"921\">Stabile Stromversorgung \u00fcber USB-C<\/p>\n<\/li>\n<li data-start=\"922\" data-end=\"965\">\n<p data-start=\"924\" data-end=\"965\">Dickes Kabel (3,5 mm) f\u00fcr zuverl\u00e4ssigen Betrieb<\/p>\n<\/li>\n<li data-start=\"966\" data-end=\"1002\">\n<p data-start=\"968\" data-end=\"1002\">Einfache Plug-and-Play-Installation<\/p>\n<\/li>\n<\/ul>\n<h3 data-start=\"1004\" data-end=\"1028\">Wichtige Informationen<\/h3>\n<p data-start=\"1029\" data-end=\"1142\">Dies ist ein <strong data-start=\"1041\" data-end=\"1059\">sauberes Stromkabel<\/strong>Das Kabel ist <strong data-start=\"1071\" data-end=\"1141\">Nicht f\u00fcr Daten\u00fcbertragung, Synchronisierung oder Schnellladung vorgesehen.<\/strong>.<\/p>\n<h3 data-start=\"1144\" data-end=\"1176\">Typische Anwendungen<\/h3>\n<ul data-start=\"1177\" data-end=\"1323\">\n<li data-start=\"1177\" data-end=\"1200\">\n<p data-start=\"1179\" data-end=\"1200\">\u00dcberwachungskameras<\/p>\n<\/li>\n<li data-start=\"1201\" data-end=\"1233\">\n<p data-start=\"1203\" data-end=\"1233\">Alarm- und Sicherheitsausr\u00fcstung<\/p>\n<\/li>\n<li data-start=\"1234\" data-end=\"1285\">\n<p data-start=\"1236\" data-end=\"1285\">Sensoren und technisches Zubeh\u00f6r mit USB-C-Stromversorgung<\/p>\n<\/li>\n<li data-start=\"1286\" data-end=\"1323\">\n<p data-start=\"1288\" data-end=\"1323\">Feste oder halbfeste Installation<\/p>\n<\/li>\n<\/ul>\n<hr data-start=\"1325\" data-end=\"1328\" \/>\n<p data-start=\"1330\" data-end=\"1361\"><strong data-start=\"1330\" data-end=\"1359\">TECHNISCHE DATEN:<\/strong><\/p>\n<ul data-start=\"1362\" data-end=\"1608\">\n<li data-start=\"1362\" data-end=\"1394\">\n<p data-start=\"1364\" data-end=\"1394\">Anschluss: USB-C auf USB-C<\/p>\n<\/li>\n<li data-start=\"1395\" data-end=\"1434\">\n<p data-start=\"1397\" data-end=\"1434\">Funktion: Nur Stromversorgung<\/p>\n<\/li>\n<li data-start=\"1435\" data-end=\"1452\">\n<p data-start=\"1437\" data-end=\"1452\">Spannung: 5 V<\/p>\n<\/li>\n<li data-start=\"1453\" data-end=\"1475\">\n<p data-start=\"1455\" data-end=\"1475\">Stromst\u00e4rke: 0,5 A<\/p>\n<\/li>\n<li data-start=\"1476\" data-end=\"1493\">\n<p data-start=\"1478\" data-end=\"1493\">Leistung: 2,5 W<\/p>\n<\/li>\n<li data-start=\"1494\" data-end=\"1515\">\n<p data-start=\"1496\" data-end=\"1515\">Kabell\u00e4nge: 5,0 m<\/p>\n<\/li>\n<li data-start=\"1516\" data-end=\"1546\">\n<p data-start=\"1518\" data-end=\"1546\">Kabeldurchmesser (AD): 3,5 mm<\/p>\n<\/li>\n<li data-start=\"1547\" data-end=\"1560\">\n<p data-start=\"1549\" data-end=\"1560\">Farbe: Wei\u00df<\/p>\n<\/li>\n<li data-start=\"1561\" data-end=\"1587\">\n<p data-start=\"1563\" data-end=\"1587\">Verpackung: Plastikbeutel<\/p>\n<\/li>\n<li data-start=\"1588\" data-end=\"1608\">\n<p data-start=\"1590\" data-end=\"1608\">Zertifizierung: CE<\/p>\n<\/li>\n<\/ul>","protected":false},"excerpt":{"rendered":"<p>USB-C-zu-USB-C-Stromkabel, 5 Meter, f\u00fcr eine stabile Stromversorgung. Geeignet f\u00fcr USB-C-Ger\u00e4te wie Kameras, Alarmanlagen und andere Ger\u00e4te mit geringem Stromverbrauch. Nur zur Stromversorgung, nicht zur Daten\u00fcbertragung.<\/p>","protected":false},"featured_media":161369,"template":"","meta":{"_acf_changed":false},"product_brand":[],"product_cat":[4959],"product_tag":[],"class_list":{"0":"post-161370","1":"product","2":"type-product","3":"status-publish","4":"has-post-thumbnail","6":"product_cat-stromforsorjning","7":"product_shipping_class-postnord-varubrev","8":"tm-no-options","10":"first","11":"outofstock","12":"taxable","13":"shipping-taxable","14":"purchasable","15":"product-type-simple"},"acf":[],"_links":{"self":[{"href":"https:\/\/secureus.se\/de\/wp-json\/wp\/v2\/product\/161370","targetHints":{"allow":["GET"]}}],"collection":[{"href":"https:\/\/secureus.se\/de\/wp-json\/wp\/v2\/product"}],"about":[{"href":"https:\/\/secureus.se\/de\/wp-json\/wp\/v2\/types\/product"}],"wp:featuredmedia":[{"embeddable":true,"href":"https:\/\/secureus.se\/de\/wp-json\/wp\/v2\/media\/161369"}],"wp:attachment":[{"href":"https:\/\/secureus.se\/de\/wp-json\/wp\/v2\/media?parent=161370"}],"wp:term":[{"taxonomy":"product_brand","embeddable":true,"href":"https:\/\/secureus.se\/de\/wp-json\/wp\/v2\/product_brand?post=161370"},{"taxonomy":"product_cat","embeddable":true,"href":"https:\/\/secureus.se\/de\/wp-json\/wp\/v2\/product_cat?post=161370"},{"taxonomy":"product_tag","embeddable":true,"href":"https:\/\/secureus.se\/de\/wp-json\/wp\/v2\/product_tag?post=161370"}],"curies":[{"name":"wp","href":"https:\/\/api.w.org\/{rel}","templated":true}]}}