{"id":161372,"date":"2026-01-07T15:44:01","date_gmt":"2026-01-07T14:44:01","guid":{"rendered":"https:\/\/secureus.se\/?post_type=product&#038;p=161372"},"modified":"2026-04-21T15:43:04","modified_gmt":"2026-04-21T13:43:04","slug":"stromadapter-12v-2a-5m-svart","status":"publish","type":"product","link":"https:\/\/secureus.se\/de\/stromadapter-12v-2a-5m-svart\/","title":{"rendered":"Netzteil 12 V 2 A \u2013 AC\/DC-Netzteil \u2013 5 m Kabel \u2013 Schwarz"},"content":{"rendered":"<h3 data-start=\"581\" data-end=\"638\">Stabiles 12V-Netzteil f\u00fcr Sicherheitsinstallationen<\/h3>\n<p data-start=\"639\" data-end=\"850\">Dieses Netzteil liefert 12 V Gleichstrom bei 2 A und ist f\u00fcr die Dauerstromversorgung von Alarmanlagen und anderen Ger\u00e4ten mit niedrigem bis mittlerem Stromverbrauch vorgesehen. Das 5 Meter lange Kabel erm\u00f6glicht eine flexible Platzierung bei der Installation.<\/p>\n<h3 data-start=\"852\" data-end=\"866\">Vorteile<\/h3>\n<ul data-start=\"867\" data-end=\"1045\">\n<li data-start=\"867\" data-end=\"907\">\n<p data-start=\"869\" data-end=\"907\">Stabiler 12V-Gleichstromausgang f\u00fcr sicheren Betrieb<\/p>\n<\/li>\n<li data-start=\"908\" data-end=\"948\">\n<p data-start=\"910\" data-end=\"948\">5 Meter langes Kabel f\u00fcr flexible Montage<\/p>\n<\/li>\n<li data-start=\"949\" data-end=\"993\">\n<p data-start=\"951\" data-end=\"993\">Vorgefertigter DC-Stecker \u2013 keine Anpassung erforderlich<\/p>\n<\/li>\n<li data-start=\"994\" data-end=\"1045\">\n<p data-start=\"996\" data-end=\"1045\">EU-Stecker f\u00fcr den direkten Anschluss an die Wandsteckdose<\/p>\n<\/li>\n<\/ul>\n<h3 data-start=\"1047\" data-end=\"1071\">Einsatzgebiete<\/h3>\n<p data-start=\"1072\" data-end=\"1193\">Das Netzteil wird haupts\u00e4chlich f\u00fcr Alarmkomponenten und Zubeh\u00f6r verwendet, die 12V Gleichstrom ben\u00f6tigen, wie z. B. Tastaturen und Steuermodule.<\/p>\n<h3 data-start=\"1195\" data-end=\"1215\">Kompatibilit\u00e4t<\/h3>\n<ul data-start=\"1216\" data-end=\"1274\">\n<li data-start=\"1216\" data-end=\"1248\">\n<p data-start=\"1218\" data-end=\"1248\">Ger\u00e4te, die 12 V Gleichstrom ben\u00f6tigen<\/p>\n<\/li>\n<li data-start=\"1249\" data-end=\"1274\">\n<p data-start=\"1251\" data-end=\"1274\">Gleichstromstecker 5,5 \u00d7 2,1 mm<\/p>\n<\/li>\n<\/ul>\n<hr data-start=\"1276\" data-end=\"1279\" \/>\n<p data-start=\"1281\" data-end=\"1312\"><strong data-start=\"1281\" data-end=\"1310\">TECHNISCHE DATEN:<\/strong><\/p>\n<ul data-start=\"1313\" data-end=\"1583\">\n<li data-start=\"1313\" data-end=\"1353\">\n<p data-start=\"1315\" data-end=\"1353\">Eingangsspannung: Wechselstrom 100-240 V, 0,8 A<\/p>\n<\/li>\n<li data-start=\"1354\" data-end=\"1376\">\n<p data-start=\"1356\" data-end=\"1376\">Frequenz: 50\/60 Hz<\/p>\n<\/li>\n<li data-start=\"1377\" data-end=\"1405\">\n<p data-start=\"1379\" data-end=\"1405\">Ausgangsspannung: 12 V Gleichstrom<\/p>\n<\/li>\n<li data-start=\"1406\" data-end=\"1437\">\n<p data-start=\"1408\" data-end=\"1437\">Ausgangsstrom: 2 A (2000 mA)<\/p>\n<\/li>\n<li data-start=\"1438\" data-end=\"1454\">\n<p data-start=\"1440\" data-end=\"1454\">Leistung: 24 W<\/p>\n<\/li>\n<li data-start=\"1455\" data-end=\"1478\">\n<p data-start=\"1457\" data-end=\"1478\">Kontakt: EU-Kontakt<\/p>\n<\/li>\n<li data-start=\"1479\" data-end=\"1524\">\n<p data-start=\"1481\" data-end=\"1524\">Gleichstromstecker: 5,5 \u00d7 2,1 mm, 10 mm L\u00e4nge, 180\u00b0<\/p>\n<\/li>\n<li data-start=\"1525\" data-end=\"1546\">\n<p data-start=\"1527\" data-end=\"1546\">Kabell\u00e4nge: 5,0 m<\/p>\n<\/li>\n<li data-start=\"1547\" data-end=\"1562\">\n<p data-start=\"1549\" data-end=\"1562\">Farbe: Schwarz<\/p>\n<\/li>\n<li data-start=\"1563\" data-end=\"1583\">\n<p data-start=\"1565\" data-end=\"1583\">Zertifizierung: CE<\/p>\n<\/li>\n<\/ul>","protected":false},"excerpt":{"rendered":"<p data-start=\"333\" data-end=\"549\">12-V-Netzteil mit 5 Meter langem Kabel f\u00fcr eine stabile Stromversorgung. Geeignet f\u00fcr Alarmanlagen, Tastaturen und andere Sicherheitsger\u00e4te, die 12 V Gleichstrom ben\u00f6tigen. Lieferung mit EU-Stecker und vormontiertem DC-Stecker.<\/p>","protected":false},"featured_media":161375,"template":"","meta":{"_acf_changed":false},"product_brand":[],"product_cat":[4959],"product_tag":[4863],"class_list":{"0":"post-161372","1":"product","2":"type-product","3":"status-publish","4":"has-post-thumbnail","6":"product_cat-stromforsorjning","7":"product_tag-pf","8":"product_shipping_class-postnord-varubrev","9":"pa_brands-stonehouse-security","10":"pa_farg-svart","11":"tm-no-options","13":"first","14":"instock","15":"taxable","16":"shipping-taxable","17":"purchasable","18":"product-type-simple"},"acf":[],"_links":{"self":[{"href":"https:\/\/secureus.se\/de\/wp-json\/wp\/v2\/product\/161372","targetHints":{"allow":["GET"]}}],"collection":[{"href":"https:\/\/secureus.se\/de\/wp-json\/wp\/v2\/product"}],"about":[{"href":"https:\/\/secureus.se\/de\/wp-json\/wp\/v2\/types\/product"}],"wp:featuredmedia":[{"embeddable":true,"href":"https:\/\/secureus.se\/de\/wp-json\/wp\/v2\/media\/161375"}],"wp:attachment":[{"href":"https:\/\/secureus.se\/de\/wp-json\/wp\/v2\/media?parent=161372"}],"wp:term":[{"taxonomy":"product_brand","embeddable":true,"href":"https:\/\/secureus.se\/de\/wp-json\/wp\/v2\/product_brand?post=161372"},{"taxonomy":"product_cat","embeddable":true,"href":"https:\/\/secureus.se\/de\/wp-json\/wp\/v2\/product_cat?post=161372"},{"taxonomy":"product_tag","embeddable":true,"href":"https:\/\/secureus.se\/de\/wp-json\/wp\/v2\/product_tag?post=161372"}],"curies":[{"name":"wp","href":"https:\/\/api.w.org\/{rel}","templated":true}]}}