{"id":161373,"date":"2026-01-07T15:44:02","date_gmt":"2026-01-07T14:44:02","guid":{"rendered":"https:\/\/secureus.se\/?post_type=product&#038;p=161373"},"modified":"2026-05-07T19:36:47","modified_gmt":"2026-05-07T17:36:47","slug":"stromadapter-12v-2a-5m-vit","status":"publish","type":"product","link":"https:\/\/secureus.se\/de\/stromadapter-12v-2a-5m-vit\/","title":{"rendered":"Netzteil 12 V 2 A \u2013 AC\/DC-Netzteil \u2013 5 m Kabel \u2013 Wei\u00df"},"content":{"rendered":"<h3 data-start=\"2124\" data-end=\"2173\">Zuverl\u00e4ssiges Netzteil f\u00fcr die Stromversorgung \u00fcber gro\u00dfe Entfernungen<\/h3>\n<p data-start=\"2174\" data-end=\"2366\">Dieses 12-V-Netzteil liefert bis zu 2 A und ist f\u00fcr den Dauerbetrieb von Sicherheitsprodukten ausgelegt. Dank des 5 Meter langen Kabels ist die Installation auch bei gr\u00f6\u00dferer Entfernung zur Steckdose flexibel.<\/p>\n<h3 data-start=\"2368\" data-end=\"2382\">Vorteile<\/h3>\n<ul data-start=\"2383\" data-end=\"2530\">\n<li data-start=\"2383\" data-end=\"2406\">\n<p data-start=\"2385\" data-end=\"2406\">Stabile 12-V-Gleichstromversorgung<\/p>\n<\/li>\n<li data-start=\"2407\" data-end=\"2448\">\n<p data-start=\"2409\" data-end=\"2448\">5 Meter langes Kabel f\u00fcr einfache Installation<\/p>\n<\/li>\n<li data-start=\"2449\" data-end=\"2476\">\n<p data-start=\"2451\" data-end=\"2476\">Vormontierter DC-Stecker<\/p>\n<\/li>\n<li data-start=\"2477\" data-end=\"2530\">\n<p data-start=\"2479\" data-end=\"2530\">Dank der wei\u00dfen Farbe f\u00fcr unauff\u00e4llige Installationen geeignet.<\/p>\n<\/li>\n<\/ul>\n<h3 data-start=\"2532\" data-end=\"2556\">Einsatzgebiete<\/h3>\n<p data-start=\"2557\" data-end=\"2656\">Wird f\u00fcr Alarmanlagen, Tastaturen und andere Sicherheitsger\u00e4te verwendet, die eine externe 12V-Stromversorgung ben\u00f6tigen.<\/p>\n<h3 data-start=\"2658\" data-end=\"2678\">Kompatibilit\u00e4t<\/h3>\n<ul data-start=\"2679\" data-end=\"2737\">\n<li data-start=\"2679\" data-end=\"2711\">\n<p data-start=\"2681\" data-end=\"2711\">Ger\u00e4te mit 12-V-Gleichstromeingang<\/p>\n<\/li>\n<li data-start=\"2712\" data-end=\"2737\">\n<p data-start=\"2714\" data-end=\"2737\">Gleichstromstecker 5,5 \u00d7 2,1 mm<\/p>\n<\/li>\n<\/ul>\n<hr data-start=\"2739\" data-end=\"2742\" \/>\n<p data-start=\"2744\" data-end=\"2775\"><strong data-start=\"2744\" data-end=\"2773\">TECHNISCHE DATEN:<\/strong><\/p>\n<ul data-start=\"2776\" data-end=\"3044\">\n<li data-start=\"2776\" data-end=\"2816\">\n<p data-start=\"2778\" data-end=\"2816\">Eingangsspannung: Wechselstrom 100-240 V, 0,8 A<\/p>\n<\/li>\n<li data-start=\"2817\" data-end=\"2839\">\n<p data-start=\"2819\" data-end=\"2839\">Frequenz: 50\/60 Hz<\/p>\n<\/li>\n<li data-start=\"2840\" data-end=\"2868\">\n<p data-start=\"2842\" data-end=\"2868\">Ausgangsspannung: 12 V Gleichstrom<\/p>\n<\/li>\n<li data-start=\"2869\" data-end=\"2900\">\n<p data-start=\"2871\" data-end=\"2900\">Ausgangsstrom: 2 A (2000 mA)<\/p>\n<\/li>\n<li data-start=\"2901\" data-end=\"2917\">\n<p data-start=\"2903\" data-end=\"2917\">Leistung: 24 W<\/p>\n<\/li>\n<li data-start=\"2918\" data-end=\"2941\">\n<p data-start=\"2920\" data-end=\"2941\">Kontakt: EU-Kontakt<\/p>\n<\/li>\n<li data-start=\"2942\" data-end=\"2987\">\n<p data-start=\"2944\" data-end=\"2987\">Gleichstromstecker: 5,5 \u00d7 2,1 mm, 10 mm L\u00e4nge, 180\u00b0<\/p>\n<\/li>\n<li data-start=\"2988\" data-end=\"3009\">\n<p data-start=\"2990\" data-end=\"3009\">Kabell\u00e4nge: 5,0 m<\/p>\n<\/li>\n<li data-start=\"3010\" data-end=\"3023\">\n<p data-start=\"3012\" data-end=\"3023\">Farbe: Wei\u00df<\/p>\n<\/li>\n<li data-start=\"3024\" data-end=\"3044\">\n<p data-start=\"3026\" data-end=\"3044\">Zertifizierung: CE<\/p>\n<\/li>\n<\/ul>","protected":false},"excerpt":{"rendered":"<p>Netzteil f\u00fcr 12 V mit 5 m Kabel f\u00fcr eine stabile und sichere Stromversorgung. Geeignet f\u00fcr Alarmanlagen und Sicherheitsger\u00e4te, die 12 V Gleichstrom ben\u00f6tigen. Inklusive EU-Stecker und DC-Stecker.<\/p>","protected":false},"featured_media":161374,"template":"","meta":{"_acf_changed":false},"product_brand":[],"product_cat":[4959],"product_tag":[4863],"class_list":{"0":"post-161373","1":"product","2":"type-product","3":"status-publish","4":"has-post-thumbnail","6":"product_cat-stromforsorjning","7":"product_tag-pf","8":"product_shipping_class-postnord-varubrev","9":"pa_brands-stonehouse-security","10":"pa_farg-vit","11":"tm-no-options","13":"first","14":"instock","15":"taxable","16":"shipping-taxable","17":"purchasable","18":"product-type-simple"},"acf":[],"_links":{"self":[{"href":"https:\/\/secureus.se\/de\/wp-json\/wp\/v2\/product\/161373","targetHints":{"allow":["GET"]}}],"collection":[{"href":"https:\/\/secureus.se\/de\/wp-json\/wp\/v2\/product"}],"about":[{"href":"https:\/\/secureus.se\/de\/wp-json\/wp\/v2\/types\/product"}],"wp:featuredmedia":[{"embeddable":true,"href":"https:\/\/secureus.se\/de\/wp-json\/wp\/v2\/media\/161374"}],"wp:attachment":[{"href":"https:\/\/secureus.se\/de\/wp-json\/wp\/v2\/media?parent=161373"}],"wp:term":[{"taxonomy":"product_brand","embeddable":true,"href":"https:\/\/secureus.se\/de\/wp-json\/wp\/v2\/product_brand?post=161373"},{"taxonomy":"product_cat","embeddable":true,"href":"https:\/\/secureus.se\/de\/wp-json\/wp\/v2\/product_cat?post=161373"},{"taxonomy":"product_tag","embeddable":true,"href":"https:\/\/secureus.se\/de\/wp-json\/wp\/v2\/product_tag?post=161373"}],"curies":[{"name":"wp","href":"https:\/\/api.w.org\/{rel}","templated":true}]}}