{"id":161491,"date":"2026-01-12T14:11:32","date_gmt":"2026-01-12T13:11:32","guid":{"rendered":"https:\/\/secureus.se\/safetron-ellas-sl620-rattvand-generations-2\/"},"modified":"2026-01-22T11:06:48","modified_gmt":"2026-01-22T10:06:48","slug":"safetron-ellas-sl620-rattvand-generations-2","status":"publish","type":"product","link":"https:\/\/secureus.se\/de\/safetron-ellas-sl620-rattvand-generations-2\/","title":{"rendered":"Safetron Elektroschloss SL620 rechts (Generation 2)"},"content":{"rendered":"<p>SAFETRON SL620 Generation 2 ist die neue Version multifunktionaler elektrischer Druckknopfschl\u00f6sser mit Split-Funktion und patentierter Hybridtechnologie. Diese erm\u00f6glicht die Anpassung der St\u00f6\u00dfelposition zwischen ASSA connect und klassischem Modul. Das SL620 ist f\u00fcr Rechtsh\u00e4nder geeignet.<\/p>\n<p>W\u00e4hlen Sie \u00fcber den Funktionsw\u00e4hler des Schlosses zwischen geteilter H\/W-Funktion und einfacher Funktion. Split-Funktion bedeutet, dass der Druck auf der Au\u00dfenseite elektrisch gesteuert wird, w\u00e4hrend der Druck auf der Innenseite immer mechanisch verbunden ist und dadurch immer einen mechanischen Austritt erm\u00f6glicht. Durch die einfache Bedienung sind beide Dr\u00fccker verriegelt und eine Durchgangskontrolle von beiden Seiten der T\u00fcr erforderlich.<\/p>\n<p>Die Anzeige erfolgt \u00fcber Magnetkontakt und Knaufanzeige f\u00fcr Verriegelung, Druckbewegung, T\u00fcrstatus.<\/p>\n<p>\u2022 Split- oder Einzelfunktion<\/p>\n<p>\u2022 Hybridtechnologie: Einstellbare Kolbenanordnung zwischen ASSA connect\/classic<\/p>\n<p>\u2022 Feuergepr\u00fcft: 120 Min<\/p>\n<p>\u2022 Nach rechts gerichtete Funktion<\/p>\n<p>\u2022 Anzeigen: Verriegelung, Druckbewegung, Knauf- und T\u00fcrstatus<\/p>\n<p>\u2022 Multispannung: 10-30 VDC<\/p>\n<p>\u2022 Stromverbrauch: 40 mA bei 24 VDC<\/p>\n<p>\u2022 Zugelassene Notevakuierung zusammen mit der Notfallausr\u00fcstung 793 und 794<\/p>\n<p>\u2022 Zugelassen mit Schaltanlagenregel Typ T<\/p>","protected":false},"excerpt":{"rendered":"<p>SAFETRON SL620 Gneration 2 \u00e4r den nya version av multifunktionella eltryckesl\u00e5s med split funktion och patenterad hybridteknologi. Hybridteknologin ger m\u00f6jlighet att justera kolvplacering mellan ASSA connect och classic modul. SL620<\/p>","protected":false},"featured_media":142864,"template":"","meta":{"_acf_changed":false},"product_brand":[],"product_cat":[2429],"product_tag":[2286,4510,4866,4511],"class_list":{"0":"post-161491","1":"product","2":"type-product","3":"status-publish","4":"has-post-thumbnail","6":"product_cat-ellas","7":"product_tag-ellas-eltryckeslas","8":"product_tag-rel-safetron-eltryckeslas","9":"product_tag-safetron-20","10":"product_tag-safetron-eltryckeslas","11":"product_shipping_class-tunga-paket","12":"pa_brands-7safetron","13":"tm-no-options","15":"first","16":"instock","17":"sale","18":"featured","19":"taxable","20":"shipping-taxable","21":"purchasable","22":"product-type-simple"},"acf":[],"_links":{"self":[{"href":"https:\/\/secureus.se\/de\/wp-json\/wp\/v2\/product\/161491","targetHints":{"allow":["GET"]}}],"collection":[{"href":"https:\/\/secureus.se\/de\/wp-json\/wp\/v2\/product"}],"about":[{"href":"https:\/\/secureus.se\/de\/wp-json\/wp\/v2\/types\/product"}],"wp:featuredmedia":[{"embeddable":true,"href":"https:\/\/secureus.se\/de\/wp-json\/wp\/v2\/media\/142864"}],"wp:attachment":[{"href":"https:\/\/secureus.se\/de\/wp-json\/wp\/v2\/media?parent=161491"}],"wp:term":[{"taxonomy":"product_brand","embeddable":true,"href":"https:\/\/secureus.se\/de\/wp-json\/wp\/v2\/product_brand?post=161491"},{"taxonomy":"product_cat","embeddable":true,"href":"https:\/\/secureus.se\/de\/wp-json\/wp\/v2\/product_cat?post=161491"},{"taxonomy":"product_tag","embeddable":true,"href":"https:\/\/secureus.se\/de\/wp-json\/wp\/v2\/product_tag?post=161491"}],"curies":[{"name":"wp","href":"https:\/\/api.w.org\/{rel}","templated":true}]}}