{"id":161493,"date":"2022-07-04T07:50:02","date_gmt":"2022-07-04T05:50:02","guid":{"rendered":"https:\/\/secureus.se\/ellas-sl630\/"},"modified":"2026-03-18T12:11:00","modified_gmt":"2026-03-18T11:11:00","slug":"ellas-sl630","status":"publish","type":"product","link":"https:\/\/secureus.se\/de\/ellas-sl630\/","title":{"rendered":"Safetron Elektroschloss SL630 (Neue Generation)"},"content":{"rendered":"<p>Das SAFETRON SL630 (neue Generation) ist ein elektromechanisches Schloss mit zum Patent angemeldeter Streifendrucktechnologie. Es bietet ein breites und einzigartiges Anwendungsgebiet und erf\u00fcllt funktionale Anforderungen wie elektrische Aktivierung, T\u00fcrautomation, Notfall-Evakuierung, Brandschutz, Trennfunktion und Wiederbelegung. Noch nie zuvor wurden so viele komplexe Funktionsanforderungen von einem einzigen Schlossgeh\u00e4use abgedeckt.<\/p>\n<p>Der SAFETRON SL630 kann vorteilhaft in Kombination mit der T\u00fcrautomation eingesetzt werden, ist aber gleichzeitig mit elektronisch aktivierten Dr\u00fcckern ausgestattet. Das Schloss ist mit Doppelmagneten ausgestattet, einer steuert die Entriegelung des Doppelfunktionsgeh\u00e4uses und der andere die Aktivierung der Druckfunktion. Dadurch ist eine separate Anbindung an T\u00fcrautomatik bzw. Durchgangssysteme m\u00f6glich.<\/p>\n<p>\u2022 Geh\u00e4use mit Doppelfunktion: Nach rechts gerichtete Funktion<\/p>\n<p>\u2022 Dr\u00fccken: Umkehrfunktion<\/p>\n<p>Der SAFETRON SL630 kann im Split- oder Single-Modus eingestellt werden, das hei\u00dft, die Tasten \u00f6ffnen sich durch elektronische Bet\u00e4tigung von beiden Seiten.<\/p>\n<p>SAFETRON SL630 ist zertifiziert und CE-gekennzeichnet f\u00fcr den Einsatz in Brandzellengrenzen der h\u00f6chsten brandtechnischen Klasse: 120min.<\/p>\n<p>Der SAFETRON SL630 kann mit zwei verschiedenen Notausgangsbeschl\u00e4gen ausgestattet werden: 793 oder 794. W\u00e4hlen Sie 793 f\u00fcr die Druckposition, wenn das Schloss in der Split-Funktion eingestellt ist, oder 794 f\u00fcr die Zylinderposition, wenn das Schloss in der Einzelfunktion eingestellt ist oder wenn der Zuggriff aktiviert ist genutzt werden soll.<\/p>\n<p>Der SAFETRON SL630 erf\u00fcllt auch die Anforderungen f\u00fcr die Umsiedlung. Die Druckfunktion des Schlosses hat die entgegengesetzte Funktion und dadurch wird die Wiederverriegelung aktiviert, indem die Spannung zur T\u00fcrumgebung abgebaut wird. Die St\u00f6rung kann durch aktivierten Feueralarm oder durch aktivierten Notbeschlag 794 in Kombination mit der Relaiskarte SAFETRON REC (Re-Entry Card) erfolgen.<\/p>\n<p>\u2022 Split- oder Einzelfunktion<\/p>\n<p>\u2022 Listendrucktechnologie<\/p>\n<p>\u2022 Feuergepr\u00fcft: 120 Min<\/p>\n<p>\u2022 Angepasst f\u00fcr die T\u00fcrautomation<\/p>\n<p>\u2022 Moderne Kolbenplatzierung<\/p>\n<p>\u2022 Vorw\u00e4rts- und R\u00fcckw\u00e4rtsfunktion<\/p>\n<p>\u2022 Notevakuierung gem\u00e4\u00df SS-EN 179<\/p>\n<p>\u2022 Anzeigen: Verriegelung, Druckbewegung, Zylinder- und T\u00fcrstatus<\/p>\n<p>\u2022 Multispannung: 10-30 VDC<\/p>\n<p>\u2022 Zugelassene Notevakuierung zusammen mit der Notfallausr\u00fcstung 793 und 794<\/p>\n<p>\u2022 Wiederbelegung durch Brandmeldeausfall oder \u00fcber SAFETRON REC (Wiedereintrittskarte)<\/p>","protected":false},"excerpt":{"rendered":"<p>SAFETRON SL630 (nya geneationen)\u00a0 \u00e4r ett elektromekaniskt l\u00e5s med patents\u00f6kt listtrycksteknik. L\u00e5set har ett brett och unikt anv\u00e4ndningsomr\u00e5de som t\u00e4cker in funktionskrav s\u00e5som elektrisk aktivering, d\u00f6rrautomatik, n\u00f6dutrymning, brandigenh\u00e5llning, splitfunktion samt<\/p>","protected":false},"featured_media":142242,"template":"","meta":{"_acf_changed":false},"product_brand":[],"product_cat":[2429],"product_tag":[2286,4510,4866,4511],"class_list":{"0":"post-161493","1":"product","2":"type-product","3":"status-publish","4":"has-post-thumbnail","6":"product_cat-ellas","7":"product_tag-ellas-eltryckeslas","8":"product_tag-rel-safetron-eltryckeslas","9":"product_tag-safetron-20","10":"product_tag-safetron-eltryckeslas","11":"product_shipping_class-tunga-paket","12":"pa_brands-7safetron","13":"tm-no-options","15":"first","16":"instock","17":"sale","18":"featured","19":"taxable","20":"shipping-taxable","21":"purchasable","22":"product-type-simple"},"acf":[],"_links":{"self":[{"href":"https:\/\/secureus.se\/de\/wp-json\/wp\/v2\/product\/161493","targetHints":{"allow":["GET"]}}],"collection":[{"href":"https:\/\/secureus.se\/de\/wp-json\/wp\/v2\/product"}],"about":[{"href":"https:\/\/secureus.se\/de\/wp-json\/wp\/v2\/types\/product"}],"wp:featuredmedia":[{"embeddable":true,"href":"https:\/\/secureus.se\/de\/wp-json\/wp\/v2\/media\/142242"}],"wp:attachment":[{"href":"https:\/\/secureus.se\/de\/wp-json\/wp\/v2\/media?parent=161493"}],"wp:term":[{"taxonomy":"product_brand","embeddable":true,"href":"https:\/\/secureus.se\/de\/wp-json\/wp\/v2\/product_brand?post=161493"},{"taxonomy":"product_cat","embeddable":true,"href":"https:\/\/secureus.se\/de\/wp-json\/wp\/v2\/product_cat?post=161493"},{"taxonomy":"product_tag","embeddable":true,"href":"https:\/\/secureus.se\/de\/wp-json\/wp\/v2\/product_tag?post=161493"}],"curies":[{"name":"wp","href":"https:\/\/api.w.org\/{rel}","templated":true}]}}