{"id":161791,"date":"2025-11-20T11:47:40","date_gmt":"2025-11-20T10:47:40","guid":{"rendered":"https:\/\/secureus.se\/fjarrindikator-for-sakerhetssystem-5-25-volt\/"},"modified":"2026-03-31T13:29:49","modified_gmt":"2026-03-31T11:29:49","slug":"fjarrindikator-for-sakerhetssystem-5-25-volt","status":"publish","type":"product","link":"https:\/\/secureus.se\/de\/fjarrindikator-for-sakerhetssystem-5-25-volt\/","title":{"rendered":"Fernanzeige f\u00fcr Sicherheitssysteme 5 \u2013 25 Volt"},"content":{"rendered":"<h2 data-start=\"128\" data-end=\"176\">Fernanzeige TD-SL37 \u2013 LED-Anzeige, Wei\u00df<\/h2>\n<p data-start=\"237\" data-end=\"473\">Der TD-SL37 ist ein <strong data-start=\"251\" data-end=\"280\">Fernanzeige (LED\/Diode)<\/strong> Dies liefert ein deutliches visuelles Signal, sobald ein angeschlossener Alarmeingang aktiviert wird. Es wird verwendet, wenn ein Ereignis an einem anderen Ort als dem des Sensors oder der Zentrale selbst deutlich sichtbar sein soll.<\/p>\n<p data-start=\"475\" data-end=\"607\">Es ist <strong data-start=\"482\" data-end=\"505\">an sich kein Grund zur Beunruhigung<\/strong> Und <strong data-start=\"510\" data-end=\"528\">kein Sensor<\/strong> \u2013 ohne einen <strong data-start=\"539\" data-end=\"552\">Indikator<\/strong> die den Status der Anlage anzeigt, mit der sie verbunden ist.<\/p>\n<hr data-start=\"609\" data-end=\"612\" \/>\n<h3 data-start=\"614\" data-end=\"649\">Passend f\u00fcr verschiedene Alarmsysteme<\/h3>\n<p data-start=\"650\" data-end=\"740\">TD-SL37 kann in verschiedenen Installationsarten als visuelle Anzeige verwendet werden, zum Beispiel:<\/p>\n<ul data-start=\"741\" data-end=\"1035\">\n<li data-start=\"741\" data-end=\"798\">\n<p data-start=\"743\" data-end=\"798\"><strong data-start=\"743\" data-end=\"756\">Feueralarm<\/strong> (Anzeige vom Brandmelder\/Alarmbereich)<\/p>\n<\/li>\n<li data-start=\"799\" data-end=\"871\">\n<p data-start=\"801\" data-end=\"871\"><strong data-start=\"801\" data-end=\"817\">Alarmanlage<\/strong> (Anzeige aus der Alarmzone, Magnetkontakt, PIR usw.)<\/p>\n<\/li>\n<li data-start=\"872\" data-end=\"963\">\n<p data-start=\"874\" data-end=\"963\"><strong data-start=\"874\" data-end=\"915\">Telekommunikations-\/Signal- und technische Einrichtungen<\/strong> (Statusanzeige, Alarmausgang, Fehleranzeige)<\/p>\n<\/li>\n<li data-start=\"964\" data-end=\"1035\">\n<p data-start=\"966\" data-end=\"1035\"><strong data-start=\"966\" data-end=\"995\">Andere Niederspannungssysteme<\/strong> wo Sie eine klare LED-Anzeige ben\u00f6tigen<\/p>\n<\/li>\n<\/ul>\n<hr data-start=\"1037\" data-end=\"1040\" \/>\n<h3 data-start=\"1042\" data-end=\"1067\">Vorteile und Funktionen<\/h3>\n<ul data-start=\"1068\" data-end=\"1327\">\n<li data-start=\"1068\" data-end=\"1123\">\n<p data-start=\"1070\" data-end=\"1123\">Klare visuelle Anzeige im Alarm- oder Aktivierungsfall<\/p>\n<\/li>\n<li data-start=\"1124\" data-end=\"1161\">\n<p data-start=\"1126\" data-end=\"1161\">Hocheffiziente LEDs f\u00fcr gute Sichtbarkeit<\/p>\n<\/li>\n<li data-start=\"1162\" data-end=\"1205\">\n<p data-start=\"1164\" data-end=\"1205\">Gro\u00dfer Spannungsbereich: <strong data-start=\"1187\" data-end=\"1203\">4,5\u201325,5 V DC<\/strong><\/p>\n<\/li>\n<li data-start=\"1206\" data-end=\"1243\">\n<p data-start=\"1208\" data-end=\"1243\">Geringer Stromverbrauch: <strong data-start=\"1230\" data-end=\"1241\">6\u201310 mA<\/strong><\/p>\n<\/li>\n<li data-start=\"1244\" data-end=\"1286\">\n<p data-start=\"1246\" data-end=\"1286\">Robustes ABS-Geh\u00e4use f\u00fcr lange Lebensdauer<\/p>\n<\/li>\n<li data-start=\"1287\" data-end=\"1327\">\n<p data-start=\"1289\" data-end=\"1327\">Kompaktes Format f\u00fcr die Festinstallation<\/p>\n<\/li>\n<\/ul>\n<hr data-start=\"1329\" data-end=\"1332\" \/>\n<h3 data-start=\"1334\" data-end=\"1359\">Technische Spezifikation<\/h3>\n<ul data-start=\"1360\" data-end=\"1590\">\n<li data-start=\"1360\" data-end=\"1383\">\n<p data-start=\"1362\" data-end=\"1383\"><strong data-start=\"1362\" data-end=\"1373\">Modell:<\/strong> TD-SL37<\/p>\n<\/li>\n<li data-start=\"1384\" data-end=\"1401\">\n<p data-start=\"1386\" data-end=\"1401\"><strong data-start=\"1386\" data-end=\"1395\">Malen:<\/strong> Wei\u00df<\/p>\n<\/li>\n<li data-start=\"1402\" data-end=\"1432\">\n<p data-start=\"1404\" data-end=\"1432\"><strong data-start=\"1404\" data-end=\"1417\">Stromspannung:<\/strong> 4,5\u201325,5 V DC<\/p>\n<\/li>\n<li data-start=\"1433\" data-end=\"1466\">\n<p data-start=\"1435\" data-end=\"1466\"><strong data-start=\"1435\" data-end=\"1456\">Stromverbrauch:<\/strong> 6\u201310 mA<\/p>\n<\/li>\n<li data-start=\"1467\" data-end=\"1511\">\n<p data-start=\"1469\" data-end=\"1511\"><strong data-start=\"1469\" data-end=\"1490\">Temperaturbereich:<\/strong> -10 \u00b0C bis +50 \u00b0C<\/p>\n<\/li>\n<li data-start=\"1512\" data-end=\"1541\">\n<p data-start=\"1514\" data-end=\"1541\"><strong data-start=\"1514\" data-end=\"1532\">Luftfeuchtigkeit:<\/strong> 0\u201395 %<\/p>\n<\/li>\n<li data-start=\"1542\" data-end=\"1560\">\n<p data-start=\"1544\" data-end=\"1560\"><strong data-start=\"1544\" data-end=\"1553\">Gewicht:<\/strong> 50 g<\/p>\n<\/li>\n<li data-start=\"1561\" data-end=\"1590\">\n<p data-start=\"1563\" data-end=\"1590\"><strong data-start=\"1563\" data-end=\"1572\">Messen:<\/strong> 86 \u00d7 86 \u00d7 33 mm<\/p>\n<\/li>\n<\/ul>\n<hr data-start=\"1592\" data-end=\"1595\" \/>\n<h3 data-start=\"1597\" data-end=\"1613\">Installation<\/h3>\n<ul data-start=\"1614\" data-end=\"1670\">\n<li data-start=\"1614\" data-end=\"1641\">\n<p data-start=\"1616\" data-end=\"1641\"><strong data-start=\"1616\" data-end=\"1630\">Rotes Kabel:<\/strong> Plus (+)<\/p>\n<\/li>\n<li data-start=\"1642\" data-end=\"1670\">\n<p data-start=\"1644\" data-end=\"1670\"><strong data-start=\"1644\" data-end=\"1660\">Schwarzes Kabel:<\/strong> Minus (\u2212)<\/p>\n<\/li>\n<\/ul>","protected":false},"excerpt":{"rendered":"<p>Der TD-SL37 Fernanzeiger f\u00fcr Feuermelder ist ein wei\u00dfes, zuverl\u00e4ssiges Signalger\u00e4t, das eine klare visuelle Anzeige Ihrer Feuermelder oder Alarmanlagen erm\u00f6glicht.<\/p>\n<p>Dank energieeffizienter LED-Technologie und breiter Spannungsanpassung (4,5-25,5 VDC) passt es perfekt in professionelle Brandschutzsysteme.<\/p>\n<p>Die dezente wei\u00dfe Farbe und die einfache Installation machen es ideal f\u00fcr Wohngeb\u00e4ude, B\u00fcros und Industrieanlagen.<\/p>","protected":false},"featured_media":161785,"template":"","meta":{"_acf_changed":false},"product_brand":[],"product_cat":[1562,5104],"product_tag":[2263],"class_list":{"0":"post-161791","1":"product","2":"type-product","3":"status-publish","4":"has-post-thumbnail","6":"product_cat-larmdon-blixtljus","7":"product_cat-indikering-summer","8":"product_tag-larmdon-blixtljus-rod","9":"product_shipping_class-postnord-varubrev","10":"pa_brands-stonehouse-security","11":"pa_farg-vit","12":"tm-no-options","14":"first","15":"instock","16":"sale","17":"featured","18":"taxable","19":"shipping-taxable","20":"purchasable","21":"product-type-simple"},"acf":[],"_links":{"self":[{"href":"https:\/\/secureus.se\/de\/wp-json\/wp\/v2\/product\/161791","targetHints":{"allow":["GET"]}}],"collection":[{"href":"https:\/\/secureus.se\/de\/wp-json\/wp\/v2\/product"}],"about":[{"href":"https:\/\/secureus.se\/de\/wp-json\/wp\/v2\/types\/product"}],"wp:featuredmedia":[{"embeddable":true,"href":"https:\/\/secureus.se\/de\/wp-json\/wp\/v2\/media\/161785"}],"wp:attachment":[{"href":"https:\/\/secureus.se\/de\/wp-json\/wp\/v2\/media?parent=161791"}],"wp:term":[{"taxonomy":"product_brand","embeddable":true,"href":"https:\/\/secureus.se\/de\/wp-json\/wp\/v2\/product_brand?post=161791"},{"taxonomy":"product_cat","embeddable":true,"href":"https:\/\/secureus.se\/de\/wp-json\/wp\/v2\/product_cat?post=161791"},{"taxonomy":"product_tag","embeddable":true,"href":"https:\/\/secureus.se\/de\/wp-json\/wp\/v2\/product_tag?post=161791"}],"curies":[{"name":"wp","href":"https:\/\/api.w.org\/{rel}","templated":true}]}}