{"id":161793,"date":"2025-11-20T10:17:32","date_gmt":"2025-11-20T09:17:32","guid":{"rendered":"https:\/\/secureus.se\/blixtljus-vit-led-td-sl32-12-24v\/"},"modified":"2026-03-31T13:25:46","modified_gmt":"2026-03-31T11:25:46","slug":"blixtljus-vit-led-td-sl32-12-24v","status":"publish","type":"product","link":"https:\/\/secureus.se\/de\/blixtljus-vit-led-td-sl32-12-24v\/","title":{"rendered":"Blinklicht, wei\u00dfe LED TD-SL32, 12\u201324 V, 90 Blitze pro Minute, 12\u201324 V"},"content":{"rendered":"<h2 data-start=\"0\" data-end=\"39\">Blitzlicht TD-SL32 \u2013 Wei\u00dfe LED (12\u201324V)<\/h2>\n<p data-start=\"41\" data-end=\"261\">Der TD-SL32 ist ein kompakter <strong data-start=\"64\" data-end=\"81\">LED-Taschenlampe<\/strong> Es dient in verschiedenen Alarmsystemen als deutliches, visuelles Warnsignal. Bei Ausl\u00f6sung des Alarms blinkt das Blitzlicht hell auf. <strong data-start=\"221\" data-end=\"242\">die Umgebung warnen<\/strong> Und <strong data-start=\"247\" data-end=\"260\">abschrecken<\/strong>.<\/p>\n<p data-start=\"263\" data-end=\"382\">Geeignet beispielsweise f\u00fcr Villen, Garagen, Lagerr\u00e4ume, Gesch\u00e4fte und andere Umgebungen, in denen eine besonders deutliche Alarmanzeige gew\u00fcnscht ist.<\/p>\n<hr data-start=\"384\" data-end=\"387\" \/>\n<h3 data-start=\"389\" data-end=\"401\">Vorteile<\/h3>\n<ul data-start=\"402\" data-end=\"635\">\n<li data-start=\"402\" data-end=\"442\">\n<p data-start=\"404\" data-end=\"442\">Deutlich <strong data-start=\"412\" data-end=\"431\">Blitzlicht<\/strong> im Alarmfall<\/p>\n<\/li>\n<li data-start=\"443\" data-end=\"506\">\n<p data-start=\"445\" data-end=\"506\"><strong data-start=\"445\" data-end=\"459\">LED-Technologie<\/strong> f\u00fcr lange Lebensdauer und geringen Energieverbrauch<\/p>\n<\/li>\n<li data-start=\"507\" data-end=\"543\">\n<p data-start=\"509\" data-end=\"543\">Funktioniert an <strong data-start=\"521\" data-end=\"541\">12 V oder 24 V Gleichstrom<\/strong><\/p>\n<\/li>\n<li data-start=\"544\" data-end=\"585\">\n<p data-start=\"546\" data-end=\"585\">Robustes Geh\u00e4use aus strapazierf\u00e4higem ABS-Kunststoff<\/p>\n<\/li>\n<li data-start=\"586\" data-end=\"635\">\n<p data-start=\"588\" data-end=\"635\">Einfache Montage mit beiliegender Halterung\/Schrauben<\/p>\n<\/li>\n<\/ul>\n<hr data-start=\"637\" data-end=\"640\" \/>\n<h3 data-start=\"642\" data-end=\"670\">Technische Spezifikationen<\/h3>\n<ul data-start=\"671\" data-end=\"945\">\n<li data-start=\"671\" data-end=\"694\">\n<p data-start=\"673\" data-end=\"694\"><strong data-start=\"673\" data-end=\"684\">Modell:<\/strong> TD-SL32<\/p>\n<\/li>\n<li data-start=\"695\" data-end=\"712\">\n<p data-start=\"697\" data-end=\"712\"><strong data-start=\"697\" data-end=\"706\">Malen:<\/strong> Wei\u00df<\/p>\n<\/li>\n<li data-start=\"713\" data-end=\"735\">\n<p data-start=\"715\" data-end=\"735\"><strong data-start=\"715\" data-end=\"729\">Lichtquelle:<\/strong> LEDs<\/p>\n<\/li>\n<li data-start=\"736\" data-end=\"771\">\n<p data-start=\"738\" data-end=\"771\"><strong data-start=\"738\" data-end=\"756\">Betriebsspannung:<\/strong> Gleichstrom 12 V \/ 24 V<\/p>\n<\/li>\n<li data-start=\"772\" data-end=\"805\">\n<p data-start=\"774\" data-end=\"805\"><strong data-start=\"774\" data-end=\"795\">Stromverbrauch:<\/strong> \u2264 80 mA<\/p>\n<\/li>\n<li data-start=\"806\" data-end=\"846\">\n<p data-start=\"808\" data-end=\"846\"><strong data-start=\"808\" data-end=\"826\">Blitzfrequenz:<\/strong> etwa 90 Blitze\/Minute<\/p>\n<\/li>\n<li data-start=\"847\" data-end=\"891\">\n<p data-start=\"849\" data-end=\"891\"><strong data-start=\"849\" data-end=\"870\">Arbeitstemperatur:<\/strong> -10 \u00b0C bis +50 \u00b0C<\/p>\n<\/li>\n<li data-start=\"892\" data-end=\"917\">\n<p data-start=\"894\" data-end=\"917\"><strong data-start=\"894\" data-end=\"903\">Gewicht:<\/strong> etwa 99\u2013100 g<\/p>\n<\/li>\n<li data-start=\"918\" data-end=\"945\">\n<p data-start=\"920\" data-end=\"945\"><strong data-start=\"920\" data-end=\"929\">Messen:<\/strong> ca. 70 \u00d7 45 mm<\/p>\n<\/li>\n<\/ul>\n<hr data-start=\"947\" data-end=\"950\" \/>\n<h3 data-start=\"952\" data-end=\"978\">Montage und Verbindung<\/h3>\n<p data-start=\"979\" data-end=\"1220\">Der TD-SL32 ist typischerweise angeschlossen an <strong data-start=\"1011\" data-end=\"1036\">Alarmzentralenausgang<\/strong> (Sirenen-\/Blitzlichtausgang), sodass es im Alarmfall aktiviert wird. Es kann auch \u00fcber die Stromversorgung versorgt werden. <strong data-start=\"1113\" data-end=\"1123\">12V Gleichstrom<\/strong> Wenn Sie es in einer eigenst\u00e4ndigen L\u00f6sung verwenden m\u00f6chten (vorausgesetzt, Ihre Installation unterst\u00fctzt dies).<\/p>\n<p data-start=\"1222\" data-end=\"1237\"><strong data-start=\"1222\" data-end=\"1237\">Verbindung:<\/strong><\/p>\n<ul data-start=\"1238\" data-end=\"1294\">\n<li data-start=\"1238\" data-end=\"1265\">\n<p data-start=\"1240\" data-end=\"1265\"><strong data-start=\"1240\" data-end=\"1254\">Rotes Kabel:<\/strong> + (plus)<\/p>\n<\/li>\n<li data-start=\"1266\" data-end=\"1294\">\n<p data-start=\"1268\" data-end=\"1294\"><strong data-start=\"1268\" data-end=\"1284\">Schwarzes Kabel:<\/strong> \u2212 (Minus)<\/p>\n<\/li>\n<\/ul>\n<p data-start=\"1296\" data-end=\"1386\">L\u00e4sst sich einfach mit Schrauben und Halterung montieren, sodass die Taschenlampe aus der gew\u00fcnschten Richtung gut sichtbar ist.<\/p>","protected":false},"excerpt":{"rendered":"<p>Dieses wei\u00dfe Blitzlichtsignal (Modell TD-SL32) ist ein zuverl\u00e4ssiges optisches Warnger\u00e4t f\u00fcr Alarmsysteme.<\/p>\n<p>Es ist mit 12V- oder 24V-Systemen kompatibel und erzeugt ein helles, blinkendes wei\u00dfes Licht (90 Blinksignale\/Minute), um Eindringlinge abzuschrecken.<\/p>","protected":false},"featured_media":161792,"template":"","meta":{"_acf_changed":false},"product_brand":[],"product_cat":[1562,5103],"product_tag":[5076],"class_list":{"0":"post-161793","1":"product","2":"type-product","3":"status-publish","4":"has-post-thumbnail","6":"product_cat-larmdon-blixtljus","7":"product_cat-blixtljus-kombisiren","8":"product_tag-larmdon-blixtljus-vit","9":"product_shipping_class-postnord-varubrev","10":"pa_brands-stonehouse-security","11":"pa_farg-vit","12":"tm-no-options","14":"first","15":"instock","16":"sale","17":"featured","18":"taxable","19":"shipping-taxable","20":"purchasable","21":"product-type-simple"},"acf":[],"_links":{"self":[{"href":"https:\/\/secureus.se\/de\/wp-json\/wp\/v2\/product\/161793","targetHints":{"allow":["GET"]}}],"collection":[{"href":"https:\/\/secureus.se\/de\/wp-json\/wp\/v2\/product"}],"about":[{"href":"https:\/\/secureus.se\/de\/wp-json\/wp\/v2\/types\/product"}],"wp:featuredmedia":[{"embeddable":true,"href":"https:\/\/secureus.se\/de\/wp-json\/wp\/v2\/media\/161792"}],"wp:attachment":[{"href":"https:\/\/secureus.se\/de\/wp-json\/wp\/v2\/media?parent=161793"}],"wp:term":[{"taxonomy":"product_brand","embeddable":true,"href":"https:\/\/secureus.se\/de\/wp-json\/wp\/v2\/product_brand?post=161793"},{"taxonomy":"product_cat","embeddable":true,"href":"https:\/\/secureus.se\/de\/wp-json\/wp\/v2\/product_cat?post=161793"},{"taxonomy":"product_tag","embeddable":true,"href":"https:\/\/secureus.se\/de\/wp-json\/wp\/v2\/product_tag?post=161793"}],"curies":[{"name":"wp","href":"https:\/\/api.w.org\/{rel}","templated":true}]}}