{"id":161862,"date":"2026-01-30T14:48:29","date_gmt":"2026-01-30T13:48:29","guid":{"rendered":"https:\/\/secureus.se\/?post_type=product&#038;p=161862"},"modified":"2026-04-23T21:43:32","modified_gmt":"2026-04-23T19:43:32","slug":"ljuslist-30cm-led-lampa-med-rorelsesensor-perfekt-garderobsbelysning-och-skapbelysning","status":"publish","type":"product","link":"https:\/\/secureus.se\/de\/ljuslist-30cm-led-lampa-med-rorelsesensor-perfekt-garderobsbelysning-och-skapbelysning\/","title":{"rendered":"Lichtleiste 30CM LED Lampe mit Bewegungsmelder \u2013 Perfekte Kleiderschrankbeleuchtung und Schrankbeleuchtung"},"content":{"rendered":"<p>Diese 30 cm lange LED-Lichtleiste mit Bewegungsmelder ist die perfekte L\u00f6sung, um Ihre Kleiderschr\u00e4nke, Schr\u00e4nke oder andere dunkle Bereiche optimal auszuleuchten. Dank ihres ultrad\u00fcnnen Designs f\u00fcgt sie sich unauff\u00e4llig ein und ben\u00f6tigt nur minimalen Platz. Die fortschrittlichen Sensoren sorgen daf\u00fcr, dass das Licht nur dann eingeschaltet wird, wenn Sie es ben\u00f6tigen. Mit der einstellbaren Helligkeit schaffen Sie f\u00fcr jede Gelegenheit die passende Atmosph\u00e4re.<\/p>\n<p><strong>Funktionen und Vorteile:<\/strong><\/p>\n<ul>\n<li><strong>Bewegungssensor mit Lichtempfindlichkeit:<\/strong> Schaltet sich bei Bewegung automatisch ein, wenn das Umgebungslicht dunkel ist, und schaltet sich aus, wenn niemand in der N\u00e4he ist.<\/li>\n<li><strong>D\u00fcnnes und stilvolles Design:<\/strong> Hergestellt aus robustem Aluminium und PC-Material, perfekt f\u00fcr eine diskrete Platzierung.<\/li>\n<li><strong>Einstellbare Helligkeit:<\/strong> Durch langes Dr\u00fccken der Taste wird die Helligkeit so angepasst, dass Sie genau das Licht erhalten, das Sie m\u00f6chten.<\/li>\n<li><strong>Lange Akkulaufzeit:<\/strong> 1100-mAh-Lithiumbatterie, die im Sensormodus bis zu 30 Tage h\u00e4lt. Kann \u00fcber USB-C \u00fcber 500 Mal aufgeladen werden.<\/li>\n<li><strong>Flexible Installation:<\/strong> Einfache Montage durch Magnetverschl\u00fcsse. Einfache Befestigung mit selbstklebenden Platten an der gew\u00fcnschten Oberfl\u00e4che.<\/li>\n<\/ul>\n<p><strong>Spezifikationen:<\/strong><\/p>\n<ul>\n<li><strong>Produktgr\u00f6\u00dfe:<\/strong> 40<em>1.2<\/em>400mm<\/li>\n<li><strong>Material:<\/strong> Aluminium<\/li>\n<li><strong>USB-Aufladung:<\/strong> Typ-C<\/li>\n<li><strong>Batteriekapazit\u00e4t:<\/strong> 1100-mAh-Lithiumbatterie<\/li>\n<li><strong>Anzahl der LEDs:<\/strong> 70 St\u00fcck<\/li>\n<li><strong>Schaltabstand:<\/strong> Bis zu 3 Meter, mit einem Induktionswinkel von 120\u00b0<\/li>\n<li><strong>Lichtfarbe:<\/strong> Hei\u00df oder kalt (optional)<\/li>\n<li><strong>Das Paket beinhaltet:<\/strong> 1 Lichtleiste, 2 magnetische Befestigungsplatten, USB-C-Ladekabel, Anleitung<\/li>\n<\/ul>\n<p><strong>Einsatzgebiete:<\/strong><br \/>\nPerfekt f\u00fcr Kleiderschr\u00e4nke, Schr\u00e4nke, K\u00fcchen, Keller und andere R\u00e4ume, die zus\u00e4tzliches Licht ben\u00f6tigen. Dank einstellbarer Helligkeit und Bewegungssensor auch im Homeoffice oder als Nachtbeleuchtung einsetzbar.<\/p>\n<p><strong>Vorteile des Lichtstreifens 30CM:<\/strong><\/p>\n<ul>\n<li>Umfangreichere Ausleuchtung als bei kleineren Modellen dank der L\u00e4nge von 30 cm und 70 LED-Leuchten.<\/li>\n<li>H\u00f6here Akkukapazit\u00e4t (1100 mAh), was eine l\u00e4ngere Nutzungszeit zwischen den Ladevorg\u00e4ngen erm\u00f6glicht.<\/li>\n<li>Geeignet f\u00fcr gr\u00f6\u00dfere R\u00e4ume, die mehr Licht ben\u00f6tigen.<\/li>\n<\/ul>","protected":false},"excerpt":{"rendered":"<p>Ultrad\u00fcnne und leistungsstarke 30CM Lichtleiste mit Bewegungssensor, ideal f\u00fcr Kleiderschr\u00e4nke, Schr\u00e4nke und andere R\u00e4ume, wo zus\u00e4tzliche Beleuchtung ben\u00f6tigt wird. Ausgestattet mit 70 LEDs f\u00fcr helle und gleichm\u00e4\u00dfige Beleuchtung und einstellbare Helligkeit. Einfache Installation mit Magnethalterung und USB-Aufladung.<\/p>","protected":false},"featured_media":134784,"template":"","meta":{"_acf_changed":false},"product_brand":[],"product_cat":[4181],"product_tag":[],"class_list":{"0":"post-161862","1":"product","2":"type-product","3":"status-publish","4":"has-post-thumbnail","6":"product_cat-belysning","7":"pa_brands-secureus","8":"tm-no-options","10":"first","11":"instock","12":"sale","13":"featured","14":"taxable","15":"shipping-taxable","16":"purchasable","17":"product-type-simple"},"acf":[],"_links":{"self":[{"href":"https:\/\/secureus.se\/de\/wp-json\/wp\/v2\/product\/161862","targetHints":{"allow":["GET"]}}],"collection":[{"href":"https:\/\/secureus.se\/de\/wp-json\/wp\/v2\/product"}],"about":[{"href":"https:\/\/secureus.se\/de\/wp-json\/wp\/v2\/types\/product"}],"wp:featuredmedia":[{"embeddable":true,"href":"https:\/\/secureus.se\/de\/wp-json\/wp\/v2\/media\/134784"}],"wp:attachment":[{"href":"https:\/\/secureus.se\/de\/wp-json\/wp\/v2\/media?parent=161862"}],"wp:term":[{"taxonomy":"product_brand","embeddable":true,"href":"https:\/\/secureus.se\/de\/wp-json\/wp\/v2\/product_brand?post=161862"},{"taxonomy":"product_cat","embeddable":true,"href":"https:\/\/secureus.se\/de\/wp-json\/wp\/v2\/product_cat?post=161862"},{"taxonomy":"product_tag","embeddable":true,"href":"https:\/\/secureus.se\/de\/wp-json\/wp\/v2\/product_tag?post=161862"}],"curies":[{"name":"wp","href":"https:\/\/api.w.org\/{rel}","templated":true}]}}