{"id":161920,"date":"2026-02-02T11:00:37","date_gmt":"2026-02-02T10:00:37","guid":{"rendered":"https:\/\/secureus.se\/ip65-plastkapsling-for-procon-gsm-4g-intercom\/"},"modified":"2026-03-27T15:07:13","modified_gmt":"2026-03-27T14:07:13","slug":"ip65-plastkapsling-for-procon-gsm-4g-intercom","status":"publish","type":"product","link":"https:\/\/secureus.se\/de\/ip65-plastkapsling-for-procon-gsm-4g-intercom\/","title":{"rendered":"IP65 Kunststoff-Geh\u00e4use f\u00fcr ProCon GSM \/ 4G \/ InterCom"},"content":{"rendered":"<h3 data-start=\"518\" data-end=\"580\">IP65-Geh\u00e4use zur sicheren Montage von GSM- und 4G-Modulen<\/h3>\n<p data-start=\"581\" data-end=\"806\">Dieses Kunststoffgeh\u00e4use mit Schutzart IP65 ist f\u00fcr ProCon GSM, ProCon GSM Cloud, ProCon 4G Cloud und InterCom GSM vorgesehen. Es sch\u00fctzt die Elektronik vor Staub und Wasser und eignet sich sowohl f\u00fcr die Innen- als auch f\u00fcr die Au\u00dfeninstallation.<\/p>\n<h3 data-start=\"808\" data-end=\"845\">F\u00fcr einfache Installation geeignet<\/h3>\n<p data-start=\"846\" data-end=\"1077\">Das Kunststoffgeh\u00e4use ist seitlich mit einer Kabelverschraubung ausgestattet, die einen sicheren Kabelanschluss erm\u00f6glicht, ohne die Schutzart des Geh\u00e4uses zu beeintr\u00e4chtigen. Zum Einlegen der SIM-Karte in das GSM-Modul wird einfach die Abdeckung entfernt.<\/p>\n<h3 data-start=\"1079\" data-end=\"1112\">Vorbereitet f\u00fcr externe Antenne<\/h3>\n<p data-start=\"1113\" data-end=\"1297\">Der Antennenanschluss ist zur Geh\u00e4usewand hin verlegt und erm\u00f6glicht so den Anschluss einer externen SMA-Antenne. Dies sorgt f\u00fcr besseren Empfang und flexible Positionierung der Antenne bei der Installation.<\/p>\n<h3 data-start=\"1299\" data-end=\"1323\">Einsatzgebiete<\/h3>\n<ul data-start=\"1324\" data-end=\"1447\">\n<li data-start=\"1324\" data-end=\"1353\">\n<p data-start=\"1326\" data-end=\"1353\">Schutz von GPRS\/GSM-Modulen<\/p>\n<\/li>\n<li data-start=\"1354\" data-end=\"1388\">\n<p data-start=\"1356\" data-end=\"1388\">ProCon GSM und ProCon 4G Cloud<\/p>\n<\/li>\n<li data-start=\"1389\" data-end=\"1405\">\n<p data-start=\"1391\" data-end=\"1405\">InterCom GSM<\/p>\n<\/li>\n<li data-start=\"1406\" data-end=\"1447\">\n<p data-start=\"1408\" data-end=\"1447\">Installationen, die den Schutz IP65 erfordern<\/p>\n<\/li>\n<\/ul>\n<hr data-start=\"1449\" data-end=\"1452\" \/>\n<h2 data-start=\"1454\" data-end=\"1485\"><strong data-start=\"1457\" data-end=\"1485\">TECHNISCHE DATEN<\/strong><\/h2>\n<ul data-start=\"1487\" data-end=\"1799\">\n<li data-start=\"1487\" data-end=\"1518\">\n<p data-start=\"1489\" data-end=\"1518\">Produkt: IP65-Kunststoffgeh\u00e4use<\/p>\n<\/li>\n<li data-start=\"1519\" data-end=\"1543\">\n<p data-start=\"1521\" data-end=\"1543\">Schutzart: IP65<\/p>\n<\/li>\n<li data-start=\"1544\" data-end=\"1563\">\n<p data-start=\"1546\" data-end=\"1563\">Material: Kunststoff<\/p>\n<\/li>\n<li data-start=\"1564\" data-end=\"1588\">\n<p data-start=\"1566\" data-end=\"1588\">Kabeleinf\u00fchrung: Ja<\/p>\n<\/li>\n<li data-start=\"1589\" data-end=\"1630\">\n<p data-start=\"1591\" data-end=\"1630\">Antennenanschluss: SMA (externe Antenne)<\/p>\n<\/li>\n<li data-start=\"1631\" data-end=\"1723\">\n<p data-start=\"1633\" data-end=\"1642\">Passend f\u00fcr:<\/p>\n<ul data-start=\"1645\" data-end=\"1723\">\n<li data-start=\"1645\" data-end=\"1659\">\n<p data-start=\"1647\" data-end=\"1659\">ProCon GSM<\/p>\n<\/li>\n<li data-start=\"1662\" data-end=\"1682\">\n<p data-start=\"1664\" data-end=\"1682\">ProCon GSM Cloud<\/p>\n<\/li>\n<li data-start=\"1685\" data-end=\"1704\">\n<p data-start=\"1687\" data-end=\"1704\">ProCon 4G Cloud<\/p>\n<\/li>\n<li data-start=\"1707\" data-end=\"1723\">\n<p data-start=\"1709\" data-end=\"1723\">InterCom GSM<\/p>\n<\/li>\n<\/ul>\n<\/li>\n<li data-start=\"1724\" data-end=\"1766\">\n<p data-start=\"1726\" data-end=\"1766\">Abmessungen (B \u00d7 T \u00d7 H): <strong data-start=\"1744\" data-end=\"1764\">55 \u00d7 79 \u00d7 119 mm<\/strong><\/p>\n<\/li>\n<\/ul>","protected":false},"excerpt":{"rendered":"<p>Kunststoffgeh\u00e4use nach IP65 zum Schutz der ProCon GSM- und 4G-Module f\u00fcr die sichere Installation im Freien oder in rauen Umgebungen. Vorbereitet f\u00fcr Kabelverschraubung und externe SMA-Antenne.<\/p>","protected":false},"featured_media":161916,"template":"","meta":{"_acf_changed":false},"product_brand":[],"product_cat":[1551],"product_tag":[],"class_list":{"0":"post-161920","1":"product","2":"type-product","3":"status-publish","4":"has-post-thumbnail","6":"product_cat-larmoverforing","7":"pa_brands-asc","8":"tm-no-options","10":"first","11":"instock","12":"taxable","13":"shipping-taxable","14":"purchasable","15":"product-type-simple"},"acf":[],"_links":{"self":[{"href":"https:\/\/secureus.se\/de\/wp-json\/wp\/v2\/product\/161920","targetHints":{"allow":["GET"]}}],"collection":[{"href":"https:\/\/secureus.se\/de\/wp-json\/wp\/v2\/product"}],"about":[{"href":"https:\/\/secureus.se\/de\/wp-json\/wp\/v2\/types\/product"}],"wp:featuredmedia":[{"embeddable":true,"href":"https:\/\/secureus.se\/de\/wp-json\/wp\/v2\/media\/161916"}],"wp:attachment":[{"href":"https:\/\/secureus.se\/de\/wp-json\/wp\/v2\/media?parent=161920"}],"wp:term":[{"taxonomy":"product_brand","embeddable":true,"href":"https:\/\/secureus.se\/de\/wp-json\/wp\/v2\/product_brand?post=161920"},{"taxonomy":"product_cat","embeddable":true,"href":"https:\/\/secureus.se\/de\/wp-json\/wp\/v2\/product_cat?post=161920"},{"taxonomy":"product_tag","embeddable":true,"href":"https:\/\/secureus.se\/de\/wp-json\/wp\/v2\/product_tag?post=161920"}],"curies":[{"name":"wp","href":"https:\/\/api.w.org\/{rel}","templated":true}]}}