{"id":161929,"date":"2025-10-01T16:44:16","date_gmt":"2025-10-01T14:44:16","guid":{"rendered":"https:\/\/secureus.se\/batteribackup-12v-3a-med-ups-funktion-for-passersystem\/"},"modified":"2026-03-30T14:37:18","modified_gmt":"2026-03-30T12:37:18","slug":"batteribackup-12v-3a-med-ups-funktion-for-passersystem","status":"publish","type":"product","link":"https:\/\/secureus.se\/de\/batteribackup-12v-3a-med-ups-funktion-for-passersystem\/","title":{"rendered":"12V 3A Notstromversorgung mit USV-Funktion f\u00fcr Zutrittskontrollsysteme"},"content":{"rendered":"<h3 data-start=\"605\" data-end=\"659\">12V 3A Notstromversorgung mit USV-Funktion - SP-12V-3A<\/h3>\n<p data-start=\"661\" data-end=\"848\">SP-12V-3A ist ein <strong data-start=\"678\" data-end=\"706\">professionelle 12V DC USV<\/strong> Das Ger\u00e4t ist f\u00fcr Systeme konzipiert, bei denen ein kontinuierlicher Betrieb unerl\u00e4sslich ist. Es wird haupts\u00e4chlich eingesetzt in <strong data-start=\"790\" data-end=\"847\">Zutrittskontrollsysteme, T\u00fcrumgebungen und Sicherheitsinstallationen<\/strong>.<\/p>\n<p data-start=\"850\" data-end=\"1028\">Im Falle eines Stromausfalls schaltet die USV automatisch \u00fcber ein externes Netzteil auf Batteriebetrieb um. <strong data-start=\"932\" data-end=\"953\">12V\/7Ah-Batterie<\/strong>Dadurch wird sichergestellt, dass die angeschlossenen Ger\u00e4te ohne Unterbrechung weiter funktionieren.<\/p>\n<p data-start=\"1192\" data-end=\"1237\">Klar <strong data-start=\"1200\" data-end=\"1219\">LED-Anzeigen<\/strong> zeigt den Status von:<\/p>\n<ul data-start=\"1238\" data-end=\"1314\">\n<li data-start=\"1238\" data-end=\"1256\">\n<p data-start=\"1240\" data-end=\"1256\">Wechselstromnetzspannung<\/p>\n<\/li>\n<li data-start=\"1257\" data-end=\"1270\">\n<p data-start=\"1259\" data-end=\"1270\">Gleichstromausgang<\/p>\n<\/li>\n<li data-start=\"1271\" data-end=\"1290\">\n<p data-start=\"1273\" data-end=\"1290\">Batterieladung<\/p>\n<\/li>\n<li data-start=\"1291\" data-end=\"1314\">\n<p data-start=\"1293\" data-end=\"1314\">Niedrige Batteriespannung<\/p>\n<\/li>\n<\/ul>\n<p data-start=\"1316\" data-end=\"1441\">Das Ger\u00e4t ist ausgestattet mit <strong data-start=\"1340\" data-end=\"1368\">selbstwiederherstellender Schutz<\/strong> gegen Kurzschluss, \u00dcberstrom, \u00dcberspannung, Tiefentladung und Tiefentladung.<\/p>\n<hr data-start=\"1443\" data-end=\"1446\" \/>\n<h3 data-start=\"1448\" data-end=\"1475\">Merkmale und Vorteile \u2013 Notstromversorgung 12 V 3 A<\/h3>\n<ul data-start=\"1477\" data-end=\"1757\">\n<li data-start=\"1477\" data-end=\"1521\">\n<p data-start=\"1479\" data-end=\"1521\">Automatische USV-Funktion bei Stromausfall<\/p>\n<\/li>\n<li data-start=\"1563\" data-end=\"1585\">\n<p data-start=\"1565\" data-end=\"1585\">Maximale Belastung: 3 A<\/p>\n<\/li>\n<li data-start=\"1586\" data-end=\"1623\">\n<p data-start=\"1588\" data-end=\"1623\">Schutz vor elektrischen Fehlern und Batteriesch\u00e4den<\/p>\n<\/li>\n<li data-start=\"1624\" data-end=\"1667\">\n<p data-start=\"1626\" data-end=\"1667\">Klare LED-Statusanzeige f\u00fcr einfache \u00dcberwachung<\/p>\n<\/li>\n<li data-start=\"1668\" data-end=\"1715\">\n<p data-start=\"1670\" data-end=\"1715\">Terminalanschl\u00fcsse f\u00fcr eine sichere Installation<\/p>\n<\/li>\n<li data-start=\"1716\" data-end=\"1757\">\n<p data-start=\"1718\" data-end=\"1757\">F\u00fcr den professionellen Einsatz in Innenr\u00e4umen vorgesehen.<\/p>\n<\/li>\n<\/ul>\n<hr data-start=\"1759\" data-end=\"1762\" \/>\n<h3 data-start=\"1764\" data-end=\"1792\">Technische Spezifikationen<\/h3>\n<ul data-start=\"1794\" data-end=\"2172\">\n<li data-start=\"1794\" data-end=\"1830\">\n<p data-start=\"1796\" data-end=\"1830\"><strong data-start=\"1796\" data-end=\"1807\">Eingang:<\/strong> 100\u2013240 V Wechselstrom, 50\/60 Hz<\/p>\n<\/li>\n<li data-start=\"1831\" data-end=\"1878\">\n<p data-start=\"1833\" data-end=\"1878\"><strong data-start=\"1833\" data-end=\"1850\">Ausgang (Hauptausgabe):<\/strong> 12,0\u201314,0 V Gleichstrom (einstellbar)<\/p>\n<\/li>\n<li data-start=\"1879\" data-end=\"1918\">\n<p data-start=\"1881\" data-end=\"1918\"><strong data-start=\"1881\" data-end=\"1902\">Ausgang (Batterie):<\/strong> 10,0\u201312,5 V Gleichstrom<\/p>\n<\/li>\n<li data-start=\"1919\" data-end=\"1944\">\n<p data-start=\"1921\" data-end=\"1944\"><strong data-start=\"1921\" data-end=\"1937\">Maximaler Ausgangsstrom:<\/strong> 3,0 A<\/p>\n<\/li>\n<li data-start=\"1945\" data-end=\"1974\">\n<p data-start=\"1947\" data-end=\"1974\"><strong data-start=\"1947\" data-end=\"1967\">Akkuladung:<\/strong> 0,8A<\/p>\n<\/li>\n<li data-start=\"1975\" data-end=\"2026\">\n<p data-start=\"1977\" data-end=\"2026\"><strong data-start=\"1977\" data-end=\"2003\">Empfohlene Batterie:<\/strong> 12V \/ 7Ah (nicht im Lieferumfang enthalten)<\/p>\n<\/li>\n<li data-start=\"2027\" data-end=\"2062\">\n<p data-start=\"2029\" data-end=\"2062\"><strong data-start=\"2029\" data-end=\"2044\">Temperatur:<\/strong> -20 bis +45 \u00b0C<\/p>\n<\/li>\n<li data-start=\"2063\" data-end=\"2114\">\n<p data-start=\"2065\" data-end=\"2114\"><strong data-start=\"2065\" data-end=\"2079\">Luftfeuchtigkeit:<\/strong> Bis zu 90 % (nicht kondensierend)<\/p>\n<\/li>\n<li data-start=\"2115\" data-end=\"2147\">\n<p data-start=\"2117\" data-end=\"2147\"><strong data-start=\"2117\" data-end=\"2131\">Montage:<\/strong> Wand, Innenbereich<\/p>\n<\/li>\n<li data-start=\"2148\" data-end=\"2172\">\n<p data-start=\"2150\" data-end=\"2172\"><strong data-start=\"2150\" data-end=\"2167\">Zertifizierung:<\/strong> CE<\/p>\n<\/li>\n<\/ul>\n<hr data-start=\"2174\" data-end=\"2177\" \/>\n<h3 data-start=\"2179\" data-end=\"2209\">Typische Anwendungen<\/h3>\n<ul data-start=\"2211\" data-end=\"2371\">\n<li data-start=\"2211\" data-end=\"2244\">\n<p data-start=\"2213\" data-end=\"2244\">Zutrittskontrolle und T\u00fcrsteuerung<\/p>\n<\/li>\n<li data-start=\"2245\" data-end=\"2285\">\n<p data-start=\"2247\" data-end=\"2285\">Elektrische T\u00fcr\u00f6ffner und elektromechanische Schl\u00f6sser<\/p>\n<\/li>\n<li data-start=\"2286\" data-end=\"2313\">\n<p data-start=\"2288\" data-end=\"2313\">Tor- und Torsteuerung<\/p>\n<\/li>\n<li data-start=\"2314\" data-end=\"2343\">\n<p data-start=\"2316\" data-end=\"2343\">Alarm- und Sicherheitssysteme<\/p>\n<\/li>\n<li data-start=\"2344\" data-end=\"2371\">\n<p data-start=\"2346\" data-end=\"2371\">Brand- und Notfalll\u00f6sungen<\/p>\n<\/li>\n<\/ul>\n<hr data-start=\"2373\" data-end=\"2376\" \/>\n<h3 data-start=\"2378\" data-end=\"2394\">Installation<\/h3>\n<p data-start=\"2396\" data-end=\"2537\">Das Produkt ist bestimmt f\u00fcr <strong data-start=\"2420\" data-end=\"2443\">Inneninstallation<\/strong> und sollte installiert werden von <strong data-start=\"2467\" data-end=\"2487\">autorisierter Techniker<\/strong>Sorgen Sie f\u00fcr gute Bel\u00fcftung und ordnungsgem\u00e4\u00dfe Erdung.<\/p>\n<p data-start=\"2396\" data-end=\"2537\"><span data-teams=\"true\">Gr\u00f6\u00dfe: 195 x 225 x 83 mm<\/span><\/p>","protected":false},"excerpt":{"rendered":"<p data-start=\"198\" data-end=\"489\"><strong data-start=\"198\" data-end=\"272\">12V 3A USV-Batterie-Backup f\u00fcr Zutrittskontrollsysteme und Sicherheitsinstallationen.<\/strong><br data-start=\"272\" data-end=\"275\" \/>Der SP-12V-3A gew\u00e4hrleistet einen stabilen Betrieb bei Stromausf\u00e4llen durch automatische Umschaltung auf Batteriebetrieb. Dank \u00fcbersichtlicher LED-Anzeige und integrierter Schutzfunktionen eignet er sich ideal f\u00fcr T\u00fcrsteuerungen, elektrische T\u00fcr\u00f6ffner und Torantriebe.<\/p>\n<p data-start=\"491\" data-end=\"537\"><em data-start=\"491\" data-end=\"537\">Empfohlene Batterie: 12V \/ 7Ah (nicht im Lieferumfang enthalten).<\/em><\/p>","protected":false},"featured_media":161927,"template":"","meta":{"_acf_changed":false},"product_brand":[],"product_cat":[2721],"product_tag":[],"class_list":{"0":"post-161929","1":"product","2":"type-product","3":"status-publish","4":"has-post-thumbnail","6":"product_cat-batteribackuper","7":"pa_brands-stonehouse-security","8":"tm-no-options","10":"first","11":"instock","12":"sale","13":"taxable","14":"shipping-taxable","15":"purchasable","16":"product-type-simple"},"acf":[],"_links":{"self":[{"href":"https:\/\/secureus.se\/de\/wp-json\/wp\/v2\/product\/161929","targetHints":{"allow":["GET"]}}],"collection":[{"href":"https:\/\/secureus.se\/de\/wp-json\/wp\/v2\/product"}],"about":[{"href":"https:\/\/secureus.se\/de\/wp-json\/wp\/v2\/types\/product"}],"wp:featuredmedia":[{"embeddable":true,"href":"https:\/\/secureus.se\/de\/wp-json\/wp\/v2\/media\/161927"}],"wp:attachment":[{"href":"https:\/\/secureus.se\/de\/wp-json\/wp\/v2\/media?parent=161929"}],"wp:term":[{"taxonomy":"product_brand","embeddable":true,"href":"https:\/\/secureus.se\/de\/wp-json\/wp\/v2\/product_brand?post=161929"},{"taxonomy":"product_cat","embeddable":true,"href":"https:\/\/secureus.se\/de\/wp-json\/wp\/v2\/product_cat?post=161929"},{"taxonomy":"product_tag","embeddable":true,"href":"https:\/\/secureus.se\/de\/wp-json\/wp\/v2\/product_tag?post=161929"}],"curies":[{"name":"wp","href":"https:\/\/api.w.org\/{rel}","templated":true}]}}