{"id":161937,"date":"2025-10-01T16:44:16","date_gmt":"2025-10-01T14:44:16","guid":{"rendered":"https:\/\/secureus.se\/mini-batteribackup-12v-3a-ups-i-plast\/"},"modified":"2026-04-15T13:34:41","modified_gmt":"2026-04-15T11:34:41","slug":"mini-batteribackup-12v-3a-ups-i-plast","status":"publish","type":"product","link":"https:\/\/secureus.se\/de\/mini-batteribackup-12v-3a-ups-i-plast\/","title":{"rendered":"Mini-USV mit Akku (12 V, 3 A) im Kunststoffgeh\u00e4use"},"content":{"rendered":"<h3 data-start=\"728\" data-end=\"781\">Mini-USV mit 12 V, 3 A im Kunststoffgeh\u00e4use \u2013 BB-12V-3A<\/h3>\n<p data-start=\"783\" data-end=\"953\">BB-12V-3A ist ein <strong data-start=\"799\" data-end=\"837\">Kompakte 12V DC USV im Kunststoffgeh\u00e4use<\/strong>, entworfen f\u00fcr <strong data-start=\"853\" data-end=\"891\">allgemeine Niederspannungsanwendungen<\/strong> wenn einfache Installation, geringes Gewicht und stabiler Betrieb wichtig sind.<\/p>\n<p data-start=\"955\" data-end=\"1120\">Im Falle eines Stromausfalls schaltet das Ger\u00e4t automatisch \u00fcber eine externe Stromversorgung auf Batteriebetrieb um. <strong data-start=\"1038\" data-end=\"1059\">12V\/7Ah-Batterie<\/strong>, wodurch der kontinuierliche Betrieb angeschlossener Ger\u00e4te sichergestellt wird.<\/p>\n<p data-start=\"1284\" data-end=\"1335\">Klar <strong data-start=\"1291\" data-end=\"1309\">LED-Anzeige<\/strong> bietet einen schnellen \u00dcberblick \u00fcber:<\/p>\n<ul data-start=\"1336\" data-end=\"1412\">\n<li data-start=\"1336\" data-end=\"1354\">\n<p data-start=\"1338\" data-end=\"1354\">Wechselstromnetzspannung<\/p>\n<\/li>\n<li data-start=\"1355\" data-end=\"1368\">\n<p data-start=\"1357\" data-end=\"1368\">Gleichstromausgang<\/p>\n<\/li>\n<li data-start=\"1369\" data-end=\"1388\">\n<p data-start=\"1371\" data-end=\"1388\">Batterieladung<\/p>\n<\/li>\n<li data-start=\"1389\" data-end=\"1412\">\n<p data-start=\"1391\" data-end=\"1412\">Niedrige Batteriespannung<\/p>\n<\/li>\n<\/ul>\n<p data-start=\"1414\" data-end=\"1552\">Die USV verf\u00fcgt \u00fcber einen eingebauten Schutz gegen <strong data-start=\"1444\" data-end=\"1504\">Kurzschluss, \u00dcberstrom, \u00dcberladung und Tiefentladung<\/strong>, mit automatischer R\u00fcckstellung, sobald der Fehler nicht mehr auftritt.<\/p>\n<p data-start=\"1554\" data-end=\"1674\">Durch das Kunststoffgeh\u00e4use eignet sich das Modell besonders gut f\u00fcr <strong data-start=\"1603\" data-end=\"1644\">Installationen ohne Sicherheitsbewertung<\/strong> wo kein Manipulationsschutz erforderlich ist.<\/p>\n<hr data-start=\"1676\" data-end=\"1679\" \/>\n<h3 data-start=\"1681\" data-end=\"1708\">Funktionen und Vorteile<\/h3>\n<ul data-start=\"1710\" data-end=\"2011\">\n<li data-start=\"1710\" data-end=\"1741\">\n<p data-start=\"1712\" data-end=\"1741\">Kompakte USV im Kunststoffgeh\u00e4use<\/p>\n<\/li>\n<li data-start=\"1742\" data-end=\"1786\">\n<p data-start=\"1744\" data-end=\"1786\">Automatischer Batteriebetrieb bei Stromausfall<\/p>\n<\/li>\n<li data-start=\"1828\" data-end=\"1850\">\n<p data-start=\"1830\" data-end=\"1850\">Maximale Belastung: 3 A<\/p>\n<\/li>\n<li data-start=\"1851\" data-end=\"1894\">\n<p data-start=\"1853\" data-end=\"1894\">Klare LED-Statusanzeige f\u00fcr Betrieb und Batterie<\/p>\n<\/li>\n<li data-start=\"1895\" data-end=\"1936\">\n<p data-start=\"1897\" data-end=\"1936\">Eingebauter Schutz gegen elektrische und Batterieausf\u00e4lle<\/p>\n<\/li>\n<li data-start=\"1937\" data-end=\"1969\">\n<p data-start=\"1939\" data-end=\"1969\">Einfache und schnelle Installation<\/p>\n<\/li>\n<li data-start=\"1970\" data-end=\"2011\">\n<p data-start=\"1972\" data-end=\"2011\">Preisg\u00fcnstige L\u00f6sung f\u00fcr den allgemeinen 12V-Betrieb<\/p>\n<\/li>\n<\/ul>\n<hr data-start=\"2013\" data-end=\"2016\" \/>\n<h3 data-start=\"2018\" data-end=\"2046\">Technische Spezifikationen<\/h3>\n<ul data-start=\"2048\" data-end=\"2450\">\n<li data-start=\"2048\" data-end=\"2084\">\n<p data-start=\"2050\" data-end=\"2084\"><strong data-start=\"2050\" data-end=\"2061\">Eingang:<\/strong> 100\u2013240 V Wechselstrom, 50\/60 Hz<\/p>\n<\/li>\n<li data-start=\"2173\" data-end=\"2198\">\n<p data-start=\"2175\" data-end=\"2198\"><strong data-start=\"2175\" data-end=\"2191\">Maximaler Ausgangsstrom:<\/strong> 3,0 A<\/p>\n<\/li>\n<li data-start=\"2199\" data-end=\"2228\">\n<p data-start=\"2201\" data-end=\"2228\"><strong data-start=\"2201\" data-end=\"2221\">Akkuladung:<\/strong> 0,8A<\/p>\n<\/li>\n<li data-start=\"2229\" data-end=\"2252\">\n<p data-start=\"2231\" data-end=\"2252\"><strong data-start=\"2231\" data-end=\"2244\">Beilage:<\/strong> Plastik<\/p>\n<\/li>\n<li data-start=\"2253\" data-end=\"2304\">\n<p data-start=\"2255\" data-end=\"2304\"><strong data-start=\"2255\" data-end=\"2281\">Empfohlene Batterie:<\/strong> 12V \/ 7Ah (nicht im Lieferumfang enthalten)<\/p>\n<\/li>\n<li data-start=\"2305\" data-end=\"2340\">\n<p data-start=\"2307\" data-end=\"2340\"><strong data-start=\"2307\" data-end=\"2322\">Temperatur:<\/strong> -20 bis +45 \u00b0C<\/p>\n<\/li>\n<li data-start=\"2341\" data-end=\"2392\">\n<p data-start=\"2343\" data-end=\"2392\"><strong data-start=\"2343\" data-end=\"2357\">Luftfeuchtigkeit:<\/strong> Bis zu 90 % (nicht kondensierend)<\/p>\n<\/li>\n<li data-start=\"2393\" data-end=\"2425\">\n<p data-start=\"2395\" data-end=\"2425\"><strong data-start=\"2395\" data-end=\"2409\">Montage:<\/strong> Innenbereich, Wand<\/p>\n<\/li>\n<li data-start=\"2426\" data-end=\"2450\">\n<p data-start=\"2428\" data-end=\"2450\"><strong data-start=\"2428\" data-end=\"2445\">Zertifizierung:<\/strong> CE<\/p>\n<\/li>\n<\/ul>\n<hr data-start=\"2452\" data-end=\"2455\" \/>\n<h3 data-start=\"2457\" data-end=\"2487\">Typische Anwendungen<\/h3>\n<ul data-start=\"2489\" data-end=\"2670\">\n<li data-start=\"2489\" data-end=\"2525\">\n<p data-start=\"2491\" data-end=\"2525\">Kleinere Alarm- und Sicherheitssysteme<\/p>\n<\/li>\n<li data-start=\"2526\" data-end=\"2550\">\n<p data-start=\"2528\" data-end=\"2550\">Einfacheres Zutrittskontrollsystem<\/p>\n<\/li>\n<li data-start=\"2551\" data-end=\"2601\">\n<p data-start=\"2553\" data-end=\"2601\">Router, Switches und Netzwerkger\u00e4te (12V)<\/p>\n<\/li>\n<li data-start=\"2602\" data-end=\"2635\">\n<p data-start=\"2604\" data-end=\"2635\">Kleine Steuerungssysteme und Elektronik<\/p>\n<\/li>\n<li data-start=\"2636\" data-end=\"2670\">\n<p data-start=\"2638\" data-end=\"2670\">Allgemeine 12V-Notstromversorgung f\u00fcr Innenr\u00e4ume<\/p>\n<\/li>\n<\/ul>\n<hr data-start=\"2672\" data-end=\"2675\" \/>\n<h3 data-start=\"2677\" data-end=\"2693\">Installation<\/h3>\n<p data-start=\"2695\" data-end=\"2837\">Bestimmt f\u00fcr <strong data-start=\"2706\" data-end=\"2721\">Verwendung in Innenr\u00e4umen<\/strong>.<br data-start=\"2722\" data-end=\"2725\" \/>Die USV sollte fest montiert und gut bel\u00fcftet sein. Die Installation sollte von einem Fachmann durchgef\u00fchrt werden. <strong data-start=\"2816\" data-end=\"2836\">autorisierter Techniker<\/strong>.<\/p>\n<p data-start=\"2695\" data-end=\"2837\"><span data-teams=\"true\">Gr\u00f6\u00dfe: 195 x 225 x 83 mm<\/span><\/p>","protected":false},"excerpt":{"rendered":"<p data-start=\"306\" data-end=\"614\"><strong data-start=\"306\" data-end=\"359\">Kompakte 12V 3A USV-Batterie-Backup-Anlage im Kunststoffgeh\u00e4use.<\/strong><br data-start=\"359\" data-end=\"362\" \/>Die BB-12V-3A ist eine kleine und handliche 12V DC USV f\u00fcr einfachere Sicherheits- und Niederspannungsinstallationen.<\/p>\n<p data-start=\"306\" data-end=\"614\">Der automatische Batteriebetrieb bei Stromausfall und die \u00fcbersichtliche LED-Anzeige machen es ideal f\u00fcr kleinere Systeme, bei denen ein kontinuierlicher Betrieb erforderlich ist.<\/p>\n<p data-start=\"616\" data-end=\"662\"><em data-start=\"616\" data-end=\"662\">Empfohlene Batterie: 12V \/ 7Ah (nicht im Lieferumfang enthalten).<\/em><\/p>","protected":false},"featured_media":161933,"template":"","meta":{"_acf_changed":false},"product_brand":[],"product_cat":[2721],"product_tag":[],"class_list":{"0":"post-161937","1":"product","2":"type-product","3":"status-publish","4":"has-post-thumbnail","6":"product_cat-batteribackuper","7":"pa_brands-stonehouse-security","8":"tm-no-options","10":"first","11":"instock","12":"sale","13":"taxable","14":"shipping-taxable","15":"purchasable","16":"product-type-simple"},"acf":[],"_links":{"self":[{"href":"https:\/\/secureus.se\/de\/wp-json\/wp\/v2\/product\/161937","targetHints":{"allow":["GET"]}}],"collection":[{"href":"https:\/\/secureus.se\/de\/wp-json\/wp\/v2\/product"}],"about":[{"href":"https:\/\/secureus.se\/de\/wp-json\/wp\/v2\/types\/product"}],"wp:featuredmedia":[{"embeddable":true,"href":"https:\/\/secureus.se\/de\/wp-json\/wp\/v2\/media\/161933"}],"wp:attachment":[{"href":"https:\/\/secureus.se\/de\/wp-json\/wp\/v2\/media?parent=161937"}],"wp:term":[{"taxonomy":"product_brand","embeddable":true,"href":"https:\/\/secureus.se\/de\/wp-json\/wp\/v2\/product_brand?post=161937"},{"taxonomy":"product_cat","embeddable":true,"href":"https:\/\/secureus.se\/de\/wp-json\/wp\/v2\/product_cat?post=161937"},{"taxonomy":"product_tag","embeddable":true,"href":"https:\/\/secureus.se\/de\/wp-json\/wp\/v2\/product_tag?post=161937"}],"curies":[{"name":"wp","href":"https:\/\/api.w.org\/{rel}","templated":true}]}}