{"id":161942,"date":"2026-02-02T13:33:10","date_gmt":"2026-02-02T12:33:10","guid":{"rendered":"https:\/\/secureus.se\/mifare-desfire-2k-ev3-kort-100-pack-13-56-mhz\/"},"modified":"2026-02-27T14:29:31","modified_gmt":"2026-02-27T13:29:31","slug":"mifare-desfire-2k-ev3-kort-100-pack-13-56-mhz","status":"publish","type":"product","link":"https:\/\/secureus.se\/de\/mifare-desfire-2k-ev3-kort-100-pack-13-56-mhz\/","title":{"rendered":"Mifare DESFire 2K EV3-Karte - 100er-Pack, 13,56 MHz"},"content":{"rendered":"<p>Leere wei\u00dfe 2K EV3 Mifare Desfire Karten - 100er Pack<\/p>\n<p>Diese MIFARE DESFire EV3 2K-Karten nutzen die neueste Chiptechnologie von NXP und bieten so eine schnelle, sichere und zuverl\u00e4ssige Leistung. Mit 2 KB Speicher unterst\u00fctzen sie mehrere Anwendungen auf einer einzigen Karte. Dank ihrer Taktfrequenz von 13,56 MHz erm\u00f6glichen sie hohe Daten\u00fcbertragungsraten von bis zu 848 kbit\/s und eignen sich daher ideal f\u00fcr Zutrittskontrollsysteme, Transportsysteme und andere sicherheitsrelevante Anwendungen.<\/p>\n<p>Verkauft in Packungen mit 100 St\u00fcck<br \/>\nStandardgr\u00f6\u00dfe f\u00fcr CR80-Kreditkarten (86 mm x 54 mm)<br \/>\n2 KB Speicherkapazit\u00e4t<br \/>\nDie ideale L\u00f6sung f\u00fcr Anwendungen in den Bereichen Identit\u00e4t, Zugangskontrolle und Mikrozahlung.<\/p>\n<p>Produktgewicht:<br \/>\n0,60 kg<\/p>","protected":false},"excerpt":{"rendered":"<p>Leere wei\u00dfe 2K EV3 Mifare Desfire Karten - 100er Pack<\/p>","protected":false},"featured_media":161941,"template":"","meta":{"_acf_changed":false},"product_brand":[],"product_cat":[4233],"product_tag":[],"class_list":{"0":"post-161942","1":"product","2":"type-product","3":"status-publish","4":"has-post-thumbnail","6":"product_cat-rfid-kort-desfire","7":"tm-no-options","9":"first","10":"instock","11":"sale","12":"taxable","13":"shipping-taxable","14":"purchasable","15":"product-type-simple"},"acf":[],"_links":{"self":[{"href":"https:\/\/secureus.se\/de\/wp-json\/wp\/v2\/product\/161942","targetHints":{"allow":["GET"]}}],"collection":[{"href":"https:\/\/secureus.se\/de\/wp-json\/wp\/v2\/product"}],"about":[{"href":"https:\/\/secureus.se\/de\/wp-json\/wp\/v2\/types\/product"}],"wp:featuredmedia":[{"embeddable":true,"href":"https:\/\/secureus.se\/de\/wp-json\/wp\/v2\/media\/161941"}],"wp:attachment":[{"href":"https:\/\/secureus.se\/de\/wp-json\/wp\/v2\/media?parent=161942"}],"wp:term":[{"taxonomy":"product_brand","embeddable":true,"href":"https:\/\/secureus.se\/de\/wp-json\/wp\/v2\/product_brand?post=161942"},{"taxonomy":"product_cat","embeddable":true,"href":"https:\/\/secureus.se\/de\/wp-json\/wp\/v2\/product_cat?post=161942"},{"taxonomy":"product_tag","embeddable":true,"href":"https:\/\/secureus.se\/de\/wp-json\/wp\/v2\/product_tag?post=161942"}],"curies":[{"name":"wp","href":"https:\/\/api.w.org\/{rel}","templated":true}]}}