{"id":161944,"date":"2022-04-29T14:31:00","date_gmt":"2022-04-29T12:31:00","guid":{"rendered":"https:\/\/secureus.se\/kombitagg-lika-chip-assa-pro\/"},"modified":"2026-03-27T15:20:09","modified_gmt":"2026-03-27T14:20:09","slug":"kombitagg-lika-chip-assa-pro","status":"publish","type":"product","link":"https:\/\/secureus.se\/de\/kombitagg-lika-chip-assa-pro\/","title":{"rendered":"Kombinationstag EM + Mifare1k\u00ae f\u00fcr ASSA ARX mit gleichen Nummern programmiert \u2013 Pro"},"content":{"rendered":"<h1>Kombinierter Tag EM\/Mifare1k<\/h1>\n<h3><strong>Alarmpasskontrolle \u2013 Buchung \u2013 Besichtigung<\/strong><\/h3>\n<h3>Hier haben wir eine Nummer eingraviert, die die gleiche Programmierung f\u00fcr Bewator hat.<\/h3>\n<p><strong>Dies bedeutet, dass es sowohl in EM- als auch in Mifare-Systemen funktioniert, jedoch mit dem Vorteil, dass Sie nur eine Nummer haben, mit der Sie arbeiten und die Sie in Ihr bewator-System eingeben k\u00f6nnen. Im Normalfall haben Sie unterschiedliche Nummern f\u00fcr EM und Mifare, was bedeutet, dass Sie 2 Nummern eingeben m\u00fcssen, anstatt nur eine Nummer zu kopieren, was Zeit spart.<\/strong>Dieser Tag funktioniert in allen Systemen, die EM- und Mifare-Technologie verwenden, einschlie\u00dflich RCO, Bewator\/Vanderbilt, Aptus, ASSA ARX und anderen Arten von Systemen, z. B. Besuchersystemen oder der Anmeldung an Computern\/Druckern um die anspruchsvollsten Anforderungen an Sicherheit und Identifizierung zu erf\u00fcllen. Mit seiner robusten Konstruktion aus ABS-Material und dem d\u00fcnnen Profil von nur 2,9 mm bietet es eine perfekte Balance zwischen Haltbarkeit und Eleganz. Dank seiner stilvollen Oberfl\u00e4che eignet es sich ideal zum Gravieren mit Standardnummern oder zum Einf\u00fcgen Ihres Logos, entweder durch eingraviertes oder farbiges Finish. Egal, ob Sie ein zuverl\u00e4ssiges Produkt f\u00fcr Zugangskontrolle, Besuchersysteme, Buchung, Alarme, Autoladeger\u00e4te, Lagerverwaltung oder andere Anwendungen ben\u00f6tigen, unser \u201eABS Pro\u201c ist die perfekte Wahl. Es ist in vielen Varianten erh\u00e4ltlich und wir k\u00f6nnen es auch mit einem Chip Ihrer Wahl fertigen. Standard heute sind f\u00fcr Zutrittsetiketten: EM4200, Mifare1k, die Kombination aus Mifare1k und EM4200, Mifare4k, die Kombination Mit Mifare4k und EM4200 sowie DESFire k\u00f6nnen Sie Ihre L\u00f6sung an Ihre spezifischen Anforderungen anpassen. Wir wissen, wie wichtig es ist, qualitativ hochwertige RFID-Produkte zu liefern, die den heutigen Anforderungen und Erwartungen entsprechen. Deshalb sind wir bestrebt, die beste Technologie und Kompatibilit\u00e4t anzubieten, um die Sicherheit und Effizienz Ihrer Systeme zu verbessern.<\/p>\n<h3><strong>Angepasst f\u00fcr einzigartige Projekte \u2013 Kombinationsetikett f\u00fcr ASSA ARX<\/strong><\/h3>\n<p>Zu den Vorteilen unserer RFID-Tags geh\u00f6ren die Kompatibilit\u00e4t mit verschiedenen Systemen\/Technologien sowie die M\u00f6glichkeit, die Tags an individuelle Projekte anzupassen. Wir k\u00f6nnen verschiedene Chips programmieren und integrieren, um spezifische Anwendungsanforderungen zu erf\u00fcllen und ma\u00dfgeschneiderte L\u00f6sungen zu erstellen. Kontaktieren Sie uns noch heute, um Ihre Projektideen zu besprechen und eine ma\u00dfgeschneiderte RFID-Tag-L\u00f6sung f\u00fcr Ihre Bed\u00fcrfnisse zu erhalten.<\/p>\n<h5><strong>Schnelle Lieferung und immer auf Lager<\/strong><\/h5>\n<p>Der RFID-Schl\u00fcsselanh\u00e4nger \u201eABS Pro\u201c ist immer in \u00fcber 80.000 St\u00fcck auf Lager, in 6 Farben (Rot, Blau, Wei\u00df, Schwarz, Gr\u00fcn, Gelb) und mit verschiedenen Chips. Mit Hilfe unserer Lasermaschinen und Software k\u00f6nnen Sie Ihr Logo ausw\u00e4hlen &amp; eindeutige Nummer zum Gravieren mit Lieferung innerhalb von 1-3 Tagen.<\/p>\n<h3>Wie immer! Rfid-Passanten-Tag mit Original-Chip von<a href=\"https:\/\/www.nxp.com\/\" rel=\"noopener\"> NXP<\/a> Und <a href=\"https:\/\/www.emmicroelectronic.com\/\" rel=\"noopener\">EM-Mikroelektronik.<\/a><\/h3>\n<p><strong>F\u00fcr alles und jeden geeignet!<\/strong><\/p>\n<ul>\n<li>Passsystem<\/li>\n<li>Besuchersystem<\/li>\n<li>Reservierung<\/li>\n<li>Alarm- und Sicherheitssystem<\/li>\n<\/ul>\n<p><strong>Vorteile des Kombianh\u00e4ngers \u201eABS Pro\u201c f\u00fcr ASSA ARX<\/strong><\/p>\n<ul>\n<li>Robuste Konstruktion aus ABS-Material<\/li>\n<li>D\u00fcnnes Profil von nur 2,9 mm<\/li>\n<li>Option zum Gravieren einer Standardnummer oder zum Einf\u00fcgen eines Logos<\/li>\n<li>Gro\u00dfe Auswahl an Chipvarianten f\u00fcr unterschiedliche Anforderungen und immer auf Lager.<\/li>\n<\/ul>","protected":false},"excerpt":{"rendered":"<p>Unser beliebtester RFID-Tag \u201eABS Pro\u201c \u2013 die perfekte L\u00f6sung f\u00fcr Sicherheits- und Identifikationssysteme. Hier mit Doppelchip im Kombitag: EM4200+Mifare1k Chip mit gleicher Chipnummer zur einfacheren Handhabung. Das Etikett ist nur 2,9 mm dick und besteht aus hartem ABS-Material mit einer eleganten Oberfl\u00e4che, die \u00fcberall passt. Dieses Produkt verf\u00fcgt \u00fcber einen zertifizierten Chip von NXP\u00ae, einem globalen Technologieunternehmen mit Hauptsitz in Holland. NXP\u00ae ist auf RFID und NFC spezialisiert und bietet eine Reihe von Produkten in den Bereichen Sicherheit, Konnektivit\u00e4t und eingebettete L\u00f6sungen<\/p>","protected":false},"featured_media":163686,"template":"","meta":{"_acf_changed":false},"product_brand":[],"product_cat":[4786],"product_tag":[4146,2095,2958],"class_list":{"0":"post-161944","1":"product","2":"type-product","3":"status-publish","4":"has-post-thumbnail","6":"product_cat-mifare1kem4200-tagg","7":"product_tag-nxp","8":"product_tag-rfid-500","9":"product_tag-stonehouse-produkt","10":"product_shipping_class-postnord-varubrev","11":"pa_brands-stonehouse-security","12":"pa_chip-teknik-lika-chipnummer-1-nummer-graverat-kombitagg","13":"pa_farg-svart","14":"tm-no-options","16":"first","17":"instock","18":"sale","19":"featured","20":"taxable","21":"shipping-taxable","22":"purchasable","23":"product-type-simple"},"acf":[],"_links":{"self":[{"href":"https:\/\/secureus.se\/de\/wp-json\/wp\/v2\/product\/161944","targetHints":{"allow":["GET"]}}],"collection":[{"href":"https:\/\/secureus.se\/de\/wp-json\/wp\/v2\/product"}],"about":[{"href":"https:\/\/secureus.se\/de\/wp-json\/wp\/v2\/types\/product"}],"wp:featuredmedia":[{"embeddable":true,"href":"https:\/\/secureus.se\/de\/wp-json\/wp\/v2\/media\/163686"}],"wp:attachment":[{"href":"https:\/\/secureus.se\/de\/wp-json\/wp\/v2\/media?parent=161944"}],"wp:term":[{"taxonomy":"product_brand","embeddable":true,"href":"https:\/\/secureus.se\/de\/wp-json\/wp\/v2\/product_brand?post=161944"},{"taxonomy":"product_cat","embeddable":true,"href":"https:\/\/secureus.se\/de\/wp-json\/wp\/v2\/product_cat?post=161944"},{"taxonomy":"product_tag","embeddable":true,"href":"https:\/\/secureus.se\/de\/wp-json\/wp\/v2\/product_tag?post=161944"}],"curies":[{"name":"wp","href":"https:\/\/api.w.org\/{rel}","templated":true}]}}