{"id":161946,"date":"2025-10-01T16:44:15","date_gmt":"2025-10-01T14:44:15","guid":{"rendered":"https:\/\/secureus.se\/batteribackup-12v-3a-for-cctv\/"},"modified":"2026-04-15T16:35:12","modified_gmt":"2026-04-15T14:35:12","slug":"batteribackup-12v-3a-for-cctv","status":"publish","type":"product","link":"https:\/\/secureus.se\/de\/batteribackup-12v-3a-for-cctv\/","title":{"rendered":"12V 3A Notstromversorgung mit 4-Kanal-USV f\u00fcr Video\u00fcberwachungssysteme"},"content":{"rendered":"<h3 data-start=\"789\" data-end=\"847\">12V 3A Notstromversorgung f\u00fcr \u00dcberwachungskameras \u2013 SPF-12V-3A<\/h3>\n<p data-start=\"849\" data-end=\"1002\">SPF-12V-3A ist ein <strong data-start=\"866\" data-end=\"916\">12V DC USV speziell f\u00fcr CCTV-Systeme entwickelt<\/strong>, wo mehrere Kameras eine stabile und sichere Stromversorgung ben\u00f6tigen \u2013 auch bei Stromausf\u00e4llen.<\/p>\n<p data-start=\"1004\" data-end=\"1204\">Die UPS hat <strong data-start=\"1015\" data-end=\"1044\">vier separate Gleichstromausg\u00e4nge<\/strong>, wobei jeder Ausgang einzeln <strong data-start=\"1079\" data-end=\"1089\">gesichert<\/strong>, wodurch eine hohe Betriebssicherheit gew\u00e4hrleistet und sowohl Kameras als auch Verkabelung im Falle eines Fehlers oder Kurzschlusses auf einem einzelnen Kanal gesch\u00fctzt werden.<\/p>\n<p data-start=\"1206\" data-end=\"1378\">Im Falle eines Stromausfalls schaltet das Ger\u00e4t automatisch \u00fcber eine externe Stromversorgung auf Batteriebetrieb um. <strong data-start=\"1288\" data-end=\"1309\">12V\/7Ah-Batterie<\/strong>damit Kameras und Peripherieger\u00e4te ohne Unterbrechung weiter funktionieren.<\/p>\n<p data-start=\"1567\" data-end=\"1601\">Klar <strong data-start=\"1575\" data-end=\"1594\">LED-Anzeigen<\/strong> zeigt:<\/p>\n<ul data-start=\"1602\" data-end=\"1678\">\n<li data-start=\"1602\" data-end=\"1620\">\n<p data-start=\"1604\" data-end=\"1620\">Wechselstromnetzspannung<\/p>\n<\/li>\n<li data-start=\"1621\" data-end=\"1634\">\n<p data-start=\"1623\" data-end=\"1634\">Gleichstromausgang<\/p>\n<\/li>\n<li data-start=\"1635\" data-end=\"1654\">\n<p data-start=\"1637\" data-end=\"1654\">Batterieladung<\/p>\n<\/li>\n<li data-start=\"1655\" data-end=\"1678\">\n<p data-start=\"1657\" data-end=\"1678\">Niedrige Batteriespannung<\/p>\n<\/li>\n<\/ul>\n<p data-start=\"789\" data-end=\"847\">12V 3A Notstromversorgung f\u00fcr Video\u00fcberwachungssysteme <span style=\"font-size: 16px;\">ist mit einem Schutz ausgestattet gegen <\/span>Kurzschluss, \u00dcberstrom, \u00dcberladung und Tiefentladung<span style=\"font-size: 16px;\">, mit automatischer R\u00fcckstellung, sobald der Fehler behoben ist.<\/span><\/p>\n<hr data-start=\"1828\" data-end=\"1831\" \/>\n<h3 data-start=\"1833\" data-end=\"1860\">Funktionen und Vorteile<\/h3>\n<ul data-start=\"1862\" data-end=\"2187\">\n<li data-start=\"1862\" data-end=\"1901\">\n<p data-start=\"1864\" data-end=\"1901\">Speziell angepasst f\u00fcr \u00dcberwachungskameras<\/p>\n<\/li>\n<li data-start=\"1902\" data-end=\"1943\">\n<p data-start=\"1904\" data-end=\"1943\">4 einzeln abgesicherte Gleichstromausg\u00e4nge<\/p>\n<\/li>\n<li data-start=\"1944\" data-end=\"1988\">\n<p data-start=\"1946\" data-end=\"1988\">Automatischer Batteriebetrieb bei Stromausfall<\/p>\n<\/li>\n<li data-start=\"2030\" data-end=\"2058\">\n<p data-start=\"2032\" data-end=\"2058\">Maximale Gesamtlast: 3 A<\/p>\n<\/li>\n<li data-start=\"2059\" data-end=\"2095\">\n<p data-start=\"2061\" data-end=\"2095\">LED-Statusanzeige zur einfachen \u00dcberwachung<\/p>\n<\/li>\n<li data-start=\"2096\" data-end=\"2128\">\n<p data-start=\"2098\" data-end=\"2128\">Schutz vor Strom- und Batterieausf\u00e4llen<\/p>\n<\/li>\n<li data-start=\"2129\" data-end=\"2187\">\n<p data-start=\"2131\" data-end=\"2187\">Stabile L\u00f6sung f\u00fcr professionelle Kamerainstallationen<\/p>\n<\/li>\n<\/ul>\n<hr data-start=\"2189\" data-end=\"2192\" \/>\n<h3 data-start=\"2194\" data-end=\"2222\">Technische Spezifikationen<\/h3>\n<ul data-start=\"2224\" data-end=\"2657\">\n<li data-start=\"2224\" data-end=\"2260\">\n<p data-start=\"2226\" data-end=\"2260\"><strong data-start=\"2226\" data-end=\"2237\">Eingang:<\/strong> 100\u2013240 V Wechselstrom, 50\/60 Hz<\/p>\n<\/li>\n<li data-start=\"2349\" data-end=\"2382\">\n<p data-start=\"2351\" data-end=\"2382\"><strong data-start=\"2351\" data-end=\"2367\">Maximaler Ausgangsstrom:<\/strong> 3,0 A (gesamt)<\/p>\n<\/li>\n<li data-start=\"2383\" data-end=\"2412\">\n<p data-start=\"2385\" data-end=\"2412\"><strong data-start=\"2385\" data-end=\"2405\">Akkuladung:<\/strong> 0,8A<\/p>\n<\/li>\n<li data-start=\"2413\" data-end=\"2459\">\n<p data-start=\"2415\" data-end=\"2459\"><strong data-start=\"2415\" data-end=\"2428\">Ausgaben:<\/strong> 4 \u00d7 Gleichstrom, einzeln abgesichert<\/p>\n<\/li>\n<li data-start=\"2460\" data-end=\"2511\">\n<p data-start=\"2462\" data-end=\"2511\"><strong data-start=\"2462\" data-end=\"2488\">Empfohlene Batterie:<\/strong> 12V \/ 7Ah (nicht im Lieferumfang enthalten)<\/p>\n<\/li>\n<li data-start=\"2512\" data-end=\"2547\">\n<p data-start=\"2514\" data-end=\"2547\"><strong data-start=\"2514\" data-end=\"2529\">Temperatur:<\/strong> -20 bis +45 \u00b0C<\/p>\n<\/li>\n<li data-start=\"2548\" data-end=\"2599\">\n<p data-start=\"2550\" data-end=\"2599\"><strong data-start=\"2550\" data-end=\"2564\">Luftfeuchtigkeit:<\/strong> Bis zu 90 % (nicht kondensierend)<\/p>\n<\/li>\n<li data-start=\"2600\" data-end=\"2632\">\n<p data-start=\"2602\" data-end=\"2632\"><strong data-start=\"2602\" data-end=\"2616\">Montage:<\/strong> Innenbereich, Wand<\/p>\n<\/li>\n<li data-start=\"2633\" data-end=\"2657\">\n<p data-start=\"2635\" data-end=\"2657\"><strong data-start=\"2635\" data-end=\"2652\">Zertifizierung:<\/strong> CE<\/p>\n<\/li>\n<\/ul>\n<hr data-start=\"2659\" data-end=\"2662\" \/>\n<h3 data-start=\"2664\" data-end=\"2694\">Typische Anwendungen<\/h3>\n<ul data-start=\"2696\" data-end=\"2881\">\n<li data-start=\"2696\" data-end=\"2734\">\n<p data-start=\"2698\" data-end=\"2734\">\u00dcberwachungskameras (analog &amp; IP \u00fcber 12V)<\/p>\n<\/li>\n<li data-start=\"2735\" data-end=\"2773\">\n<p data-start=\"2737\" data-end=\"2773\">Kleine und mittelgro\u00dfe Kamerasysteme<\/p>\n<\/li>\n<li data-start=\"2774\" data-end=\"2813\">\n<p data-start=\"2776\" data-end=\"2813\">NVR\/DVR mit externem Netzteil<\/p>\n<\/li>\n<li data-start=\"2814\" data-end=\"2881\">\n<p data-start=\"2816\" data-end=\"2881\">Sicherheitsinstallationen, bei denen mehrere Lasten separate Sicherungen ben\u00f6tigen<\/p>\n<\/li>\n<\/ul>\n<hr data-start=\"2883\" data-end=\"2886\" \/>\n<h3 data-start=\"2888\" data-end=\"2904\">Installation<\/h3>\n<p data-start=\"2906\" data-end=\"3104\">Bestimmt f\u00fcr <strong data-start=\"2917\" data-end=\"2940\">Inneninstallation<\/strong>.<br data-start=\"2941\" data-end=\"2944\" \/>Die USV ist an der Wand montiert und \u00fcber Klemmenbl\u00f6cke angeschlossen.<br data-start=\"2998\" data-end=\"3001\" \/>Es wird empfohlen, die Installation von folgendem Fachmann durchf\u00fchren zu lassen: <strong data-start=\"3043\" data-end=\"3063\">autorisierter Techniker<\/strong>insbesondere bei Mehrkanal-Kamerasystemen.<\/p>\n<p data-start=\"2906\" data-end=\"3104\"><span data-teams=\"true\">Gr\u00f6\u00dfe: 195 x 225 x 83 mm<\/span><\/p>","protected":false},"excerpt":{"rendered":"<p data-start=\"376\" data-end=\"675\"><strong data-start=\"376\" data-end=\"440\">12V 3A USV f\u00fcr CCTV-Kameras mit 4 separaten, abgesicherten Ausg\u00e4ngen.<\/strong><br data-start=\"440\" data-end=\"443\" \/>Die SPF-12V-3A ist eine professionelle USV, die speziell f\u00fcr Kamerainstallationen entwickelt wurde. Automatischer Batteriebetrieb bei Stromausfall, einstellbare Ausgangsspannung und einzeln abgesicherte Ausg\u00e4nge machen sie ideal f\u00fcr den Betrieb mehrerer \u00dcberwachungskameras.<\/p>\n<p data-start=\"677\" data-end=\"723\"><em data-start=\"677\" data-end=\"723\">Empfohlene Batterie: 12V \/ 7Ah (nicht im Lieferumfang enthalten).<\/em><\/p>","protected":false},"featured_media":161945,"template":"","meta":{"_acf_changed":false},"product_brand":[],"product_cat":[2721],"product_tag":[],"class_list":{"0":"post-161946","1":"product","2":"type-product","3":"status-publish","4":"has-post-thumbnail","6":"product_cat-batteribackuper","7":"pa_brands-stonehouse-security","8":"tm-no-options","10":"first","11":"instock","12":"sale","13":"taxable","14":"shipping-taxable","15":"purchasable","16":"product-type-simple"},"acf":[],"_links":{"self":[{"href":"https:\/\/secureus.se\/de\/wp-json\/wp\/v2\/product\/161946","targetHints":{"allow":["GET"]}}],"collection":[{"href":"https:\/\/secureus.se\/de\/wp-json\/wp\/v2\/product"}],"about":[{"href":"https:\/\/secureus.se\/de\/wp-json\/wp\/v2\/types\/product"}],"wp:featuredmedia":[{"embeddable":true,"href":"https:\/\/secureus.se\/de\/wp-json\/wp\/v2\/media\/161945"}],"wp:attachment":[{"href":"https:\/\/secureus.se\/de\/wp-json\/wp\/v2\/media?parent=161946"}],"wp:term":[{"taxonomy":"product_brand","embeddable":true,"href":"https:\/\/secureus.se\/de\/wp-json\/wp\/v2\/product_brand?post=161946"},{"taxonomy":"product_cat","embeddable":true,"href":"https:\/\/secureus.se\/de\/wp-json\/wp\/v2\/product_cat?post=161946"},{"taxonomy":"product_tag","embeddable":true,"href":"https:\/\/secureus.se\/de\/wp-json\/wp\/v2\/product_tag?post=161946"}],"curies":[{"name":"wp","href":"https:\/\/api.w.org\/{rel}","templated":true}]}}