{"id":162175,"date":"2025-11-21T14:39:40","date_gmt":"2025-11-21T13:39:40","guid":{"rendered":"https:\/\/secureus.se\/provkit-testifire-xtr2-provningshojd-4-m-varme-co-rok\/"},"modified":"2026-04-08T15:59:23","modified_gmt":"2026-04-08T13:59:23","slug":"provkit-testifire-2001-provningshojd-4-m-varme-co-rok","status":"publish","type":"product","link":"https:\/\/secureus.se\/de\/provkit-testifire-2001-provningshojd-4-m-varme-co-rok\/","title":{"rendered":"Testsatz Testifire 2001 Testh\u00f6he 4 m (W\u00e4rme + CO + Rauch)"},"content":{"rendered":"<h1>Testkit Testifire 2001, Testh\u00f6he 4 m (Hitze + CO + Rauch)<\/h1>\n<h3 data-start=\"347\" data-end=\"409\">Zuverl\u00e4ssige Pr\u00fcfung von Rauch-, W\u00e4rme- und CO-Meldern<\/h3>\n<p data-start=\"410\" data-end=\"671\">Mit dem Testifire 2001 Testkit wird die Funktion von Rauchmeldern, W\u00e4rmemeldern und Kohlenmonoxidmeldern durch die realistische Simulation von Alarmbedingungen \u00fcberpr\u00fcft.<\/p>\n<p data-start=\"410\" data-end=\"671\">Dadurch wird sichergestellt, dass die Detektoren korrekt reagieren und die geltenden Sicherheitsanforderungen erf\u00fcllen.<\/p>\n<h3 data-start=\"673\" data-end=\"716\">Sichere Pr\u00fcfung bis zu einer H\u00f6he von 4 Metern<\/h3>\n<p data-start=\"717\" data-end=\"943\">Das Set ist f\u00fcr Pr\u00fcfh\u00f6hen bis zu etwa 4 Metern ausgelegt und erm\u00f6glicht die Pr\u00fcfung von Detektoren direkt vom Boden aus.<\/p>\n<p data-start=\"717\" data-end=\"943\">Dadurch verringert sich der Bedarf an Leitern und die Arbeitsbedingungen verbessern sich sowohl bei der Installation als auch bei der laufenden Wartung.<\/p>\n<h3 data-start=\"945\" data-end=\"992\">Komplettes Set f\u00fcr die professionelle Wartung<\/h3>\n<p data-start=\"993\" data-end=\"1225\">Das Testkit enth\u00e4lt Testifire 2001 zum Testen von Rauch, Hitze und CO sowie Solo 108 zur Anwendung.<\/p>\n<p data-start=\"993\" data-end=\"1225\">Die Kombination bietet eine effiziente und flexible L\u00f6sung f\u00fcr die Inbetriebnahme, Wartung und regelm\u00e4\u00dfige Inspektion von Brandmelde- und Gasanlagen.<\/p>\n<p data-start=\"1227\" data-end=\"1242\"><strong data-start=\"1227\" data-end=\"1240\">Vorteile:<\/strong><\/p>\n<ul data-start=\"1243\" data-end=\"1441\">\n<li data-start=\"1243\" data-end=\"1284\">\n<p data-start=\"1245\" data-end=\"1284\">Pr\u00fcft Rauch-, W\u00e4rme- und Kohlenmonoxidmelder<\/p>\n<\/li>\n<li data-start=\"1285\" data-end=\"1317\">\n<p data-start=\"1287\" data-end=\"1317\">Realistische Funktionstests<\/p>\n<\/li>\n<li data-start=\"1318\" data-end=\"1354\">\n<p data-start=\"1320\" data-end=\"1354\">Sichere Anwendung ohne offene Flamme<\/p>\n<\/li>\n<li data-start=\"1355\" data-end=\"1389\">\n<p data-start=\"1357\" data-end=\"1389\">Effizienter Service vom Boden bis zur Decke<\/p>\n<\/li>\n<li data-start=\"1390\" data-end=\"1441\">\n<p data-start=\"1392\" data-end=\"1441\">Geeignet f\u00fcr gewerbliche und \u00f6ffentliche Umgebungen<\/p>\n<\/li>\n<\/ul>\n<p data-start=\"1443\" data-end=\"1468\"><strong data-start=\"1443\" data-end=\"1466\">Einsatzgebiete:<\/strong><\/p>\n<ul data-start=\"1469\" data-end=\"1592\">\n<li data-start=\"1469\" data-end=\"1507\">\n<p data-start=\"1471\" data-end=\"1507\">Wartung und Instandhaltung von Brandmeldeanlagen<\/p>\n<\/li>\n<li data-start=\"1508\" data-end=\"1548\">\n<p data-start=\"1510\" data-end=\"1548\">Funktionspr\u00fcfung bei Neuinstallation<\/p>\n<\/li>\n<li data-start=\"1549\" data-end=\"1592\">\n<p data-start=\"1551\" data-end=\"1592\">\u00dcberpr\u00fcfung von CO-Meldern in Immobilien<\/p>\n<\/li>\n<\/ul>\n<p data-start=\"1594\" data-end=\"1625\"><strong data-start=\"1594\" data-end=\"1623\">TECHNISCHE DATEN:<\/strong><\/p>\n<ul data-start=\"1626\" data-end=\"1822\">\n<li data-start=\"1626\" data-end=\"1669\">\n<p data-start=\"1628\" data-end=\"1669\">Produktart: Detektor-Testkit<\/p>\n<\/li>\n<li data-start=\"1670\" data-end=\"1703\">\n<p data-start=\"1672\" data-end=\"1703\">Meldertypen: Rauch, W\u00e4rme, CO<\/p>\n<\/li>\n<li data-start=\"1704\" data-end=\"1736\">\n<p data-start=\"1706\" data-end=\"1736\">Testh\u00f6he: Ungef\u00e4hr 4 Meter<\/p>\n<\/li>\n<li data-start=\"1737\" data-end=\"1775\">\n<p data-start=\"1739\" data-end=\"1775\">Inhalt: Testifire 2001, Solo 108<\/p>\n<\/li>\n<li data-start=\"1776\" data-end=\"1822\">\n<p data-start=\"1778\" data-end=\"1822\">Anwendung: Manuelle Pr\u00fcfung vom Boden aus<\/p>\n<\/li>\n<\/ul>","protected":false},"excerpt":{"rendered":"<p>Das Testifire 2001-Testkit ist ein komplettes Testkit f\u00fcr die sichere Pr\u00fcfung von Rauch-, W\u00e4rme- und CO-Meldern.<\/p>\n<p>Der Bausatz ist f\u00fcr Pr\u00fcfh\u00f6hen bis zu ca. 4 Metern ausgelegt und eignet sich f\u00fcr Installateure, Immobilienbesitzer und Servicepersonal.<\/p>\n<p>Eine bequeme L\u00f6sung f\u00fcr die regelm\u00e4\u00dfige Funktionskontrolle von Meldern.<\/p>","protected":false},"featured_media":162174,"template":"","meta":{"_acf_changed":false},"product_brand":[],"product_cat":[3848,2946],"product_tag":[],"class_list":{"0":"post-162175","1":"product","2":"type-product","3":"status-publish","4":"has-post-thumbnail","6":"product_cat-testifire-kit","7":"product_cat-testifire","8":"tm-no-options","10":"first","11":"instock","12":"taxable","13":"shipping-taxable","14":"purchasable","15":"product-type-simple"},"acf":[],"_links":{"self":[{"href":"https:\/\/secureus.se\/de\/wp-json\/wp\/v2\/product\/162175","targetHints":{"allow":["GET"]}}],"collection":[{"href":"https:\/\/secureus.se\/de\/wp-json\/wp\/v2\/product"}],"about":[{"href":"https:\/\/secureus.se\/de\/wp-json\/wp\/v2\/types\/product"}],"wp:featuredmedia":[{"embeddable":true,"href":"https:\/\/secureus.se\/de\/wp-json\/wp\/v2\/media\/162174"}],"wp:attachment":[{"href":"https:\/\/secureus.se\/de\/wp-json\/wp\/v2\/media?parent=162175"}],"wp:term":[{"taxonomy":"product_brand","embeddable":true,"href":"https:\/\/secureus.se\/de\/wp-json\/wp\/v2\/product_brand?post=162175"},{"taxonomy":"product_cat","embeddable":true,"href":"https:\/\/secureus.se\/de\/wp-json\/wp\/v2\/product_cat?post=162175"},{"taxonomy":"product_tag","embeddable":true,"href":"https:\/\/secureus.se\/de\/wp-json\/wp\/v2\/product_tag?post=162175"}],"curies":[{"name":"wp","href":"https:\/\/api.w.org\/{rel}","templated":true}]}}