{"id":162179,"date":"2025-11-21T14:39:36","date_gmt":"2025-11-21T13:39:36","guid":{"rendered":"https:\/\/secureus.se\/provkit-testifire-xtr2-provningshojd-73-m-varme-co-rok-vaskor-nedtagare\/"},"modified":"2026-04-08T15:59:25","modified_gmt":"2026-04-08T13:59:25","slug":"provkit-testifire-2001-provningshojd-73-m-varme-co-rok-vaskor-nedtagare","status":"publish","type":"product","link":"https:\/\/secureus.se\/de\/provkit-testifire-2001-provningshojd-73-m-varme-co-rok-vaskor-nedtagare\/","title":{"rendered":"Testkit Testifire 2001, Pr\u00fcfh\u00f6he 7,3 m (Hitze + CO + Rauch) \u2013 S\u00e4cke &amp; Fallrohre"},"content":{"rendered":"<h1>Testkit Testifire 2001, Pr\u00fcfh\u00f6he 7,3 m (Hitze + CO + Rauch) \u2013 S\u00e4cke &amp; Fallrohre<\/h1>\n<h3 data-start=\"315\" data-end=\"369\">Sichere Pr\u00fcfung von Rauch-, W\u00e4rme- und CO-Meldern<\/h3>\n<p data-start=\"370\" data-end=\"614\">Mit dem Testifire 2001 Testkit lassen sich genaue und realistische Funktionstests von Rauchmeldern, W\u00e4rmemeldern und Kohlenmonoxidmeldern durchf\u00fchren.<\/p>\n<p data-start=\"370\" data-end=\"614\">Die Tests gew\u00e4hrleisten, dass die Detektoren korrekt reagieren und die Sicherheitsanforderungen erf\u00fcllen.<\/p>\n<h3 data-start=\"616\" data-end=\"658\">Effektive Pr\u00fcfung bis zu 7,3 Metern<\/h3>\n<p data-start=\"659\" data-end=\"874\">Das Set ist f\u00fcr Testh\u00f6hen bis zu etwa 7,3 Metern ausgelegt.<\/p>\n<p data-start=\"659\" data-end=\"874\">Mit Taschen und Abnehmvorrichtungen kann die Ausr\u00fcstung sicher und praktisch in gro\u00dfen H\u00f6hen transportiert und eingesetzt werden, ohne dass Leitern oder Aufz\u00fcge ben\u00f6tigt werden.<\/p>\n<h3 data-start=\"876\" data-end=\"927\">Komplettes Testset f\u00fcr den professionellen Einsatz<\/h3>\n<p data-start=\"928\" data-end=\"1151\">Das Set beinhaltet die Testifire 2001, Solo 108, drei Solo 101, TS3, Solo 200 und Solo 610.<\/p>\n<p data-start=\"928\" data-end=\"1151\">Diese Kombination bietet eine flexible und zuverl\u00e4ssige L\u00f6sung f\u00fcr die Installation, Wartung und regelm\u00e4\u00dfige Instandhaltung von Brand- und CO-Meldern.<\/p>\n<p data-start=\"1153\" data-end=\"1168\"><strong data-start=\"1153\" data-end=\"1166\">Vorteile:<\/strong><\/p>\n<ul data-start=\"1169\" data-end=\"1394\">\n<li data-start=\"1169\" data-end=\"1210\">\n<p data-start=\"1171\" data-end=\"1210\">Pr\u00fcft Rauch-, W\u00e4rme- und Kohlenmonoxidmelder<\/p>\n<\/li>\n<li data-start=\"1211\" data-end=\"1248\">\n<p data-start=\"1213\" data-end=\"1248\">Pr\u00fcfung bis zu einer H\u00f6he von 7,3 Metern<\/p>\n<\/li>\n<li data-start=\"1249\" data-end=\"1307\">\n<p data-start=\"1251\" data-end=\"1307\">Sicherer Transport und Handhabung mit Taschen und Abnehmvorrichtungen<\/p>\n<\/li>\n<li data-start=\"1308\" data-end=\"1340\">\n<p data-start=\"1310\" data-end=\"1340\">Realistische Funktionstests<\/p>\n<\/li>\n<li data-start=\"1341\" data-end=\"1394\">\n<p data-start=\"1343\" data-end=\"1394\">Geeignet f\u00fcr Gewerbe- und \u00f6ffentliche Geb\u00e4ude<\/p>\n<\/li>\n<\/ul>\n<p data-start=\"1396\" data-end=\"1421\"><strong data-start=\"1396\" data-end=\"1419\">Einsatzgebiete:<\/strong><\/p>\n<ul data-start=\"1422\" data-end=\"1566\">\n<li data-start=\"1422\" data-end=\"1469\">\n<p data-start=\"1424\" data-end=\"1469\">Service und Wartung von Brand- und Kohlenmonoxidmeldern<\/p>\n<\/li>\n<li data-start=\"1470\" data-end=\"1510\">\n<p data-start=\"1472\" data-end=\"1510\">Funktionspr\u00fcfung bei Neuinstallation<\/p>\n<\/li>\n<li data-start=\"1511\" data-end=\"1566\">\n<p data-start=\"1513\" data-end=\"1566\">Tests in Hochh\u00e4usern und Industrieumgebungen<\/p>\n<\/li>\n<\/ul>\n<p data-start=\"1568\" data-end=\"1599\"><strong data-start=\"1568\" data-end=\"1597\">TECHNISCHE DATEN:<\/strong><\/p>\n<ul data-start=\"1600\" data-end=\"2001\">\n<li data-start=\"1600\" data-end=\"1643\">\n<p data-start=\"1602\" data-end=\"1643\">Produktart: Detektor-Testkit<\/p>\n<\/li>\n<li data-start=\"1644\" data-end=\"1708\">\n<p data-start=\"1646\" data-end=\"1708\">Detektortypen: Rauchmelder, W\u00e4rmemelder, CO-Melder<\/p>\n<\/li>\n<li data-start=\"1709\" data-end=\"1743\">\n<p data-start=\"1711\" data-end=\"1743\">Testh\u00f6he: Ungef\u00e4hr 7,3 Meter<\/p>\n<\/li>\n<li data-start=\"1744\" data-end=\"1789\">\n<p data-start=\"1746\" data-end=\"1789\">Pr\u00fcfmethoden: Rauch-, Hitze- und CO-Pr\u00fcfung<\/p>\n<\/li>\n<li data-start=\"1790\" data-end=\"1867\">\n<p data-start=\"1792\" data-end=\"1867\">Inhalt: Testifire 2001, Solo 108, 3 \u00d7 Solo 101, TS3, Solo 200, Solo 610<\/p>\n<\/li>\n<li data-start=\"1868\" data-end=\"1903\">\n<p data-start=\"1870\" data-end=\"1903\">Zubeh\u00f6r: Taschen und Demontagevorrichtungen<\/p>\n<\/li>\n<li data-start=\"1904\" data-end=\"1953\">\n<p data-start=\"1906\" data-end=\"1953\">Anwendung: Manuelle Pr\u00fcfung in mittlerer H\u00f6he<\/p>\n<\/li>\n<li data-start=\"1954\" data-end=\"2001\">\n<p data-start=\"1956\" data-end=\"2001\">Zielgruppe: Installateure und Servicepersonal<\/p>\n<\/li>\n<\/ul>","protected":false},"excerpt":{"rendered":"<p>Das Testkit Testifire 2001 ist ein komplettes Testkit f\u00fcr Rauch-, W\u00e4rme- und CO-Melder bis zu einer Entfernung von ca. 7,3 Metern.<\/p>\n<p>Das Set beinhaltet Taschen und ein Abseilger\u00e4t und ist f\u00fcr Installateure und Servicepersonal konzipiert, die sichere und effiziente Tests in mittleren H\u00f6henlagen ben\u00f6tigen.<\/p>","protected":false},"featured_media":162178,"template":"","meta":{"_acf_changed":false},"product_brand":[],"product_cat":[3848,2946],"product_tag":[],"class_list":{"0":"post-162179","1":"product","2":"type-product","3":"status-publish","4":"has-post-thumbnail","6":"product_cat-testifire-kit","7":"product_cat-testifire","8":"tm-no-options","10":"first","11":"instock","12":"taxable","13":"shipping-taxable","14":"purchasable","15":"product-type-simple"},"acf":[],"_links":{"self":[{"href":"https:\/\/secureus.se\/de\/wp-json\/wp\/v2\/product\/162179","targetHints":{"allow":["GET"]}}],"collection":[{"href":"https:\/\/secureus.se\/de\/wp-json\/wp\/v2\/product"}],"about":[{"href":"https:\/\/secureus.se\/de\/wp-json\/wp\/v2\/types\/product"}],"wp:featuredmedia":[{"embeddable":true,"href":"https:\/\/secureus.se\/de\/wp-json\/wp\/v2\/media\/162178"}],"wp:attachment":[{"href":"https:\/\/secureus.se\/de\/wp-json\/wp\/v2\/media?parent=162179"}],"wp:term":[{"taxonomy":"product_brand","embeddable":true,"href":"https:\/\/secureus.se\/de\/wp-json\/wp\/v2\/product_brand?post=162179"},{"taxonomy":"product_cat","embeddable":true,"href":"https:\/\/secureus.se\/de\/wp-json\/wp\/v2\/product_cat?post=162179"},{"taxonomy":"product_tag","embeddable":true,"href":"https:\/\/secureus.se\/de\/wp-json\/wp\/v2\/product_tag?post=162179"}],"curies":[{"name":"wp","href":"https:\/\/api.w.org\/{rel}","templated":true}]}}