{"id":162181,"date":"2025-11-21T14:39:32","date_gmt":"2025-11-21T13:39:32","guid":{"rendered":"https:\/\/secureus.se\/provkit-testifire-xtr2-provningshojd-93-m-varme-rok-vaskor-nedtagare\/"},"modified":"2026-04-08T15:59:32","modified_gmt":"2026-04-08T13:59:32","slug":"provkit-testifire-xtr2-provningshojd-93-m-varme-rok-vaskor-nedtagare","status":"publish","type":"product","link":"https:\/\/secureus.se\/de\/provkit-testifire-xtr2-provningshojd-93-m-varme-rok-vaskor-nedtagare\/","title":{"rendered":"Testkit Testifire XTR2, Testh\u00f6he 9,3 m (Hitze + Rauch) \u2013 Taschen &amp; Zerlegevorrichtungen"},"content":{"rendered":"<h1>Testkit Testifire XTR2, Testh\u00f6he 9,3 m (Hitze + Rauch) \u2013 Taschen &amp; Zerlegevorrichtungen<\/h1>\n<h3 data-start=\"307\" data-end=\"355\">Sichere Pr\u00fcfung von Rauch- und W\u00e4rmemeldern<\/h3>\n<p data-start=\"356\" data-end=\"561\">Das Testifire XTR2 Testkit erm\u00f6glicht die genaue Pr\u00fcfung von Rauch- und W\u00e4rmemeldern mithilfe realistischer Testmethoden.<\/p>\n<p data-start=\"356\" data-end=\"561\">Dadurch wird sichergestellt, dass die Detektoren ordnungsgem\u00e4\u00df funktionieren und die geltenden Sicherheitsanforderungen erf\u00fcllen.<\/p>\n<h3 data-start=\"563\" data-end=\"596\">Test bis zu 9,3 Meter<\/h3>\n<p data-start=\"597\" data-end=\"812\">Das Set ist f\u00fcr Testh\u00f6hen bis zu etwa 9,3 Metern geeignet.<\/p>\n<p data-start=\"597\" data-end=\"812\">Mit Taschen und Abnehmvorrichtungen kann die Ausr\u00fcstung sicher und praktisch in gro\u00dfen H\u00f6hen transportiert und eingesetzt werden, ohne dass Leitern oder Aufz\u00fcge ben\u00f6tigt werden.<\/p>\n<h3 data-start=\"814\" data-end=\"856\">Komplettes Set f\u00fcr den professionellen Einsatz<\/h3>\n<p data-start=\"857\" data-end=\"1076\">Das Testkit enth\u00e4lt die Testifire 1001, Solo 100, drei Solo 101, TS3, Solo 200 und Solo 610.<\/p>\n<p data-start=\"857\" data-end=\"1076\">Die Kombination bietet eine flexible und zuverl\u00e4ssige L\u00f6sung f\u00fcr die Installation, den Service und die regelm\u00e4\u00dfige Wartung von Brandmeldern.<\/p>\n<p data-start=\"1078\" data-end=\"1093\"><strong data-start=\"1078\" data-end=\"1091\">Vorteile:<\/strong><\/p>\n<ul data-start=\"1094\" data-end=\"1313\">\n<li data-start=\"1094\" data-end=\"1129\">\n<p data-start=\"1096\" data-end=\"1129\">Pr\u00fcfung von Rauch- und W\u00e4rmemeldern<\/p>\n<\/li>\n<li data-start=\"1130\" data-end=\"1167\">\n<p data-start=\"1132\" data-end=\"1167\">Pr\u00fcfung bis zu einer H\u00f6he von 9,3 Metern<\/p>\n<\/li>\n<li data-start=\"1168\" data-end=\"1226\">\n<p data-start=\"1170\" data-end=\"1226\">Sicherer Transport und Handhabung mit Taschen und Abnehmvorrichtungen<\/p>\n<\/li>\n<li data-start=\"1227\" data-end=\"1259\">\n<p data-start=\"1229\" data-end=\"1259\">Realistische Funktionstests<\/p>\n<\/li>\n<li data-start=\"1260\" data-end=\"1313\">\n<p data-start=\"1262\" data-end=\"1313\">Geeignet f\u00fcr Gewerbe- und \u00f6ffentliche Geb\u00e4ude<\/p>\n<\/li>\n<\/ul>\n<p data-start=\"1315\" data-end=\"1340\"><strong data-start=\"1315\" data-end=\"1338\">Einsatzgebiete:<\/strong><\/p>\n<ul data-start=\"1341\" data-end=\"1476\">\n<li data-start=\"1341\" data-end=\"1379\">\n<p data-start=\"1343\" data-end=\"1379\">Wartung und Instandhaltung von Brandmeldeanlagen<\/p>\n<\/li>\n<li data-start=\"1380\" data-end=\"1420\">\n<p data-start=\"1382\" data-end=\"1420\">Funktionspr\u00fcfung bei Neuinstallation<\/p>\n<\/li>\n<li data-start=\"1421\" data-end=\"1476\">\n<p data-start=\"1423\" data-end=\"1476\">Tests in Hochh\u00e4usern und Industrieumgebungen<\/p>\n<\/li>\n<\/ul>\n<p data-start=\"1478\" data-end=\"1509\"><strong data-start=\"1478\" data-end=\"1507\">TECHNISCHE DATEN:<\/strong><\/p>\n<ul data-start=\"1510\" data-end=\"1885\">\n<li data-start=\"1510\" data-end=\"1553\">\n<p data-start=\"1512\" data-end=\"1553\">Produktart: Detektor-Testkit<\/p>\n<\/li>\n<li data-start=\"1554\" data-end=\"1603\">\n<p data-start=\"1556\" data-end=\"1603\">Detektortypen: Rauchmelder, W\u00e4rmemelder<\/p>\n<\/li>\n<li data-start=\"1604\" data-end=\"1638\">\n<p data-start=\"1606\" data-end=\"1638\">Testh\u00f6he: Ungef\u00e4hr 9,3 Meter<\/p>\n<\/li>\n<li data-start=\"1639\" data-end=\"1678\">\n<p data-start=\"1641\" data-end=\"1678\">Pr\u00fcfmethoden: Rauch- und Hitzepr\u00fcfung<\/p>\n<\/li>\n<li data-start=\"1679\" data-end=\"1756\">\n<p data-start=\"1681\" data-end=\"1756\">Inhalt: Testifire 1001, Solo 100, 3 \u00d7 Solo 101, TS3, Solo 200, Solo 610<\/p>\n<\/li>\n<li data-start=\"1757\" data-end=\"1792\">\n<p data-start=\"1759\" data-end=\"1792\">Zubeh\u00f6r: Taschen und Demontagevorrichtungen<\/p>\n<\/li>\n<li data-start=\"1793\" data-end=\"1837\">\n<p data-start=\"1795\" data-end=\"1837\">Anwendung: Manuelle Pr\u00fcfung in gro\u00dfer H\u00f6he<\/p>\n<\/li>\n<li data-start=\"1838\" data-end=\"1885\">\n<p data-start=\"1840\" data-end=\"1885\">Zielgruppe: Installateure und Servicepersonal<\/p>\n<\/li>\n<\/ul>","protected":false},"excerpt":{"rendered":"<p>Das Testkit Testifire XTR2 ist ein komplettes Testkit f\u00fcr Rauch- und W\u00e4rmemelder bis zu einer Entfernung von ca. 9,3 Metern.<\/p>\n<p>Das Set beinhaltet Taschen und einen Downrigger und ist f\u00fcr Installateure und Servicepersonal konzipiert, die sichere und effiziente Tests in gro\u00dfen H\u00f6hen ben\u00f6tigen.<\/p>","protected":false},"featured_media":162180,"template":"","meta":{"_acf_changed":false},"product_brand":[],"product_cat":[3848,2946],"product_tag":[],"class_list":{"0":"post-162181","1":"product","2":"type-product","3":"status-publish","4":"has-post-thumbnail","6":"product_cat-testifire-kit","7":"product_cat-testifire","8":"tm-no-options","10":"first","11":"instock","12":"taxable","13":"shipping-taxable","14":"purchasable","15":"product-type-simple"},"acf":[],"_links":{"self":[{"href":"https:\/\/secureus.se\/de\/wp-json\/wp\/v2\/product\/162181","targetHints":{"allow":["GET"]}}],"collection":[{"href":"https:\/\/secureus.se\/de\/wp-json\/wp\/v2\/product"}],"about":[{"href":"https:\/\/secureus.se\/de\/wp-json\/wp\/v2\/types\/product"}],"wp:featuredmedia":[{"embeddable":true,"href":"https:\/\/secureus.se\/de\/wp-json\/wp\/v2\/media\/162180"}],"wp:attachment":[{"href":"https:\/\/secureus.se\/de\/wp-json\/wp\/v2\/media?parent=162181"}],"wp:term":[{"taxonomy":"product_brand","embeddable":true,"href":"https:\/\/secureus.se\/de\/wp-json\/wp\/v2\/product_brand?post=162181"},{"taxonomy":"product_cat","embeddable":true,"href":"https:\/\/secureus.se\/de\/wp-json\/wp\/v2\/product_cat?post=162181"},{"taxonomy":"product_tag","embeddable":true,"href":"https:\/\/secureus.se\/de\/wp-json\/wp\/v2\/product_tag?post=162181"}],"curies":[{"name":"wp","href":"https:\/\/api.w.org\/{rel}","templated":true}]}}