{"id":162183,"date":"2025-11-21T14:39:36","date_gmt":"2025-11-21T13:39:36","guid":{"rendered":"https:\/\/secureus.se\/provkit-testifire-xtr2-provningshojd-93-m-varme-co-rok-vaskor\/"},"modified":"2026-04-08T16:04:36","modified_gmt":"2026-04-08T14:04:36","slug":"provkit-testifire-2001-provningshojd-93-m-varme-co-rok-vaskor","status":"publish","type":"product","link":"https:\/\/secureus.se\/de\/provkit-testifire-2001-provningshojd-93-m-varme-co-rok-vaskor\/","title":{"rendered":"Pr\u00fcfsatz Testifire 2001 Pr\u00fcfh\u00f6he 9,3 m (W\u00e4rme + CO + Rauch) - Beutel"},"content":{"rendered":"<h1>Pr\u00fcfsatz Testifire 2001 Pr\u00fcfh\u00f6he 9,3 m (W\u00e4rme + CO + Rauch) - Beutel<\/h1>\n<h3 data-start=\"308\" data-end=\"362\">Sichere Pr\u00fcfung von Rauch-, W\u00e4rme- und CO-Meldern<\/h3>\n<p data-start=\"363\" data-end=\"613\">Das Testifire 2001 Testkit erm\u00f6glicht genaue und realit\u00e4tsnahe Tests von Rauchmeldern, W\u00e4rmemeldern und Kohlenmonoxidmeldern.<\/p>\n<p data-start=\"363\" data-end=\"613\">Durch die Simulation realer Alarmzust\u00e4nde wird sichergestellt, dass die Detektoren korrekt funktionieren und die Sicherheitsanforderungen erf\u00fcllen.<\/p>\n<h3 data-start=\"615\" data-end=\"641\">H\u00f6hentests<\/h3>\n<p data-start=\"642\" data-end=\"855\">Das Set ist f\u00fcr Testh\u00f6hen bis zu etwa 9,3 Metern geeignet.<\/p>\n<p data-start=\"642\" data-end=\"855\">Mit den mitgelieferten Taschen kann die Ausr\u00fcstung sicher und praktisch in gro\u00dfen H\u00f6hen transportiert und eingesetzt werden, ohne dass Leitern oder Aufz\u00fcge ben\u00f6tigt werden.<\/p>\n<h3 data-start=\"857\" data-end=\"904\">Komplettes Set f\u00fcr den professionellen Einsatz<\/h3>\n<p data-start=\"905\" data-end=\"1123\">Das Testkit enth\u00e4lt das Testifire 2001, Solo 100, drei Solo 101, TS3 und Solo 610.<\/p>\n<p data-start=\"905\" data-end=\"1123\">Die Kombination bietet eine flexible und zuverl\u00e4ssige L\u00f6sung f\u00fcr die Installation, Wartung und regelm\u00e4\u00dfige Instandhaltung von Brand- und CO-Meldern.<\/p>\n<p data-start=\"1125\" data-end=\"1140\"><strong data-start=\"1125\" data-end=\"1138\">Vorteile:<\/strong><\/p>\n<ul data-start=\"1141\" data-end=\"1356\">\n<li data-start=\"1141\" data-end=\"1182\">\n<p data-start=\"1143\" data-end=\"1182\">Pr\u00fcft Rauch-, W\u00e4rme- und Kohlenmonoxidmelder<\/p>\n<\/li>\n<li data-start=\"1183\" data-end=\"1220\">\n<p data-start=\"1185\" data-end=\"1220\">Pr\u00fcfung bis zu einer H\u00f6he von 9,3 Metern<\/p>\n<\/li>\n<li data-start=\"1221\" data-end=\"1265\">\n<p data-start=\"1223\" data-end=\"1265\">Sicherer Transport und sichere Aufbewahrung mit Taschen<\/p>\n<\/li>\n<li data-start=\"1266\" data-end=\"1302\">\n<p data-start=\"1268\" data-end=\"1302\">Realistische und zuverl\u00e4ssige Tests<\/p>\n<\/li>\n<li data-start=\"1303\" data-end=\"1356\">\n<p data-start=\"1305\" data-end=\"1356\">Geeignet f\u00fcr Gewerbe- und \u00f6ffentliche Geb\u00e4ude<\/p>\n<\/li>\n<\/ul>\n<p data-start=\"1358\" data-end=\"1383\"><strong data-start=\"1358\" data-end=\"1381\">Einsatzgebiete:<\/strong><\/p>\n<ul data-start=\"1384\" data-end=\"1528\">\n<li data-start=\"1384\" data-end=\"1431\">\n<p data-start=\"1386\" data-end=\"1431\">Service und Wartung von Brand- und Kohlenmonoxidmeldern<\/p>\n<\/li>\n<li data-start=\"1432\" data-end=\"1472\">\n<p data-start=\"1434\" data-end=\"1472\">Funktionspr\u00fcfung bei Neuinstallation<\/p>\n<\/li>\n<li data-start=\"1473\" data-end=\"1528\">\n<p data-start=\"1475\" data-end=\"1528\">Tests in Hochh\u00e4usern und Industrieumgebungen<\/p>\n<\/li>\n<\/ul>\n<p data-start=\"1530\" data-end=\"1561\"><strong data-start=\"1530\" data-end=\"1559\">TECHNISCHE DATEN:<\/strong><\/p>\n<ul data-start=\"1562\" data-end=\"1934\">\n<li data-start=\"1562\" data-end=\"1605\">\n<p data-start=\"1564\" data-end=\"1605\">Produktart: Detektor-Testkit<\/p>\n<\/li>\n<li data-start=\"1606\" data-end=\"1670\">\n<p data-start=\"1608\" data-end=\"1670\">Detektortypen: Rauchmelder, W\u00e4rmemelder, CO-Melder<\/p>\n<\/li>\n<li data-start=\"1671\" data-end=\"1705\">\n<p data-start=\"1673\" data-end=\"1705\">Testh\u00f6he: Ungef\u00e4hr 9,3 Meter<\/p>\n<\/li>\n<li data-start=\"1706\" data-end=\"1751\">\n<p data-start=\"1708\" data-end=\"1751\">Pr\u00fcfmethoden: Rauch-, Hitze- und CO-Pr\u00fcfung<\/p>\n<\/li>\n<li data-start=\"1752\" data-end=\"1819\">\n<p data-start=\"1754\" data-end=\"1819\">Inhalt: Testifire 2001, Solo 100, 3 \u00d7 Solo 101, TS3, Solo 610<\/p>\n<\/li>\n<li data-start=\"1820\" data-end=\"1841\">\n<p data-start=\"1822\" data-end=\"1841\">Accessoires: Taschen<\/p>\n<\/li>\n<li data-start=\"1842\" data-end=\"1886\">\n<p data-start=\"1844\" data-end=\"1886\">Anwendung: Manuelle Pr\u00fcfung in gro\u00dfer H\u00f6he<\/p>\n<\/li>\n<li data-start=\"1887\" data-end=\"1934\">\n<p data-start=\"1889\" data-end=\"1934\">Zielgruppe: Installateure und Servicepersonal<\/p>\n<\/li>\n<\/ul>","protected":false},"excerpt":{"rendered":"<p>Das Testifire 2001 Testkit ist ein komplettes Testkit f\u00fcr Rauch-, W\u00e4rme- und CO-Melder bis zu einer H\u00f6he von ca. 9,3 Metern.<\/p>\n<p>Das Kit wird mit Taschen geliefert und ist f\u00fcr Installateure und Servicepersonal gedacht, die sichere und effiziente Funktionstests in der H\u00f6he durchf\u00fchren m\u00fcssen.<\/p>","protected":false},"featured_media":162182,"template":"","meta":{"_acf_changed":false},"product_brand":[],"product_cat":[3848,2946],"product_tag":[],"class_list":{"0":"post-162183","1":"product","2":"type-product","3":"status-publish","4":"has-post-thumbnail","6":"product_cat-testifire-kit","7":"product_cat-testifire","8":"tm-no-options","10":"first","11":"instock","12":"taxable","13":"shipping-taxable","14":"purchasable","15":"product-type-simple"},"acf":[],"_links":{"self":[{"href":"https:\/\/secureus.se\/de\/wp-json\/wp\/v2\/product\/162183","targetHints":{"allow":["GET"]}}],"collection":[{"href":"https:\/\/secureus.se\/de\/wp-json\/wp\/v2\/product"}],"about":[{"href":"https:\/\/secureus.se\/de\/wp-json\/wp\/v2\/types\/product"}],"wp:featuredmedia":[{"embeddable":true,"href":"https:\/\/secureus.se\/de\/wp-json\/wp\/v2\/media\/162182"}],"wp:attachment":[{"href":"https:\/\/secureus.se\/de\/wp-json\/wp\/v2\/media?parent=162183"}],"wp:term":[{"taxonomy":"product_brand","embeddable":true,"href":"https:\/\/secureus.se\/de\/wp-json\/wp\/v2\/product_brand?post=162183"},{"taxonomy":"product_cat","embeddable":true,"href":"https:\/\/secureus.se\/de\/wp-json\/wp\/v2\/product_cat?post=162183"},{"taxonomy":"product_tag","embeddable":true,"href":"https:\/\/secureus.se\/de\/wp-json\/wp\/v2\/product_tag?post=162183"}],"curies":[{"name":"wp","href":"https:\/\/api.w.org\/{rel}","templated":true}]}}