{"id":162187,"date":"2025-11-21T14:39:36","date_gmt":"2025-11-21T13:39:36","guid":{"rendered":"https:\/\/secureus.se\/provkit-testifire-xtr2-provningshojd-73-m-varme-co-rok-vaskor\/"},"modified":"2026-03-26T12:22:58","modified_gmt":"2026-03-26T11:22:58","slug":"provkit-testifire-2001-provningshojd-73-m-varme-co-rok-vaskor","status":"publish","type":"product","link":"https:\/\/secureus.se\/de\/provkit-testifire-2001-provningshojd-73-m-varme-co-rok-vaskor\/","title":{"rendered":"Testkit Testifire 2001, Testh\u00f6he 7,3 m (Hitze + CO + Rauch) \u2013 Beutel"},"content":{"rendered":"<h1>Testkit Testifire 2001, Testh\u00f6he 7,3 m (Hitze + CO + Rauch) \u2013 Beutel<\/h1>\n<h3 data-start=\"304\" data-end=\"366\">Zuverl\u00e4ssige Pr\u00fcfung von Rauch-, W\u00e4rme- und CO-Meldern<\/h3>\n<p data-start=\"367\" data-end=\"597\">Mit dem Testifire 2001 Testkit k\u00f6nnen Rauchmelder, W\u00e4rmemelder und Kohlenmonoxidmelder anhand realistischer Testmethoden \u00fcberpr\u00fcft werden.<\/p>\n<p data-start=\"367\" data-end=\"597\">Dadurch wird sichergestellt, dass die Detektoren korrekt reagieren und die Sicherheitsanforderungen erf\u00fcllen.<\/p>\n<h3 data-start=\"599\" data-end=\"632\">Test bis zu 7,3 Meter<\/h3>\n<p data-start=\"633\" data-end=\"834\">Das Set ist f\u00fcr Testh\u00f6hen bis zu etwa 7,3 Metern ausgelegt.<\/p>\n<p data-start=\"633\" data-end=\"834\">Mit den mitgelieferten Taschen l\u00e4sst sich die Ausr\u00fcstung sicher und praktisch transportieren und einsetzen, ohne dass Leitern oder Hebeb\u00fchnen ben\u00f6tigt werden.<\/p>\n<h3 data-start=\"836\" data-end=\"887\">Komplettes Testset f\u00fcr den professionellen Einsatz<\/h3>\n<p data-start=\"888\" data-end=\"1110\">Das Testkit enth\u00e4lt das Testifire 2001, Solo 108, drei Solo 101, TS3 und Solo 610.<\/p>\n<p data-start=\"888\" data-end=\"1110\">Diese Kombination bietet eine flexible und zuverl\u00e4ssige L\u00f6sung f\u00fcr die Installation, Wartung und regelm\u00e4\u00dfige Instandhaltung von Brand- und CO-Meldern.<\/p>\n<p data-start=\"1112\" data-end=\"1127\"><strong data-start=\"1112\" data-end=\"1125\">Vorteile:<\/strong><\/p>\n<ul data-start=\"1128\" data-end=\"1352\">\n<li data-start=\"1128\" data-end=\"1169\">\n<p data-start=\"1130\" data-end=\"1169\">Pr\u00fcft Rauch-, W\u00e4rme- und Kohlenmonoxidmelder<\/p>\n<\/li>\n<li data-start=\"1170\" data-end=\"1207\">\n<p data-start=\"1172\" data-end=\"1207\">Pr\u00fcfung bis zu einer H\u00f6he von 7,3 Metern<\/p>\n<\/li>\n<li data-start=\"1208\" data-end=\"1252\">\n<p data-start=\"1210\" data-end=\"1252\">Sicherer Transport und sichere Aufbewahrung mit Taschen<\/p>\n<\/li>\n<li data-start=\"1253\" data-end=\"1298\">\n<p data-start=\"1255\" data-end=\"1298\">Realistische und zuverl\u00e4ssige Funktionstests<\/p>\n<\/li>\n<li data-start=\"1299\" data-end=\"1352\">\n<p data-start=\"1301\" data-end=\"1352\">Geeignet f\u00fcr Gewerbe- und \u00f6ffentliche Geb\u00e4ude<\/p>\n<\/li>\n<\/ul>\n<p data-start=\"1354\" data-end=\"1379\"><strong data-start=\"1354\" data-end=\"1377\">Einsatzgebiete:<\/strong><\/p>\n<ul data-start=\"1380\" data-end=\"1528\">\n<li data-start=\"1380\" data-end=\"1427\">\n<p data-start=\"1382\" data-end=\"1427\">Service und Wartung von Brand- und Kohlenmonoxidmeldern<\/p>\n<\/li>\n<li data-start=\"1428\" data-end=\"1468\">\n<p data-start=\"1430\" data-end=\"1468\">Funktionspr\u00fcfung bei Neuinstallation<\/p>\n<\/li>\n<li data-start=\"1469\" data-end=\"1528\">\n<p data-start=\"1471\" data-end=\"1528\">Tests in mittelhohen Geb\u00e4uden und industriellen Umgebungen<\/p>\n<\/li>\n<\/ul>\n<p data-start=\"1530\" data-end=\"1561\"><strong data-start=\"1530\" data-end=\"1559\">TECHNISCHE DATEN:<\/strong><\/p>\n<ul data-start=\"1562\" data-end=\"1939\">\n<li data-start=\"1562\" data-end=\"1605\">\n<p data-start=\"1564\" data-end=\"1605\">Produktart: Detektor-Testkit<\/p>\n<\/li>\n<li data-start=\"1606\" data-end=\"1670\">\n<p data-start=\"1608\" data-end=\"1670\">Detektortypen: Rauchmelder, W\u00e4rmemelder, CO-Melder<\/p>\n<\/li>\n<li data-start=\"1671\" data-end=\"1705\">\n<p data-start=\"1673\" data-end=\"1705\">Testh\u00f6he: Ungef\u00e4hr 7,3 Meter<\/p>\n<\/li>\n<li data-start=\"1706\" data-end=\"1751\">\n<p data-start=\"1708\" data-end=\"1751\">Pr\u00fcfmethoden: Rauch-, Hitze- und CO-Pr\u00fcfung<\/p>\n<\/li>\n<li data-start=\"1752\" data-end=\"1819\">\n<p data-start=\"1754\" data-end=\"1819\">Inhalt: Testifire 2001, Solo 108, 3 \u00d7 Solo 101, TS3, Solo 610<\/p>\n<\/li>\n<li data-start=\"1820\" data-end=\"1841\">\n<p data-start=\"1822\" data-end=\"1841\">Accessoires: Taschen<\/p>\n<\/li>\n<li data-start=\"1842\" data-end=\"1891\">\n<p data-start=\"1844\" data-end=\"1891\">Anwendung: Manuelle Pr\u00fcfung in mittlerer H\u00f6he<\/p>\n<\/li>\n<li data-start=\"1892\" data-end=\"1939\">\n<p data-start=\"1894\" data-end=\"1939\">\n<\/li>\n<\/ul>","protected":false},"excerpt":{"rendered":"<p>Das Testkit Testifire 2001 ist ein komplettes Testkit f\u00fcr Rauch-, W\u00e4rme- und CO-Melder bis zu einer Entfernung von ca. 7,3 Metern.<\/p>\n<p>Das Set wird mit Taschen geliefert und eignet sich f\u00fcr Installateure und Servicepersonal, die eine sichere und effektive Funktionskontrolle in mittlerer H\u00f6he ben\u00f6tigen.<\/p>","protected":false},"featured_media":162186,"template":"","meta":{"_acf_changed":false},"product_brand":[],"product_cat":[3848,2946],"product_tag":[],"class_list":{"0":"post-162187","1":"product","2":"type-product","3":"status-publish","4":"has-post-thumbnail","6":"product_cat-testifire-kit","7":"product_cat-testifire","8":"tm-no-options","10":"first","11":"onbackorder","12":"taxable","13":"shipping-taxable","14":"purchasable","15":"product-type-simple"},"acf":[],"_links":{"self":[{"href":"https:\/\/secureus.se\/de\/wp-json\/wp\/v2\/product\/162187","targetHints":{"allow":["GET"]}}],"collection":[{"href":"https:\/\/secureus.se\/de\/wp-json\/wp\/v2\/product"}],"about":[{"href":"https:\/\/secureus.se\/de\/wp-json\/wp\/v2\/types\/product"}],"wp:featuredmedia":[{"embeddable":true,"href":"https:\/\/secureus.se\/de\/wp-json\/wp\/v2\/media\/162186"}],"wp:attachment":[{"href":"https:\/\/secureus.se\/de\/wp-json\/wp\/v2\/media?parent=162187"}],"wp:term":[{"taxonomy":"product_brand","embeddable":true,"href":"https:\/\/secureus.se\/de\/wp-json\/wp\/v2\/product_brand?post=162187"},{"taxonomy":"product_cat","embeddable":true,"href":"https:\/\/secureus.se\/de\/wp-json\/wp\/v2\/product_cat?post=162187"},{"taxonomy":"product_tag","embeddable":true,"href":"https:\/\/secureus.se\/de\/wp-json\/wp\/v2\/product_tag?post=162187"}],"curies":[{"name":"wp","href":"https:\/\/api.w.org\/{rel}","templated":true}]}}