{"id":162189,"date":"2025-11-21T14:39:32","date_gmt":"2025-11-21T13:39:32","guid":{"rendered":"https:\/\/secureus.se\/provkit-testifire-xtr2-provningshojd-27-m-varme-co-rok\/"},"modified":"2026-04-08T15:59:31","modified_gmt":"2026-04-08T13:59:31","slug":"provkit-testifire-2001-provningshojd-27-m-varme-co-rok","status":"publish","type":"product","link":"https:\/\/secureus.se\/de\/provkit-testifire-2001-provningshojd-27-m-varme-co-rok\/","title":{"rendered":"Testkit Testifire 2001, Testh\u00f6he 2,7 m (Hitze + CO + Rauch)"},"content":{"rendered":"<h1>Testkit Testifire 2001, Testh\u00f6he 2,7 m (Hitze + CO + Rauch)<\/h1>\n<h3 data-start=\"317\" data-end=\"381\">Einfaches und sicheres Testen von Rauch-, W\u00e4rme- und CO-Meldern<\/h3>\n<p data-start=\"382\" data-end=\"644\">Mit dem Testifire 2001 Testkit l\u00e4sst sich \u00fcberpr\u00fcfen, ob Rauchmelder, W\u00e4rmemelder und Kohlenmonoxidmelder ordnungsgem\u00e4\u00df funktionieren.<\/p>\n<p data-start=\"382\" data-end=\"644\">Realistische Testmethoden gew\u00e4hrleisten, dass die Detektoren in Brand- oder Gassituationen wie erwartet reagieren.<\/p>\n<h3 data-start=\"646\" data-end=\"672\">Tests in niedriger H\u00f6he<\/h3>\n<p data-start=\"673\" data-end=\"889\">Das Set ist f\u00fcr Pr\u00fcfh\u00f6hen bis zu ca. 2,7 Metern ausgelegt, sodass Detektoren problemlos direkt vom Boden aus getestet werden k\u00f6nnen, ohne dass Leitern ben\u00f6tigt werden.<\/p>\n<p data-start=\"673\" data-end=\"889\">Das spart Zeit und minimiert Risiken bei Service- und Wartungsarbeiten.<\/p>\n<h3 data-start=\"891\" data-end=\"942\">Komplettes Testset f\u00fcr den professionellen Einsatz<\/h3>\n<p data-start=\"943\" data-end=\"1102\">Das Set enth\u00e4lt den Testifire 2001 und den Solo 101 und bietet eine zuverl\u00e4ssige L\u00f6sung f\u00fcr die Installation, Wartung und regelm\u00e4\u00dfige Pr\u00fcfung von Brand- und CO-Meldern.<\/p>\n<p data-start=\"1104\" data-end=\"1119\"><strong data-start=\"1104\" data-end=\"1117\">Vorteile:<\/strong><\/p>\n<ul data-start=\"1120\" data-end=\"1339\">\n<li data-start=\"1120\" data-end=\"1161\">\n<p data-start=\"1122\" data-end=\"1161\">Pr\u00fcft Rauch-, W\u00e4rme- und Kohlenmonoxidmelder<\/p>\n<\/li>\n<li data-start=\"1162\" data-end=\"1199\">\n<p data-start=\"1164\" data-end=\"1199\">Pr\u00fcfung bis zu einer H\u00f6he von 2,7 Metern<\/p>\n<\/li>\n<li data-start=\"1200\" data-end=\"1244\">\n<p data-start=\"1202\" data-end=\"1244\">Einfache und sichere Bedienung vom Boden aus<\/p>\n<\/li>\n<li data-start=\"1245\" data-end=\"1277\">\n<p data-start=\"1247\" data-end=\"1277\">Realistische Funktionstests<\/p>\n<\/li>\n<li data-start=\"1278\" data-end=\"1339\">\n<p data-start=\"1280\" data-end=\"1339\">Geeignet sowohl f\u00fcr Wohngeb\u00e4ude als auch f\u00fcr kleinere Gewerbebetriebe<\/p>\n<\/li>\n<\/ul>\n<p data-start=\"1341\" data-end=\"1366\"><strong data-start=\"1341\" data-end=\"1364\">Einsatzgebiete:<\/strong><\/p>\n<ul data-start=\"1367\" data-end=\"1503\">\n<li data-start=\"1367\" data-end=\"1414\">\n<p data-start=\"1369\" data-end=\"1414\">Wartung und Instandhaltung von Brand- und Kohlenmonoxidmeldern<\/p>\n<\/li>\n<li data-start=\"1415\" data-end=\"1455\">\n<p data-start=\"1417\" data-end=\"1455\">Funktionspr\u00fcfung bei Neuinstallation<\/p>\n<\/li>\n<li data-start=\"1456\" data-end=\"1503\">\n<p data-start=\"1458\" data-end=\"1503\">Tests in Privathaushalten, B\u00fcros und kleineren Geb\u00e4uden<\/p>\n<\/li>\n<\/ul>\n<p data-start=\"1505\" data-end=\"1536\"><strong data-start=\"1505\" data-end=\"1534\">TECHNISCHE DATEN:<\/strong><\/p>\n<ul data-start=\"1537\" data-end=\"1864\">\n<li data-start=\"1537\" data-end=\"1580\">\n<p data-start=\"1539\" data-end=\"1580\">Produktart: Detektor-Testkit<\/p>\n<\/li>\n<li data-start=\"1581\" data-end=\"1645\">\n<p data-start=\"1583\" data-end=\"1645\">Detektortypen: Rauchmelder, W\u00e4rmemelder, CO-Melder<\/p>\n<\/li>\n<li data-start=\"1646\" data-end=\"1680\">\n<p data-start=\"1648\" data-end=\"1680\">Testh\u00f6he: Ungef\u00e4hr 2,7 Meter<\/p>\n<\/li>\n<li data-start=\"1681\" data-end=\"1726\">\n<p data-start=\"1683\" data-end=\"1726\">Pr\u00fcfmethoden: Rauch-, Hitze- und CO-Pr\u00fcfung<\/p>\n<\/li>\n<li data-start=\"1727\" data-end=\"1765\">\n<p data-start=\"1729\" data-end=\"1765\">Inhalt: Testifire 2001, Solo 101<\/p>\n<\/li>\n<li data-start=\"1766\" data-end=\"1812\">\n<p data-start=\"1768\" data-end=\"1812\">Anwendung: Manuelle Pr\u00fcfung vom Boden aus<\/p>\n<\/li>\n<li data-start=\"1813\" data-end=\"1864\">\n<p data-start=\"1815\" data-end=\"1864\">Zielgruppe: Installateure und Immobilienverwalter<\/p>\n<\/li>\n<\/ul>","protected":false},"excerpt":{"rendered":"<p>Das Testkit Testifire 2001 ist ein kompaktes Testkit f\u00fcr Rauch-, W\u00e4rme- und CO-Melder bis zu einer Entfernung von ca. 2,7 Metern.<\/p>\n<p>Das Set enth\u00e4lt Testifire 2001 und Solo 101 und eignet sich f\u00fcr Installateure und Hausverwalter, die eine sichere und einfache Funktionssteuerung in geringer H\u00f6he ben\u00f6tigen.<\/p>","protected":false},"featured_media":162188,"template":"","meta":{"_acf_changed":false},"product_brand":[],"product_cat":[3848,2946],"product_tag":[],"class_list":{"0":"post-162189","1":"product","2":"type-product","3":"status-publish","4":"has-post-thumbnail","6":"product_cat-testifire-kit","7":"product_cat-testifire","8":"tm-no-options","10":"first","11":"instock","12":"taxable","13":"shipping-taxable","14":"purchasable","15":"product-type-simple"},"acf":[],"_links":{"self":[{"href":"https:\/\/secureus.se\/de\/wp-json\/wp\/v2\/product\/162189","targetHints":{"allow":["GET"]}}],"collection":[{"href":"https:\/\/secureus.se\/de\/wp-json\/wp\/v2\/product"}],"about":[{"href":"https:\/\/secureus.se\/de\/wp-json\/wp\/v2\/types\/product"}],"wp:featuredmedia":[{"embeddable":true,"href":"https:\/\/secureus.se\/de\/wp-json\/wp\/v2\/media\/162188"}],"wp:attachment":[{"href":"https:\/\/secureus.se\/de\/wp-json\/wp\/v2\/media?parent=162189"}],"wp:term":[{"taxonomy":"product_brand","embeddable":true,"href":"https:\/\/secureus.se\/de\/wp-json\/wp\/v2\/product_brand?post=162189"},{"taxonomy":"product_cat","embeddable":true,"href":"https:\/\/secureus.se\/de\/wp-json\/wp\/v2\/product_cat?post=162189"},{"taxonomy":"product_tag","embeddable":true,"href":"https:\/\/secureus.se\/de\/wp-json\/wp\/v2\/product_tag?post=162189"}],"curies":[{"name":"wp","href":"https:\/\/api.w.org\/{rel}","templated":true}]}}