{"id":162193,"date":"2025-11-21T14:39:28","date_gmt":"2025-11-21T13:39:28","guid":{"rendered":"https:\/\/secureus.se\/provkit-testifire-xtr2-provningshojd-73-m-varme-rok-vaskor\/"},"modified":"2026-04-08T15:59:36","modified_gmt":"2026-04-08T13:59:36","slug":"provkit-testifire-xtr2-provningshojd-73-m-varme-rok-vaskor","status":"publish","type":"product","link":"https:\/\/secureus.se\/de\/provkit-testifire-xtr2-provningshojd-73-m-varme-rok-vaskor\/","title":{"rendered":"Testkit Testifire XTR2, Testh\u00f6he 7,3 m (Hitze + Rauch) \u2013 Beutel"},"content":{"rendered":"<h1>Testkit Testifire XTR2, Testh\u00f6he 7,3 m (Hitze + Rauch) \u2013 Beutel<\/h1>\n<h3 data-start=\"488\" data-end=\"544\">Professionelle Pr\u00fcfung von Rauch- und W\u00e4rmemeldern<\/h3>\n<p data-start=\"545\" data-end=\"806\">Das Testifire XTR2 Testkit wurde f\u00fcr die sichere und effiziente Funktionspr\u00fcfung von Rauch- und W\u00e4rmemeldern in Geb\u00e4uden entwickelt, in denen Arbeiten in der H\u00f6he erforderlich sind.<\/p>\n<p data-start=\"545\" data-end=\"806\">Die Pr\u00fcfung vom Boden aus reduziert den Bedarf an Leitern und Hebeb\u00fchnen und verbessert so sowohl die Sicherheit als auch den Arbeitsablauf.<\/p>\n<h3 data-start=\"808\" data-end=\"848\">Realistische Pr\u00fcfung von Brandmeldern<\/h3>\n<p data-start=\"849\" data-end=\"1094\">Der Testifire 1001 erzeugt kontrollierten Rauch und Hitze, die den Detektor auf realistische Weise aktivieren.<\/p>\n<p data-start=\"849\" data-end=\"1094\">Dadurch wird sichergestellt, dass die Melder korrekt reagieren und die Anforderungen f\u00fcr Wartung, Inspektion und Instandhaltung von Brandmeldeanlagen erf\u00fcllen.<\/p>\n<h3 data-start=\"1096\" data-end=\"1139\">Flexibles und einfach zu bedienendes Testkit<\/h3>\n<p data-start=\"1140\" data-end=\"1351\">Mit den Teleskopstangen k\u00f6nnen die Tests bis zu einer H\u00f6he von etwa 7,3 Metern durchgef\u00fchrt werden.<\/p>\n<p data-start=\"1140\" data-end=\"1351\">Das Set ist f\u00fcr den t\u00e4glichen professionellen Einsatz konzipiert und wird in praktischen Taschen geliefert, die die Ausr\u00fcstung beim Transport und bei der Lagerung sch\u00fctzen.<\/p>\n<p data-start=\"1353\" data-end=\"1522\">Dieses Testkit eignet sich besonders f\u00fcr Serviceunternehmen, Brandschutztechniker und Immobilienverwalter, die eine zuverl\u00e4ssige L\u00f6sung f\u00fcr wiederkehrende Detektorpr\u00fcfungen ben\u00f6tigen.<\/p>\n<h3 data-start=\"1524\" data-end=\"1556\">Typische Anwendungen<\/h3>\n<ul data-start=\"1557\" data-end=\"1661\">\n<li data-start=\"1557\" data-end=\"1591\">\n<p data-start=\"1559\" data-end=\"1591\">B\u00fcro- und Gewerbeimmobilien<\/p>\n<\/li>\n<li data-start=\"1592\" data-end=\"1618\">\n<p data-start=\"1594\" data-end=\"1618\">Schulen und Gesundheitseinrichtungen<\/p>\n<\/li>\n<li data-start=\"1619\" data-end=\"1661\">\n<p data-start=\"1621\" data-end=\"1661\">Lagerhallen, Industrieanlagen und \u00f6ffentliche Geb\u00e4ude<\/p>\n<\/li>\n<\/ul>\n<p data-start=\"1668\" data-end=\"1699\"><strong data-start=\"1668\" data-end=\"1697\">TECHNISCHE DATEN:<\/strong><\/p>\n<ul data-start=\"1700\" data-end=\"1903\">\n<li data-start=\"1700\" data-end=\"1730\">\n<p data-start=\"1702\" data-end=\"1730\">Pr\u00fcfh\u00f6he: ca. 7,3 m<\/p>\n<\/li>\n<li data-start=\"1731\" data-end=\"1774\">\n<p data-start=\"1733\" data-end=\"1774\">Detektortypen: Rauch- und W\u00e4rmemelder<\/p>\n<\/li>\n<li data-start=\"1775\" data-end=\"1809\">\n<p data-start=\"1777\" data-end=\"1809\">Testausr\u00fcstung: Testifire 1001<\/p>\n<\/li>\n<li data-start=\"1810\" data-end=\"1846\">\n<p data-start=\"1812\" data-end=\"1846\">Ruten: Solo 108 + 3 x Solo 101<\/p>\n<\/li>\n<li data-start=\"1847\" data-end=\"1875\">\n<p data-start=\"1849\" data-end=\"1875\">Zubeh\u00f6r: TS3, Solo 610<\/p>\n<\/li>\n<li data-start=\"1876\" data-end=\"1903\">\n<p data-start=\"1878\" data-end=\"1903\">Aufbewahrung: Inklusive Taschen<\/p>\n<\/li>\n<\/ul>","protected":false},"excerpt":{"rendered":"<p data-start=\"131\" data-end=\"457\">Das Testifire XTR2 Testkit ist ein komplettes Testkit zur Pr\u00fcfung von Rauch- und W\u00e4rmemeldern bis zu einer H\u00f6he von ca. 7,3 Metern.<\/p>\n<p data-start=\"131\" data-end=\"457\">Das Set ist f\u00fcr professionelle Installateure und Servicetechniker gedacht, die regelm\u00e4\u00dfige \u00dcberpr\u00fcfungen von Brandmeldeanlagen durchf\u00fchren.<\/p>\n<p data-start=\"131\" data-end=\"457\">Inklusive Testausr\u00fcstung, Teleskopstangen und Transporttaschen.<\/p>","protected":false},"featured_media":162192,"template":"","meta":{"_acf_changed":false},"product_brand":[],"product_cat":[3848,2946],"product_tag":[],"class_list":{"0":"post-162193","1":"product","2":"type-product","3":"status-publish","4":"has-post-thumbnail","6":"product_cat-testifire-kit","7":"product_cat-testifire","8":"tm-no-options","10":"first","11":"instock","12":"taxable","13":"shipping-taxable","14":"purchasable","15":"product-type-simple"},"acf":[],"_links":{"self":[{"href":"https:\/\/secureus.se\/de\/wp-json\/wp\/v2\/product\/162193","targetHints":{"allow":["GET"]}}],"collection":[{"href":"https:\/\/secureus.se\/de\/wp-json\/wp\/v2\/product"}],"about":[{"href":"https:\/\/secureus.se\/de\/wp-json\/wp\/v2\/types\/product"}],"wp:featuredmedia":[{"embeddable":true,"href":"https:\/\/secureus.se\/de\/wp-json\/wp\/v2\/media\/162192"}],"wp:attachment":[{"href":"https:\/\/secureus.se\/de\/wp-json\/wp\/v2\/media?parent=162193"}],"wp:term":[{"taxonomy":"product_brand","embeddable":true,"href":"https:\/\/secureus.se\/de\/wp-json\/wp\/v2\/product_brand?post=162193"},{"taxonomy":"product_cat","embeddable":true,"href":"https:\/\/secureus.se\/de\/wp-json\/wp\/v2\/product_cat?post=162193"},{"taxonomy":"product_tag","embeddable":true,"href":"https:\/\/secureus.se\/de\/wp-json\/wp\/v2\/product_tag?post=162193"}],"curies":[{"name":"wp","href":"https:\/\/api.w.org\/{rel}","templated":true}]}}